{"id":356,"date":"2019-08-16T11:19:21","date_gmt":"2019-08-16T09:19:21","guid":{"rendered":"http:\/\/rumex.mendelu.cz\/atlasposkozenidrevin\/?page_id=356"},"modified":"2025-02-05T13:33:10","modified_gmt":"2025-02-05T12:33:10","slug":"ohnovec-statny","status":"publish","type":"page","link":"https:\/\/rumex.mendelu.cz\/atlasposkozenidrevin\/index.php\/ohnovec-statny\/","title":{"rendered":"oh\u0148ovec statn\u00fd"},"content":{"rendered":"\n<p class=\"has-text-align-left has-medium-font-size\"><em><strong>Phellinus robustus<\/strong><\/em><strong> (P. Karst.) Bourdot &amp; Galzin <\/strong><\/p>\n\n\n\n<p><strong>SYNONYMUM:<\/strong> <em>Fomitiporia robusta<\/em> (P. Karst.) Fiasson &amp; Niemel\u00e4<\/p>\n\n\n\n<p><strong>HOSTITELSK\u00c9 D\u0158EVINY:<\/strong><em> <\/em>duby (<em>Quercus<\/em> spp.), ka\u0161tanovn\u00edky (<em>Castanea <\/em>spp.), trnovn\u00edk ak\u00e1t (<em>Robinia pseudoacacia<\/em>) a dal\u0161\u00ed listn\u00e1\u010de.<\/p>\n\n\n\n<p><strong>SYMPTOMY:<\/strong> zavalit\u00e9, robustn\u00ed plodnice na kmeni.<\/p>\n\n\n\n<p><strong>PLODNICE:<\/strong> v\u00edcelet\u00e9, zpo\u010d\u00e1tku podu\u0161kovit\u00e9, pozd\u011bji kopytovit\u00e9ho a\u017e bobulovit\u00e9ho tvaru, okraj plodnic tup\u00fd, barva hn\u011bd\u00e1 a\u017e rezav\u011b hn\u011bd\u00e1, povrch&nbsp; rozpraskan\u00fd, \u010dasto porostl\u00fd zelenou zrn\u011bnkou \u2013 \u0159asami, du\u017enina je pevn\u00e1, rezavohn\u011bd\u00e1, m\u00edrn\u011b na\u0161edl\u00e1.<\/p>\n\n\n\n<p><\/p>\n\n\n<style type=\"text\/css\">\n#foogallery-gallery-3241 .fg-image { width: 365px; }\n#foogallery-gallery-3241 { --fg-gutter: 10px; }<\/style>\n\t\t\t<div class=\"foogallery foogallery-container foogallery-default foogallery-lightbox-none fg-left fg-default fg-ready fg-light fg-border-thin fg-shadow-outline fg-loading-default fg-loaded-fade-in fg-caption-always fg-hover-fade fg-hover-zoom\" id=\"foogallery-gallery-3241\" data-foogallery=\"{&quot;item&quot;:{&quot;showCaptionTitle&quot;:false,&quot;showCaptionDescription&quot;:true},&quot;lazy&quot;:true}\" style=\"--fg-title-line-clamp: 0; --fg-description-line-clamp: 0;\" >\n\t<div class=\"fg-item fg-type-image fg-idle\"><figure class=\"fg-item-inner\"><a href=\"https:\/\/rumex.mendelu.cz\/atlasposkozenidrevin\/wp-content\/uploads\/2020\/02\/PA283764.jpg\" data-caption-title=\"Mlad\u00e9 plodnice na dubu, \u0160LP ML K\u0159tiny 2008.\" data-caption-desc=\"Mlad\u00e9 plodnice na dubu, \u0160LP ML K\u0159tiny 2008.\" data-attachment-id=\"2052\" data-type=\"image\" class=\"fg-thumb\"><span class=\"fg-image-wrap\"><img fetchpriority=\"high\" decoding=\"async\" title=\"Mlad\u00e9 plodnice na dubu, \u0160LP ML K\u0159tiny 2008.\" width=\"365\" height=\"320\" class=\"skip-lazy fg-image\" data-src-fg=\"https:\/\/rumex.mendelu.cz\/atlasposkozenidrevin\/wp-content\/uploads\/cache\/2020\/02\/PA283764\/3297799134.jpg\" src=\"data:image\/svg+xml,%3Csvg%20xmlns%3D%22http%3A%2F%2Fwww.w3.org%2F2000%2Fsvg%22%20width%3D%22365%22%20height%3D%22320%22%20viewBox%3D%220%200%20365%20320%22%3E%3C%2Fsvg%3E\" loading=\"eager\"><\/span><span class=\"fg-image-overlay\"><\/span><\/a><figcaption class=\"fg-caption\"><div class=\"fg-caption-inner\"><div class=\"fg-caption-desc\">Mlad\u00e9 plodnice na dubu, \u0160LP ML K\u0159tiny 2008.<\/div><\/div><\/figcaption><\/figure><div class=\"fg-loader\"><\/div><\/div><div class=\"fg-item fg-type-image fg-idle\"><figure class=\"fg-item-inner\"><a href=\"https:\/\/rumex.mendelu.cz\/atlasposkozenidrevin\/wp-content\/uploads\/2020\/02\/phellinus_robustus_carpinus_sumbera-1.jpg\" data-caption-title=\"Plodnice na dubu, \u00dadol\u00ed Chvojnice 2012.\" data-caption-desc=\"Plodnice na dubu, \u00dadol\u00ed Chvojnice 2012.\" data-attachment-id=\"4957\" data-type=\"image\" class=\"fg-thumb\"><span class=\"fg-image-wrap\"><img decoding=\"async\" title=\"Plodnice na dubu, \u00dadol\u00ed Chvojnice 2012.\" width=\"365\" height=\"320\" class=\"skip-lazy fg-image\" data-src-fg=\"https:\/\/rumex.mendelu.cz\/atlasposkozenidrevin\/wp-content\/uploads\/cache\/2020\/02\/phellinus_robustus_carpinus_sumbera-1\/1616048342.jpg\" src=\"data:image\/svg+xml,%3Csvg%20xmlns%3D%22http%3A%2F%2Fwww.w3.org%2F2000%2Fsvg%22%20width%3D%22365%22%20height%3D%22320%22%20viewBox%3D%220%200%20365%20320%22%3E%3C%2Fsvg%3E\" loading=\"eager\"><\/span><span class=\"fg-image-overlay\"><\/span><\/a><figcaption class=\"fg-caption\"><div class=\"fg-caption-inner\"><div class=\"fg-caption-desc\">Plodnice na dubu, \u00dadol\u00ed Chvojnice 2012.<\/div><\/div><\/figcaption><\/figure><div class=\"fg-loader\"><\/div><\/div><div class=\"fg-item fg-type-image fg-idle\"><figure class=\"fg-item-inner\"><a href=\"https:\/\/rumex.mendelu.cz\/atlasposkozenidrevin\/wp-content\/uploads\/2020\/02\/PA283765.jpg\" data-caption-title=\"Plodnice na kmenu dubu, Arboretum K\u0159tiny 2006.\" data-caption-desc=\"Plodnice na kmenu dubu, Arboretum K\u0159tiny 2006.\" data-attachment-id=\"4954\" data-type=\"image\" class=\"fg-thumb\"><span class=\"fg-image-wrap\"><img decoding=\"async\" title=\"Plodnice na kmenu dubu, Arboretum K\u0159tiny 2006.\" width=\"365\" height=\"320\" class=\"skip-lazy fg-image\" data-src-fg=\"https:\/\/rumex.mendelu.cz\/atlasposkozenidrevin\/wp-content\/uploads\/cache\/2020\/02\/PA283765\/1626313498.jpg\" src=\"data:image\/svg+xml,%3Csvg%20xmlns%3D%22http%3A%2F%2Fwww.w3.org%2F2000%2Fsvg%22%20width%3D%22365%22%20height%3D%22320%22%20viewBox%3D%220%200%20365%20320%22%3E%3C%2Fsvg%3E\" loading=\"eager\"><\/span><span class=\"fg-image-overlay\"><\/span><\/a><figcaption class=\"fg-caption\"><div class=\"fg-caption-inner\"><div class=\"fg-caption-desc\">Plodnice na kmenu dubu, Arboretum K\u0159tiny 2006.<\/div><\/div><\/figcaption><\/figure><div class=\"fg-loader\"><\/div><\/div><\/div>\n\n\n<style type=\"text\/css\">\n#foogallery-gallery-3242 .fg-image { width: 365px; }\n#foogallery-gallery-3242 { --fg-gutter: 10px; }<\/style>\n\t\t\t<div class=\"foogallery foogallery-container foogallery-default foogallery-lightbox-none fg-left fg-default fg-ready fg-light fg-border-thin fg-shadow-outline fg-loading-default fg-loaded-fade-in fg-caption-always fg-hover-fade fg-hover-zoom\" id=\"foogallery-gallery-3242\" data-foogallery=\"{&quot;item&quot;:{&quot;showCaptionTitle&quot;:false,&quot;showCaptionDescription&quot;:true},&quot;lazy&quot;:true}\" style=\"--fg-title-line-clamp: 0; --fg-description-line-clamp: 0;\" >\n\t<div class=\"fg-item fg-type-image fg-idle\"><figure class=\"fg-item-inner\"><a href=\"https:\/\/rumex.mendelu.cz\/atlasposkozenidrevin\/wp-content\/uploads\/2020\/02\/P3310356.jpg\" data-caption-title=\"B\u00edl\u00e1 hniloba oh\u0148ovce, Rakoveck\u00e9 \u00fadol\u00ed 2018.\" data-caption-desc=\"B\u00edl\u00e1 hniloba oh\u0148ovce, Rakoveck\u00e9 \u00fadol\u00ed 2018.\" data-attachment-id=\"2055\" data-type=\"image\" class=\"fg-thumb\"><span class=\"fg-image-wrap\"><img decoding=\"async\" title=\"B\u00edl\u00e1 hniloba oh\u0148ovce, Rakoveck\u00e9 \u00fadol\u00ed 2018.\" width=\"365\" height=\"320\" class=\"skip-lazy fg-image\" data-src-fg=\"https:\/\/rumex.mendelu.cz\/atlasposkozenidrevin\/wp-content\/uploads\/cache\/2020\/02\/P3310356\/2924132509.jpg\" src=\"data:image\/svg+xml,%3Csvg%20xmlns%3D%22http%3A%2F%2Fwww.w3.org%2F2000%2Fsvg%22%20width%3D%22365%22%20height%3D%22320%22%20viewBox%3D%220%200%20365%20320%22%3E%3C%2Fsvg%3E\" loading=\"eager\"><\/span><span class=\"fg-image-overlay\"><\/span><\/a><figcaption class=\"fg-caption\"><div class=\"fg-caption-inner\"><div class=\"fg-caption-desc\">B\u00edl\u00e1 hniloba oh\u0148ovce, Rakoveck\u00e9 \u00fadol\u00ed 2018.<\/div><\/div><\/figcaption><\/figure><div class=\"fg-loader\"><\/div><\/div><div class=\"fg-item fg-type-image fg-idle\"><figure class=\"fg-item-inner\"><a href=\"https:\/\/rumex.mendelu.cz\/atlasposkozenidrevin\/wp-content\/uploads\/2020\/02\/Pellinus-robustus-18.jpg\" data-caption-title=\"Plodnice na kmenu dubu, Arboretum K\u0159tiny 2006.\" data-caption-desc=\"Plodnice na kmenu dubu, Arboretum K\u0159tiny 2006.\" data-attachment-id=\"4956\" data-type=\"image\" class=\"fg-thumb\"><span class=\"fg-image-wrap\"><img decoding=\"async\" title=\"Plodnice na kmenu dubu, Arboretum K\u0159tiny 2006.\" width=\"365\" height=\"320\" class=\"skip-lazy fg-image\" data-src-fg=\"https:\/\/rumex.mendelu.cz\/atlasposkozenidrevin\/wp-content\/uploads\/cache\/2020\/02\/Pellinus-robustus-18\/4047470106.jpg\" src=\"data:image\/svg+xml,%3Csvg%20xmlns%3D%22http%3A%2F%2Fwww.w3.org%2F2000%2Fsvg%22%20width%3D%22365%22%20height%3D%22320%22%20viewBox%3D%220%200%20365%20320%22%3E%3C%2Fsvg%3E\" loading=\"eager\"><\/span><span class=\"fg-image-overlay\"><\/span><\/a><figcaption class=\"fg-caption\"><div class=\"fg-caption-inner\"><div class=\"fg-caption-desc\">Plodnice na kmenu dubu, Arboretum K\u0159tiny 2006.<\/div><\/div><\/figcaption><\/figure><div class=\"fg-loader\"><\/div><\/div><div class=\"fg-item fg-type-image fg-idle\"><figure class=\"fg-item-inner\"><a href=\"https:\/\/rumex.mendelu.cz\/atlasposkozenidrevin\/wp-content\/uploads\/2020\/02\/p_robustus-4.jpg\" data-caption-title=\"Plodnice na kmenu dubu, Arboretum K\u0159tiny 2006.\" data-caption-desc=\"Plodnice na kmenu dubu, Arboretum K\u0159tiny 2006.\" data-attachment-id=\"4953\" data-type=\"image\" class=\"fg-thumb\"><span class=\"fg-image-wrap\"><img decoding=\"async\" title=\"Plodnice na kmenu dubu, Arboretum K\u0159tiny 2006.\" width=\"365\" height=\"320\" class=\"skip-lazy fg-image\" data-src-fg=\"https:\/\/rumex.mendelu.cz\/atlasposkozenidrevin\/wp-content\/uploads\/cache\/2020\/02\/p_robustus-4\/788417890.jpg\" src=\"data:image\/svg+xml,%3Csvg%20xmlns%3D%22http%3A%2F%2Fwww.w3.org%2F2000%2Fsvg%22%20width%3D%22365%22%20height%3D%22320%22%20viewBox%3D%220%200%20365%20320%22%3E%3C%2Fsvg%3E\" loading=\"eager\"><\/span><span class=\"fg-image-overlay\"><\/span><\/a><figcaption class=\"fg-caption\"><div class=\"fg-caption-inner\"><div class=\"fg-caption-desc\">Plodnice na kmenu dubu, Arboretum K\u0159tiny 2006.<\/div><\/div><\/figcaption><\/figure><div class=\"fg-loader\"><\/div><\/div><\/div>\n\n\n\n<p><\/p>\n\n\n\n<p><strong>HNILOBA:<\/strong> b\u00edl\u00e1, rychle se \u0161\u00ed\u0159\u00edc\u00ed od m\u00edsta vniknut\u00ed infekce cel\u00fdm kmenem.<\/p>\n\n\n\n<p><strong>V\u00ddZNAM A OCHRANA:<\/strong> p\u0159i siln\u011b rozvinut\u00e9 hnilob\u011b doch\u00e1z\u00ed k rozlomen\u00ed kmene.<\/p>\n\n\n\n<p><strong>MO\u017dNOST Z\u00c1M\u011aNY:<\/strong> troudnatec kopytovit\u00fd (<em>Fomes fomentarius<\/em>) plodnice m\u00e1 b\u00edl\u00e9 \u00fast\u00ed rourek, oh\u0148ovec hrbolat\u00fd (<em>Phellinus torulosus<\/em>)<em> <\/em>m\u00e1 nepravideln\u00fd tvar plodnice, nar\u016fst\u00e1 hlavn\u011b na b\u00e1z\u00edch d\u0159evin, \u010dast\u00fd je na pa\u0159ezech.<\/p>\n\n\n\n<p><\/p>\n\n\n<style type=\"text\/css\">\n#foogallery-gallery-3244 .fg-image { width: 365px; }\n#foogallery-gallery-3244 { --fg-gutter: 10px; }<\/style>\n\t\t\t<div class=\"foogallery foogallery-container foogallery-default foogallery-lightbox-none fg-left fg-default fg-ready fg-light fg-border-thin fg-shadow-outline fg-loading-default fg-loaded-fade-in fg-caption-always fg-hover-fade fg-hover-zoom\" id=\"foogallery-gallery-3244\" data-foogallery=\"{&quot;item&quot;:{&quot;showCaptionTitle&quot;:false,&quot;showCaptionDescription&quot;:true},&quot;lazy&quot;:true}\" style=\"--fg-title-line-clamp: 0; --fg-description-line-clamp: 0;\" >\n\t<div class=\"fg-item fg-type-image fg-idle\"><figure class=\"fg-item-inner\"><a href=\"https:\/\/rumex.mendelu.cz\/atlasposkozenidrevin\/wp-content\/uploads\/2020\/02\/P3310354.jpg\" data-caption-title=\"B\u00edl\u00e1 hniloba oh\u0148ovce, Rakoveck\u00e9 \u00fadol\u00ed 2018.\" data-caption-desc=\"B\u00edl\u00e1 hniloba oh\u0148ovce, Rakoveck\u00e9 \u00fadol\u00ed 2018.\" data-attachment-id=\"2051\" data-type=\"image\" class=\"fg-thumb\"><span class=\"fg-image-wrap\"><img decoding=\"async\" title=\"B\u00edl\u00e1 hniloba oh\u0148ovce, Rakoveck\u00e9 \u00fadol\u00ed 2018.\" width=\"365\" height=\"320\" class=\"skip-lazy fg-image\" data-src-fg=\"https:\/\/rumex.mendelu.cz\/atlasposkozenidrevin\/wp-content\/uploads\/cache\/2020\/02\/P3310354\/2867602888.jpg\" src=\"data:image\/svg+xml,%3Csvg%20xmlns%3D%22http%3A%2F%2Fwww.w3.org%2F2000%2Fsvg%22%20width%3D%22365%22%20height%3D%22320%22%20viewBox%3D%220%200%20365%20320%22%3E%3C%2Fsvg%3E\" loading=\"eager\"><\/span><span class=\"fg-image-overlay\"><\/span><\/a><figcaption class=\"fg-caption\"><div class=\"fg-caption-inner\"><div class=\"fg-caption-desc\">B\u00edl\u00e1 hniloba oh\u0148ovce, Rakoveck\u00e9 \u00fadol\u00ed 2018.<\/div><\/div><\/figcaption><\/figure><div class=\"fg-loader\"><\/div><\/div><div class=\"fg-item fg-type-image fg-idle\"><figure class=\"fg-item-inner\"><a href=\"https:\/\/rumex.mendelu.cz\/atlasposkozenidrevin\/wp-content\/uploads\/2020\/02\/P3310352.jpg\" data-caption-title=\"B\u00edl\u00e1 hniloba oh\u0148ovce s plodnicemi, Rakoveck\u00e9 \u00fadol\u00ed 2018.\" data-caption-desc=\"B\u00edl\u00e1 hniloba oh\u0148ovce s plodnicemi, Rakoveck\u00e9 \u00fadol\u00ed 2018.\" data-attachment-id=\"2050\" data-type=\"image\" class=\"fg-thumb\"><span class=\"fg-image-wrap\"><img decoding=\"async\" title=\"B\u00edl\u00e1 hniloba oh\u0148ovce s plodnicemi, Rakoveck\u00e9 \u00fadol\u00ed 2018.\" width=\"365\" height=\"320\" class=\"skip-lazy fg-image\" data-src-fg=\"https:\/\/rumex.mendelu.cz\/atlasposkozenidrevin\/wp-content\/uploads\/cache\/2020\/02\/P3310352\/915971090.jpg\" src=\"data:image\/svg+xml,%3Csvg%20xmlns%3D%22http%3A%2F%2Fwww.w3.org%2F2000%2Fsvg%22%20width%3D%22365%22%20height%3D%22320%22%20viewBox%3D%220%200%20365%20320%22%3E%3C%2Fsvg%3E\" loading=\"eager\"><\/span><span class=\"fg-image-overlay\"><\/span><\/a><figcaption class=\"fg-caption\"><div class=\"fg-caption-inner\"><div class=\"fg-caption-desc\">B\u00edl\u00e1 hniloba oh\u0148ovce s plodnicemi, Rakoveck\u00e9 \u00fadol\u00ed 2018.<\/div><\/div><\/figcaption><\/figure><div class=\"fg-loader\"><\/div><\/div><div class=\"fg-item fg-type-image fg-idle\"><figure class=\"fg-item-inner\"><a href=\"https:\/\/rumex.mendelu.cz\/atlasposkozenidrevin\/wp-content\/uploads\/2020\/02\/Pellinus-robustus-14.jpg\" data-caption-title=\"Plodnice na dubu, PR Coufav\u00e1 \u00dat\u011bchov 2012.\" data-caption-desc=\"Plodnice na dubu, PR Coufav\u00e1 \u00dat\u011bchov 2012.\" data-attachment-id=\"4955\" data-type=\"image\" class=\"fg-thumb\"><span class=\"fg-image-wrap\"><img decoding=\"async\" title=\"Plodnice na dubu, PR Coufav\u00e1 \u00dat\u011bchov 2012.\" width=\"365\" height=\"320\" class=\"skip-lazy fg-image\" data-src-fg=\"https:\/\/rumex.mendelu.cz\/atlasposkozenidrevin\/wp-content\/uploads\/cache\/2020\/02\/Pellinus-robustus-14\/339493421.jpg\" src=\"data:image\/svg+xml,%3Csvg%20xmlns%3D%22http%3A%2F%2Fwww.w3.org%2F2000%2Fsvg%22%20width%3D%22365%22%20height%3D%22320%22%20viewBox%3D%220%200%20365%20320%22%3E%3C%2Fsvg%3E\" loading=\"eager\"><\/span><span class=\"fg-image-overlay\"><\/span><\/a><figcaption class=\"fg-caption\"><div class=\"fg-caption-inner\"><div class=\"fg-caption-desc\">Plodnice na dubu, PR Coufav\u00e1 \u00dat\u011bchov 2012.<\/div><\/div><\/figcaption><\/figure><div class=\"fg-loader\"><\/div><\/div><\/div>\n","protected":false},"excerpt":{"rendered":"<p>Phellinus robustus (P. Karst.) Bourdot &amp; Galzin SYNONYMUM: Fomitiporia robusta (P. Karst.) Fiasson &amp; Niemel\u00e4 [&hellip;]<\/p>\n","protected":false},"author":2,"featured_media":0,"parent":0,"menu_order":0,"comment_status":"closed","ping_status":"closed","template":"template-full-width.php","meta":{"footnotes":""},"class_list":["post-356","page","type-page","status-publish","hentry"],"_links":{"self":[{"href":"https:\/\/rumex.mendelu.cz\/atlasposkozenidrevin\/index.php\/wp-json\/wp\/v2\/pages\/356","targetHints":{"allow":["GET"]}}],"collection":[{"href":"https:\/\/rumex.mendelu.cz\/atlasposkozenidrevin\/index.php\/wp-json\/wp\/v2\/pages"}],"about":[{"href":"https:\/\/rumex.mendelu.cz\/atlasposkozenidrevin\/index.php\/wp-json\/wp\/v2\/types\/page"}],"author":[{"embeddable":true,"href":"https:\/\/rumex.mendelu.cz\/atlasposkozenidrevin\/index.php\/wp-json\/wp\/v2\/users\/2"}],"replies":[{"embeddable":true,"href":"https:\/\/rumex.mendelu.cz\/atlasposkozenidrevin\/index.php\/wp-json\/wp\/v2\/comments?post=356"}],"version-history":[{"count":8,"href":"https:\/\/rumex.mendelu.cz\/atlasposkozenidrevin\/index.php\/wp-json\/wp\/v2\/pages\/356\/revisions"}],"predecessor-version":[{"id":4958,"href":"https:\/\/rumex.mendelu.cz\/atlasposkozenidrevin\/index.php\/wp-json\/wp\/v2\/pages\/356\/revisions\/4958"}],"wp:attachment":[{"href":"https:\/\/rumex.mendelu.cz\/atlasposkozenidrevin\/index.php\/wp-json\/wp\/v2\/media?parent=356"}],"curies":[{"name":"wp","href":"https:\/\/api.w.org\/{rel}","templated":true}]}}