{"id":320,"date":"2019-08-13T13:00:55","date_gmt":"2019-08-13T11:00:55","guid":{"rendered":"http:\/\/rumex.mendelu.cz\/atlasposkozenidrevin\/?page_id=320"},"modified":"2024-11-06T13:35:45","modified_gmt":"2024-11-06T12:35:45","slug":"plstnatecek-seversky","status":"publish","type":"page","link":"https:\/\/rumex.mendelu.cz\/atlasposkozenidrevin\/index.php\/plstnatecek-seversky\/","title":{"rendered":"plstnate\u010dek seversk\u00fd"},"content":{"rendered":"\n<p style=\"text-align:left\" class=\"has-medium-font-size\"><strong><em>Climacocystis borealis<\/em><\/strong><strong> (Fr.) Kotl. &amp; Pouzar<\/strong>&nbsp;<\/p>\n\n\n\n<p><strong>HOSTITELSK\u00c9 D\u0158EVINY: <\/strong>smrky (<em>Picea <\/em>spp.)<\/p>\n\n\n\n<p><strong>SYMPTOMY:<\/strong> typick\u00e9 plodnice na b\u00e1zi kmene, literatura uv\u00e1d\u00ed v\u00fdskyt v p\u016fvodn\u00edch a p\u0159irozen\u00fdch porostech smrku, v nadmo\u0159sk\u00fdch v\u00fd\u0161k\u00e1ch nad 700 m n. m., v&nbsp;sou\u010dasnosti jsou zaznamen\u00e1ny n\u00e1lezy i z ni\u017e\u0161\u00edch poloh.<\/p>\n\n\n\n<p><strong>PLODNICE:<\/strong> jednolet\u00e9, b\u00edl\u00e9 a\u017e \u017elutob\u00edl\u00e9, okrov\u00e9, v hojn\u00e9m po\u010dtu, klobouk polokruhovit\u00fd a\u017e ledvinovit\u00fd, p\u0159isedl\u00fd nebo z\u00fa\u017een\u00fdm bokem p\u0159irostl\u00fd, v ml\u00e1d\u00ed drsn\u011b chlupat\u00fd, rourky hranat\u00e9, labyrintick\u00e9, du\u017enina m\u011bkk\u00e1, b\u00edl\u00e1, vodnat\u00e1.<\/p>\n\n\n<style type=\"text\/css\">\n#foogallery-gallery-3224 .fg-image { width: 365px; }\n#foogallery-gallery-3224 { --fg-gutter: 10px; }<\/style>\n\t\t\t<div class=\"foogallery foogallery-container foogallery-default foogallery-lightbox-none fg-left fg-default fg-ready fg-light fg-border-thin fg-shadow-outline fg-loading-default fg-loaded-fade-in fg-caption-always fg-hover-fade fg-hover-zoom\" id=\"foogallery-gallery-3224\" data-foogallery=\"{&quot;item&quot;:{&quot;showCaptionTitle&quot;:false,&quot;showCaptionDescription&quot;:true},&quot;lazy&quot;:true}\" style=\"--fg-title-line-clamp: 0; --fg-description-line-clamp: 0;\" >\n\t<div class=\"fg-item fg-type-image fg-idle\"><figure class=\"fg-item-inner\"><a href=\"https:\/\/rumex.mendelu.cz\/atlasposkozenidrevin\/wp-content\/uploads\/2020\/02\/P8123909.jpg\" data-caption-title=\"B\u00e1ze smrku s plodnicemi, \u00fadol\u00ed B\u00edl\u00e9 Opavy 2019.\" data-caption-desc=\"B\u00e1ze smrku s plodnicemi, \u00fadol\u00ed B\u00edl\u00e9 Opavy 2019.\" data-attachment-id=\"1989\" data-type=\"image\" class=\"fg-thumb\"><span class=\"fg-image-wrap\"><img fetchpriority=\"high\" decoding=\"async\" title=\"B\u00e1ze smrku s plodnicemi, \u00fadol\u00ed B\u00edl\u00e9 Opavy 2019.\" width=\"365\" height=\"320\" class=\"skip-lazy fg-image\" data-src-fg=\"https:\/\/rumex.mendelu.cz\/atlasposkozenidrevin\/wp-content\/uploads\/cache\/2020\/02\/P8123909\/1332855517.jpg\" src=\"data:image\/svg+xml,%3Csvg%20xmlns%3D%22http%3A%2F%2Fwww.w3.org%2F2000%2Fsvg%22%20width%3D%22365%22%20height%3D%22320%22%20viewBox%3D%220%200%20365%20320%22%3E%3C%2Fsvg%3E\" loading=\"eager\"><\/span><span class=\"fg-image-overlay\"><\/span><\/a><figcaption class=\"fg-caption\"><div class=\"fg-caption-inner\"><div class=\"fg-caption-desc\">B\u00e1ze smrku s plodnicemi, \u00fadol\u00ed B\u00edl\u00e9 Opavy 2019.<\/div><\/div><\/figcaption><\/figure><div class=\"fg-loader\"><\/div><\/div><div class=\"fg-item fg-type-image fg-idle\"><figure class=\"fg-item-inner\"><a href=\"https:\/\/rumex.mendelu.cz\/atlasposkozenidrevin\/wp-content\/uploads\/2020\/02\/P8123911.jpg\" data-caption-title=\"B\u00e1ze smrku s plodnicemi, \u00fadol\u00ed B\u00edl\u00e9 Opavy 2019.\" data-caption-desc=\"B\u00e1ze smrku s plodnicemi, \u00fadol\u00ed B\u00edl\u00e9 Opavy 2019.\" data-attachment-id=\"1990\" data-type=\"image\" class=\"fg-thumb\"><span class=\"fg-image-wrap\"><img decoding=\"async\" title=\"B\u00e1ze smrku s plodnicemi, \u00fadol\u00ed B\u00edl\u00e9 Opavy 2019.\" width=\"365\" height=\"320\" class=\"skip-lazy fg-image\" data-src-fg=\"https:\/\/rumex.mendelu.cz\/atlasposkozenidrevin\/wp-content\/uploads\/cache\/2020\/02\/P8123911\/2033894308.jpg\" src=\"data:image\/svg+xml,%3Csvg%20xmlns%3D%22http%3A%2F%2Fwww.w3.org%2F2000%2Fsvg%22%20width%3D%22365%22%20height%3D%22320%22%20viewBox%3D%220%200%20365%20320%22%3E%3C%2Fsvg%3E\" loading=\"eager\"><\/span><span class=\"fg-image-overlay\"><\/span><\/a><figcaption class=\"fg-caption\"><div class=\"fg-caption-inner\"><div class=\"fg-caption-desc\">B\u00e1ze smrku s plodnicemi, \u00fadol\u00ed B\u00edl\u00e9 Opavy 2019.<\/div><\/div><\/figcaption><\/figure><div class=\"fg-loader\"><\/div><\/div><div class=\"fg-item fg-type-image fg-idle\"><figure class=\"fg-item-inner\"><a href=\"https:\/\/rumex.mendelu.cz\/atlasposkozenidrevin\/wp-content\/uploads\/2020\/02\/atlas5.jpg\" data-caption-title=\"Smrkov\u00fd pa\u0159ez porostl\u00fd plodnicemi, Jesen\u00edky 2003.\" data-caption-desc=\"Smrkov\u00fd pa\u0159ez porostl\u00fd plodnicemi, Jesen\u00edky 2003.\" data-attachment-id=\"4926\" data-type=\"image\" class=\"fg-thumb\"><span class=\"fg-image-wrap\"><img decoding=\"async\" title=\"Smrkov\u00fd pa\u0159ez porostl\u00fd plodnicemi, Jesen\u00edky 2003.\" width=\"365\" height=\"320\" class=\"skip-lazy fg-image\" data-src-fg=\"https:\/\/rumex.mendelu.cz\/atlasposkozenidrevin\/wp-content\/uploads\/cache\/2020\/02\/atlas5\/3030476216.jpg\" src=\"data:image\/svg+xml,%3Csvg%20xmlns%3D%22http%3A%2F%2Fwww.w3.org%2F2000%2Fsvg%22%20width%3D%22365%22%20height%3D%22320%22%20viewBox%3D%220%200%20365%20320%22%3E%3C%2Fsvg%3E\" loading=\"eager\"><\/span><span class=\"fg-image-overlay\"><\/span><\/a><figcaption class=\"fg-caption\"><div class=\"fg-caption-inner\"><div class=\"fg-caption-desc\">Smrkov\u00fd pa\u0159ez porostl\u00fd plodnicemi, Jesen\u00edky 2003.<\/div><\/div><\/figcaption><\/figure><div class=\"fg-loader\"><\/div><\/div><\/div>\n\n\n<style type=\"text\/css\">\n#foogallery-gallery-3226 .fg-image { width: 365px; }\n#foogallery-gallery-3226 { --fg-gutter: 10px; }<\/style>\n\t\t\t<div class=\"foogallery foogallery-container foogallery-default foogallery-lightbox-none fg-left fg-default fg-ready fg-light fg-border-thin fg-shadow-outline fg-loading-default fg-loaded-fade-in fg-caption-always fg-hover-fade fg-hover-zoom\" id=\"foogallery-gallery-3226\" data-foogallery=\"{&quot;item&quot;:{&quot;showCaptionTitle&quot;:false,&quot;showCaptionDescription&quot;:true},&quot;lazy&quot;:true}\" style=\"--fg-title-line-clamp: 0; --fg-description-line-clamp: 0;\" >\n\t<div class=\"fg-item fg-type-image fg-idle\"><figure class=\"fg-item-inner\"><a href=\"https:\/\/rumex.mendelu.cz\/atlasposkozenidrevin\/wp-content\/uploads\/2020\/02\/P8123915.jpg\" data-caption-title=\"Plodnice plstnate\u010dku, \u00fadol\u00ed B\u00edl\u00e9 Opavy 2019.\" data-caption-desc=\"Plodnice plstnate\u010dku, \u00fadol\u00ed B\u00edl\u00e9 Opavy 2019.\" data-attachment-id=\"1987\" data-type=\"image\" class=\"fg-thumb\"><span class=\"fg-image-wrap\"><img decoding=\"async\" title=\"Plodnice plstnate\u010dku, \u00fadol\u00ed B\u00edl\u00e9 Opavy 2019.\" width=\"365\" height=\"320\" class=\"skip-lazy fg-image\" data-src-fg=\"https:\/\/rumex.mendelu.cz\/atlasposkozenidrevin\/wp-content\/uploads\/cache\/2020\/02\/P8123915\/1348937025.jpg\" src=\"data:image\/svg+xml,%3Csvg%20xmlns%3D%22http%3A%2F%2Fwww.w3.org%2F2000%2Fsvg%22%20width%3D%22365%22%20height%3D%22320%22%20viewBox%3D%220%200%20365%20320%22%3E%3C%2Fsvg%3E\" loading=\"eager\"><\/span><span class=\"fg-image-overlay\"><\/span><\/a><figcaption class=\"fg-caption\"><div class=\"fg-caption-inner\"><div class=\"fg-caption-desc\">Plodnice plstnate\u010dku, \u00fadol\u00ed B\u00edl\u00e9 Opavy 2019.<\/div><\/div><\/figcaption><\/figure><div class=\"fg-loader\"><\/div><\/div><div class=\"fg-item fg-type-image fg-idle\"><figure class=\"fg-item-inner\"><a href=\"https:\/\/rumex.mendelu.cz\/atlasposkozenidrevin\/wp-content\/uploads\/2020\/02\/Obrazek3.jpg\" data-caption-title=\"Plodnice, NS B\u00edl\u00e1 Opava, Jesen\u00edky 2006.\" data-caption-desc=\"Plodnice, NS B\u00edl\u00e1 Opava, Jesen\u00edky 2006.\" data-attachment-id=\"4929\" data-type=\"image\" class=\"fg-thumb\"><span class=\"fg-image-wrap\"><img decoding=\"async\" title=\"Plodnice, NS B\u00edl\u00e1 Opava, Jesen\u00edky 2006.\" width=\"365\" height=\"320\" class=\"skip-lazy fg-image\" data-src-fg=\"https:\/\/rumex.mendelu.cz\/atlasposkozenidrevin\/wp-content\/uploads\/cache\/2020\/02\/Obrazek3\/3449674248.jpg\" src=\"data:image\/svg+xml,%3Csvg%20xmlns%3D%22http%3A%2F%2Fwww.w3.org%2F2000%2Fsvg%22%20width%3D%22365%22%20height%3D%22320%22%20viewBox%3D%220%200%20365%20320%22%3E%3C%2Fsvg%3E\" loading=\"eager\"><\/span><span class=\"fg-image-overlay\"><\/span><\/a><figcaption class=\"fg-caption\"><div class=\"fg-caption-inner\"><div class=\"fg-caption-desc\">Plodnice, NS B\u00edl\u00e1 Opava, Jesen\u00edky 2006.<\/div><\/div><\/figcaption><\/figure><div class=\"fg-loader\"><\/div><\/div><div class=\"fg-item fg-type-image fg-idle\"><figure class=\"fg-item-inner\"><a href=\"https:\/\/rumex.mendelu.cz\/atlasposkozenidrevin\/wp-content\/uploads\/2020\/02\/P927114327092009_297.jpg\" data-caption-title=\"Labyrintick\u00e9 hymenium plodnice, NS B\u00edl\u00e1 Opava, Jesen\u00edky 2006.\" data-caption-desc=\"Labyrintick\u00e9 hymenium plodnice, NS B\u00edl\u00e1 Opava, Jesen\u00edky 2006.\" data-attachment-id=\"4932\" data-type=\"image\" class=\"fg-thumb\"><span class=\"fg-image-wrap\"><img decoding=\"async\" title=\"Labyrintick\u00e9 hymenium plodnice, NS B\u00edl\u00e1 Opava, Jesen\u00edky 2006.\" width=\"365\" height=\"320\" class=\"skip-lazy fg-image\" data-src-fg=\"https:\/\/rumex.mendelu.cz\/atlasposkozenidrevin\/wp-content\/uploads\/cache\/2020\/02\/P927114327092009_297\/2840595983.jpg\" src=\"data:image\/svg+xml,%3Csvg%20xmlns%3D%22http%3A%2F%2Fwww.w3.org%2F2000%2Fsvg%22%20width%3D%22365%22%20height%3D%22320%22%20viewBox%3D%220%200%20365%20320%22%3E%3C%2Fsvg%3E\" loading=\"eager\"><\/span><span class=\"fg-image-overlay\"><\/span><\/a><figcaption class=\"fg-caption\"><div class=\"fg-caption-inner\"><div class=\"fg-caption-desc\">Labyrintick\u00e9 hymenium plodnice, NS B\u00edl\u00e1 Opava, Jesen\u00edky 2006.<\/div><\/div><\/figcaption><\/figure><div class=\"fg-loader\"><\/div><\/div><\/div>\n\n\n\n<p><\/p>\n\n\n\n<p><strong>HNILOBA:<\/strong> b\u00edl\u00e9 tlen\u00ed, rozklad je hranolovit\u00fd v&nbsp;drobn\u00fdch kosti\u010dk\u00e1ch o hran\u011b 1-3 mm, v\u011bt\u0161inou jsou kosti\u010dky dob\u0159e viditeln\u00e9 u\u017e v prvn\u00edch f\u00e1z\u00edch hniloby.<\/p>\n\n\n\n<p><strong>V\u00ddZNAM A OCHRANA: <\/strong>v d\u016fsledku infekce doch\u00e1z\u00ed k zeslaben\u00ed kmene v&nbsp;obvodu a hroz\u00ed nebezpe\u010d\u00ed zlomen\u00ed d\u0159evin.<\/p>\n\n\n\n<p><strong>MO\u017dNOST Z\u00c1M\u011aNY:<\/strong> b\u011blochoro\u0161 ho\u0159k\u00fd (<em>Postia stiptica<\/em>) \u2013 m\u00e1 plodnice tvrd\u00e9, ho\u0159k\u00e9 a hn\u011bdou hnilobu.<\/p>\n\n\n<style type=\"text\/css\">\n#foogallery-gallery-3227 .fg-image { width: 365px; }\n#foogallery-gallery-3227 { --fg-gutter: 10px; }<\/style>\n\t\t\t<div class=\"foogallery foogallery-container foogallery-default foogallery-lightbox-none fg-left fg-default fg-ready fg-light fg-border-thin fg-shadow-outline fg-loading-default fg-loaded-fade-in fg-caption-always fg-hover-fade fg-hover-zoom\" id=\"foogallery-gallery-3227\" data-foogallery=\"{&quot;item&quot;:{&quot;showCaptionTitle&quot;:false,&quot;showCaptionDescription&quot;:true},&quot;lazy&quot;:true}\" style=\"--fg-title-line-clamp: 0; --fg-description-line-clamp: 0;\" >\n\t<div class=\"fg-item fg-type-image fg-idle\"><figure class=\"fg-item-inner\"><a href=\"https:\/\/rumex.mendelu.cz\/atlasposkozenidrevin\/wp-content\/uploads\/2020\/02\/P923070123092009_13.jpg\" data-caption-title=\"B\u00edla hniloba plstnate\u010dku, \u0160LP ML K\u0159tiny 2009.\" data-caption-desc=\"B\u00edla hniloba plstnate\u010dku, \u0160LP ML K\u0159tiny 2009.\" data-attachment-id=\"2029\" data-type=\"image\" class=\"fg-thumb\"><span class=\"fg-image-wrap\"><img decoding=\"async\" title=\"B\u00edla hniloba plstnate\u010dku, \u0160LP ML K\u0159tiny 2009.\" width=\"365\" height=\"320\" class=\"skip-lazy fg-image\" data-src-fg=\"https:\/\/rumex.mendelu.cz\/atlasposkozenidrevin\/wp-content\/uploads\/cache\/2020\/02\/P923070123092009_13\/2307818407.jpg\" src=\"data:image\/svg+xml,%3Csvg%20xmlns%3D%22http%3A%2F%2Fwww.w3.org%2F2000%2Fsvg%22%20width%3D%22365%22%20height%3D%22320%22%20viewBox%3D%220%200%20365%20320%22%3E%3C%2Fsvg%3E\" loading=\"eager\"><\/span><span class=\"fg-image-overlay\"><\/span><\/a><figcaption class=\"fg-caption\"><div class=\"fg-caption-inner\"><div class=\"fg-caption-desc\">B\u00edla hniloba plstnate\u010dku, \u0160LP ML K\u0159tiny 2009.<\/div><\/div><\/figcaption><\/figure><div class=\"fg-loader\"><\/div><\/div><div class=\"fg-item fg-type-image fg-idle\"><figure class=\"fg-item-inner\"><a href=\"https:\/\/rumex.mendelu.cz\/atlasposkozenidrevin\/wp-content\/uploads\/2020\/02\/P923070023092009_12.jpg\" data-caption-title=\"Koste\u010dkovit\u00e1, b\u00edl\u00e1 hniloba, Jesen\u00edky 2003.\" data-caption-desc=\"Koste\u010dkovit\u00e1, b\u00edl\u00e1 hniloba, Jesen\u00edky 2003.\" data-attachment-id=\"4930\" data-type=\"image\" class=\"fg-thumb\"><span class=\"fg-image-wrap\"><img decoding=\"async\" title=\"Koste\u010dkovit\u00e1, b\u00edl\u00e1 hniloba, Jesen\u00edky 2003.\" width=\"365\" height=\"320\" class=\"skip-lazy fg-image\" data-src-fg=\"https:\/\/rumex.mendelu.cz\/atlasposkozenidrevin\/wp-content\/uploads\/cache\/2020\/02\/P923070023092009_12\/3551390252.jpg\" src=\"data:image\/svg+xml,%3Csvg%20xmlns%3D%22http%3A%2F%2Fwww.w3.org%2F2000%2Fsvg%22%20width%3D%22365%22%20height%3D%22320%22%20viewBox%3D%220%200%20365%20320%22%3E%3C%2Fsvg%3E\" loading=\"eager\"><\/span><span class=\"fg-image-overlay\"><\/span><\/a><figcaption class=\"fg-caption\"><div class=\"fg-caption-inner\"><div class=\"fg-caption-desc\">Koste\u010dkovit\u00e1, b\u00edl\u00e1 hniloba, Jesen\u00edky 2003.<\/div><\/div><\/figcaption><\/figure><div class=\"fg-loader\"><\/div><\/div><div class=\"fg-item fg-type-image fg-idle\"><figure class=\"fg-item-inner\"><a href=\"https:\/\/rumex.mendelu.cz\/atlasposkozenidrevin\/wp-content\/uploads\/2020\/02\/atlas6.jpg\" data-caption-title=\"Plodnice a hniloba na smrku, Krkono\u0161e 2003.\" data-caption-desc=\"Plodnice a hniloba na smrku, Krkono\u0161e 2003.\" data-attachment-id=\"4927\" data-type=\"image\" class=\"fg-thumb\"><span class=\"fg-image-wrap\"><img decoding=\"async\" title=\"Plodnice a hniloba na smrku, Krkono\u0161e 2003.\" width=\"365\" height=\"320\" class=\"skip-lazy fg-image\" data-src-fg=\"https:\/\/rumex.mendelu.cz\/atlasposkozenidrevin\/wp-content\/uploads\/cache\/2020\/02\/atlas6\/4051210927.jpg\" src=\"data:image\/svg+xml,%3Csvg%20xmlns%3D%22http%3A%2F%2Fwww.w3.org%2F2000%2Fsvg%22%20width%3D%22365%22%20height%3D%22320%22%20viewBox%3D%220%200%20365%20320%22%3E%3C%2Fsvg%3E\" loading=\"eager\"><\/span><span class=\"fg-image-overlay\"><\/span><\/a><figcaption class=\"fg-caption\"><div class=\"fg-caption-inner\"><div class=\"fg-caption-desc\">Plodnice a hniloba na smrku, Krkono\u0161e 2003.<\/div><\/div><\/figcaption><\/figure><div class=\"fg-loader\"><\/div><\/div><\/div>\n","protected":false},"excerpt":{"rendered":"<p>Climacocystis borealis (Fr.) Kotl. &amp; Pouzar&nbsp; HOSTITELSK\u00c9 D\u0158EVINY: smrky (Picea spp.) SYMPTOMY: typick\u00e9 plodnice na [&hellip;]<\/p>\n","protected":false},"author":2,"featured_media":0,"parent":0,"menu_order":0,"comment_status":"closed","ping_status":"closed","template":"template-full-width.php","meta":{"footnotes":""},"class_list":["post-320","page","type-page","status-publish","hentry"],"_links":{"self":[{"href":"https:\/\/rumex.mendelu.cz\/atlasposkozenidrevin\/index.php\/wp-json\/wp\/v2\/pages\/320","targetHints":{"allow":["GET"]}}],"collection":[{"href":"https:\/\/rumex.mendelu.cz\/atlasposkozenidrevin\/index.php\/wp-json\/wp\/v2\/pages"}],"about":[{"href":"https:\/\/rumex.mendelu.cz\/atlasposkozenidrevin\/index.php\/wp-json\/wp\/v2\/types\/page"}],"author":[{"embeddable":true,"href":"https:\/\/rumex.mendelu.cz\/atlasposkozenidrevin\/index.php\/wp-json\/wp\/v2\/users\/2"}],"replies":[{"embeddable":true,"href":"https:\/\/rumex.mendelu.cz\/atlasposkozenidrevin\/index.php\/wp-json\/wp\/v2\/comments?post=320"}],"version-history":[{"count":10,"href":"https:\/\/rumex.mendelu.cz\/atlasposkozenidrevin\/index.php\/wp-json\/wp\/v2\/pages\/320\/revisions"}],"predecessor-version":[{"id":3229,"href":"https:\/\/rumex.mendelu.cz\/atlasposkozenidrevin\/index.php\/wp-json\/wp\/v2\/pages\/320\/revisions\/3229"}],"wp:attachment":[{"href":"https:\/\/rumex.mendelu.cz\/atlasposkozenidrevin\/index.php\/wp-json\/wp\/v2\/media?parent=320"}],"curies":[{"name":"wp","href":"https:\/\/api.w.org\/{rel}","templated":true}]}}