{"id":311,"date":"2019-08-13T12:50:48","date_gmt":"2019-08-13T10:50:48","guid":{"rendered":"http:\/\/rumex.mendelu.cz\/atlasposkozenidrevin\/?page_id=311"},"modified":"2024-11-06T13:35:44","modified_gmt":"2024-11-06T12:35:44","slug":"popraska-smrkova","status":"publish","type":"page","link":"https:\/\/rumex.mendelu.cz\/atlasposkozenidrevin\/index.php\/popraska-smrkova\/","title":{"rendered":"popra\u0161ka smrkov\u00e1"},"content":{"rendered":"\n<p style=\"text-align:left\" class=\"has-medium-font-size\"><em><strong>Coniophora piceae<\/strong><\/em><strong> \u010cern\u00fd <\/strong><\/p>\n\n\n\n<p class=\"has-normal-font-size\">SYNONYMUM: <em><strong>Coniophora puteana<\/strong> <\/em><strong>(Schumach.)\nP. Karst.<\/strong><\/p>\n\n\n\n<p><strong>HOSTITELSK\u00c9 D\u0158EVINY: <\/strong>smrk (<em>Picea<\/em> spp.), borovice (<em>Pinus<\/em> spp.), mod\u0159\u00edn (<em>Larix<\/em> spp.) a dal\u0161\u00ed jehli\u010dnany.<\/p>\n\n\n\n<p><strong>SYMPTOMY: <\/strong>popra\u0161ka je v\u00fdznamn\u00e1 svou symbi\u00f3zou s d\u0159evokazn\u00fdmi mravenci, \u010dast\u00e1 je tvorba hniloby ve kmeni strom\u016f, kde&nbsp; datlovit\u00ed pt\u00e1ci vysek\u00e1vaj\u00ed b\u011bl a hledaj\u00ed kukly mravenc\u016f, uvnit\u0159 t\u011bchto otvor\u016f vyr\u016fstaj\u00ed plodnice, kter\u00e9 pot\u0159ebuj\u00ed vy\u0161\u0161\u00ed vzdu\u0161nou vlhkost, okol\u00ed otvor\u016f je siln\u011b prosmolen\u00e9.<\/p>\n\n\n\n<p><\/p>\n\n\n<style type=\"text\/css\">\n#foogallery-gallery-3218 .fg-image { width: 365px; }\n#foogallery-gallery-3218 { --fg-gutter: 10px; }<\/style>\n\t\t\t<div class=\"foogallery foogallery-container foogallery-default foogallery-lightbox-none fg-left fg-default fg-ready fg-light fg-border-thin fg-shadow-outline fg-loading-default fg-loaded-fade-in fg-caption-always fg-hover-fade fg-hover-zoom\" id=\"foogallery-gallery-3218\" data-foogallery=\"{&quot;item&quot;:{&quot;showCaptionTitle&quot;:false,&quot;showCaptionDescription&quot;:true},&quot;lazy&quot;:true}\" style=\"--fg-title-line-clamp: 0; --fg-description-line-clamp: 0;\" >\n\t<div class=\"fg-item fg-type-image fg-idle\"><figure class=\"fg-item-inner\"><a href=\"https:\/\/rumex.mendelu.cz\/atlasposkozenidrevin\/wp-content\/uploads\/2020\/02\/PA255636-scaled.jpg\" data-caption-title=\"Plodnice popra\u0161ky, \u0160LP ML K\u0159tiny 2014.\" data-caption-desc=\"Plodnice popra\u0161ky, \u0160LP ML K\u0159tiny 2014.\" data-attachment-id=\"4925\" data-type=\"image\" class=\"fg-thumb\"><span class=\"fg-image-wrap\"><img fetchpriority=\"high\" decoding=\"async\" title=\"Plodnice popra\u0161ky, \u0160LP ML K\u0159tiny 2014.\" width=\"365\" height=\"320\" class=\"skip-lazy fg-image\" data-src-fg=\"https:\/\/rumex.mendelu.cz\/atlasposkozenidrevin\/wp-content\/uploads\/cache\/2020\/02\/PA255636-scaled\/1782351819.jpg\" src=\"data:image\/svg+xml,%3Csvg%20xmlns%3D%22http%3A%2F%2Fwww.w3.org%2F2000%2Fsvg%22%20width%3D%22365%22%20height%3D%22320%22%20viewBox%3D%220%200%20365%20320%22%3E%3C%2Fsvg%3E\" loading=\"eager\"><\/span><span class=\"fg-image-overlay\"><\/span><\/a><figcaption class=\"fg-caption\"><div class=\"fg-caption-inner\"><div class=\"fg-caption-desc\">Plodnice popra\u0161ky, \u0160LP ML K\u0159tiny 2014.<\/div><\/div><\/figcaption><\/figure><div class=\"fg-loader\"><\/div><\/div><div class=\"fg-item fg-type-image fg-idle\"><figure class=\"fg-item-inner\"><a href=\"https:\/\/rumex.mendelu.cz\/atlasposkozenidrevin\/wp-content\/uploads\/2020\/02\/PA255631-scaled.jpg\" data-caption-title=\"Plodnice popra\u0161ky, \u0160LP ML K\u0159tiny 2014.\" data-caption-desc=\"Plodnice popra\u0161ky, \u0160LP ML K\u0159tiny 2014.\" data-attachment-id=\"4924\" data-type=\"image\" class=\"fg-thumb\"><span class=\"fg-image-wrap\"><img decoding=\"async\" title=\"Plodnice popra\u0161ky, \u0160LP ML K\u0159tiny 2014.\" width=\"365\" height=\"320\" class=\"skip-lazy fg-image\" data-src-fg=\"https:\/\/rumex.mendelu.cz\/atlasposkozenidrevin\/wp-content\/uploads\/cache\/2020\/02\/PA255631-scaled\/443898502.jpg\" src=\"data:image\/svg+xml,%3Csvg%20xmlns%3D%22http%3A%2F%2Fwww.w3.org%2F2000%2Fsvg%22%20width%3D%22365%22%20height%3D%22320%22%20viewBox%3D%220%200%20365%20320%22%3E%3C%2Fsvg%3E\" loading=\"eager\"><\/span><span class=\"fg-image-overlay\"><\/span><\/a><figcaption class=\"fg-caption\"><div class=\"fg-caption-inner\"><div class=\"fg-caption-desc\">Plodnice popra\u0161ky, \u0160LP ML K\u0159tiny 2014.<\/div><\/div><\/figcaption><\/figure><div class=\"fg-loader\"><\/div><\/div><div class=\"fg-item fg-type-image fg-idle\"><figure class=\"fg-item-inner\"><a href=\"https:\/\/rumex.mendelu.cz\/atlasposkozenidrevin\/wp-content\/uploads\/2020\/02\/coniophora_hniloba7.jpg\" data-caption-title=\"Otvory na kmenu smrku, uvnit\u0159 hniloba popra\u0161ky, Svratka 2014.\" data-caption-desc=\"Otvory na kmenu smrku, uvnit\u0159 hniloba popra\u0161ky, Svratka 2014.\" data-attachment-id=\"4920\" data-type=\"image\" class=\"fg-thumb\"><span class=\"fg-image-wrap\"><img decoding=\"async\" title=\"Otvory na kmenu smrku, uvnit\u0159 hniloba popra\u0161ky, Svratka 2014.\" width=\"365\" height=\"320\" class=\"skip-lazy fg-image\" data-src-fg=\"https:\/\/rumex.mendelu.cz\/atlasposkozenidrevin\/wp-content\/uploads\/cache\/2020\/02\/coniophora_hniloba7\/76576061.jpg\" src=\"data:image\/svg+xml,%3Csvg%20xmlns%3D%22http%3A%2F%2Fwww.w3.org%2F2000%2Fsvg%22%20width%3D%22365%22%20height%3D%22320%22%20viewBox%3D%220%200%20365%20320%22%3E%3C%2Fsvg%3E\" loading=\"eager\"><\/span><span class=\"fg-image-overlay\"><\/span><\/a><figcaption class=\"fg-caption\"><div class=\"fg-caption-inner\"><div class=\"fg-caption-desc\">Otvory na kmenu smrku, uvnit\u0159 hniloba popra\u0161ky, Svratka 2014.<\/div><\/div><\/figcaption><\/figure><div class=\"fg-loader\"><\/div><\/div><\/div>\n\n\n\n<p><\/p>\n\n\n\n<p><strong>PLODNICE: <\/strong>jednolet\u00e9, jemn\u00e9 rozlit\u00e9 povlaky, mlad\u00e9 b\u00edle zbarven\u00e9, pozd\u011bji na\u017eloutl\u00e9, nazelenal\u00e9, star\u00e9 hn\u011bd\u00e9, olivov\u011b zelen\u00e9, nemaj\u00ed dlouhou trvanlivost, p\u0159ir\u016fstaj\u00edc\u00ed okraj je b\u00edl\u00fd, povrch hrbolat\u00fd, nenar\u016fstaj\u00ed \u010dasto.<\/p>\n\n\n\n<p><strong>HNILOBA: <\/strong>hn\u011bd\u00e1 hniloba, p\u016fvodn\u011b hranolovit\u00fd rozklad vlivem pohybu mravenc\u016f m\u00e1 zaoblen\u00fd tvar, v posledn\u00ed f\u00e1zi rozkladu se drt\u00ed na hn\u011bd\u00fd jemn\u00fd prach.<\/p>\n\n\n\n<p><strong>V\u00ddZNAM A OCHRANA: <\/strong>v m\u00edst\u011b otvor\u016f doch\u00e1z\u00ed k zeslaben\u00ed kmene a m\u016f\u017ee doj\u00edt k jeho zlomen\u00ed.<\/p>\n\n\n\n<p><\/p>\n\n\n<style type=\"text\/css\">\n#foogallery-gallery-3219 .fg-image { width: 365px; }\n#foogallery-gallery-3219 { --fg-gutter: 10px; }<\/style>\n\t\t\t<div class=\"foogallery foogallery-container foogallery-default foogallery-lightbox-none fg-left fg-default fg-ready fg-light fg-border-thin fg-shadow-outline fg-loading-default fg-loaded-fade-in fg-caption-always fg-hover-fade fg-hover-zoom\" id=\"foogallery-gallery-3219\" data-foogallery=\"{&quot;item&quot;:{&quot;showCaptionTitle&quot;:false,&quot;showCaptionDescription&quot;:true},&quot;lazy&quot;:true}\" style=\"--fg-title-line-clamp: 0; --fg-description-line-clamp: 0;\" >\n\t<div class=\"fg-item fg-type-image fg-idle\"><figure class=\"fg-item-inner\"><a href=\"https:\/\/rumex.mendelu.cz\/atlasposkozenidrevin\/wp-content\/uploads\/2020\/02\/P7134897.jpg\" data-caption-title=\"Hniloba popra\u0161ky, Svratka 2014.\" data-caption-desc=\"Hniloba popra\u0161ky, Svratka 2014.\" data-attachment-id=\"4923\" data-type=\"image\" class=\"fg-thumb\"><span class=\"fg-image-wrap\"><img decoding=\"async\" title=\"Hniloba popra\u0161ky, Svratka 2014.\" width=\"365\" height=\"320\" class=\"skip-lazy fg-image\" data-src-fg=\"https:\/\/rumex.mendelu.cz\/atlasposkozenidrevin\/wp-content\/uploads\/cache\/2020\/02\/P7134897\/3162411554.jpg\" src=\"data:image\/svg+xml,%3Csvg%20xmlns%3D%22http%3A%2F%2Fwww.w3.org%2F2000%2Fsvg%22%20width%3D%22365%22%20height%3D%22320%22%20viewBox%3D%220%200%20365%20320%22%3E%3C%2Fsvg%3E\" loading=\"eager\"><\/span><span class=\"fg-image-overlay\"><\/span><\/a><figcaption class=\"fg-caption\"><div class=\"fg-caption-inner\"><div class=\"fg-caption-desc\">Hniloba popra\u0161ky, Svratka 2014.<\/div><\/div><\/figcaption><\/figure><div class=\"fg-loader\"><\/div><\/div><div class=\"fg-item fg-type-image fg-idle\"><figure class=\"fg-item-inner\"><a href=\"https:\/\/rumex.mendelu.cz\/atlasposkozenidrevin\/wp-content\/uploads\/2020\/02\/coniophora_hniloba2.jpg\" data-caption-title=\"Hniloba popra\u0161ky, \u0160LP ML K\u0159tiny 2010.\" data-caption-desc=\"Hniloba popra\u0161ky, \u0160LP ML K\u0159tiny 2010.\" data-attachment-id=\"4919\" data-type=\"image\" class=\"fg-thumb\"><span class=\"fg-image-wrap\"><img decoding=\"async\" title=\"Hniloba popra\u0161ky, \u0160LP ML K\u0159tiny 2010.\" width=\"365\" height=\"320\" class=\"skip-lazy fg-image\" data-src-fg=\"https:\/\/rumex.mendelu.cz\/atlasposkozenidrevin\/wp-content\/uploads\/cache\/2020\/02\/coniophora_hniloba2\/870596631.jpg\" src=\"data:image\/svg+xml,%3Csvg%20xmlns%3D%22http%3A%2F%2Fwww.w3.org%2F2000%2Fsvg%22%20width%3D%22365%22%20height%3D%22320%22%20viewBox%3D%220%200%20365%20320%22%3E%3C%2Fsvg%3E\" loading=\"eager\"><\/span><span class=\"fg-image-overlay\"><\/span><\/a><figcaption class=\"fg-caption\"><div class=\"fg-caption-inner\"><div class=\"fg-caption-desc\">Hniloba popra\u0161ky, \u0160LP ML K\u0159tiny 2010.<\/div><\/div><\/figcaption><\/figure><div class=\"fg-loader\"><\/div><\/div><div class=\"fg-item fg-type-image fg-idle\"><figure class=\"fg-item-inner\"><a href=\"https:\/\/rumex.mendelu.cz\/atlasposkozenidrevin\/wp-content\/uploads\/2020\/02\/coniophora_hniloba20.jpg\" data-caption-title=\"Otvory na kmenu smrku, uvnit\u0159 hniloba popra\u0161ky, Svratka 2014.\" data-caption-desc=\"Otvory na kmenu smrku, uvnit\u0159 hniloba popra\u0161ky, Svratka 2014.\" data-attachment-id=\"4922\" data-type=\"image\" class=\"fg-thumb\"><span class=\"fg-image-wrap\"><img decoding=\"async\" title=\"Otvory na kmenu smrku, uvnit\u0159 hniloba popra\u0161ky, Svratka 2014.\" width=\"365\" height=\"320\" class=\"skip-lazy fg-image\" data-src-fg=\"https:\/\/rumex.mendelu.cz\/atlasposkozenidrevin\/wp-content\/uploads\/cache\/2020\/02\/coniophora_hniloba20\/3699100310.jpg\" src=\"data:image\/svg+xml,%3Csvg%20xmlns%3D%22http%3A%2F%2Fwww.w3.org%2F2000%2Fsvg%22%20width%3D%22365%22%20height%3D%22320%22%20viewBox%3D%220%200%20365%20320%22%3E%3C%2Fsvg%3E\" loading=\"eager\"><\/span><span class=\"fg-image-overlay\"><\/span><\/a><figcaption class=\"fg-caption\"><div class=\"fg-caption-inner\"><div class=\"fg-caption-desc\">Otvory na kmenu smrku, uvnit\u0159 hniloba popra\u0161ky, Svratka 2014.<\/div><\/div><\/figcaption><\/figure><div class=\"fg-loader\"><\/div><\/div><\/div>\n","protected":false},"excerpt":{"rendered":"<p>Coniophora piceae \u010cern\u00fd SYNONYMUM: Coniophora puteana (Schumach.) P. Karst. HOSTITELSK\u00c9 D\u0158EVINY: smrk (Picea spp.), borovice [&hellip;]<\/p>\n","protected":false},"author":2,"featured_media":0,"parent":0,"menu_order":0,"comment_status":"closed","ping_status":"closed","template":"template-full-width.php","meta":{"footnotes":""},"class_list":["post-311","page","type-page","status-publish","hentry"],"_links":{"self":[{"href":"https:\/\/rumex.mendelu.cz\/atlasposkozenidrevin\/index.php\/wp-json\/wp\/v2\/pages\/311","targetHints":{"allow":["GET"]}}],"collection":[{"href":"https:\/\/rumex.mendelu.cz\/atlasposkozenidrevin\/index.php\/wp-json\/wp\/v2\/pages"}],"about":[{"href":"https:\/\/rumex.mendelu.cz\/atlasposkozenidrevin\/index.php\/wp-json\/wp\/v2\/types\/page"}],"author":[{"embeddable":true,"href":"https:\/\/rumex.mendelu.cz\/atlasposkozenidrevin\/index.php\/wp-json\/wp\/v2\/users\/2"}],"replies":[{"embeddable":true,"href":"https:\/\/rumex.mendelu.cz\/atlasposkozenidrevin\/index.php\/wp-json\/wp\/v2\/comments?post=311"}],"version-history":[{"count":11,"href":"https:\/\/rumex.mendelu.cz\/atlasposkozenidrevin\/index.php\/wp-json\/wp\/v2\/pages\/311\/revisions"}],"predecessor-version":[{"id":4917,"href":"https:\/\/rumex.mendelu.cz\/atlasposkozenidrevin\/index.php\/wp-json\/wp\/v2\/pages\/311\/revisions\/4917"}],"wp:attachment":[{"href":"https:\/\/rumex.mendelu.cz\/atlasposkozenidrevin\/index.php\/wp-json\/wp\/v2\/media?parent=311"}],"curies":[{"name":"wp","href":"https:\/\/api.w.org\/{rel}","templated":true}]}}