{"id":308,"date":"2019-08-13T12:39:22","date_gmt":"2019-08-13T10:39:22","guid":{"rendered":"http:\/\/rumex.mendelu.cz\/atlasposkozenidrevin\/?page_id=308"},"modified":"2024-11-06T13:35:46","modified_gmt":"2024-11-06T12:35:46","slug":"pevnik-chlupaty","status":"publish","type":"page","link":"https:\/\/rumex.mendelu.cz\/atlasposkozenidrevin\/index.php\/pevnik-chlupaty\/","title":{"rendered":"pevn\u00edk chlupat\u00fd"},"content":{"rendered":"\n<p style=\"text-align:left\" class=\"has-medium-font-size\"><em><strong>Stereum hirsutum<\/strong><\/em><strong> (Willd.) Pers. <\/strong><\/p>\n\n\n\n<p><strong>HOSTITELSK\u00c9 D\u0158EVINY: <\/strong>listn\u00e1\u010de.<\/p>\n\n\n\n<p><strong>SYMPTOMY:<\/strong> plodnice, kter\u00e9 nar\u016fstaj\u00ed b\u011bhem cel\u00e9 vegeta\u010dn\u00ed sezony, p\u0159etrv\u00e1vaj\u00ed i odum\u0159el\u00e9.<\/p>\n\n\n\n<p><strong>PLODNICE:<\/strong> jednolet\u00e9 rozlit\u00e9, polokloukat\u00e9 a\u017e kloboukat\u00e9, tenk\u00e9, ko\u017eovit\u00e9, povrch jemn\u011b \u0161t\u011btinat\u00fd, p\u00e1sovan\u00fd, \u017elutookrov\u00fd a\u017e \u017elut\u00fd, hymenium hladk\u00e9, \u017elutooran\u017eov\u00e9, ve st\u00e1\u0159\u00ed hn\u011bdooran\u017eov\u00e9 nebo \u0161edohn\u011bd\u00e9, oma\u010dk\u00e1n\u00edm hymenium nem\u011bn\u00edc\u00ed barvu.<\/p>\n\n\n<style type=\"text\/css\">\n#foogallery-gallery-3214 .fg-image { width: 365px; }\n#foogallery-gallery-3214 { --fg-gutter: 10px; }<\/style>\n\t\t\t<div class=\"foogallery foogallery-container foogallery-default foogallery-lightbox-none fg-left fg-default fg-ready fg-light fg-border-thin fg-shadow-outline fg-loading-default fg-loaded-fade-in fg-caption-always fg-hover-fade fg-hover-zoom\" id=\"foogallery-gallery-3214\" data-foogallery=\"{&quot;item&quot;:{&quot;showCaptionTitle&quot;:false,&quot;showCaptionDescription&quot;:true},&quot;lazy&quot;:true}\" style=\"--fg-title-line-clamp: 0; --fg-description-line-clamp: 0;\" >\n\t<div class=\"fg-item fg-type-image fg-idle\"><figure class=\"fg-item-inner\"><a href=\"https:\/\/rumex.mendelu.cz\/atlasposkozenidrevin\/wp-content\/uploads\/2020\/02\/stereum_hirsutum4.jpg\" data-caption-title=\"Plodnice na v\u011btvi buku, Arboretum K\u0159tiny 2006.\" data-caption-desc=\"Plodnice na v\u011btvi buku, Arboretum K\u0159tiny 2006.\" data-attachment-id=\"4916\" data-type=\"image\" class=\"fg-thumb\"><span class=\"fg-image-wrap\"><img fetchpriority=\"high\" decoding=\"async\" title=\"Plodnice na v\u011btvi buku, Arboretum K\u0159tiny 2006.\" width=\"365\" height=\"320\" class=\"skip-lazy fg-image\" data-src-fg=\"https:\/\/rumex.mendelu.cz\/atlasposkozenidrevin\/wp-content\/uploads\/cache\/2020\/02\/stereum_hirsutum4\/2482302579.jpg\" src=\"data:image\/svg+xml,%3Csvg%20xmlns%3D%22http%3A%2F%2Fwww.w3.org%2F2000%2Fsvg%22%20width%3D%22365%22%20height%3D%22320%22%20viewBox%3D%220%200%20365%20320%22%3E%3C%2Fsvg%3E\" loading=\"eager\"><\/span><span class=\"fg-image-overlay\"><\/span><\/a><figcaption class=\"fg-caption\"><div class=\"fg-caption-inner\"><div class=\"fg-caption-desc\">Plodnice na v\u011btvi buku, Arboretum K\u0159tiny 2006.<\/div><\/div><\/figcaption><\/figure><div class=\"fg-loader\"><\/div><\/div><div class=\"fg-item fg-type-image fg-idle\"><figure class=\"fg-item-inner\"><a href=\"https:\/\/rumex.mendelu.cz\/atlasposkozenidrevin\/wp-content\/uploads\/2020\/02\/PB26200726112009_181.jpg\" data-caption-title=\"Plodnice na kmenu buku, Arboretum K\u0159tiny 2021.\" data-caption-desc=\"Plodnice na kmenu buku, Arboretum K\u0159tiny 2021.\" data-attachment-id=\"4913\" data-type=\"image\" class=\"fg-thumb\"><span class=\"fg-image-wrap\"><img decoding=\"async\" title=\"Plodnice na kmenu buku, Arboretum K\u0159tiny 2021.\" width=\"365\" height=\"320\" class=\"skip-lazy fg-image\" data-src-fg=\"https:\/\/rumex.mendelu.cz\/atlasposkozenidrevin\/wp-content\/uploads\/cache\/2020\/02\/PB26200726112009_181\/2749784042.jpg\" src=\"data:image\/svg+xml,%3Csvg%20xmlns%3D%22http%3A%2F%2Fwww.w3.org%2F2000%2Fsvg%22%20width%3D%22365%22%20height%3D%22320%22%20viewBox%3D%220%200%20365%20320%22%3E%3C%2Fsvg%3E\" loading=\"eager\"><\/span><span class=\"fg-image-overlay\"><\/span><\/a><figcaption class=\"fg-caption\"><div class=\"fg-caption-inner\"><div class=\"fg-caption-desc\">Plodnice na kmenu buku, Arboretum K\u0159tiny 2021.<\/div><\/div><\/figcaption><\/figure><div class=\"fg-loader\"><\/div><\/div><div class=\"fg-item fg-type-image fg-idle\"><figure class=\"fg-item-inner\"><a href=\"https:\/\/rumex.mendelu.cz\/atlasposkozenidrevin\/wp-content\/uploads\/2020\/02\/P8105137.jpg\" data-caption-title=\"Plodnice, Arboretum K\u0159tiny 2018.\" data-caption-desc=\"Plodnice, Arboretum K\u0159tiny 2018.\" data-attachment-id=\"4910\" data-type=\"image\" class=\"fg-thumb\"><span class=\"fg-image-wrap\"><img decoding=\"async\" title=\"Plodnice, Arboretum K\u0159tiny 2018.\" width=\"365\" height=\"320\" class=\"skip-lazy fg-image\" data-src-fg=\"https:\/\/rumex.mendelu.cz\/atlasposkozenidrevin\/wp-content\/uploads\/cache\/2020\/02\/P8105137\/987039838.jpg\" src=\"data:image\/svg+xml,%3Csvg%20xmlns%3D%22http%3A%2F%2Fwww.w3.org%2F2000%2Fsvg%22%20width%3D%22365%22%20height%3D%22320%22%20viewBox%3D%220%200%20365%20320%22%3E%3C%2Fsvg%3E\" loading=\"eager\"><\/span><span class=\"fg-image-overlay\"><\/span><\/a><figcaption class=\"fg-caption\"><div class=\"fg-caption-inner\"><div class=\"fg-caption-desc\">Plodnice, Arboretum K\u0159tiny 2018.<\/div><\/div><\/figcaption><\/figure><div class=\"fg-loader\"><\/div><\/div><\/div>\n\n\n\n<p><\/p>\n\n\n\n<p><strong>HNILOBA:<\/strong> b\u00edl\u00e1.<\/p>\n\n\n\n<p><strong>V\u00ddZNAM A OCHRANA:<\/strong> typick\u00fd ranov\u00fd parazit, kolonizuje \u0159ezn\u00e9 plochy a v\u011bt\u0161\u00ed r\u00e1ny, m\u00edsta se sloupnutou k\u016frou, nar\u016fst\u00e1 i na pa\u0159ezech a mrtv\u00e9m odum\u0159el\u00e9m d\u0159ev\u011b.<\/p>\n\n\n\n<p><strong>MO\u017dNOST Z\u00c1M\u011aNY:<\/strong> pevn\u00edk plstnat\u00fd (<em>Stereum subtomentosum<\/em>) \u2013 m\u00e1 v\u011bt\u0161\u00ed plodni\u010dky, v\u00fdrazn\u011bji polokloboukat\u00e9, jeho hymenium poran\u011bn\u00edm \u017eloutne.<\/p>\n\n\n\n<p><\/p>\n\n\n<style type=\"text\/css\">\n#foogallery-gallery-3215 .fg-image { width: 365px; }\n#foogallery-gallery-3215 { --fg-gutter: 10px; }<\/style>\n\t\t\t<div class=\"foogallery foogallery-container foogallery-default foogallery-lightbox-none fg-left fg-default fg-ready fg-light fg-border-thin fg-shadow-outline fg-loading-default fg-loaded-fade-in fg-caption-always fg-hover-fade fg-hover-zoom\" id=\"foogallery-gallery-3215\" data-foogallery=\"{&quot;item&quot;:{&quot;showCaptionTitle&quot;:false,&quot;showCaptionDescription&quot;:true},&quot;lazy&quot;:true}\" style=\"--fg-title-line-clamp: 0; --fg-description-line-clamp: 0;\" >\n\t<div class=\"fg-item fg-type-image fg-idle\"><figure class=\"fg-item-inner\"><a href=\"https:\/\/rumex.mendelu.cz\/atlasposkozenidrevin\/wp-content\/uploads\/2020\/02\/stereum_hirsutum1.jpg\" data-caption-title=\"Plodnice na v\u011btvi dubu, Brno Holedn\u00e1 2023.\" data-caption-desc=\"Plodnice na v\u011btvi dubu, Brno Holedn\u00e1 2023.\" data-attachment-id=\"4915\" data-type=\"image\" class=\"fg-thumb\"><span class=\"fg-image-wrap\"><img decoding=\"async\" title=\"Plodnice na v\u011btvi dubu, Brno Holedn\u00e1 2023.\" width=\"365\" height=\"320\" class=\"skip-lazy fg-image\" data-src-fg=\"https:\/\/rumex.mendelu.cz\/atlasposkozenidrevin\/wp-content\/uploads\/cache\/2020\/02\/stereum_hirsutum1\/3600911220.jpg\" src=\"data:image\/svg+xml,%3Csvg%20xmlns%3D%22http%3A%2F%2Fwww.w3.org%2F2000%2Fsvg%22%20width%3D%22365%22%20height%3D%22320%22%20viewBox%3D%220%200%20365%20320%22%3E%3C%2Fsvg%3E\" loading=\"eager\"><\/span><span class=\"fg-image-overlay\"><\/span><\/a><figcaption class=\"fg-caption\"><div class=\"fg-caption-inner\"><div class=\"fg-caption-desc\">Plodnice na v\u011btvi dubu, Brno Holedn\u00e1 2023.<\/div><\/div><\/figcaption><\/figure><div class=\"fg-loader\"><\/div><\/div><div class=\"fg-item fg-type-image fg-idle\"><figure class=\"fg-item-inner\"><a href=\"https:\/\/rumex.mendelu.cz\/atlasposkozenidrevin\/wp-content\/uploads\/2020\/02\/P9075481.jpg\" data-caption-title=\"Plodnice na kmenu buku, Arboretum K\u0159tiny 2018.\" data-caption-desc=\"Plodnice na kmenu buku, Arboretum K\u0159tiny 2018.\" data-attachment-id=\"4912\" data-type=\"image\" class=\"fg-thumb\"><span class=\"fg-image-wrap\"><img decoding=\"async\" title=\"Plodnice na kmenu buku, Arboretum K\u0159tiny 2018.\" width=\"365\" height=\"320\" class=\"skip-lazy fg-image\" data-src-fg=\"https:\/\/rumex.mendelu.cz\/atlasposkozenidrevin\/wp-content\/uploads\/cache\/2020\/02\/P9075481\/1780646172.jpg\" src=\"data:image\/svg+xml,%3Csvg%20xmlns%3D%22http%3A%2F%2Fwww.w3.org%2F2000%2Fsvg%22%20width%3D%22365%22%20height%3D%22320%22%20viewBox%3D%220%200%20365%20320%22%3E%3C%2Fsvg%3E\" loading=\"eager\"><\/span><span class=\"fg-image-overlay\"><\/span><\/a><figcaption class=\"fg-caption\"><div class=\"fg-caption-inner\"><div class=\"fg-caption-desc\">Plodnice na kmenu buku, Arboretum K\u0159tiny 2018.<\/div><\/div><\/figcaption><\/figure><div class=\"fg-loader\"><\/div><\/div><div class=\"fg-item fg-type-image fg-idle\"><figure class=\"fg-item-inner\"><a href=\"https:\/\/rumex.mendelu.cz\/atlasposkozenidrevin\/wp-content\/uploads\/2020\/02\/P9075480.jpg\" data-caption-title=\"Plodnice na kmenu buku, Arboretum K\u0159tiny 2018.\" data-caption-desc=\"Plodnice na kmenu buku, Arboretum K\u0159tiny 2018.\" data-attachment-id=\"4911\" data-type=\"image\" class=\"fg-thumb\"><span class=\"fg-image-wrap\"><img decoding=\"async\" title=\"Plodnice na kmenu buku, Arboretum K\u0159tiny 2018.\" width=\"365\" height=\"320\" class=\"skip-lazy fg-image\" data-src-fg=\"https:\/\/rumex.mendelu.cz\/atlasposkozenidrevin\/wp-content\/uploads\/cache\/2020\/02\/P9075480\/1218728293.jpg\" src=\"data:image\/svg+xml,%3Csvg%20xmlns%3D%22http%3A%2F%2Fwww.w3.org%2F2000%2Fsvg%22%20width%3D%22365%22%20height%3D%22320%22%20viewBox%3D%220%200%20365%20320%22%3E%3C%2Fsvg%3E\" loading=\"eager\"><\/span><span class=\"fg-image-overlay\"><\/span><\/a><figcaption class=\"fg-caption\"><div class=\"fg-caption-inner\"><div class=\"fg-caption-desc\">Plodnice na kmenu buku, Arboretum K\u0159tiny 2018.<\/div><\/div><\/figcaption><\/figure><div class=\"fg-loader\"><\/div><\/div><\/div>\n","protected":false},"excerpt":{"rendered":"<p>Stereum hirsutum (Willd.) Pers. HOSTITELSK\u00c9 D\u0158EVINY: listn\u00e1\u010de. SYMPTOMY: plodnice, kter\u00e9 nar\u016fstaj\u00ed b\u011bhem cel\u00e9 vegeta\u010dn\u00ed sezony, [&hellip;]<\/p>\n","protected":false},"author":2,"featured_media":0,"parent":0,"menu_order":0,"comment_status":"closed","ping_status":"closed","template":"template-full-width.php","meta":{"footnotes":""},"class_list":["post-308","page","type-page","status-publish","hentry"],"_links":{"self":[{"href":"https:\/\/rumex.mendelu.cz\/atlasposkozenidrevin\/index.php\/wp-json\/wp\/v2\/pages\/308","targetHints":{"allow":["GET"]}}],"collection":[{"href":"https:\/\/rumex.mendelu.cz\/atlasposkozenidrevin\/index.php\/wp-json\/wp\/v2\/pages"}],"about":[{"href":"https:\/\/rumex.mendelu.cz\/atlasposkozenidrevin\/index.php\/wp-json\/wp\/v2\/types\/page"}],"author":[{"embeddable":true,"href":"https:\/\/rumex.mendelu.cz\/atlasposkozenidrevin\/index.php\/wp-json\/wp\/v2\/users\/2"}],"replies":[{"embeddable":true,"href":"https:\/\/rumex.mendelu.cz\/atlasposkozenidrevin\/index.php\/wp-json\/wp\/v2\/comments?post=308"}],"version-history":[{"count":8,"href":"https:\/\/rumex.mendelu.cz\/atlasposkozenidrevin\/index.php\/wp-json\/wp\/v2\/pages\/308\/revisions"}],"predecessor-version":[{"id":4909,"href":"https:\/\/rumex.mendelu.cz\/atlasposkozenidrevin\/index.php\/wp-json\/wp\/v2\/pages\/308\/revisions\/4909"}],"wp:attachment":[{"href":"https:\/\/rumex.mendelu.cz\/atlasposkozenidrevin\/index.php\/wp-json\/wp\/v2\/media?parent=308"}],"curies":[{"name":"wp","href":"https:\/\/api.w.org\/{rel}","templated":true}]}}