{"id":3057,"date":"2020-02-25T16:14:36","date_gmt":"2020-02-25T15:14:36","guid":{"rendered":"http:\/\/rumex.mendelu.cz\/atlasposkozenidrevin\/?page_id=3057"},"modified":"2024-11-06T13:33:32","modified_gmt":"2024-11-06T12:33:32","slug":"puklice-svestkova","status":"publish","type":"page","link":"https:\/\/rumex.mendelu.cz\/atlasposkozenidrevin\/index.php\/puklice-svestkova\/","title":{"rendered":"puklice \u0161vestkov\u00e1"},"content":{"rendered":"\n<p class=\"has-medium-font-size\"><strong><em>Parthenolecanium corni<\/em><\/strong><strong> (Bouch\u00e9, 1844)<\/strong><\/p>\n\n\n\n<p>TAXONOMICK\u00c9 ZA\u0158AZEN\u00cd:<br>\u0158\u00e1d: polok\u0159\u00eddl\u00ed (Hemiptera)<br>Pod\u0159\u00e1d: m\u0161icosav\u00ed (Auchenorrhyncha)<br>Nad\u010dele\u010f: \u010dervci (Coccoidea)<br>\u010cele\u010f: puklicovit\u00ed (Coccidae)<\/p>\n\n\n\n<p><strong>HOSTITELSK\u00c9 D\u0158EVINY: <\/strong>\u0161irok\u00fd polyf\u00e1g; ovocn\u00e9 d\u0159eviny, dub (<em>Quercus<\/em> spp.), hlohyn\u011b (<em>Pyracantha<\/em> spp.), truba\u010d (<em>Campsis<\/em> spp.), zimolez (<em>Lonicera<\/em> spp.), skaln\u00edk (<em>Cotoneaster<\/em> spp.), r\u016f\u017ee (<em>Rosa<\/em> spp.), \u0161\u00e1cholan (<em>Magnolia<\/em> spp.) a mnoh\u00e9 dal\u0161\u00ed. <\/p>\n\n\n\n<p><strong>POPIS DRUHU: <\/strong>sami\u010dky \u017eij\u00ed na k\u016f\u0159e v\u011btv\u00ed pod ochranou 4\u20136 mm velk\u00fdch, ov\u00e1ln\u00fdch, siln\u011b vyklenut\u00fdch, tmav\u011b hn\u011bd\u00fdch \u0161t\u00edtk\u016f. Same\u010dci jsou ok\u0159\u00eddlen\u00ed. Larvy jsou ov\u00e1ln\u00e9, ploch\u00e9, hn\u011bd\u00e9, kolem 2\u20133 mm velk\u00e9.<\/p>\n\n\n\n<p><\/p>\n\n\n<style type=\"text\/css\">\n#foogallery-gallery-3586 .fg-image { width: 560px; }\n#foogallery-gallery-3586 { --fg-gutter: 10px; }<\/style>\n\t\t\t<div class=\"foogallery foogallery-container foogallery-default foogallery-lightbox-none fg-left fg-default fg-ready fg-light fg-border-thin fg-shadow-outline fg-loading-default fg-loaded-fade-in fg-caption-always fg-hover-fade fg-hover-zoom\" id=\"foogallery-gallery-3586\" data-foogallery=\"{&quot;item&quot;:{&quot;showCaptionTitle&quot;:false,&quot;showCaptionDescription&quot;:true},&quot;lazy&quot;:true}\" style=\"--fg-title-line-clamp: 0; --fg-description-line-clamp: 0;\" >\n\t<div class=\"fg-item fg-type-image fg-idle\"><figure class=\"fg-item-inner\"><a href=\"https:\/\/rumex.mendelu.cz\/atlasposkozenidrevin\/wp-content\/uploads\/2024\/11\/001-samicky-na-slivoni.jpg\" data-caption-title=\"Sami\u010dky na slivoni, 2006.\" data-caption-desc=\"Sami\u010dky na slivoni, 2006.\" data-attachment-id=\"4716\" data-type=\"image\" class=\"fg-thumb\"><span class=\"fg-image-wrap\"><img fetchpriority=\"high\" decoding=\"async\" title=\"Sami\u010dky na slivoni, 2006.\" width=\"560\" height=\"430\" class=\"skip-lazy fg-image\" data-src-fg=\"https:\/\/rumex.mendelu.cz\/atlasposkozenidrevin\/wp-content\/uploads\/cache\/2024\/11\/001-samicky-na-slivoni\/2819097563.jpg\" src=\"data:image\/svg+xml,%3Csvg%20xmlns%3D%22http%3A%2F%2Fwww.w3.org%2F2000%2Fsvg%22%20width%3D%22560%22%20height%3D%22430%22%20viewBox%3D%220%200%20560%20430%22%3E%3C%2Fsvg%3E\" loading=\"eager\"><\/span><span class=\"fg-image-overlay\"><\/span><\/a><figcaption class=\"fg-caption\"><div class=\"fg-caption-inner\"><div class=\"fg-caption-desc\">Sami\u010dky na slivoni, 2006.<\/div><\/div><\/figcaption><\/figure><div class=\"fg-loader\"><\/div><\/div><div class=\"fg-item fg-type-image fg-idle\"><figure class=\"fg-item-inner\"><a href=\"https:\/\/rumex.mendelu.cz\/atlasposkozenidrevin\/wp-content\/uploads\/2024\/11\/002-samicky-na-trubaci.jpg\" data-caption-title=\"Sami\u010dky na truba\u010di, 2009.\" data-caption-desc=\"Sami\u010dky na truba\u010di, 2009.\" data-attachment-id=\"4717\" data-type=\"image\" class=\"fg-thumb\"><span class=\"fg-image-wrap\"><img decoding=\"async\" title=\"Sami\u010dky na truba\u010di, 2009.\" width=\"560\" height=\"430\" class=\"skip-lazy fg-image\" data-src-fg=\"https:\/\/rumex.mendelu.cz\/atlasposkozenidrevin\/wp-content\/uploads\/cache\/2024\/11\/002-samicky-na-trubaci\/410145230.jpg\" src=\"data:image\/svg+xml,%3Csvg%20xmlns%3D%22http%3A%2F%2Fwww.w3.org%2F2000%2Fsvg%22%20width%3D%22560%22%20height%3D%22430%22%20viewBox%3D%220%200%20560%20430%22%3E%3C%2Fsvg%3E\" loading=\"eager\"><\/span><span class=\"fg-image-overlay\"><\/span><\/a><figcaption class=\"fg-caption\"><div class=\"fg-caption-inner\"><div class=\"fg-caption-desc\">Sami\u010dky na truba\u010di, 2009.<\/div><\/div><\/figcaption><\/figure><div class=\"fg-loader\"><\/div><\/div><\/div>\n\n\n\n<p><\/p>\n\n\n\n<p><strong>EKOLOGIE DRUHU:<\/strong> v\u00a0pr\u016fb\u011bhu kv\u011btna a \u010dervna kladou sami\u010dky pod ochranu sv\u00fdch \u0161t\u00edtk\u016f n\u011bkolik set a\u017e 1000 vaj\u00ed\u010dek. Vyl\u00edhl\u00e9 larvy opou\u0161t\u011bj\u00ed \u0161t\u00edtky a p\u0159el\u00e9zaj\u00ed na listy, kde, na zpravidla spodn\u00ed stran\u011b, saj\u00ed. Koncem l\u00e9ta p\u0159el\u00e9zaj\u00ed larvy 2. stupn\u011b na v\u011btve \u010di kmeny a p\u0159ezimuj\u00ed. Po p\u0159ezimov\u00e1n\u00ed obsazuj\u00ed jednolet\u00e9 v\u011btve, kde se p\u0159isaj\u00ed a dokon\u010d\u00ed sv\u016fj v\u00fdvoj.<\/p>\n\n\n\n<p><strong>V\u00ddZNAM DRUHU: <\/strong>puklice \u0161vestkov\u00e1 je schopna siln\u011b po\u0161kodit napaden\u00e9 stromy. Larvy a sami\u010dky podn\u011bcuj\u00ed sv\u00fdm s\u00e1n\u00edm tvorbu nekr\u00f3z. N\u00e1sledn\u011b doch\u00e1z\u00ed k\u00a0p\u0159ed\u010dasn\u00e9 ztr\u00e1t\u011b list\u016f a\u00a0prosych\u00e1n\u00ed v\u011btv\u00ed; po dlouhodob\u00e9m, v\u00edcelet\u00e9m napaden\u00ed v\u00a0n\u011bkter\u00fdch p\u0159\u00edpadech i k\u00a0hynut\u00ed cel\u00fdch strom\u016f.<\/p>\n","protected":false},"excerpt":{"rendered":"<p>Parthenolecanium corni (Bouch\u00e9, 1844) TAXONOMICK\u00c9 ZA\u0158AZEN\u00cd:\u0158\u00e1d: polok\u0159\u00eddl\u00ed (Hemiptera)Pod\u0159\u00e1d: m\u0161icosav\u00ed (Auchenorrhyncha)Nad\u010dele\u010f: \u010dervci (Coccoidea)\u010cele\u010f: puklicovit\u00ed (Coccidae) HOSTITELSK\u00c9 [&hellip;]<\/p>\n","protected":false},"author":2,"featured_media":0,"parent":0,"menu_order":0,"comment_status":"closed","ping_status":"closed","template":"template-full-width.php","meta":{"footnotes":""},"class_list":["post-3057","page","type-page","status-publish","hentry"],"_links":{"self":[{"href":"https:\/\/rumex.mendelu.cz\/atlasposkozenidrevin\/index.php\/wp-json\/wp\/v2\/pages\/3057","targetHints":{"allow":["GET"]}}],"collection":[{"href":"https:\/\/rumex.mendelu.cz\/atlasposkozenidrevin\/index.php\/wp-json\/wp\/v2\/pages"}],"about":[{"href":"https:\/\/rumex.mendelu.cz\/atlasposkozenidrevin\/index.php\/wp-json\/wp\/v2\/types\/page"}],"author":[{"embeddable":true,"href":"https:\/\/rumex.mendelu.cz\/atlasposkozenidrevin\/index.php\/wp-json\/wp\/v2\/users\/2"}],"replies":[{"embeddable":true,"href":"https:\/\/rumex.mendelu.cz\/atlasposkozenidrevin\/index.php\/wp-json\/wp\/v2\/comments?post=3057"}],"version-history":[{"count":3,"href":"https:\/\/rumex.mendelu.cz\/atlasposkozenidrevin\/index.php\/wp-json\/wp\/v2\/pages\/3057\/revisions"}],"predecessor-version":[{"id":3780,"href":"https:\/\/rumex.mendelu.cz\/atlasposkozenidrevin\/index.php\/wp-json\/wp\/v2\/pages\/3057\/revisions\/3780"}],"wp:attachment":[{"href":"https:\/\/rumex.mendelu.cz\/atlasposkozenidrevin\/index.php\/wp-json\/wp\/v2\/media?parent=3057"}],"curies":[{"name":"wp","href":"https:\/\/api.w.org\/{rel}","templated":true}]}}