{"id":3048,"date":"2020-02-25T16:08:45","date_gmt":"2020-02-25T15:08:45","guid":{"rendered":"http:\/\/rumex.mendelu.cz\/atlasposkozenidrevin\/?page_id=3048"},"modified":"2024-11-06T13:33:56","modified_gmt":"2024-11-06T12:33:56","slug":"kozlicek-osikovy","status":"publish","type":"page","link":"https:\/\/rumex.mendelu.cz\/atlasposkozenidrevin\/index.php\/kozlicek-osikovy\/","title":{"rendered":"kozl\u00ed\u010dek osikov\u00fd"},"content":{"rendered":"\n<p class=\"has-medium-font-size\"><strong><em>Saperda populnea<\/em><\/strong><strong> (Linnaeus, 1758<\/strong>)<\/p>\n\n\n\n<p>TAXONOMICK\u00c9 ZA\u0158AZEN\u00cd:<br>\u0158\u00e1d: brouci (Coleoptera)<br>\u010cele\u010f: tesa\u0159\u00edkovit\u00ed (Cerambycidae)<\/p>\n\n\n\n<p><strong>HOSTITELSK\u00c9 D\u0158EVINY: <\/strong>topoly (<em>Populus<\/em> sp.) \u2013 nej\u010dast\u011bji topol osika (<em>P. tremula<\/em>), eventu\u00e1ln\u011b vrba j\u00edva (<em>Salix caprea<\/em>). <\/p>\n\n\n\n<p><strong>POPIS DRUHU: <\/strong>\u00fazk\u00fd, podlouhl\u00fd, 10\u201315 mm dlouh\u00fd, zelenav\u011b \u0161ed\u00fd a\u017e zelenav\u011b hn\u011bdav\u00fd tesa\u0159\u00edk s\u00a0ortogn\u00e1tn\u00ed hlavou. Na krovk\u00e1ch je\u00a08\u201310 n\u00e1padn\u00fdch \u017eluto oran\u017eov\u00fdch skvrn. Na \u0161t\u00edt\u011b jsou 2 pod\u00e9ln\u00e9 p\u00e1sy stejn\u00e9 barvy. Nohy jsou modro\u0161ed\u011b ochm\u00fd\u0159en\u00e9. Larvy jsou v\u00e1lcovit\u00e9, beznoh\u00e9 se siln\u011bj\u0161\u00ed p\u0159edohrud\u00ed. Jejich zbarven\u00ed je slab\u011b voskov\u011b \u017elutav\u00e9 a\u017e b\u011blav\u00e9.<\/p>\n\n\n\n<p><\/p>\n\n\n<style type=\"text\/css\">\n#foogallery-gallery-3579 .fg-image { width: 560px; }\n#foogallery-gallery-3579 { --fg-gutter: 10px; }<\/style>\n\t\t\t<div class=\"foogallery foogallery-container foogallery-default foogallery-lightbox-none fg-left fg-default fg-ready fg-light fg-border-thin fg-shadow-outline fg-loading-default fg-loaded-fade-in fg-caption-always fg-hover-fade fg-hover-zoom\" id=\"foogallery-gallery-3579\" data-foogallery=\"{&quot;item&quot;:{&quot;showCaptionTitle&quot;:false,&quot;showCaptionDescription&quot;:true},&quot;lazy&quot;:true}\" style=\"--fg-title-line-clamp: 0; --fg-description-line-clamp: 0;\" >\n\t<div class=\"fg-item fg-type-image fg-idle\"><figure class=\"fg-item-inner\"><a href=\"https:\/\/rumex.mendelu.cz\/atlasposkozenidrevin\/wp-content\/uploads\/2024\/11\/001-brouk-4.jpg\" data-caption-title=\"Brouk, 2008.\" data-caption-desc=\"Brouk, 2008.\" data-attachment-id=\"4703\" data-type=\"image\" class=\"fg-thumb\"><span class=\"fg-image-wrap\"><img fetchpriority=\"high\" decoding=\"async\" title=\"Brouk, 2008.\" width=\"560\" height=\"430\" class=\"skip-lazy fg-image\" data-src-fg=\"https:\/\/rumex.mendelu.cz\/atlasposkozenidrevin\/wp-content\/uploads\/cache\/2024\/11\/001-brouk-4\/3745796143.jpg\" src=\"data:image\/svg+xml,%3Csvg%20xmlns%3D%22http%3A%2F%2Fwww.w3.org%2F2000%2Fsvg%22%20width%3D%22560%22%20height%3D%22430%22%20viewBox%3D%220%200%20560%20430%22%3E%3C%2Fsvg%3E\" loading=\"eager\"><\/span><span class=\"fg-image-overlay\"><\/span><\/a><figcaption class=\"fg-caption\"><div class=\"fg-caption-inner\"><div class=\"fg-caption-desc\">Brouk, 2008.<\/div><\/div><\/figcaption><\/figure><div class=\"fg-loader\"><\/div><\/div><div class=\"fg-item fg-type-image fg-idle\"><figure class=\"fg-item-inner\"><a href=\"https:\/\/rumex.mendelu.cz\/atlasposkozenidrevin\/wp-content\/uploads\/2024\/11\/002-zdureni-v-miste-napadeni.jpg\" data-caption-title=\"Zdu\u0159en\u00ed v m\u00edst\u011b napaden\u00ed, 2005.\" data-caption-desc=\"Zdu\u0159en\u00ed v m\u00edst\u011b napaden\u00ed, 2005.\" data-attachment-id=\"4704\" data-type=\"image\" class=\"fg-thumb\"><span class=\"fg-image-wrap\"><img decoding=\"async\" title=\"Zdu\u0159en\u00ed v m\u00edst\u011b napaden\u00ed, 2005.\" width=\"560\" height=\"430\" class=\"skip-lazy fg-image\" data-src-fg=\"https:\/\/rumex.mendelu.cz\/atlasposkozenidrevin\/wp-content\/uploads\/cache\/2024\/11\/002-zdureni-v-miste-napadeni\/1291708242.jpg\" src=\"data:image\/svg+xml,%3Csvg%20xmlns%3D%22http%3A%2F%2Fwww.w3.org%2F2000%2Fsvg%22%20width%3D%22560%22%20height%3D%22430%22%20viewBox%3D%220%200%20560%20430%22%3E%3C%2Fsvg%3E\" loading=\"eager\"><\/span><span class=\"fg-image-overlay\"><\/span><\/a><figcaption class=\"fg-caption\"><div class=\"fg-caption-inner\"><div class=\"fg-caption-desc\">Zdu\u0159en\u00ed v m\u00edst\u011b napaden\u00ed, 2005.<\/div><\/div><\/figcaption><\/figure><div class=\"fg-loader\"><\/div><\/div><div class=\"fg-item fg-type-image fg-idle\"><figure class=\"fg-item-inner\"><a href=\"https:\/\/rumex.mendelu.cz\/atlasposkozenidrevin\/wp-content\/uploads\/2024\/11\/003-vyletovy-otvor.jpg\" data-caption-title=\"V\u00fdletov\u00fd otvor, 2006.\" data-caption-desc=\"V\u00fdletov\u00fd otvor, 2006.\" data-attachment-id=\"4705\" data-type=\"image\" class=\"fg-thumb\"><span class=\"fg-image-wrap\"><img decoding=\"async\" title=\"V\u00fdletov\u00fd otvor, 2006.\" width=\"560\" height=\"430\" class=\"skip-lazy fg-image\" data-src-fg=\"https:\/\/rumex.mendelu.cz\/atlasposkozenidrevin\/wp-content\/uploads\/cache\/2024\/11\/003-vyletovy-otvor\/3104518966.jpg\" src=\"data:image\/svg+xml,%3Csvg%20xmlns%3D%22http%3A%2F%2Fwww.w3.org%2F2000%2Fsvg%22%20width%3D%22560%22%20height%3D%22430%22%20viewBox%3D%220%200%20560%20430%22%3E%3C%2Fsvg%3E\" loading=\"eager\"><\/span><span class=\"fg-image-overlay\"><\/span><\/a><figcaption class=\"fg-caption\"><div class=\"fg-caption-inner\"><div class=\"fg-caption-desc\">V\u00fdletov\u00fd otvor, 2006.<\/div><\/div><\/figcaption><\/figure><div class=\"fg-loader\"><\/div><\/div><div class=\"fg-item fg-type-image fg-idle\"><figure class=\"fg-item-inner\"><a href=\"https:\/\/rumex.mendelu.cz\/atlasposkozenidrevin\/wp-content\/uploads\/2024\/11\/kozlicek-osik_pozerek.jpg\" data-caption-title=\"Po\u017eerek, sb\u00edrky \u00daOLM.\" data-caption-desc=\"Po\u017eerek, sb\u00edrky \u00daOLM.\" data-attachment-id=\"4706\" data-type=\"image\" class=\"fg-thumb\"><span class=\"fg-image-wrap\"><img decoding=\"async\" title=\"Po\u017eerek, sb\u00edrky \u00daOLM.\" width=\"560\" height=\"430\" class=\"skip-lazy fg-image\" data-src-fg=\"https:\/\/rumex.mendelu.cz\/atlasposkozenidrevin\/wp-content\/uploads\/cache\/2024\/11\/kozlicek-osik_pozerek\/2484127380.jpg\" src=\"data:image\/svg+xml,%3Csvg%20xmlns%3D%22http%3A%2F%2Fwww.w3.org%2F2000%2Fsvg%22%20width%3D%22560%22%20height%3D%22430%22%20viewBox%3D%220%200%20560%20430%22%3E%3C%2Fsvg%3E\" loading=\"eager\"><\/span><span class=\"fg-image-overlay\"><\/span><\/a><figcaption class=\"fg-caption\"><div class=\"fg-caption-inner\"><div class=\"fg-caption-desc\">Po\u017eerek, sb\u00edrky \u00daOLM.<\/div><\/div><\/figcaption><\/figure><div class=\"fg-loader\"><\/div><\/div><\/div>\n\n\n\n<p><\/p>\n\n\n\n<p><strong>EKOLOGIE DRUHU:<\/strong> brouci se roj\u00ed od konce kv\u011btna do poloviny \u010dervence. Sv\u00fdm zralostn\u00edm \u017e\u00edrem mohou slab\u011b po\u0161kozovat listy a mlad\u00e9 v\u00fdhony. Oplodn\u011bn\u00e9 sami\u010dky kladou vaj\u00ed\u010dka na 1\u20132 cm siln\u00e9 v\u011btve a km\u00ednky mlad\u00fdch topol\u016f. Po dvou t\u00fddnech se l\u00edhnou mal\u00e9 larvi\u010dky, kter\u00e9 zpo\u010d\u00e1tku vyhlod\u00e1vaj\u00ed pod k\u016frou plo\u0161nou chodbi\u010dku. Koncem l\u00e9ta se zavrt\u00e1vaj\u00ed do st\u0159edu proutku, kde ve d\u0159eni vy\u017e\u00edraj\u00ed 3\u20135 cm dlouhou chodbu. Po druh\u00e9m p\u0159ezimov\u00e1n\u00ed se na konci t\u00e9to chodby kukl\u00ed. Napaden\u00e1 m\u00edsta v\u017edy n\u00e1padn\u011b h\u00e1lkovit\u011b zdu\u0159\u00ed. V\u00fdletov\u00fd otvor je kruhov\u00fd, o pr\u016fm\u011bru 3\u20134 mm.<\/p>\n\n\n\n<p><strong>V\u00ddZNAM DRUHU: <\/strong>v\u00fdznamn\u00fd \u0161k\u016fdce mlad\u00fdch topol\u016f, kter\u00e9 p\u0159i siln\u00e9m napaden\u00ed t\u011b\u017ece znetvo\u0159uje. V\u00a0krajn\u00edm p\u0159\u00edpad\u011b mohou stromky zcela odum\u0159\u00edt. <\/p>\n","protected":false},"excerpt":{"rendered":"<p>Saperda populnea (Linnaeus, 1758) TAXONOMICK\u00c9 ZA\u0158AZEN\u00cd:\u0158\u00e1d: brouci (Coleoptera)\u010cele\u010f: tesa\u0159\u00edkovit\u00ed (Cerambycidae) HOSTITELSK\u00c9 D\u0158EVINY: topoly (Populus sp.) [&hellip;]<\/p>\n","protected":false},"author":2,"featured_media":0,"parent":0,"menu_order":0,"comment_status":"closed","ping_status":"closed","template":"template-full-width.php","meta":{"footnotes":""},"class_list":["post-3048","page","type-page","status-publish","hentry"],"_links":{"self":[{"href":"https:\/\/rumex.mendelu.cz\/atlasposkozenidrevin\/index.php\/wp-json\/wp\/v2\/pages\/3048","targetHints":{"allow":["GET"]}}],"collection":[{"href":"https:\/\/rumex.mendelu.cz\/atlasposkozenidrevin\/index.php\/wp-json\/wp\/v2\/pages"}],"about":[{"href":"https:\/\/rumex.mendelu.cz\/atlasposkozenidrevin\/index.php\/wp-json\/wp\/v2\/types\/page"}],"author":[{"embeddable":true,"href":"https:\/\/rumex.mendelu.cz\/atlasposkozenidrevin\/index.php\/wp-json\/wp\/v2\/users\/2"}],"replies":[{"embeddable":true,"href":"https:\/\/rumex.mendelu.cz\/atlasposkozenidrevin\/index.php\/wp-json\/wp\/v2\/comments?post=3048"}],"version-history":[{"count":3,"href":"https:\/\/rumex.mendelu.cz\/atlasposkozenidrevin\/index.php\/wp-json\/wp\/v2\/pages\/3048\/revisions"}],"predecessor-version":[{"id":3774,"href":"https:\/\/rumex.mendelu.cz\/atlasposkozenidrevin\/index.php\/wp-json\/wp\/v2\/pages\/3048\/revisions\/3774"}],"wp:attachment":[{"href":"https:\/\/rumex.mendelu.cz\/atlasposkozenidrevin\/index.php\/wp-json\/wp\/v2\/media?parent=3048"}],"curies":[{"name":"wp","href":"https:\/\/api.w.org\/{rel}","templated":true}]}}