{"id":3039,"date":"2020-02-25T16:03:21","date_gmt":"2020-02-25T15:03:21","guid":{"rendered":"http:\/\/rumex.mendelu.cz\/atlasposkozenidrevin\/?page_id=3039"},"modified":"2024-11-06T13:31:41","modified_gmt":"2024-11-06T12:31:41","slug":"drvoplen-obecny","status":"publish","type":"page","link":"https:\/\/rumex.mendelu.cz\/atlasposkozenidrevin\/index.php\/drvoplen-obecny\/","title":{"rendered":"drvople\u0148 obecn\u00fd"},"content":{"rendered":"\n<p class=\"has-medium-font-size\"><strong><em>Cossus cossus<\/em><\/strong><strong> (Linnaeus, 1758) <\/strong><\/p>\n\n\n\n<p>TAXONOMICK\u00c9 ZA\u0158AZEN\u00cd:<br>\u0158\u00e1d: mot\u00fdli (Lepidoptera)<br>\u010cele\u010f: drvople\u0148ovit\u00ed (Cossidae)<\/p>\n\n\n\n<p><strong>HOSTITELSK\u00c9 D\u0158EVINY: <\/strong>\u0161irok\u00fd polyf\u00e1g, ovocn\u00e9 d\u0159eviny, o\u0159e\u0161\u00e1k (<em>Juglans<\/em> spp.), vrba (<em>Salix<\/em> spp.), topol (<em>Populus<\/em> spp.), d\u00e1le dub (<em>Quercus<\/em> spp.), buk lesn\u00ed (<em>Fagus sylvatica<\/em>), jilm (<em>Ulmus<\/em> spp.), ol\u0161e (<em>Alnus<\/em> spp.), b\u0159\u00edza (<em>Betula<\/em> spp.), javor (<em>Acer<\/em> spp.), jasan (<em>Fraxinus<\/em> spp.), l\u00edpa (<em>Tilia<\/em> spp.) aj.\u00a0 <\/p>\n\n\n\n<p><strong>POPIS DRUHU:<\/strong> mohutn\u00fd mot\u00fdl se zavalit\u00fdm zade\u010dkem. Rozp\u011bt\u00ed k\u0159\u00eddel je 60\u201385 mm. P\u0159edn\u00ed k\u0159\u00eddla jsou hn\u011bd\u00e1, b\u011blo\u0161ed\u011b m\u00ed\u0161en\u00e1, hust\u011b tmav\u011b \u010d\u00e1rkovan\u00e1 a p\u0159\u00ed\u010dn\u011b linkovan\u00e1 \u2013 jakoby p\u0159ipom\u00ednala k\u016fru. Zadn\u00ed k\u0159\u00eddla jsou \u0161ed\u00e1, tmav\u011b s\u00ed\u0165kovan\u00e1. \u00dastn\u00ed \u00fastroj\u00ed je zakrn\u011bl\u00e9. Housenka dor\u016fst\u00e1 velikosti 10 cm. Je m\u00edrn\u011b zplo\u0161t\u011bl\u00e1, masov\u011b \u010derven\u00e1 s\u00a0\u0159\u00eddk\u00fdmi tuh\u00fdmi brvami. \u0160t\u00edt p\u0159edohrudi je \u017elutav\u00fd s\u00a02 \u010dern\u00fdmi skvrnami. Hlava a nohy jsou \u010dern\u00e9, rovn\u011b\u017e i siln\u00e1 kusadla. Kukla je rezav\u011b hn\u011bd\u00e1, 40\u201350 mm velk\u00e1, v\u00a0pevn\u00e9m kokonu.<\/p>\n\n\n\n<p><\/p>\n\n\n<style type=\"text\/css\">\n#foogallery-gallery-3570 .fg-image { width: 365px; }\n#foogallery-gallery-3570 { --fg-gutter: 10px; }<\/style>\n\t\t\t<div class=\"foogallery foogallery-container foogallery-default foogallery-lightbox-none fg-left fg-default fg-ready fg-light fg-border-thin fg-shadow-outline fg-loading-default fg-loaded-fade-in fg-caption-always fg-hover-fade fg-hover-zoom\" id=\"foogallery-gallery-3570\" data-foogallery=\"{&quot;item&quot;:{&quot;showCaptionTitle&quot;:false,&quot;showCaptionDescription&quot;:true},&quot;lazy&quot;:true}\" style=\"--fg-title-line-clamp: 0; --fg-description-line-clamp: 0;\" >\n\t<div class=\"fg-item fg-type-image fg-idle\"><figure class=\"fg-item-inner\"><a href=\"https:\/\/rumex.mendelu.cz\/atlasposkozenidrevin\/wp-content\/uploads\/2024\/11\/001-mlada-housenka-2.jpg\" data-caption-title=\"Mlad\u00e1 housenka, Brno Arboretum MENDELU, 2006.\" data-caption-desc=\"Mlad\u00e1 housenka, Brno Arboretum MENDELU, 2006.\" data-attachment-id=\"4690\" data-type=\"image\" class=\"fg-thumb\"><span class=\"fg-image-wrap\"><img fetchpriority=\"high\" decoding=\"async\" title=\"Mlad\u00e1 housenka, Brno Arboretum MENDELU, 2006.\" width=\"365\" height=\"320\" class=\"skip-lazy fg-image\" data-src-fg=\"https:\/\/rumex.mendelu.cz\/atlasposkozenidrevin\/wp-content\/uploads\/cache\/2024\/11\/001-mlada-housenka-2\/2884717338.jpg\" src=\"data:image\/svg+xml,%3Csvg%20xmlns%3D%22http%3A%2F%2Fwww.w3.org%2F2000%2Fsvg%22%20width%3D%22365%22%20height%3D%22320%22%20viewBox%3D%220%200%20365%20320%22%3E%3C%2Fsvg%3E\" loading=\"eager\"><\/span><span class=\"fg-image-overlay\"><\/span><\/a><figcaption class=\"fg-caption\"><div class=\"fg-caption-inner\"><div class=\"fg-caption-desc\">Mlad\u00e1 housenka, Brno Arboretum MENDELU, 2006.<\/div><\/div><\/figcaption><\/figure><div class=\"fg-loader\"><\/div><\/div><div class=\"fg-item fg-type-image fg-idle\"><figure class=\"fg-item-inner\"><a href=\"https:\/\/rumex.mendelu.cz\/atlasposkozenidrevin\/wp-content\/uploads\/2020\/03\/002-dorostl\u00e1-housenka.jpg\" data-caption-title=\"Dorostl\u00e1 hosenka, Brno Arboretum MENDELU 2006.\" data-caption-desc=\"Dorostl\u00e1 hosenka, Brno Arboretum MENDELU 2006.\" data-attachment-id=\"3571\" data-type=\"image\" class=\"fg-thumb\"><span class=\"fg-image-wrap\"><img decoding=\"async\" title=\"Dorostl\u00e1 hosenka, Brno Arboretum MENDELU 2006.\" width=\"365\" height=\"320\" class=\"skip-lazy fg-image\" data-src-fg=\"https:\/\/rumex.mendelu.cz\/atlasposkozenidrevin\/wp-content\/uploads\/cache\/2020\/03\/002-dorostl\u00e1-housenka\/515973133.jpg\" src=\"data:image\/svg+xml,%3Csvg%20xmlns%3D%22http%3A%2F%2Fwww.w3.org%2F2000%2Fsvg%22%20width%3D%22365%22%20height%3D%22320%22%20viewBox%3D%220%200%20365%20320%22%3E%3C%2Fsvg%3E\" loading=\"eager\"><\/span><span class=\"fg-image-overlay\"><\/span><\/a><figcaption class=\"fg-caption\"><div class=\"fg-caption-inner\"><div class=\"fg-caption-desc\">Dorostl\u00e1 hosenka, Brno Arboretum MENDELU 2006.<\/div><\/div><\/figcaption><\/figure><div class=\"fg-loader\"><\/div><\/div><div class=\"fg-item fg-type-image fg-idle\"><figure class=\"fg-item-inner\"><a href=\"https:\/\/rumex.mendelu.cz\/atlasposkozenidrevin\/wp-content\/uploads\/2024\/11\/004-kukelna-svlecka-exuvie.jpg\" data-caption-title=\"Kukeln\u00e1 svle\u010dka, 2006.\" data-caption-desc=\"Kukeln\u00e1 svle\u010dka, 2006.\" data-attachment-id=\"4692\" data-type=\"image\" class=\"fg-thumb\"><span class=\"fg-image-wrap\"><img decoding=\"async\" title=\"Kukeln\u00e1 svle\u010dka, 2006.\" width=\"365\" height=\"320\" class=\"skip-lazy fg-image\" data-src-fg=\"https:\/\/rumex.mendelu.cz\/atlasposkozenidrevin\/wp-content\/uploads\/cache\/2024\/11\/004-kukelna-svlecka-exuvie\/1406882479.jpg\" src=\"data:image\/svg+xml,%3Csvg%20xmlns%3D%22http%3A%2F%2Fwww.w3.org%2F2000%2Fsvg%22%20width%3D%22365%22%20height%3D%22320%22%20viewBox%3D%220%200%20365%20320%22%3E%3C%2Fsvg%3E\" loading=\"eager\"><\/span><span class=\"fg-image-overlay\"><\/span><\/a><figcaption class=\"fg-caption\"><div class=\"fg-caption-inner\"><div class=\"fg-caption-desc\">Kukeln\u00e1 svle\u010dka, 2006.<\/div><\/div><\/figcaption><\/figure><div class=\"fg-loader\"><\/div><\/div><\/div>\n\n\n\n<p><\/p>\n\n\n\n<p><strong>EKOLOGIE DRUHU:<\/strong> mot\u00fdli l\u00e9taj\u00ed v\u00a0\u010dervnu a \u010dervenci. Vzhledem ke sv\u00e9 no\u010dn\u00ed aktivit\u011b tr\u00e1v\u00ed dny v\u00a0klidu sezen\u00edm na b\u00e1z\u00edch kmen\u016f. Sami\u010dky kladou vaj\u00ed\u010dka do prasklin k\u016fry, nej\u010dast\u011bji p\u0159i b\u00e1zi kmene. Mlad\u00e9 housenky nejprve vy\u017e\u00edraj\u00ed plo\u0161n\u00e9 chodbi\u010dky v\u00a0l\u00fdku a po p\u0159ezimov\u00e1n\u00ed se zahlubuj\u00ed, obvykle vzestupn\u00fdm sm\u011brem, do d\u0159eva. Chodby jsou hlubok\u00e9 a velmi dlouh\u00e9, a\u017e 1 m, hn\u011bd\u00e9 a\u017e \u010dern\u00e9. Jejich \u0161\u00ed\u0159e m\u016f\u017ee b\u00fdt i n\u011bkolik cm. Housenky z\u00a0kusadlov\u00fdch \u017el\u00e1z vylu\u010duj\u00ed ost\u0159e \u010dpav\u00fd sekret, d\u00edky n\u011bmu\u017e je z\u00a0chodeb c\u00edtit octov\u00fd z\u00e1pach. Housenky v\u00a0chodb\u00e1ch je\u0161t\u011b jednou p\u0159ezimuj\u00ed a po dal\u0161\u00edm \u017e\u00edru se na kraji chodby kukl\u00ed. V\u00a0n\u011bkter\u00fdch p\u0159\u00edpadech chodby opou\u0161t\u011bj\u00ed a kukl\u00ed se v\u00a0bl\u00edzkosti kmene.<\/p>\n\n\n\n<p><strong>V\u00ddZNAM DRUHU:<\/strong> drvople\u0148 obecn\u00fd je v\u00fdznamn\u00fd \u0161k\u016fdce d\u0159eva listnat\u00fdch d\u0159evin. Nejv\u011bt\u0161\u00ed \u0161kody p\u016fsob\u00ed u star\u0161\u00edch d\u0159evin, ale napad\u00e1 i mlad\u00e9 v\u00fdsadby odrostk\u016f.<\/p>\n\n\n\n<p><\/p>\n\n\n<style type=\"text\/css\">\n#foogallery-gallery-3572 .fg-image { width: 365px; }\n#foogallery-gallery-3572 { --fg-gutter: 10px; }<\/style>\n\t\t\t<div class=\"foogallery foogallery-container foogallery-default foogallery-lightbox-none fg-left fg-default fg-ready fg-light fg-border-thin fg-shadow-outline fg-loading-default fg-loaded-fade-in fg-caption-always fg-hover-fade fg-hover-zoom\" id=\"foogallery-gallery-3572\" data-foogallery=\"{&quot;item&quot;:{&quot;showCaptionTitle&quot;:false,&quot;showCaptionDescription&quot;:true},&quot;lazy&quot;:true}\" style=\"--fg-title-line-clamp: 0; --fg-description-line-clamp: 0;\" >\n\t<div class=\"fg-item fg-type-image fg-idle\"><figure class=\"fg-item-inner\"><a href=\"https:\/\/rumex.mendelu.cz\/atlasposkozenidrevin\/wp-content\/uploads\/2024\/11\/003-motyl-5.jpg\" data-caption-title=\"Mot\u00fdl, 2006.\" data-caption-desc=\"Mot\u00fdl, 2006.\" data-attachment-id=\"4691\" data-type=\"image\" class=\"fg-thumb\"><span class=\"fg-image-wrap\"><img decoding=\"async\" title=\"Mot\u00fdl, 2006.\" width=\"365\" height=\"320\" class=\"skip-lazy fg-image\" data-src-fg=\"https:\/\/rumex.mendelu.cz\/atlasposkozenidrevin\/wp-content\/uploads\/cache\/2024\/11\/003-motyl-5\/6272945.jpg\" src=\"data:image\/svg+xml,%3Csvg%20xmlns%3D%22http%3A%2F%2Fwww.w3.org%2F2000%2Fsvg%22%20width%3D%22365%22%20height%3D%22320%22%20viewBox%3D%220%200%20365%20320%22%3E%3C%2Fsvg%3E\" loading=\"eager\"><\/span><span class=\"fg-image-overlay\"><\/span><\/a><figcaption class=\"fg-caption\"><div class=\"fg-caption-inner\"><div class=\"fg-caption-desc\">Mot\u00fdl, 2006.<\/div><\/div><\/figcaption><\/figure><div class=\"fg-loader\"><\/div><\/div><div class=\"fg-item fg-type-image fg-idle\"><figure class=\"fg-item-inner\"><a href=\"https:\/\/rumex.mendelu.cz\/atlasposkozenidrevin\/wp-content\/uploads\/2024\/11\/drvoplen-obec_pozerek.jpg\" data-caption-title=\"Po\u017eerek housenky, sb\u00edrky \u00daOLM.\" data-caption-desc=\"Po\u017eerek housenky, sb\u00edrky \u00daOLM.\" data-attachment-id=\"4693\" data-type=\"image\" class=\"fg-thumb\"><span class=\"fg-image-wrap\"><img decoding=\"async\" title=\"Po\u017eerek housenky, sb\u00edrky \u00daOLM.\" width=\"365\" height=\"320\" class=\"skip-lazy fg-image\" data-src-fg=\"https:\/\/rumex.mendelu.cz\/atlasposkozenidrevin\/wp-content\/uploads\/cache\/2024\/11\/drvoplen-obec_pozerek\/2031886604.jpg\" src=\"data:image\/svg+xml,%3Csvg%20xmlns%3D%22http%3A%2F%2Fwww.w3.org%2F2000%2Fsvg%22%20width%3D%22365%22%20height%3D%22320%22%20viewBox%3D%220%200%20365%20320%22%3E%3C%2Fsvg%3E\" loading=\"eager\"><\/span><span class=\"fg-image-overlay\"><\/span><\/a><figcaption class=\"fg-caption\"><div class=\"fg-caption-inner\"><div class=\"fg-caption-desc\">Po\u017eerek housenky, sb\u00edrky \u00daOLM.<\/div><\/div><\/figcaption><\/figure><div class=\"fg-loader\"><\/div><\/div><div class=\"fg-item fg-type-image fg-idle\"><figure class=\"fg-item-inner\"><a href=\"https:\/\/rumex.mendelu.cz\/atlasposkozenidrevin\/wp-content\/uploads\/2024\/11\/drvoplen-obec_pozerek2.jpg\" data-caption-title=\"Po\u017eerek p\u0159\u00ed\u010dn\u00fd \u0159ez, sb\u00edrky \u00daOLM.\" data-caption-desc=\"Po\u017eerek p\u0159\u00ed\u010dn\u00fd \u0159ez, sb\u00edrky \u00daOLM.\" data-attachment-id=\"4694\" data-type=\"image\" class=\"fg-thumb\"><span class=\"fg-image-wrap\"><img decoding=\"async\" title=\"Po\u017eerek p\u0159\u00ed\u010dn\u00fd \u0159ez, sb\u00edrky \u00daOLM.\" width=\"365\" height=\"320\" class=\"skip-lazy fg-image\" data-src-fg=\"https:\/\/rumex.mendelu.cz\/atlasposkozenidrevin\/wp-content\/uploads\/cache\/2024\/11\/drvoplen-obec_pozerek2\/732056966.jpg\" src=\"data:image\/svg+xml,%3Csvg%20xmlns%3D%22http%3A%2F%2Fwww.w3.org%2F2000%2Fsvg%22%20width%3D%22365%22%20height%3D%22320%22%20viewBox%3D%220%200%20365%20320%22%3E%3C%2Fsvg%3E\" loading=\"eager\"><\/span><span class=\"fg-image-overlay\"><\/span><\/a><figcaption class=\"fg-caption\"><div class=\"fg-caption-inner\"><div class=\"fg-caption-desc\">Po\u017eerek p\u0159\u00ed\u010dn\u00fd \u0159ez, sb\u00edrky \u00daOLM.<\/div><\/div><\/figcaption><\/figure><div class=\"fg-loader\"><\/div><\/div><\/div>\n","protected":false},"excerpt":{"rendered":"<p>Cossus cossus (Linnaeus, 1758) TAXONOMICK\u00c9 ZA\u0158AZEN\u00cd:\u0158\u00e1d: mot\u00fdli (Lepidoptera)\u010cele\u010f: drvople\u0148ovit\u00ed (Cossidae) HOSTITELSK\u00c9 D\u0158EVINY: \u0161irok\u00fd polyf\u00e1g, ovocn\u00e9 [&hellip;]<\/p>\n","protected":false},"author":2,"featured_media":0,"parent":0,"menu_order":0,"comment_status":"closed","ping_status":"closed","template":"template-full-width.php","meta":{"footnotes":""},"class_list":["post-3039","page","type-page","status-publish","hentry"],"_links":{"self":[{"href":"https:\/\/rumex.mendelu.cz\/atlasposkozenidrevin\/index.php\/wp-json\/wp\/v2\/pages\/3039","targetHints":{"allow":["GET"]}}],"collection":[{"href":"https:\/\/rumex.mendelu.cz\/atlasposkozenidrevin\/index.php\/wp-json\/wp\/v2\/pages"}],"about":[{"href":"https:\/\/rumex.mendelu.cz\/atlasposkozenidrevin\/index.php\/wp-json\/wp\/v2\/types\/page"}],"author":[{"embeddable":true,"href":"https:\/\/rumex.mendelu.cz\/atlasposkozenidrevin\/index.php\/wp-json\/wp\/v2\/users\/2"}],"replies":[{"embeddable":true,"href":"https:\/\/rumex.mendelu.cz\/atlasposkozenidrevin\/index.php\/wp-json\/wp\/v2\/comments?post=3039"}],"version-history":[{"count":3,"href":"https:\/\/rumex.mendelu.cz\/atlasposkozenidrevin\/index.php\/wp-json\/wp\/v2\/pages\/3039\/revisions"}],"predecessor-version":[{"id":3768,"href":"https:\/\/rumex.mendelu.cz\/atlasposkozenidrevin\/index.php\/wp-json\/wp\/v2\/pages\/3039\/revisions\/3768"}],"wp:attachment":[{"href":"https:\/\/rumex.mendelu.cz\/atlasposkozenidrevin\/index.php\/wp-json\/wp\/v2\/media?parent=3039"}],"curies":[{"name":"wp","href":"https:\/\/api.w.org\/{rel}","templated":true}]}}