{"id":3021,"date":"2020-02-25T15:50:21","date_gmt":"2020-02-25T14:50:21","guid":{"rendered":"http:\/\/rumex.mendelu.cz\/atlasposkozenidrevin\/?page_id=3021"},"modified":"2024-11-06T13:35:19","modified_gmt":"2024-11-06T12:35:19","slug":"lykohub-jilmovy","status":"publish","type":"page","link":"https:\/\/rumex.mendelu.cz\/atlasposkozenidrevin\/index.php\/lykohub-jilmovy\/","title":{"rendered":"l\u00fdkohub jilmov\u00fd"},"content":{"rendered":"\n<p class=\"has-medium-font-size\"><strong><em>Pteleobius vittatus <\/em><\/strong><strong>(Fabricius, 1787)<\/strong><\/p>\n\n\n\n<p>TAXONOMICK\u00c9 ZA\u0158AZEN\u00cd:<br>\u0158\u00e1d: brouci (Coleoptera)<br>\u010cele\u010f: nosatcovit\u00ed (Curculionidae)<\/p>\n\n\n\n<p><strong>HOSTITELSK\u00c9 D\u0158EVINY: <\/strong>jilmy (<em>Ulmus<\/em> spp.)<\/p>\n\n\n\n<p><strong>POPIS DRUHU: <\/strong>Brouk je 1,8\u20132,2 mm dlouh\u00fd, v\u00e1lcovit\u00fd, pokryt\u00fd hust\u00fdmi b\u011blav\u00fdmi a hn\u011bd\u00fdmi \u0161upinkami. Krovky jsou v zadn\u00ed \u010d\u00e1sti vyklenut\u00e9 nikoliv plo\u0161e sklon\u011bn\u00e9 (rozd\u00edl x l. zrnit\u00e9mu a l. jasanov\u00e9mu).<\/p>\n\n\n\n<p><\/p>\n\n\n<style type=\"text\/css\">\n#foogallery-gallery-3557 .fg-image { width: 560px; }\n#foogallery-gallery-3557 { --fg-gutter: 10px; }<\/style>\n\t\t\t<div class=\"foogallery foogallery-container foogallery-default foogallery-lightbox-none fg-left fg-default fg-ready fg-light fg-border-thin fg-shadow-outline fg-loading-default fg-loaded-fade-in fg-caption-always fg-hover-fade fg-hover-zoom\" id=\"foogallery-gallery-3557\" data-foogallery=\"{&quot;item&quot;:{&quot;showCaptionTitle&quot;:false,&quot;showCaptionDescription&quot;:true},&quot;lazy&quot;:true}\" style=\"--fg-title-line-clamp: 0; --fg-description-line-clamp: 0;\" >\n\t<div class=\"fg-item fg-type-image fg-idle\"><figure class=\"fg-item-inner\"><a href=\"https:\/\/rumex.mendelu.cz\/atlasposkozenidrevin\/wp-content\/uploads\/2024\/11\/lykohub-jilm-pozerek.jpg\" data-caption-title=\"Po\u017eerek v k\u016f\u0159e, sb\u00edrky \u00daOLM.\" data-caption-desc=\"Po\u017eerek v k\u016f\u0159e, sb\u00edrky \u00daOLM.\" data-attachment-id=\"4678\" data-type=\"image\" class=\"fg-thumb\"><span class=\"fg-image-wrap\"><img fetchpriority=\"high\" decoding=\"async\" title=\"Po\u017eerek v k\u016f\u0159e, sb\u00edrky \u00daOLM.\" width=\"560\" height=\"430\" class=\"skip-lazy fg-image\" data-src-fg=\"https:\/\/rumex.mendelu.cz\/atlasposkozenidrevin\/wp-content\/uploads\/cache\/2024\/11\/lykohub-jilm-pozerek\/1677444149.jpg\" src=\"data:image\/svg+xml,%3Csvg%20xmlns%3D%22http%3A%2F%2Fwww.w3.org%2F2000%2Fsvg%22%20width%3D%22560%22%20height%3D%22430%22%20viewBox%3D%220%200%20560%20430%22%3E%3C%2Fsvg%3E\" loading=\"eager\"><\/span><span class=\"fg-image-overlay\"><\/span><\/a><figcaption class=\"fg-caption\"><div class=\"fg-caption-inner\"><div class=\"fg-caption-desc\">Po\u017eerek v k\u016f\u0159e, sb\u00edrky \u00daOLM.<\/div><\/div><\/figcaption><\/figure><div class=\"fg-loader\"><\/div><\/div><div class=\"fg-item fg-type-image fg-idle\"><figure class=\"fg-item-inner\"><a href=\"https:\/\/rumex.mendelu.cz\/atlasposkozenidrevin\/wp-content\/uploads\/2024\/11\/lykohub-jilm-pozerek2.jpg\" data-caption-title=\"Po\u017eerek ve d\u0159ev\u011b, sb\u00edrky \u00daOLM.\" data-caption-desc=\"Po\u017eerek ve d\u0159ev\u011b, sb\u00edrky \u00daOLM.\" data-attachment-id=\"4679\" data-type=\"image\" class=\"fg-thumb\"><span class=\"fg-image-wrap\"><img decoding=\"async\" title=\"Po\u017eerek ve d\u0159ev\u011b, sb\u00edrky \u00daOLM.\" width=\"560\" height=\"430\" class=\"skip-lazy fg-image\" data-src-fg=\"https:\/\/rumex.mendelu.cz\/atlasposkozenidrevin\/wp-content\/uploads\/cache\/2024\/11\/lykohub-jilm-pozerek2\/281172741.jpg\" src=\"data:image\/svg+xml,%3Csvg%20xmlns%3D%22http%3A%2F%2Fwww.w3.org%2F2000%2Fsvg%22%20width%3D%22560%22%20height%3D%22430%22%20viewBox%3D%220%200%20560%20430%22%3E%3C%2Fsvg%3E\" loading=\"eager\"><\/span><span class=\"fg-image-overlay\"><\/span><\/a><figcaption class=\"fg-caption\"><div class=\"fg-caption-inner\"><div class=\"fg-caption-desc\">Po\u017eerek ve d\u0159ev\u011b, sb\u00edrky \u00daOLM.<\/div><\/div><\/figcaption><\/figure><div class=\"fg-loader\"><\/div><\/div><\/div>\n\n\n\n<p><\/p>\n\n\n\n<p><strong>EKOLOGIE DRUHU: <\/strong>Brouci se roj\u00ed v\u00a0dubnu, nov\u00ed brouci se objevuj\u00ed v \u010dervenci. Mate\u010dn\u00e9 chodby jsou p\u0159\u00ed\u010dn\u00e9, jednoramenn\u00e9 nebo dvojramenn\u00e9, 2\u20133 cm dlouh\u00e9 a 1 mm \u0161irok\u00e9, znateln\u00e9 v\u00a0b\u011blov\u00e9m d\u0159ev\u011b. Larvov\u00e9 chodby 1\u20132 cm dlouh\u00e9, nep\u0159\u00edli\u0161 hust\u00e9. Zralostn\u00ed \u017e\u00edr prod\u011bl\u00e1vaj\u00ed v\u00a0k\u016f\u0159e zdrav\u00fdch strom\u016f, kde tak\u00e9 p\u0159ezimuj\u00ed. Univoltinn\u00ed. <\/p>\n\n\n\n<p><strong>V\u00ddZNAM DRUHU: <\/strong>Napad\u00e1 mlad\u0161\u00ed stromy a v\u011btve star\u0161\u00edch strom\u016f. Je p\u0159ena\u0161e\u010dem grafi\u00f3zy jilm\u016f.<\/p>\n","protected":false},"excerpt":{"rendered":"<p>Pteleobius vittatus (Fabricius, 1787) TAXONOMICK\u00c9 ZA\u0158AZEN\u00cd:\u0158\u00e1d: brouci (Coleoptera)\u010cele\u010f: nosatcovit\u00ed (Curculionidae) HOSTITELSK\u00c9 D\u0158EVINY: jilmy (Ulmus spp.) [&hellip;]<\/p>\n","protected":false},"author":2,"featured_media":0,"parent":0,"menu_order":0,"comment_status":"closed","ping_status":"closed","template":"template-full-width.php","meta":{"footnotes":""},"class_list":["post-3021","page","type-page","status-publish","hentry"],"_links":{"self":[{"href":"https:\/\/rumex.mendelu.cz\/atlasposkozenidrevin\/index.php\/wp-json\/wp\/v2\/pages\/3021","targetHints":{"allow":["GET"]}}],"collection":[{"href":"https:\/\/rumex.mendelu.cz\/atlasposkozenidrevin\/index.php\/wp-json\/wp\/v2\/pages"}],"about":[{"href":"https:\/\/rumex.mendelu.cz\/atlasposkozenidrevin\/index.php\/wp-json\/wp\/v2\/types\/page"}],"author":[{"embeddable":true,"href":"https:\/\/rumex.mendelu.cz\/atlasposkozenidrevin\/index.php\/wp-json\/wp\/v2\/users\/2"}],"replies":[{"embeddable":true,"href":"https:\/\/rumex.mendelu.cz\/atlasposkozenidrevin\/index.php\/wp-json\/wp\/v2\/comments?post=3021"}],"version-history":[{"count":3,"href":"https:\/\/rumex.mendelu.cz\/atlasposkozenidrevin\/index.php\/wp-json\/wp\/v2\/pages\/3021\/revisions"}],"predecessor-version":[{"id":3756,"href":"https:\/\/rumex.mendelu.cz\/atlasposkozenidrevin\/index.php\/wp-json\/wp\/v2\/pages\/3021\/revisions\/3756"}],"wp:attachment":[{"href":"https:\/\/rumex.mendelu.cz\/atlasposkozenidrevin\/index.php\/wp-json\/wp\/v2\/media?parent=3021"}],"curies":[{"name":"wp","href":"https:\/\/api.w.org\/{rel}","templated":true}]}}