{"id":3018,"date":"2020-02-25T15:48:54","date_gmt":"2020-02-25T14:48:54","guid":{"rendered":"http:\/\/rumex.mendelu.cz\/atlasposkozenidrevin\/?page_id=3018"},"modified":"2024-11-06T13:35:18","modified_gmt":"2024-11-06T12:35:18","slug":"lykohub-zrnity","status":"publish","type":"page","link":"https:\/\/rumex.mendelu.cz\/atlasposkozenidrevin\/index.php\/lykohub-zrnity\/","title":{"rendered":"l\u00fdkohub zrnit\u00fd"},"content":{"rendered":"\n<p class=\"has-medium-font-size\"><strong><em>Hylesinus crenatus<\/em><\/strong><strong> (Fabricius, 1787) <\/strong><\/p>\n\n\n\n<p>TAXONOMICK\u00c9 ZA\u0158AZEN\u00cd:\u00a0<br>\u0158\u00e1d: brouci (Coleoptera)<br>\u010cele\u010f: nosatcovit\u00ed (Curculionidae)<\/p>\n\n\n\n<p><strong>HOSTITELSK\u00c9 D\u0158EVINY: <\/strong>jasan (<em>Fraxinus<\/em> spp.)<\/p>\n\n\n\n<p><strong>POPIS DRUHU: <\/strong>Brouk je 4\u20136 mm dlouh\u00fd, \u010dernohn\u011bd\u00fd, leskl\u00fd, s\u00a0jednotliv\u011b odst\u00e1vaj\u00edc\u00edmi chloupky, t\u00e9m\u011b\u0159 lys\u00fd. <\/p>\n\n\n\n<p><\/p>\n\n\n<style type=\"text\/css\">\n#foogallery-gallery-3555 .fg-image { width: 560px; }\n#foogallery-gallery-3555 { --fg-gutter: 10px; }<\/style>\n\t\t\t<div class=\"foogallery foogallery-container foogallery-default foogallery-lightbox-none fg-left fg-default fg-ready fg-light fg-border-thin fg-shadow-outline fg-loading-default fg-loaded-fade-in fg-caption-always fg-hover-fade fg-hover-zoom\" id=\"foogallery-gallery-3555\" data-foogallery=\"{&quot;item&quot;:{&quot;showCaptionTitle&quot;:false,&quot;showCaptionDescription&quot;:true},&quot;lazy&quot;:true}\" style=\"--fg-title-line-clamp: 0; --fg-description-line-clamp: 0;\" >\n\t<div class=\"fg-item fg-type-image fg-idle\"><figure class=\"fg-item-inner\"><a href=\"https:\/\/rumex.mendelu.cz\/atlasposkozenidrevin\/wp-content\/uploads\/2024\/11\/lykohub-zrn_pozerek1.jpg\" data-caption-title=\"Po\u017eerek l\u00fdkohuba, sb\u00edrky \u00daOLM.\" data-caption-desc=\"Po\u017eerek l\u00fdkohuba, sb\u00edrky \u00daOLM.\" data-attachment-id=\"4676\" data-type=\"image\" class=\"fg-thumb\"><span class=\"fg-image-wrap\"><img fetchpriority=\"high\" decoding=\"async\" title=\"Po\u017eerek l\u00fdkohuba, sb\u00edrky \u00daOLM.\" width=\"560\" height=\"430\" class=\"skip-lazy fg-image\" data-src-fg=\"https:\/\/rumex.mendelu.cz\/atlasposkozenidrevin\/wp-content\/uploads\/cache\/2024\/11\/lykohub-zrn_pozerek1\/2822348136.jpg\" src=\"data:image\/svg+xml,%3Csvg%20xmlns%3D%22http%3A%2F%2Fwww.w3.org%2F2000%2Fsvg%22%20width%3D%22560%22%20height%3D%22430%22%20viewBox%3D%220%200%20560%20430%22%3E%3C%2Fsvg%3E\" loading=\"eager\"><\/span><span class=\"fg-image-overlay\"><\/span><\/a><figcaption class=\"fg-caption\"><div class=\"fg-caption-inner\"><div class=\"fg-caption-desc\">Po\u017eerek l\u00fdkohuba, sb\u00edrky \u00daOLM.<\/div><\/div><\/figcaption><\/figure><div class=\"fg-loader\"><\/div><\/div><div class=\"fg-item fg-type-image fg-idle\"><figure class=\"fg-item-inner\"><a href=\"https:\/\/rumex.mendelu.cz\/atlasposkozenidrevin\/wp-content\/uploads\/2024\/11\/lykohub-zrn_pozerek2.jpg\" data-caption-title=\"Po\u017eerek l\u00fdkohuba, sb\u00edrky \u00daOLM.\" data-caption-desc=\"Po\u017eerek l\u00fdkohuba, sb\u00edrky \u00daOLM.\" data-attachment-id=\"4677\" data-type=\"image\" class=\"fg-thumb\"><span class=\"fg-image-wrap\"><img decoding=\"async\" title=\"Po\u017eerek l\u00fdkohuba, sb\u00edrky \u00daOLM.\" width=\"560\" height=\"430\" class=\"skip-lazy fg-image\" data-src-fg=\"https:\/\/rumex.mendelu.cz\/atlasposkozenidrevin\/wp-content\/uploads\/cache\/2024\/11\/lykohub-zrn_pozerek2\/3822784029.jpg\" src=\"data:image\/svg+xml,%3Csvg%20xmlns%3D%22http%3A%2F%2Fwww.w3.org%2F2000%2Fsvg%22%20width%3D%22560%22%20height%3D%22430%22%20viewBox%3D%220%200%20560%20430%22%3E%3C%2Fsvg%3E\" loading=\"eager\"><\/span><span class=\"fg-image-overlay\"><\/span><\/a><figcaption class=\"fg-caption\"><div class=\"fg-caption-inner\"><div class=\"fg-caption-desc\">Po\u017eerek l\u00fdkohuba, sb\u00edrky \u00daOLM.<\/div><\/div><\/figcaption><\/figure><div class=\"fg-loader\"><\/div><\/div><\/div>\n\n\n\n<p><\/p>\n\n\n\n<p><strong>EKOLOGIE DRUHU: <\/strong>Brouci se roj\u00ed od poloviny dubna do za\u010d\u00e1tku \u010dervna. Mate\u010dn\u00e9 chodby jsou p\u0159\u00ed\u010dn\u00e9, dvojramenn\u00e9, 4\u20138 cm dlouh\u00e9 a 3\u20135 mm \u0161irok\u00e9. Larvov\u00e9 chodby a\u017e 30 cm dlouh\u00e9 se \u010dasto k\u0159\u00ed\u017e\u00ed. Kuklov\u00e9 kol\u00e9bky sp\u00ed\u0161e v\u00a0k\u016f\u0159e. Larvy se vyv\u00edjej\u00ed pomalu, v\u011bt\u0161inou zimuj\u00ed a dokon\u010duj\u00ed v\u00fdvoj dal\u0161\u00ed jaro. Mlad\u00ed brouci b\u011bhem \u010dervna a\u017e z\u00e1\u0159\u00ed prod\u011bl\u00e1vaj\u00ed zralostn\u00ed \u017e\u00edr na b\u00e1z\u00edch siln\u00fdch zdrav\u00fdch jasan\u016f, b\u011bhem n\u011bj vyhlod\u00e1vaj\u00ed 1 a\u017e 3,5 cm dlouh\u00e9 vzestupn\u00e9 chodby, v\u00a0kter\u00fdch p\u0159ezimuj\u00ed.<\/p>\n\n\n\n<p><strong>V\u00ddZNAM DRUHU: <\/strong>Napad\u00e1 p\u0159ev\u00e1\u017en\u011b star\u00e9 oslaben\u00e9, \u010derstv\u011b odum\u0159el\u00e9 a pok\u00e1cen\u00e9 jasany. <\/p>\n","protected":false},"excerpt":{"rendered":"<p>Hylesinus crenatus (Fabricius, 1787) TAXONOMICK\u00c9 ZA\u0158AZEN\u00cd:\u00a0\u0158\u00e1d: brouci (Coleoptera)\u010cele\u010f: nosatcovit\u00ed (Curculionidae) HOSTITELSK\u00c9 D\u0158EVINY: jasan (Fraxinus spp.) [&hellip;]<\/p>\n","protected":false},"author":2,"featured_media":0,"parent":0,"menu_order":0,"comment_status":"closed","ping_status":"closed","template":"template-full-width.php","meta":{"footnotes":""},"class_list":["post-3018","page","type-page","status-publish","hentry"],"_links":{"self":[{"href":"https:\/\/rumex.mendelu.cz\/atlasposkozenidrevin\/index.php\/wp-json\/wp\/v2\/pages\/3018","targetHints":{"allow":["GET"]}}],"collection":[{"href":"https:\/\/rumex.mendelu.cz\/atlasposkozenidrevin\/index.php\/wp-json\/wp\/v2\/pages"}],"about":[{"href":"https:\/\/rumex.mendelu.cz\/atlasposkozenidrevin\/index.php\/wp-json\/wp\/v2\/types\/page"}],"author":[{"embeddable":true,"href":"https:\/\/rumex.mendelu.cz\/atlasposkozenidrevin\/index.php\/wp-json\/wp\/v2\/users\/2"}],"replies":[{"embeddable":true,"href":"https:\/\/rumex.mendelu.cz\/atlasposkozenidrevin\/index.php\/wp-json\/wp\/v2\/comments?post=3018"}],"version-history":[{"count":3,"href":"https:\/\/rumex.mendelu.cz\/atlasposkozenidrevin\/index.php\/wp-json\/wp\/v2\/pages\/3018\/revisions"}],"predecessor-version":[{"id":3754,"href":"https:\/\/rumex.mendelu.cz\/atlasposkozenidrevin\/index.php\/wp-json\/wp\/v2\/pages\/3018\/revisions\/3754"}],"wp:attachment":[{"href":"https:\/\/rumex.mendelu.cz\/atlasposkozenidrevin\/index.php\/wp-json\/wp\/v2\/media?parent=3018"}],"curies":[{"name":"wp","href":"https:\/\/api.w.org\/{rel}","templated":true}]}}