{"id":3015,"date":"2020-02-25T15:47:14","date_gmt":"2020-02-25T14:47:14","guid":{"rendered":"http:\/\/rumex.mendelu.cz\/atlasposkozenidrevin\/?page_id=3015"},"modified":"2024-11-06T13:35:19","modified_gmt":"2024-11-06T12:35:19","slug":"lykohub-jasanovy","status":"publish","type":"page","link":"https:\/\/rumex.mendelu.cz\/atlasposkozenidrevin\/index.php\/lykohub-jasanovy\/","title":{"rendered":"l\u00fdkohub jasanov\u00fd"},"content":{"rendered":"\n<p class=\"has-medium-font-size\"><strong><em>Hylesinus fraxini<\/em><\/strong><strong>&nbsp;(Panzer, 1779) <\/strong><\/p>\n\n\n\n<p>TAXONOMICK\u00c9 ZA\u0158AZEN\u00cd:<br>\u0158\u00e1d: brouci (Coleoptera)<br>\u010cele\u010f: nosatcovit\u00ed (Curculionidae)<\/p>\n\n\n\n<p><strong>HOSTITELSK\u00c9 D\u0158EVINY: <\/strong>jasan (<em>Fraxinus<\/em> spp.). <\/p>\n\n\n\n<p><strong>POPIS DRUHU: <\/strong>drobn\u00fd, 2,5\u20133,5 mm velk\u00fd, skvrnit\u00fd k\u016frovec podlouhle ov\u00e1ln\u00e9ho tvaru. Krovky jsou rezavohn\u011bd\u011b, sv\u011btle i tmav\u011b \u0161upinkat\u00e9. Mate\u010dn\u00e9 chodby jsou p\u0159\u00ed\u010dn\u00e9 nebo \u0161ikm\u00e9, svorkovit\u00e9, 2,5\u201310 cm dlouh\u00e9. Larvov\u00e9 chodby jsou hust\u00e9, jen 5 cm dlouh\u00e9, v b\u011bli zakon\u010den\u00e9 kukelnou kol\u00e9bkou. <\/p>\n\n\n\n<p><\/p>\n\n\n<style type=\"text\/css\">\n#foogallery-gallery-3549 .fg-image { width: 560px; }\n#foogallery-gallery-3549 { --fg-gutter: 10px; }<\/style>\n\t\t\t<div class=\"foogallery foogallery-container foogallery-default foogallery-lightbox-none fg-left fg-default fg-ready fg-light fg-border-thin fg-shadow-outline fg-loading-default fg-loaded-fade-in fg-caption-always fg-hover-fade fg-hover-zoom\" id=\"foogallery-gallery-3549\" data-foogallery=\"{&quot;item&quot;:{&quot;showCaptionTitle&quot;:false,&quot;showCaptionDescription&quot;:true},&quot;lazy&quot;:true}\" style=\"--fg-title-line-clamp: 0; --fg-description-line-clamp: 0;\" >\n\t<div class=\"fg-item fg-type-image fg-idle\"><figure class=\"fg-item-inner\"><a href=\"https:\/\/rumex.mendelu.cz\/atlasposkozenidrevin\/wp-content\/uploads\/2020\/03\/001-brouk-4.jpg\" data-caption-title=\"Brouk, Mokr\u00e1-Hor\u00e1kov 2011.\" data-caption-desc=\"Brouk, Mokr\u00e1-Hor\u00e1kov 2011.\" data-attachment-id=\"3550\" data-type=\"image\" class=\"fg-thumb\"><span class=\"fg-image-wrap\"><img fetchpriority=\"high\" decoding=\"async\" title=\"Brouk, Mokr\u00e1-Hor\u00e1kov 2011.\" width=\"560\" height=\"430\" class=\"skip-lazy fg-image\" data-src-fg=\"https:\/\/rumex.mendelu.cz\/atlasposkozenidrevin\/wp-content\/uploads\/cache\/2020\/03\/001-brouk-4\/668815087.jpg\" src=\"data:image\/svg+xml,%3Csvg%20xmlns%3D%22http%3A%2F%2Fwww.w3.org%2F2000%2Fsvg%22%20width%3D%22560%22%20height%3D%22430%22%20viewBox%3D%220%200%20560%20430%22%3E%3C%2Fsvg%3E\" loading=\"eager\"><\/span><span class=\"fg-image-overlay\"><\/span><\/a><figcaption class=\"fg-caption\"><div class=\"fg-caption-inner\"><div class=\"fg-caption-desc\">Brouk, Mokr\u00e1-Hor\u00e1kov 2011.<\/div><\/div><\/figcaption><\/figure><div class=\"fg-loader\"><\/div><\/div><div class=\"fg-item fg-type-image fg-idle\"><figure class=\"fg-item-inner\"><a href=\"https:\/\/rumex.mendelu.cz\/atlasposkozenidrevin\/wp-content\/uploads\/2020\/03\/003-po\u017eerky-na-v\u011btvi-jasanu.jpg\" data-caption-title=\"Po\u017eerky na v\u011btvi jasanu, Host\u011bnice 2007.\" data-caption-desc=\"Po\u017eerky na v\u011btvi jasanu, Host\u011bnice 2007.\" data-attachment-id=\"3552\" data-type=\"image\" class=\"fg-thumb\"><span class=\"fg-image-wrap\"><img decoding=\"async\" title=\"Po\u017eerky na v\u011btvi jasanu, Host\u011bnice 2007.\" width=\"560\" height=\"430\" class=\"skip-lazy fg-image\" data-src-fg=\"https:\/\/rumex.mendelu.cz\/atlasposkozenidrevin\/wp-content\/uploads\/cache\/2020\/03\/003-po\u017eerky-na-v\u011btvi-jasanu\/159219606.jpg\" src=\"data:image\/svg+xml,%3Csvg%20xmlns%3D%22http%3A%2F%2Fwww.w3.org%2F2000%2Fsvg%22%20width%3D%22560%22%20height%3D%22430%22%20viewBox%3D%220%200%20560%20430%22%3E%3C%2Fsvg%3E\" loading=\"eager\"><\/span><span class=\"fg-image-overlay\"><\/span><\/a><figcaption class=\"fg-caption\"><div class=\"fg-caption-inner\"><div class=\"fg-caption-desc\">Po\u017eerky na v\u011btvi jasanu, Host\u011bnice 2007.<\/div><\/div><\/figcaption><\/figure><div class=\"fg-loader\"><\/div><\/div><div class=\"fg-item fg-type-image fg-idle\"><figure class=\"fg-item-inner\"><a href=\"https:\/\/rumex.mendelu.cz\/atlasposkozenidrevin\/wp-content\/uploads\/2020\/03\/004-\u00fa\u017eivn\u00fd-\u017e\u00edr-brouk\u016f-ve-km\u00ednku-jasanu.jpg\" data-caption-title=\"\u00da\u017eivn\u00fd \u017e\u00edr brouk\u016f, Host\u011bnice 2010.\" data-caption-desc=\"\u00da\u017eivn\u00fd \u017e\u00edr brouk\u016f, Host\u011bnice 2010.\" data-attachment-id=\"3553\" data-type=\"image\" class=\"fg-thumb\"><span class=\"fg-image-wrap\"><img decoding=\"async\" title=\"\u00da\u017eivn\u00fd \u017e\u00edr brouk\u016f, Host\u011bnice 2010.\" width=\"560\" height=\"430\" class=\"skip-lazy fg-image\" data-src-fg=\"https:\/\/rumex.mendelu.cz\/atlasposkozenidrevin\/wp-content\/uploads\/cache\/2020\/03\/004-\u00fa\u017eivn\u00fd-\u017e\u00edr-brouk\u016f-ve-km\u00ednku-jasanu\/566269900.jpg\" src=\"data:image\/svg+xml,%3Csvg%20xmlns%3D%22http%3A%2F%2Fwww.w3.org%2F2000%2Fsvg%22%20width%3D%22560%22%20height%3D%22430%22%20viewBox%3D%220%200%20560%20430%22%3E%3C%2Fsvg%3E\" loading=\"eager\"><\/span><span class=\"fg-image-overlay\"><\/span><\/a><figcaption class=\"fg-caption\"><div class=\"fg-caption-inner\"><div class=\"fg-caption-desc\">\u00da\u017eivn\u00fd \u017e\u00edr brouk\u016f, Host\u011bnice 2010.<\/div><\/div><\/figcaption><\/figure><div class=\"fg-loader\"><\/div><\/div><div class=\"fg-item fg-type-image fg-idle\"><figure class=\"fg-item-inner\"><a href=\"https:\/\/rumex.mendelu.cz\/atlasposkozenidrevin\/wp-content\/uploads\/2024\/11\/lykohub-jasan_pozerek.jpg\" data-caption-title=\"Po\u017eerek na km\u00ednku, sb\u00edrky \u00daOLM.\" data-caption-desc=\"Po\u017eerek na km\u00ednku, sb\u00edrky \u00daOLM.\" data-attachment-id=\"4675\" data-type=\"image\" class=\"fg-thumb\"><span class=\"fg-image-wrap\"><img decoding=\"async\" title=\"Po\u017eerek na km\u00ednku, sb\u00edrky \u00daOLM.\" width=\"560\" height=\"430\" class=\"skip-lazy fg-image\" data-src-fg=\"https:\/\/rumex.mendelu.cz\/atlasposkozenidrevin\/wp-content\/uploads\/cache\/2024\/11\/lykohub-jasan_pozerek\/2682105637.jpg\" src=\"data:image\/svg+xml,%3Csvg%20xmlns%3D%22http%3A%2F%2Fwww.w3.org%2F2000%2Fsvg%22%20width%3D%22560%22%20height%3D%22430%22%20viewBox%3D%220%200%20560%20430%22%3E%3C%2Fsvg%3E\" loading=\"eager\"><\/span><span class=\"fg-image-overlay\"><\/span><\/a><figcaption class=\"fg-caption\"><div class=\"fg-caption-inner\"><div class=\"fg-caption-desc\">Po\u017eerek na km\u00ednku, sb\u00edrky \u00daOLM.<\/div><\/div><\/figcaption><\/figure><div class=\"fg-loader\"><\/div><\/div><\/div>\n\n\n\n<p><\/p>\n\n\n\n<p><strong>EKOLOGIE DRUHU:<\/strong> brouci se po p\u0159ezimov\u00e1n\u00ed roji z\u00e1hy na ja\u0159e, ji\u017e v\u00a0b\u0159eznu a dubnu. Same\u010dci l\u00e1kaj\u00ed sami\u010dky, kter\u00e9 po oplodn\u011bn\u00ed vykusuj\u00ed mate\u010dnou chodbu a kladou vaj\u00ed\u010dka. Mlad\u00ed brouci se objevuj\u00ed od konce \u010dervna do \u010dervence. Nal\u00e9t\u00e1vaj\u00ed na mlad\u00e9 km\u00ednky a v\u011btve, kde v\u00a0r\u00e1mci zralostn\u00edho \u017e\u00edru vyhlod\u00e1vaj\u00ed kr\u00e1tk\u00e9, do 2 cm dlouh\u00e9 chodbi\u010dky, v\u00a0nich\u017e p\u0159ezimuj\u00ed. <\/p>\n\n\n\n<p><strong>V\u00ddZNAM DRUHU: <\/strong>b\u011b\u017en\u00fd druh. Opakovan\u00fdm \u017e\u00edrem brouk\u016f doch\u00e1z\u00ed na mlad\u00fdch km\u00ednc\u00edch a v\u011btv\u00edch k\u00a0tvorb\u011b hojiv\u00e9ho pletiva \u2013 k\u016fra se krabat\u00ed a vytv\u00e1\u0159\u00ed se deformace ve tvaru tzv. \u201ekorov\u00fdch r\u016f\u017eic\u201c. Larvy se mohou vyv\u00edjet jak v\u00a0relativn\u011b tenk\u00fdch v\u011btv\u00edch, tak siln\u00fdch kmenech. P\u0159i siln\u00e9m napaden\u00ed doch\u00e1z\u00ed k odum\u0159en\u00ed d\u0159evin.<\/p>\n","protected":false},"excerpt":{"rendered":"<p>Hylesinus fraxini&nbsp;(Panzer, 1779) TAXONOMICK\u00c9 ZA\u0158AZEN\u00cd:\u0158\u00e1d: brouci (Coleoptera)\u010cele\u010f: nosatcovit\u00ed (Curculionidae) HOSTITELSK\u00c9 D\u0158EVINY: jasan (Fraxinus spp.). POPIS [&hellip;]<\/p>\n","protected":false},"author":2,"featured_media":0,"parent":0,"menu_order":0,"comment_status":"closed","ping_status":"closed","template":"template-full-width.php","meta":{"footnotes":""},"class_list":["post-3015","page","type-page","status-publish","hentry"],"_links":{"self":[{"href":"https:\/\/rumex.mendelu.cz\/atlasposkozenidrevin\/index.php\/wp-json\/wp\/v2\/pages\/3015","targetHints":{"allow":["GET"]}}],"collection":[{"href":"https:\/\/rumex.mendelu.cz\/atlasposkozenidrevin\/index.php\/wp-json\/wp\/v2\/pages"}],"about":[{"href":"https:\/\/rumex.mendelu.cz\/atlasposkozenidrevin\/index.php\/wp-json\/wp\/v2\/types\/page"}],"author":[{"embeddable":true,"href":"https:\/\/rumex.mendelu.cz\/atlasposkozenidrevin\/index.php\/wp-json\/wp\/v2\/users\/2"}],"replies":[{"embeddable":true,"href":"https:\/\/rumex.mendelu.cz\/atlasposkozenidrevin\/index.php\/wp-json\/wp\/v2\/comments?post=3015"}],"version-history":[{"count":3,"href":"https:\/\/rumex.mendelu.cz\/atlasposkozenidrevin\/index.php\/wp-json\/wp\/v2\/pages\/3015\/revisions"}],"predecessor-version":[{"id":3752,"href":"https:\/\/rumex.mendelu.cz\/atlasposkozenidrevin\/index.php\/wp-json\/wp\/v2\/pages\/3015\/revisions\/3752"}],"wp:attachment":[{"href":"https:\/\/rumex.mendelu.cz\/atlasposkozenidrevin\/index.php\/wp-json\/wp\/v2\/media?parent=3015"}],"curies":[{"name":"wp","href":"https:\/\/api.w.org\/{rel}","templated":true}]}}