{"id":293,"date":"2019-08-13T12:27:50","date_gmt":"2019-08-13T10:27:50","guid":{"rendered":"http:\/\/rumex.mendelu.cz\/atlasposkozenidrevin\/?page_id=293"},"modified":"2024-11-06T13:31:40","modified_gmt":"2024-11-06T12:31:40","slug":"choros-supinaty","status":"publish","type":"page","link":"https:\/\/rumex.mendelu.cz\/atlasposkozenidrevin\/index.php\/choros-supinaty\/","title":{"rendered":"choro\u0161 \u0161upinat\u00fd"},"content":{"rendered":"\n<p style=\"text-align:left\" class=\"has-medium-font-size\"><strong><em>Polyporus squamosus<\/em> (Huds.) Fr.&nbsp; <\/strong><\/p>\n\n\n\n<p><strong>HOSTITELSK\u00c9 D\u0158EVINY: <\/strong>listn\u00e1\u010de, velmi \u010dasto l\u00edpa (<em>Tilia<\/em>), javor (<em>Acer<\/em>), jasan (<em>Fraxinus<\/em>), o\u0159e\u0161\u00e1k (<em>Juglans<\/em>), vrba (<em>Salix<\/em>), buk (<em>Fagus<\/em>) a dal\u0161\u00ed.<\/p>\n\n\n\n<p><strong>SYMPTOMY:<\/strong> tvorba jednolet\u00fdch plodnic kdekoliv na kmeni, doprovodn\u00e9 je prosych\u00e1n\u00ed a l\u00e1m\u00e1n\u00ed v\u011btv\u00ed v korun\u011b.<\/p>\n\n\n\n<p><strong>PLODNICE:<\/strong> jednolet\u00e9, kloboukat\u00e9 a\u017e polokloboukat\u00e9 s kr\u00e1tk\u00fdm t\u0159en\u011bm, v\u011bt\u0161inou postran\u00edm, n\u011bkdy centr\u00e1ln\u00edm, klobouk je v\u011bj\u00ed\u0159ovit\u00fd, masit\u00fd, \u017elutorezav\u00fd a\u017e okrov\u011b rezav\u00fd, na povrchu pokryt\u00fd hn\u011bd\u00fdmi \u0161upinami, \u00fast\u00ed rourek b\u00edl\u00e9, tvar sb\u00edhav\u00fd a\u017e labyrintick\u00fd, du\u017enina m\u00e1 v\u00fdraznou okurkov\u011b mou\u010dnatou v\u016fni a chu\u0165, roste jednotliv\u011b, st\u0159echovit\u011b nad sebou nebo trsovit\u011b, nar\u016fst\u00e1 b\u011bhem cel\u00e9 vegeta\u010dn\u00ed sez\u00f3ny, star\u00e9 plodnice mohou p\u0159etrv\u00e1vat i del\u0161\u00ed dobu, velmi \u010dast\u00fd na \u0159ezn\u00fdch ran\u00e1ch, pa\u0159ezech.<\/p>\n\n\n<style type=\"text\/css\">\n#foogallery-gallery-3205 .fg-image { width: 365px; }\n#foogallery-gallery-3205 { --fg-gutter: 10px; }<\/style>\n\t\t\t<div class=\"foogallery foogallery-container foogallery-default foogallery-lightbox-none fg-left fg-default fg-ready fg-light fg-border-thin fg-shadow-outline fg-loading-default fg-loaded-fade-in fg-caption-always fg-hover-fade fg-hover-zoom\" id=\"foogallery-gallery-3205\" data-foogallery=\"{&quot;item&quot;:{&quot;showCaptionTitle&quot;:false,&quot;showCaptionDescription&quot;:true},&quot;lazy&quot;:true}\" style=\"--fg-title-line-clamp: 0; --fg-description-line-clamp: 0;\" >\n\t<div class=\"fg-item fg-type-image fg-idle\"><figure class=\"fg-item-inner\"><a href=\"https:\/\/rumex.mendelu.cz\/atlasposkozenidrevin\/wp-content\/uploads\/2020\/02\/choros_supinaty.jpg\" data-caption-title=\"Plodnice, PR Jelen\u00ed bu\u010dina (Jesen\u00edky) 2006.\" data-caption-desc=\"Plodnice, PR Jelen\u00ed bu\u010dina (Jesen\u00edky) 2006.\" data-attachment-id=\"1867\" data-type=\"image\" class=\"fg-thumb\"><span class=\"fg-image-wrap\"><img fetchpriority=\"high\" decoding=\"async\" title=\"Plodnice, PR Jelen\u00ed bu\u010dina (Jesen\u00edky) 2006.\" width=\"365\" height=\"320\" class=\"skip-lazy fg-image\" data-src-fg=\"https:\/\/rumex.mendelu.cz\/atlasposkozenidrevin\/wp-content\/uploads\/cache\/2020\/02\/choros_supinaty\/1853809574.jpg\" src=\"data:image\/svg+xml,%3Csvg%20xmlns%3D%22http%3A%2F%2Fwww.w3.org%2F2000%2Fsvg%22%20width%3D%22365%22%20height%3D%22320%22%20viewBox%3D%220%200%20365%20320%22%3E%3C%2Fsvg%3E\" loading=\"eager\"><\/span><span class=\"fg-image-overlay\"><\/span><\/a><figcaption class=\"fg-caption\"><div class=\"fg-caption-inner\"><div class=\"fg-caption-desc\">Plodnice, PR Jelen\u00ed bu\u010dina (Jesen\u00edky) 2006.<\/div><\/div><\/figcaption><\/figure><div class=\"fg-loader\"><\/div><\/div><div class=\"fg-item fg-type-image fg-idle\"><figure class=\"fg-item-inner\"><a href=\"https:\/\/rumex.mendelu.cz\/atlasposkozenidrevin\/wp-content\/uploads\/2020\/02\/broucci-019.jpg\" data-caption-title=\"Plodnice na j\u00edrovci, MENDELU BZA 2004.\" data-caption-desc=\"Plodnice na j\u00edrovci, MENDELU BZA 2004.\" data-attachment-id=\"4890\" data-type=\"image\" class=\"fg-thumb\"><span class=\"fg-image-wrap\"><img decoding=\"async\" title=\"Plodnice na j\u00edrovci, MENDELU BZA 2004.\" width=\"365\" height=\"320\" class=\"skip-lazy fg-image\" data-src-fg=\"https:\/\/rumex.mendelu.cz\/atlasposkozenidrevin\/wp-content\/uploads\/cache\/2020\/02\/broucci-019\/737158434.jpg\" src=\"data:image\/svg+xml,%3Csvg%20xmlns%3D%22http%3A%2F%2Fwww.w3.org%2F2000%2Fsvg%22%20width%3D%22365%22%20height%3D%22320%22%20viewBox%3D%220%200%20365%20320%22%3E%3C%2Fsvg%3E\" loading=\"eager\"><\/span><span class=\"fg-image-overlay\"><\/span><\/a><figcaption class=\"fg-caption\"><div class=\"fg-caption-inner\"><div class=\"fg-caption-desc\">Plodnice na j\u00edrovci, MENDELU BZA 2004.<\/div><\/div><\/figcaption><\/figure><div class=\"fg-loader\"><\/div><\/div><div class=\"fg-item fg-type-image fg-idle\"><figure class=\"fg-item-inner\"><a href=\"https:\/\/rumex.mendelu.cz\/atlasposkozenidrevin\/wp-content\/uploads\/2020\/02\/polyporus_squamosus1.jpg\" data-caption-title=\"Plodnice na pa\u0159ezu, \u00dat\u011bchov 2011.\" data-caption-desc=\"Plodnice na pa\u0159ezu, \u00dat\u011bchov 2011.\" data-attachment-id=\"4892\" data-type=\"image\" class=\"fg-thumb\"><span class=\"fg-image-wrap\"><img decoding=\"async\" title=\"Plodnice na pa\u0159ezu, \u00dat\u011bchov 2011.\" width=\"365\" height=\"320\" class=\"skip-lazy fg-image\" data-src-fg=\"https:\/\/rumex.mendelu.cz\/atlasposkozenidrevin\/wp-content\/uploads\/cache\/2020\/02\/polyporus_squamosus1\/932502500.jpg\" src=\"data:image\/svg+xml,%3Csvg%20xmlns%3D%22http%3A%2F%2Fwww.w3.org%2F2000%2Fsvg%22%20width%3D%22365%22%20height%3D%22320%22%20viewBox%3D%220%200%20365%20320%22%3E%3C%2Fsvg%3E\" loading=\"eager\"><\/span><span class=\"fg-image-overlay\"><\/span><\/a><figcaption class=\"fg-caption\"><div class=\"fg-caption-inner\"><div class=\"fg-caption-desc\">Plodnice na pa\u0159ezu, \u00dat\u011bchov 2011.<\/div><\/div><\/figcaption><\/figure><div class=\"fg-loader\"><\/div><\/div><\/div>\n\n\n\n<p><\/p>\n\n\n\n<p><strong>HNILOBA:<\/strong> b\u00edl\u00e1, ohrani\u010den\u00e1 \u010dernou z\u00f3nou, v posledn\u00ed f\u00e1zi rozkladu rozpad hranolovit\u00fd.<\/p>\n\n\n\n<p><strong>V\u00ddZNAM A OCHRANA: <\/strong>infekce pronik\u00e1 p\u0159es poran\u011bn\u00ed, p\u0159es pah\u00fdly po odlomen\u00fdch v\u011btv\u00edch, v m\u00edst\u011b poran\u011bn\u00ed kmen\u016f a ko\u0159enov\u00fdch\u00a0 n\u00e1b\u011bh\u016f, v m\u00edst\u011b v\u00fdskytu plodnic je hniloba v\u011bt\u0161inou nejintenzivn\u011bj\u0161\u00ed a hroz\u00ed rozlomen\u00ed nap\u0159. v pa\u017ed\u00ed v\u011btv\u00ed, rozdvojen\u00ed kmen\u016f, je doporu\u010dena okam\u017eit\u00e1 sanace strom\u016f.<\/p>\n\n\n\n<p><\/p>\n\n\n<style type=\"text\/css\">\n#foogallery-gallery-3206 .fg-image { width: 365px; }\n#foogallery-gallery-3206 { --fg-gutter: 10px; }<\/style>\n\t\t\t<div class=\"foogallery foogallery-container foogallery-default foogallery-lightbox-none fg-left fg-default fg-ready fg-light fg-border-thin fg-shadow-outline fg-loading-default fg-loaded-fade-in fg-caption-always fg-hover-fade fg-hover-zoom\" id=\"foogallery-gallery-3206\" data-foogallery=\"{&quot;item&quot;:{&quot;showCaptionTitle&quot;:false,&quot;showCaptionDescription&quot;:true},&quot;lazy&quot;:true}\" style=\"--fg-title-line-clamp: 0; --fg-description-line-clamp: 0;\" >\n\t<div class=\"fg-item fg-type-image fg-idle\"><figure class=\"fg-item-inner\"><a href=\"https:\/\/rumex.mendelu.cz\/atlasposkozenidrevin\/wp-content\/uploads\/2020\/02\/polyporus_squamosus14-1024x768-1.jpg\" data-caption-title=\"Plodnice choro\u0161e, \u0160LP ML K\u0159tiny 2018.\" data-caption-desc=\"Plodnice choro\u0161e, \u0160LP ML K\u0159tiny 2018.\" data-attachment-id=\"1936\" data-type=\"image\" class=\"fg-thumb\"><span class=\"fg-image-wrap\"><img decoding=\"async\" title=\"Plodnice choro\u0161e, \u0160LP ML K\u0159tiny 2018.\" width=\"365\" height=\"320\" class=\"skip-lazy fg-image\" data-src-fg=\"https:\/\/rumex.mendelu.cz\/atlasposkozenidrevin\/wp-content\/uploads\/cache\/2020\/02\/polyporus_squamosus14-1024x768-1\/302690268.jpg\" src=\"data:image\/svg+xml,%3Csvg%20xmlns%3D%22http%3A%2F%2Fwww.w3.org%2F2000%2Fsvg%22%20width%3D%22365%22%20height%3D%22320%22%20viewBox%3D%220%200%20365%20320%22%3E%3C%2Fsvg%3E\" loading=\"eager\"><\/span><span class=\"fg-image-overlay\"><\/span><\/a><figcaption class=\"fg-caption\"><div class=\"fg-caption-inner\"><div class=\"fg-caption-desc\">Plodnice choro\u0161e, \u0160LP ML K\u0159tiny 2018.<\/div><\/div><\/figcaption><\/figure><div class=\"fg-loader\"><\/div><\/div><div class=\"fg-item fg-type-image fg-idle\"><figure class=\"fg-item-inner\"><a href=\"https:\/\/rumex.mendelu.cz\/atlasposkozenidrevin\/wp-content\/uploads\/2020\/02\/P4158353.jpg\" data-caption-title=\"Plodnice na o\u0159e\u0161\u00e1ku, \u00fadol\u00ed Chvojnice 2017\" data-caption-desc=\"Plodnice na o\u0159e\u0161\u00e1ku, \u00fadol\u00ed Chvojnice 2017\" data-attachment-id=\"1938\" data-type=\"image\" class=\"fg-thumb\"><span class=\"fg-image-wrap\"><img decoding=\"async\" title=\"Plodnice na o\u0159e\u0161\u00e1ku, \u00fadol\u00ed Chvojnice 2017\" width=\"365\" height=\"320\" class=\"skip-lazy fg-image\" data-src-fg=\"https:\/\/rumex.mendelu.cz\/atlasposkozenidrevin\/wp-content\/uploads\/cache\/2020\/02\/P4158353\/1862590528.jpg\" src=\"data:image\/svg+xml,%3Csvg%20xmlns%3D%22http%3A%2F%2Fwww.w3.org%2F2000%2Fsvg%22%20width%3D%22365%22%20height%3D%22320%22%20viewBox%3D%220%200%20365%20320%22%3E%3C%2Fsvg%3E\" loading=\"eager\"><\/span><span class=\"fg-image-overlay\"><\/span><\/a><figcaption class=\"fg-caption\"><div class=\"fg-caption-inner\"><div class=\"fg-caption-desc\">Plodnice na o\u0159e\u0161\u00e1ku, \u00fadol\u00ed Chvojnice 2017<\/div><\/div><\/figcaption><\/figure><div class=\"fg-loader\"><\/div><\/div><div class=\"fg-item fg-type-image fg-idle\"><figure class=\"fg-item-inner\"><a href=\"https:\/\/rumex.mendelu.cz\/atlasposkozenidrevin\/wp-content\/uploads\/2020\/02\/polyporus_squamosus20.jpg\" data-caption-title=\"Detail hymenia plodnice, MENDELU BZA 2004.\" data-caption-desc=\"Detail hymenia plodnice, MENDELU BZA 2004.\" data-attachment-id=\"4893\" data-type=\"image\" class=\"fg-thumb\"><span class=\"fg-image-wrap\"><img decoding=\"async\" title=\"Detail hymenia plodnice, MENDELU BZA 2004.\" width=\"365\" height=\"320\" class=\"skip-lazy fg-image\" data-src-fg=\"https:\/\/rumex.mendelu.cz\/atlasposkozenidrevin\/wp-content\/uploads\/cache\/2020\/02\/polyporus_squamosus20\/2694918500.jpg\" src=\"data:image\/svg+xml,%3Csvg%20xmlns%3D%22http%3A%2F%2Fwww.w3.org%2F2000%2Fsvg%22%20width%3D%22365%22%20height%3D%22320%22%20viewBox%3D%220%200%20365%20320%22%3E%3C%2Fsvg%3E\" loading=\"eager\"><\/span><span class=\"fg-image-overlay\"><\/span><\/a><figcaption class=\"fg-caption\"><div class=\"fg-caption-inner\"><div class=\"fg-caption-desc\">Detail hymenia plodnice, MENDELU BZA 2004.<\/div><\/div><\/figcaption><\/figure><div class=\"fg-loader\"><\/div><\/div><\/div>\n","protected":false},"excerpt":{"rendered":"<p>Polyporus squamosus (Huds.) Fr.&nbsp; HOSTITELSK\u00c9 D\u0158EVINY: listn\u00e1\u010de, velmi \u010dasto l\u00edpa (Tilia), javor (Acer), jasan (Fraxinus), [&hellip;]<\/p>\n","protected":false},"author":2,"featured_media":0,"parent":0,"menu_order":0,"comment_status":"closed","ping_status":"closed","template":"template-full-width.php","meta":{"footnotes":""},"class_list":["post-293","page","type-page","status-publish","hentry"],"_links":{"self":[{"href":"https:\/\/rumex.mendelu.cz\/atlasposkozenidrevin\/index.php\/wp-json\/wp\/v2\/pages\/293","targetHints":{"allow":["GET"]}}],"collection":[{"href":"https:\/\/rumex.mendelu.cz\/atlasposkozenidrevin\/index.php\/wp-json\/wp\/v2\/pages"}],"about":[{"href":"https:\/\/rumex.mendelu.cz\/atlasposkozenidrevin\/index.php\/wp-json\/wp\/v2\/types\/page"}],"author":[{"embeddable":true,"href":"https:\/\/rumex.mendelu.cz\/atlasposkozenidrevin\/index.php\/wp-json\/wp\/v2\/users\/2"}],"replies":[{"embeddable":true,"href":"https:\/\/rumex.mendelu.cz\/atlasposkozenidrevin\/index.php\/wp-json\/wp\/v2\/comments?post=293"}],"version-history":[{"count":8,"href":"https:\/\/rumex.mendelu.cz\/atlasposkozenidrevin\/index.php\/wp-json\/wp\/v2\/pages\/293\/revisions"}],"predecessor-version":[{"id":3208,"href":"https:\/\/rumex.mendelu.cz\/atlasposkozenidrevin\/index.php\/wp-json\/wp\/v2\/pages\/293\/revisions\/3208"}],"wp:attachment":[{"href":"https:\/\/rumex.mendelu.cz\/atlasposkozenidrevin\/index.php\/wp-json\/wp\/v2\/media?parent=293"}],"curies":[{"name":"wp","href":"https:\/\/api.w.org\/{rel}","templated":true}]}}