{"id":2861,"date":"2020-02-23T18:22:06","date_gmt":"2020-02-23T17:22:06","guid":{"rendered":"http:\/\/rumex.mendelu.cz\/atlasposkozenidrevin\/?page_id=2861"},"modified":"2024-11-06T16:37:14","modified_gmt":"2024-11-06T15:37:14","slug":"predivka-brslenova","status":"publish","type":"page","link":"https:\/\/rumex.mendelu.cz\/atlasposkozenidrevin\/index.php\/predivka-brslenova\/","title":{"rendered":"p\u0159edivka brslenov\u00e1"},"content":{"rendered":"\n<p class=\"has-medium-font-size\"><strong><em>Yponomeuta cagnagella<\/em><\/strong><strong> (H\u00fcbner, 1813) <\/strong><\/p>\n\n\n\n<p>TAXONOMICK\u00c9 ZA\u0158AZEN\u00cd:<br>\u0158\u00e1d: mot\u00fdli (Lepidoptera)<br>\u010cele\u010f: p\u0159edivkovit\u00ed (Yponomeutidae)<\/p>\n\n\n\n<p><strong>HOSTITELSK\u00c9 D\u0158EVINY: <\/strong>brslen (<em>Euonymus<\/em> spp.). <\/p>\n\n\n\n<p><strong>POPIS DRUHU: <\/strong>drobn\u00fd, \u00fazkok\u0159\u00eddl\u00fd mot\u00fdlek s\u00a0b\u00edl\u00fdmi t\u0159\u00e1sn\u011bmi na k\u0159\u00eddlech. Rozp\u011bt\u00ed je 20\u201325 mm. P\u0159edn\u00ed k\u0159\u00eddla jsou b\u00edl\u00e1. Na ka\u017ed\u00e9m k\u0159\u00eddle jsou t\u0159i \u0159ady \u010dern\u00fdch te\u010dek. Zadn\u00ed k\u0159\u00eddla jsou \u0161ed\u00e1. T\u011blo je oran\u017eov\u011b hn\u011bd\u00e9. Housenky jsou matn\u011b \u017elut\u00e9 s\u00a0tmavou hlavou\u00a0a dv\u011bma \u0159adami \u010dern\u00fdch te\u010dek na t\u011ble.\u00a0<\/p>\n\n\n\n<p><strong>EKOLOGIE DRUHU:<\/strong> mot\u00fdli l\u00e9taj\u00ed od \u010dervna do \u010dervence. Sami\u010dky kladou vaj\u00ed\u010dka na hladkou k\u016fru brslen\u016f a\u00a0p\u0159ekr\u00fdvaj\u00ed je rychle tuhnouc\u00edm, pr\u016fhledn\u00fdm ochrann\u00fdm sekretem. 3\u20134 t\u00fddny po vykladen\u00ed se l\u00edhnou housenky, kter\u00e9 v\u0161ak v\u00a0m\u00edst\u011b kladen\u00ed setrv\u00e1vaj\u00ed a p\u0159ezimuj\u00ed. V\u00a0dubnu a kv\u011btnu mlad\u00e9 housenky minuj\u00ed \u010derstv\u011b vyra\u0161en\u00e9 listy. Pozd\u011bji listy skeletuj\u00ed a sp\u0159\u00e1daj\u00ed hust\u00fdm p\u0159edivem do hn\u00edzd. Op\u0159edena m\u016f\u017ee b\u00fdt cel\u00e1 rostlina. V\u00a0\u010dervnu se housenky hromadn\u011b kukl\u00ed u\u00a0pat ke\u0159\u016f.<\/p>\n\n\n\n<p><strong>V\u00ddZNAM DRUHU: <\/strong>hojn\u00fd evropsk\u00fd druh, zp\u016fsobuj\u00edc\u00ed na brslenech holo\u017e\u00edr<\/p>\n\n\n\n<p> <\/p>\n\n\n<style type=\"text\/css\">\n#foogallery-gallery-3516 .fg-image { width: 560px; }\n#foogallery-gallery-3516 { --fg-gutter: 10px; }<\/style>\n\t\t\t<div class=\"foogallery foogallery-container foogallery-default foogallery-lightbox-none fg-left fg-default fg-ready fg-light fg-border-thin fg-shadow-outline fg-loading-default fg-loaded-fade-in fg-caption-always fg-hover-fade fg-hover-zoom\" id=\"foogallery-gallery-3516\" data-foogallery=\"{&quot;item&quot;:{&quot;showCaptionTitle&quot;:false,&quot;showCaptionDescription&quot;:true},&quot;lazy&quot;:true}\" style=\"--fg-title-line-clamp: 0; --fg-description-line-clamp: 0;\" >\n\t<div class=\"fg-item fg-type-image fg-idle\"><figure class=\"fg-item-inner\"><a href=\"https:\/\/rumex.mendelu.cz\/atlasposkozenidrevin\/wp-content\/uploads\/2024\/11\/001-housenky.jpg\" data-caption-title=\"Housenky, 2007.\" data-caption-desc=\"Housenky, 2007.\" data-attachment-id=\"4571\" data-type=\"image\" class=\"fg-thumb\"><span class=\"fg-image-wrap\"><img fetchpriority=\"high\" decoding=\"async\" title=\"Housenky, 2007.\" width=\"560\" height=\"430\" class=\"skip-lazy fg-image\" data-src-fg=\"https:\/\/rumex.mendelu.cz\/atlasposkozenidrevin\/wp-content\/uploads\/cache\/2024\/11\/001-housenky\/2961486725.jpg\" src=\"data:image\/svg+xml,%3Csvg%20xmlns%3D%22http%3A%2F%2Fwww.w3.org%2F2000%2Fsvg%22%20width%3D%22560%22%20height%3D%22430%22%20viewBox%3D%220%200%20560%20430%22%3E%3C%2Fsvg%3E\" loading=\"eager\"><\/span><span class=\"fg-image-overlay\"><\/span><\/a><figcaption class=\"fg-caption\"><div class=\"fg-caption-inner\"><div class=\"fg-caption-desc\">Housenky, 2007.<\/div><\/div><\/figcaption><\/figure><div class=\"fg-loader\"><\/div><\/div><div class=\"fg-item fg-type-image fg-idle\"><figure class=\"fg-item-inner\"><a href=\"https:\/\/rumex.mendelu.cz\/atlasposkozenidrevin\/wp-content\/uploads\/2024\/11\/002-housenky-v-predivu.jpg\" data-caption-title=\"Housenky v p\u0159edivu, 2005.\" data-caption-desc=\"Housenky v p\u0159edivu, 2005.\" data-attachment-id=\"4572\" data-type=\"image\" class=\"fg-thumb\"><span class=\"fg-image-wrap\"><img decoding=\"async\" title=\"Housenky v p\u0159edivu, 2005.\" width=\"560\" height=\"430\" class=\"skip-lazy fg-image\" data-src-fg=\"https:\/\/rumex.mendelu.cz\/atlasposkozenidrevin\/wp-content\/uploads\/cache\/2024\/11\/002-housenky-v-predivu\/1887417273.jpg\" src=\"data:image\/svg+xml,%3Csvg%20xmlns%3D%22http%3A%2F%2Fwww.w3.org%2F2000%2Fsvg%22%20width%3D%22560%22%20height%3D%22430%22%20viewBox%3D%220%200%20560%20430%22%3E%3C%2Fsvg%3E\" loading=\"eager\"><\/span><span class=\"fg-image-overlay\"><\/span><\/a><figcaption class=\"fg-caption\"><div class=\"fg-caption-inner\"><div class=\"fg-caption-desc\">Housenky v p\u0159edivu, 2005.<\/div><\/div><\/figcaption><\/figure><div class=\"fg-loader\"><\/div><\/div><div class=\"fg-item fg-type-image fg-idle\"><figure class=\"fg-item-inner\"><a href=\"https:\/\/rumex.mendelu.cz\/atlasposkozenidrevin\/wp-content\/uploads\/2024\/11\/003-kukly-na-pate-kminku.jpg\" data-caption-title=\"Kukly na pat\u011b km\u00ednku, 2005.\" data-caption-desc=\"Kukly na pat\u011b km\u00ednku, 2005.\" data-attachment-id=\"4573\" data-type=\"image\" class=\"fg-thumb\"><span class=\"fg-image-wrap\"><img decoding=\"async\" title=\"Kukly na pat\u011b km\u00ednku, 2005.\" width=\"560\" height=\"430\" class=\"skip-lazy fg-image\" data-src-fg=\"https:\/\/rumex.mendelu.cz\/atlasposkozenidrevin\/wp-content\/uploads\/cache\/2024\/11\/003-kukly-na-pate-kminku\/3469269658.jpg\" src=\"data:image\/svg+xml,%3Csvg%20xmlns%3D%22http%3A%2F%2Fwww.w3.org%2F2000%2Fsvg%22%20width%3D%22560%22%20height%3D%22430%22%20viewBox%3D%220%200%20560%20430%22%3E%3C%2Fsvg%3E\" loading=\"eager\"><\/span><span class=\"fg-image-overlay\"><\/span><\/a><figcaption class=\"fg-caption\"><div class=\"fg-caption-inner\"><div class=\"fg-caption-desc\">Kukly na pat\u011b km\u00ednku, 2005.<\/div><\/div><\/figcaption><\/figure><div class=\"fg-loader\"><\/div><\/div><div class=\"fg-item fg-type-image fg-idle\"><figure class=\"fg-item-inner\"><a href=\"https:\/\/rumex.mendelu.cz\/atlasposkozenidrevin\/wp-content\/uploads\/2024\/11\/004-motyl-1.jpg\" data-caption-title=\"Mot\u00fdl, 2007.\" data-caption-desc=\"Mot\u00fdl, 2007.\" data-attachment-id=\"4574\" data-type=\"image\" class=\"fg-thumb\"><span class=\"fg-image-wrap\"><img decoding=\"async\" title=\"Mot\u00fdl, 2007.\" width=\"560\" height=\"430\" class=\"skip-lazy fg-image\" data-src-fg=\"https:\/\/rumex.mendelu.cz\/atlasposkozenidrevin\/wp-content\/uploads\/cache\/2024\/11\/004-motyl-1\/3854618164.jpg\" src=\"data:image\/svg+xml,%3Csvg%20xmlns%3D%22http%3A%2F%2Fwww.w3.org%2F2000%2Fsvg%22%20width%3D%22560%22%20height%3D%22430%22%20viewBox%3D%220%200%20560%20430%22%3E%3C%2Fsvg%3E\" loading=\"eager\"><\/span><span class=\"fg-image-overlay\"><\/span><\/a><figcaption class=\"fg-caption\"><div class=\"fg-caption-inner\"><div class=\"fg-caption-desc\">Mot\u00fdl, 2007.<\/div><\/div><\/figcaption><\/figure><div class=\"fg-loader\"><\/div><\/div><\/div>\n\n\n\n<p><\/p>\n","protected":false},"excerpt":{"rendered":"<p>Yponomeuta cagnagella (H\u00fcbner, 1813) TAXONOMICK\u00c9 ZA\u0158AZEN\u00cd:\u0158\u00e1d: mot\u00fdli (Lepidoptera)\u010cele\u010f: p\u0159edivkovit\u00ed (Yponomeutidae) HOSTITELSK\u00c9 D\u0158EVINY: brslen (Euonymus spp.). [&hellip;]<\/p>\n","protected":false},"author":2,"featured_media":0,"parent":0,"menu_order":0,"comment_status":"closed","ping_status":"closed","template":"template-full-width.php","meta":{"footnotes":""},"class_list":["post-2861","page","type-page","status-publish","hentry"],"_links":{"self":[{"href":"https:\/\/rumex.mendelu.cz\/atlasposkozenidrevin\/index.php\/wp-json\/wp\/v2\/pages\/2861","targetHints":{"allow":["GET"]}}],"collection":[{"href":"https:\/\/rumex.mendelu.cz\/atlasposkozenidrevin\/index.php\/wp-json\/wp\/v2\/pages"}],"about":[{"href":"https:\/\/rumex.mendelu.cz\/atlasposkozenidrevin\/index.php\/wp-json\/wp\/v2\/types\/page"}],"author":[{"embeddable":true,"href":"https:\/\/rumex.mendelu.cz\/atlasposkozenidrevin\/index.php\/wp-json\/wp\/v2\/users\/2"}],"replies":[{"embeddable":true,"href":"https:\/\/rumex.mendelu.cz\/atlasposkozenidrevin\/index.php\/wp-json\/wp\/v2\/comments?post=2861"}],"version-history":[{"count":4,"href":"https:\/\/rumex.mendelu.cz\/atlasposkozenidrevin\/index.php\/wp-json\/wp\/v2\/pages\/2861\/revisions"}],"predecessor-version":[{"id":3723,"href":"https:\/\/rumex.mendelu.cz\/atlasposkozenidrevin\/index.php\/wp-json\/wp\/v2\/pages\/2861\/revisions\/3723"}],"wp:attachment":[{"href":"https:\/\/rumex.mendelu.cz\/atlasposkozenidrevin\/index.php\/wp-json\/wp\/v2\/media?parent=2861"}],"curies":[{"name":"wp","href":"https:\/\/api.w.org\/{rel}","templated":true}]}}