{"id":2848,"date":"2020-02-23T18:13:42","date_gmt":"2020-02-23T17:13:42","guid":{"rendered":"http:\/\/rumex.mendelu.cz\/atlasposkozenidrevin\/?page_id=2848"},"modified":"2024-11-06T13:24:29","modified_gmt":"2024-11-06T12:24:29","slug":"bourovec-prstencivy","status":"publish","type":"page","link":"https:\/\/rumex.mendelu.cz\/atlasposkozenidrevin\/index.php\/bourovec-prstencivy\/","title":{"rendered":"bourovec prst\u00e9n\u010div\u00fd"},"content":{"rendered":"\n<p class=\"has-medium-font-size\"><strong><em>Malacosoma neustria<\/em><\/strong><strong> (Linnaeus, 1758) <\/strong><\/p>\n\n\n\n<p>TAXONOMICK\u00c9 ZA\u0158AZEN\u00cd:<br>\u0158\u00e1d: mot\u00fdli (Lepidoptera)<br>\u010cele\u010f: bourovcovit\u00ed (Lasiocampidae)<\/p>\n\n\n\n<p><strong>HOSTITELSK\u00c9 D\u0158EVINY: <\/strong>ovocn\u00e9 d\u0159eviny, trnka obecn\u00e1 (<em>Prunus<\/em> <em>spinosa<\/em>), je\u0159\u00e1b (<em>Sorbus<\/em> spp.), dub (<em>Quercus<\/em> spp.), l\u00edpa (<em>Tilia<\/em> spp.), b\u0159\u00edza (<em>Betula<\/em> spp.), topol (<em>Populus<\/em> spp.) apod.<\/p>\n\n\n\n<p><strong>POPIS DRUHU: <\/strong>\u017elutohn\u011bd\u00fd mot\u00fdl s tmav\u00fdm p\u0159\u00ed\u010dn\u00fdm pruhem na p\u0159edn\u00edch k\u0159\u00eddlech o rozp\u011bt\u00ed 3\u20134 cm. Housenky jsou \u0161edomodr\u00e9 s b\u00edlou h\u0159betn\u00ed lini\u00ed a \u010derveno\u017elut\u00fdmi a modr\u00fdmi pruhy na boc\u00edch. Na t\u011ble maj\u00ed jemn\u00e9 sv\u011btle rezav\u00e9 a \u010dern\u00e9 chloupky. N\u00e1zev druhu odpov\u00edd\u00e1 zp\u016fsobu kladen\u00ed vaj\u00ed\u010dek v \u0161irok\u00fdch prstenc\u00edch.<\/p>\n\n\n\n<p><\/p>\n\n\n<style type=\"text\/css\">\n#foogallery-gallery-3511 .fg-image { width: 365px; }\n#foogallery-gallery-3511 { --fg-gutter: 10px; }<\/style>\n\t\t\t<div class=\"foogallery foogallery-container foogallery-default foogallery-lightbox-none fg-left fg-default fg-ready fg-light fg-border-thin fg-shadow-outline fg-loading-default fg-loaded-fade-in fg-caption-always fg-hover-fade fg-hover-zoom\" id=\"foogallery-gallery-3511\" data-foogallery=\"{&quot;item&quot;:{&quot;showCaptionTitle&quot;:false,&quot;showCaptionDescription&quot;:true},&quot;lazy&quot;:true}\" style=\"--fg-title-line-clamp: 0; --fg-description-line-clamp: 0;\" >\n\t<div class=\"fg-item fg-type-image fg-idle\"><figure class=\"fg-item-inner\"><a href=\"https:\/\/rumex.mendelu.cz\/atlasposkozenidrevin\/wp-content\/uploads\/2024\/11\/001-housenka-5.jpg\" data-caption-title=\"Housenka, 2007.\" data-caption-desc=\"Housenka, 2007.\" data-attachment-id=\"4564\" data-type=\"image\" class=\"fg-thumb\"><span class=\"fg-image-wrap\"><img fetchpriority=\"high\" decoding=\"async\" title=\"Housenka, 2007.\" width=\"365\" height=\"320\" class=\"skip-lazy fg-image\" data-src-fg=\"https:\/\/rumex.mendelu.cz\/atlasposkozenidrevin\/wp-content\/uploads\/cache\/2024\/11\/001-housenka-5\/3105368360.jpg\" src=\"data:image\/svg+xml,%3Csvg%20xmlns%3D%22http%3A%2F%2Fwww.w3.org%2F2000%2Fsvg%22%20width%3D%22365%22%20height%3D%22320%22%20viewBox%3D%220%200%20365%20320%22%3E%3C%2Fsvg%3E\" loading=\"eager\"><\/span><span class=\"fg-image-overlay\"><\/span><\/a><figcaption class=\"fg-caption\"><div class=\"fg-caption-inner\"><div class=\"fg-caption-desc\">Housenka, 2007.<\/div><\/div><\/figcaption><\/figure><div class=\"fg-loader\"><\/div><\/div><div class=\"fg-item fg-type-image fg-idle\"><figure class=\"fg-item-inner\"><a href=\"https:\/\/rumex.mendelu.cz\/atlasposkozenidrevin\/wp-content\/uploads\/2024\/11\/002-housenka-1.jpg\" data-caption-title=\"Housenka, 2007.\" data-caption-desc=\"Housenka, 2007.\" data-attachment-id=\"4565\" data-type=\"image\" class=\"fg-thumb\"><span class=\"fg-image-wrap\"><img decoding=\"async\" title=\"Housenka, 2007.\" width=\"365\" height=\"320\" class=\"skip-lazy fg-image\" data-src-fg=\"https:\/\/rumex.mendelu.cz\/atlasposkozenidrevin\/wp-content\/uploads\/cache\/2024\/11\/002-housenka-1\/3638610366.jpg\" src=\"data:image\/svg+xml,%3Csvg%20xmlns%3D%22http%3A%2F%2Fwww.w3.org%2F2000%2Fsvg%22%20width%3D%22365%22%20height%3D%22320%22%20viewBox%3D%220%200%20365%20320%22%3E%3C%2Fsvg%3E\" loading=\"eager\"><\/span><span class=\"fg-image-overlay\"><\/span><\/a><figcaption class=\"fg-caption\"><div class=\"fg-caption-inner\"><div class=\"fg-caption-desc\">Housenka, 2007.<\/div><\/div><\/figcaption><\/figure><div class=\"fg-loader\"><\/div><\/div><div class=\"fg-item fg-type-image fg-idle\"><figure class=\"fg-item-inner\"><a href=\"https:\/\/rumex.mendelu.cz\/atlasposkozenidrevin\/wp-content\/uploads\/2024\/11\/003-kokon-se-zakuklenou-housenkou.jpg\" data-caption-title=\"Kokon se zakuklenou housenkou, 2007.\" data-caption-desc=\"Kokon se zakuklenou housenkou, 2007.\" data-attachment-id=\"4566\" data-type=\"image\" class=\"fg-thumb\"><span class=\"fg-image-wrap\"><img decoding=\"async\" title=\"Kokon se zakuklenou housenkou, 2007.\" width=\"365\" height=\"320\" class=\"skip-lazy fg-image\" data-src-fg=\"https:\/\/rumex.mendelu.cz\/atlasposkozenidrevin\/wp-content\/uploads\/cache\/2024\/11\/003-kokon-se-zakuklenou-housenkou\/2630898935.jpg\" src=\"data:image\/svg+xml,%3Csvg%20xmlns%3D%22http%3A%2F%2Fwww.w3.org%2F2000%2Fsvg%22%20width%3D%22365%22%20height%3D%22320%22%20viewBox%3D%220%200%20365%20320%22%3E%3C%2Fsvg%3E\" loading=\"eager\"><\/span><span class=\"fg-image-overlay\"><\/span><\/a><figcaption class=\"fg-caption\"><div class=\"fg-caption-inner\"><div class=\"fg-caption-desc\">Kokon se zakuklenou housenkou, 2007.<\/div><\/div><\/figcaption><\/figure><div class=\"fg-loader\"><\/div><\/div><\/div>\n\n\n\n<p><\/p>\n\n\n\n<p><strong>EKOLOGIE DRUHU:<\/strong> Housenky se l\u00edhnou koncem dubna a\u017e za\u010d\u00e1tkem kv\u011btna. Zpo\u010d\u00e1tku \u017eij\u00ed pospolit\u011b v\u00a0p\u0159edivov\u00e9m z\u00e1p\u0159edku. Housenky dor\u016fstaj\u00ed v\u00a0\u010dervnu, kdy ji\u017e \u017eij\u00ed jednotliv\u011b na hostitelsk\u00e9 d\u0159evin\u011b. Kukl\u00ed se mezi listy \u010di v\u00a0prasklin\u00e1ch k\u016fry v\u00a0m\u011bkk\u00e9m b\u011blav\u00e9m kokonu. Kokon je prostoupen\u00fd \u017elutav\u00fdm pudrem, kter\u00fd m\u016f\u017ee u lid\u00ed s\u00a0citlivou poko\u017ekou vyvolat alergenn\u00ed reakce. Mot\u00fdli se objevuj\u00ed od \u010dervna do z\u00e1\u0159\u00ed. Vaj\u00ed\u010dka, kter\u00e1 n\u00e1sledn\u011b p\u0159ezimuj\u00ed, kladou sami\u010dky v\u00a0\u0161irok\u00fdch prstencov\u00fdch spir\u00e1l\u00e1ch na tenk\u00e9 v\u011btvi\u010dky.\u00a0 <\/p>\n\n\n\n<p><strong>V\u00ddZNAM DRUHU:<\/strong> p\u0159i p\u0159\u00edle\u017eitostn\u00e9m p\u0159emno\u017een\u00ed m\u016f\u017ee zp\u016fsobit holo\u017e\u00edry. \u010casto v\u00a0ovocn\u00fdch sadech, zahrad\u00e1ch a alej\u00edch.<\/p>\n","protected":false},"excerpt":{"rendered":"<p>Malacosoma neustria (Linnaeus, 1758) TAXONOMICK\u00c9 ZA\u0158AZEN\u00cd:\u0158\u00e1d: mot\u00fdli (Lepidoptera)\u010cele\u010f: bourovcovit\u00ed (Lasiocampidae) HOSTITELSK\u00c9 D\u0158EVINY: ovocn\u00e9 d\u0159eviny, trnka [&hellip;]<\/p>\n","protected":false},"author":2,"featured_media":0,"parent":0,"menu_order":0,"comment_status":"closed","ping_status":"closed","template":"template-full-width.php","meta":{"footnotes":""},"class_list":["post-2848","page","type-page","status-publish","hentry"],"_links":{"self":[{"href":"https:\/\/rumex.mendelu.cz\/atlasposkozenidrevin\/index.php\/wp-json\/wp\/v2\/pages\/2848","targetHints":{"allow":["GET"]}}],"collection":[{"href":"https:\/\/rumex.mendelu.cz\/atlasposkozenidrevin\/index.php\/wp-json\/wp\/v2\/pages"}],"about":[{"href":"https:\/\/rumex.mendelu.cz\/atlasposkozenidrevin\/index.php\/wp-json\/wp\/v2\/types\/page"}],"author":[{"embeddable":true,"href":"https:\/\/rumex.mendelu.cz\/atlasposkozenidrevin\/index.php\/wp-json\/wp\/v2\/users\/2"}],"replies":[{"embeddable":true,"href":"https:\/\/rumex.mendelu.cz\/atlasposkozenidrevin\/index.php\/wp-json\/wp\/v2\/comments?post=2848"}],"version-history":[{"count":3,"href":"https:\/\/rumex.mendelu.cz\/atlasposkozenidrevin\/index.php\/wp-json\/wp\/v2\/pages\/2848\/revisions"}],"predecessor-version":[{"id":3712,"href":"https:\/\/rumex.mendelu.cz\/atlasposkozenidrevin\/index.php\/wp-json\/wp\/v2\/pages\/2848\/revisions\/3712"}],"wp:attachment":[{"href":"https:\/\/rumex.mendelu.cz\/atlasposkozenidrevin\/index.php\/wp-json\/wp\/v2\/media?parent=2848"}],"curies":[{"name":"wp","href":"https:\/\/api.w.org\/{rel}","templated":true}]}}