{"id":2818,"date":"2020-02-23T18:01:22","date_gmt":"2020-02-23T17:01:22","guid":{"rendered":"http:\/\/rumex.mendelu.cz\/atlasposkozenidrevin\/?page_id=2818"},"modified":"2024-11-06T13:31:16","modified_gmt":"2024-11-06T12:31:16","slug":"vztycnoritka-lipova","status":"publish","type":"page","link":"https:\/\/rumex.mendelu.cz\/atlasposkozenidrevin\/index.php\/vztycnoritka-lipova\/","title":{"rendered":"vzty\u010dno\u0159itka lipov\u00e1"},"content":{"rendered":"\n<p class=\"has-medium-font-size\"><strong><em>Phalera bucephala<\/em> <\/strong><strong>(Linnaeus, 1758) <\/strong><\/p>\n\n\n\n<p>TAXONOMICK\u00c9 ZA\u0158AZEN\u00cd:<br>\u0158\u00e1d: mot\u00fdli (Lepidoptera)<br>\u010cele\u010f: h\u0159betozubcovit\u00ed (Notodontidae)<\/p>\n\n\n\n<p><strong>HOSTITELSK\u00c9 D\u0158EVINY: <\/strong>\u0161irok\u00fd polyf\u00e1g; vrba (<em>Salix<\/em> spp.), topol (<em>Populus<\/em> spp.), l\u00edpa (<em>Tilia<\/em> spp.), dub (<em>Quercus<\/em> spp.), ol\u0161e (<em>Alnus<\/em> spp.), b\u0159\u00edza (<em>Betula<\/em> spp.), l\u00edska (<em>Corylus<\/em> spp.), je\u0159\u00e1b (<em>Sorbus<\/em> spp.), buk lesn\u00ed (<em>Fagus sylvatica<\/em>), habr (<em>Carpinus<\/em> spp.), jilm (<em>Ulmus<\/em> spp.), ovocn\u00e9 stromy, ka\u0161tanovn\u00edk (<em>Castanea<\/em> spp.) apod. <\/p>\n\n\n\n<p><strong>POPIS DRUHU: <\/strong>mot\u00fdli maj\u00ed v\u00a0rozp\u011bt\u00ed 50\u201365 mm. P\u0159edn\u00ed k\u0159\u00eddla jsou st\u0159\u00edb\u0159it\u011b \u0161edohn\u011bd\u00e1 se 2 hn\u011bd\u00fdmi p\u0159\u00ed\u010dkami. Apex je osazen velkou \u017elutou skvrnou. V\u00a0klidov\u00e9 poloze p\u0159ipom\u00ednaj\u00ed ulomenou v\u011btvi\u010dku. Housenky jsou \u017eluto\u010dern\u011b pod\u00e9ln\u011b pruhovan\u00e9. Tmav\u00e9 pruhy jsou st\u0159\u00edb\u0159it\u011b kropenat\u00e9. T\u011blo je kryto dlouh\u00fdmi m\u011bkk\u00fdmi sv\u011btl\u00fdmi chlupy. Dor\u016fstaj\u00ed velikosti kolem 60 mm. P\u0159i podr\u00e1\u017ed\u011bn\u00ed zvedaj\u00ed sou\u010dasn\u011b p\u0159edn\u00ed a zadn\u00ed \u010d\u00e1st t\u011bla.<\/p>\n\n\n\n<p><\/p>\n\n\n<style type=\"text\/css\">\n#foogallery-gallery-3499 .fg-image { width: 560px; }\n#foogallery-gallery-3499 { --fg-gutter: 10px; }<\/style>\n\t\t\t<div class=\"foogallery foogallery-container foogallery-default foogallery-lightbox-none fg-left fg-default fg-ready fg-light fg-border-thin fg-shadow-outline fg-loading-default fg-loaded-fade-in fg-caption-always fg-hover-fade fg-hover-zoom\" id=\"foogallery-gallery-3499\" data-foogallery=\"{&quot;item&quot;:{&quot;showCaptionTitle&quot;:false,&quot;showCaptionDescription&quot;:true},&quot;lazy&quot;:true}\" style=\"--fg-title-line-clamp: 0; --fg-description-line-clamp: 0;\" >\n\t<div class=\"fg-item fg-type-image fg-idle\"><figure class=\"fg-item-inner\"><a href=\"https:\/\/rumex.mendelu.cz\/atlasposkozenidrevin\/wp-content\/uploads\/2024\/11\/001-mlade-housenky.jpg\" data-caption-title=\"Mlad\u00e9 housenky, 2005.\" data-caption-desc=\"Mlad\u00e9 housenky, 2005.\" data-attachment-id=\"4546\" data-type=\"image\" class=\"fg-thumb\"><span class=\"fg-image-wrap\"><img fetchpriority=\"high\" decoding=\"async\" title=\"Mlad\u00e9 housenky, 2005.\" width=\"560\" height=\"430\" class=\"skip-lazy fg-image\" data-src-fg=\"https:\/\/rumex.mendelu.cz\/atlasposkozenidrevin\/wp-content\/uploads\/cache\/2024\/11\/001-mlade-housenky\/3951000725.jpg\" src=\"data:image\/svg+xml,%3Csvg%20xmlns%3D%22http%3A%2F%2Fwww.w3.org%2F2000%2Fsvg%22%20width%3D%22560%22%20height%3D%22430%22%20viewBox%3D%220%200%20560%20430%22%3E%3C%2Fsvg%3E\" loading=\"eager\"><\/span><span class=\"fg-image-overlay\"><\/span><\/a><figcaption class=\"fg-caption\"><div class=\"fg-caption-inner\"><div class=\"fg-caption-desc\">Mlad\u00e9 housenky, 2005.<\/div><\/div><\/figcaption><\/figure><div class=\"fg-loader\"><\/div><\/div><div class=\"fg-item fg-type-image fg-idle\"><figure class=\"fg-item-inner\"><a href=\"https:\/\/rumex.mendelu.cz\/atlasposkozenidrevin\/wp-content\/uploads\/2024\/11\/003-housenky.jpg\" data-caption-title=\"Housenky, 2008.\" data-caption-desc=\"Housenky, 2008.\" data-attachment-id=\"4548\" data-type=\"image\" class=\"fg-thumb\"><span class=\"fg-image-wrap\"><img decoding=\"async\" title=\"Housenky, 2008.\" width=\"560\" height=\"430\" class=\"skip-lazy fg-image\" data-src-fg=\"https:\/\/rumex.mendelu.cz\/atlasposkozenidrevin\/wp-content\/uploads\/cache\/2024\/11\/003-housenky\/1153170928.jpg\" src=\"data:image\/svg+xml,%3Csvg%20xmlns%3D%22http%3A%2F%2Fwww.w3.org%2F2000%2Fsvg%22%20width%3D%22560%22%20height%3D%22430%22%20viewBox%3D%220%200%20560%20430%22%3E%3C%2Fsvg%3E\" loading=\"eager\"><\/span><span class=\"fg-image-overlay\"><\/span><\/a><figcaption class=\"fg-caption\"><div class=\"fg-caption-inner\"><div class=\"fg-caption-desc\">Housenky, 2008.<\/div><\/div><\/figcaption><\/figure><div class=\"fg-loader\"><\/div><\/div><div class=\"fg-item fg-type-image fg-idle\"><figure class=\"fg-item-inner\"><a href=\"https:\/\/rumex.mendelu.cz\/atlasposkozenidrevin\/wp-content\/uploads\/2024\/11\/002-dorostla-housenka.jpg\" data-caption-title=\"Dorostl\u00e1 housenka, 2009.\" data-caption-desc=\"Dorostl\u00e1 housenka, 2009.\" data-attachment-id=\"4547\" data-type=\"image\" class=\"fg-thumb\"><span class=\"fg-image-wrap\"><img decoding=\"async\" title=\"Dorostl\u00e1 housenka, 2009.\" width=\"560\" height=\"430\" class=\"skip-lazy fg-image\" data-src-fg=\"https:\/\/rumex.mendelu.cz\/atlasposkozenidrevin\/wp-content\/uploads\/cache\/2024\/11\/002-dorostla-housenka\/655780403.jpg\" src=\"data:image\/svg+xml,%3Csvg%20xmlns%3D%22http%3A%2F%2Fwww.w3.org%2F2000%2Fsvg%22%20width%3D%22560%22%20height%3D%22430%22%20viewBox%3D%220%200%20560%20430%22%3E%3C%2Fsvg%3E\" loading=\"eager\"><\/span><span class=\"fg-image-overlay\"><\/span><\/a><figcaption class=\"fg-caption\"><div class=\"fg-caption-inner\"><div class=\"fg-caption-desc\">Dorostl\u00e1 housenka, 2009.<\/div><\/div><\/figcaption><\/figure><div class=\"fg-loader\"><\/div><\/div><div class=\"fg-item fg-type-image fg-idle\"><figure class=\"fg-item-inner\"><a href=\"https:\/\/rumex.mendelu.cz\/atlasposkozenidrevin\/wp-content\/uploads\/2024\/11\/004-motyl.jpg\" data-caption-title=\"Mot\u00fdl, 2006.\" data-caption-desc=\"Mot\u00fdl, 2006.\" data-attachment-id=\"4549\" data-type=\"image\" class=\"fg-thumb\"><span class=\"fg-image-wrap\"><img decoding=\"async\" title=\"Mot\u00fdl, 2006.\" width=\"560\" height=\"430\" class=\"skip-lazy fg-image\" data-src-fg=\"https:\/\/rumex.mendelu.cz\/atlasposkozenidrevin\/wp-content\/uploads\/cache\/2024\/11\/004-motyl\/519929804.jpg\" src=\"data:image\/svg+xml,%3Csvg%20xmlns%3D%22http%3A%2F%2Fwww.w3.org%2F2000%2Fsvg%22%20width%3D%22560%22%20height%3D%22430%22%20viewBox%3D%220%200%20560%20430%22%3E%3C%2Fsvg%3E\" loading=\"eager\"><\/span><span class=\"fg-image-overlay\"><\/span><\/a><figcaption class=\"fg-caption\"><div class=\"fg-caption-inner\"><div class=\"fg-caption-desc\">Mot\u00fdl, 2006.<\/div><\/div><\/figcaption><\/figure><div class=\"fg-loader\"><\/div><\/div><\/div>\n\n\n\n<p><\/p>\n\n\n\n<p><strong>EKOLOGIE DRUHU:<\/strong> dosp\u011blci se objevuj\u00ed od konce kv\u011btna do srpna. Sami\u010dky kladou vaj\u00ed\u010dka ve skupink\u00e1ch na spodn\u00ed stranu list\u016f hostitelsk\u00fdch d\u0159evin. Housenky se l\u00edhnou v\u00a0\u010dervenci. Jako mal\u00e9 \u017eij\u00ed pospolit\u011b. Pozd\u011bji se rozl\u00e9zaj\u00ed do korun. Nejprve o\u017e\u00edraj\u00ed vrstvu listov\u00e9 poko\u017eky, pozd\u011bji listy d\u011bruj\u00ed a nakonec hromadn\u011b o\u017e\u00edraj\u00ed od okraj\u016f a skeletuj\u00ed. Po \u017e\u00edru \u010dasto ponech\u00e1vaj\u00ed pouze \u0159ap\u00edk, p\u0159\u00edpadn\u011b baz\u00e1ln\u00ed \u010d\u00e1st st\u0159edov\u00e9ho \u017eebra. Po ukon\u010den\u00ed \u017e\u00edru, v\u00a0pr\u016fb\u011bhu z\u00e1\u0159\u00ed, zal\u00e9zaj\u00ed housenky do p\u016fdy \u010di mechu, kde se t\u011bsn\u011b pod povrchem voln\u011b kukl\u00ed. <\/p>\n\n\n\n<p><strong>V\u00ddZNAM DRUHU:<\/strong> housenky vzty\u010dno\u0159itky lipov\u00e9 \u010dasto zp\u016fsobuj\u00ed na napaden\u00fdch v\u011btv\u00edch lok\u00e1ln\u00ed holo\u017e\u00edry. <\/p>\n","protected":false},"excerpt":{"rendered":"<p>Phalera bucephala (Linnaeus, 1758) TAXONOMICK\u00c9 ZA\u0158AZEN\u00cd:\u0158\u00e1d: mot\u00fdli (Lepidoptera)\u010cele\u010f: h\u0159betozubcovit\u00ed (Notodontidae) HOSTITELSK\u00c9 D\u0158EVINY: \u0161irok\u00fd polyf\u00e1g; vrba [&hellip;]<\/p>\n","protected":false},"author":2,"featured_media":0,"parent":0,"menu_order":0,"comment_status":"closed","ping_status":"closed","template":"template-full-width.php","meta":{"footnotes":""},"class_list":["post-2818","page","type-page","status-publish","hentry"],"_links":{"self":[{"href":"https:\/\/rumex.mendelu.cz\/atlasposkozenidrevin\/index.php\/wp-json\/wp\/v2\/pages\/2818","targetHints":{"allow":["GET"]}}],"collection":[{"href":"https:\/\/rumex.mendelu.cz\/atlasposkozenidrevin\/index.php\/wp-json\/wp\/v2\/pages"}],"about":[{"href":"https:\/\/rumex.mendelu.cz\/atlasposkozenidrevin\/index.php\/wp-json\/wp\/v2\/types\/page"}],"author":[{"embeddable":true,"href":"https:\/\/rumex.mendelu.cz\/atlasposkozenidrevin\/index.php\/wp-json\/wp\/v2\/users\/2"}],"replies":[{"embeddable":true,"href":"https:\/\/rumex.mendelu.cz\/atlasposkozenidrevin\/index.php\/wp-json\/wp\/v2\/comments?post=2818"}],"version-history":[{"count":4,"href":"https:\/\/rumex.mendelu.cz\/atlasposkozenidrevin\/index.php\/wp-json\/wp\/v2\/pages\/2818\/revisions"}],"predecessor-version":[{"id":3702,"href":"https:\/\/rumex.mendelu.cz\/atlasposkozenidrevin\/index.php\/wp-json\/wp\/v2\/pages\/2818\/revisions\/3702"}],"wp:attachment":[{"href":"https:\/\/rumex.mendelu.cz\/atlasposkozenidrevin\/index.php\/wp-json\/wp\/v2\/media?parent=2818"}],"curies":[{"name":"wp","href":"https:\/\/api.w.org\/{rel}","templated":true}]}}