{"id":280,"date":"2019-08-13T11:58:53","date_gmt":"2019-08-13T09:58:53","guid":{"rendered":"http:\/\/rumex.mendelu.cz\/atlasposkozenidrevin\/?page_id=280"},"modified":"2025-02-04T13:43:52","modified_gmt":"2025-02-04T12:43:52","slug":"troudnatec-pasovany","status":"publish","type":"page","link":"https:\/\/rumex.mendelu.cz\/atlasposkozenidrevin\/index.php\/troudnatec-pasovany\/","title":{"rendered":"troudnatec p\u00e1sovan\u00fd"},"content":{"rendered":"\n<p class=\"has-text-align-left has-medium-font-size\"><strong><em>Fomitopsis pinicola<\/em><\/strong><strong> (Sw.) P. Karst. <\/strong><\/p>\n\n\n\n<p><strong>HOSTITELSK\u00c9 D\u0158EVINY: <\/strong>listn\u00e1\u010de a jehli\u010dnany, velmi \u010dast\u00fd u smrku (<em>Picea<\/em> spp.), z&nbsp;listn\u00e1\u010d\u016f buk (<em>Fagus<\/em> spp.), dub (<em>Quercus<\/em> spp.) a dal\u0161\u00ed.<\/p>\n\n\n\n<p><strong>SYMPTOMY:<\/strong>&nbsp;tvorba plodnic na kmeni.<\/p>\n\n\n\n<p><strong>PLODNICE:<\/strong>&nbsp;v\u00edcelet\u00e9, kopytovit\u00e9ho, polokruhovit\u00e9ho tvaru, povrch p\u00e1sovan\u00fd, s&nbsp;tvrdou k\u016frou, zpo\u010d\u00e1tku v ml\u00e1d\u00ed na\u017eloutl\u00fd, oran\u017eov\u00fd nebo na\u010dervenal\u00fd, pozd\u011bji hn\u011bd\u00fd a\u017e skoro \u010dern\u00fd, \u010dast\u00fd je okrajov\u00fd \u010dervenohn\u011bd\u00fd p\u00e1s, ale n\u011bkdy chyb\u00ed, du\u017enina je b\u00edl\u00e1 a\u017e za\u017eloutl\u00e1, d\u0159evnat\u00e1, rourky okrov\u00e9 a\u017e \u017elutav\u00e9, ve st\u00e1\u0159\u00ed hn\u011bd\u00e9, na rostouc\u00ed plodnici jsou \u010dast\u00e9 ron\u00edc\u00ed kapky na okraji, typick\u00fd je siln\u00fd z\u00e1pach po t\u0159\u00edslu.<\/p>\n\n\n<style type=\"text\/css\">\n#foogallery-gallery-3199 .fg-image { width: 365px; }\n#foogallery-gallery-3199 { --fg-gutter: 10px; }<\/style>\n\t\t\t<div class=\"foogallery foogallery-container foogallery-default foogallery-lightbox-none fg-left fg-default fg-ready fg-light fg-border-thin fg-shadow-outline fg-loading-default fg-loaded-fade-in fg-caption-always fg-hover-fade fg-hover-zoom\" id=\"foogallery-gallery-3199\" data-foogallery=\"{&quot;item&quot;:{&quot;showCaptionTitle&quot;:false,&quot;showCaptionDescription&quot;:true},&quot;lazy&quot;:true}\" style=\"--fg-title-line-clamp: 0; --fg-description-line-clamp: 0;\" >\n\t<div class=\"fg-item fg-type-image fg-idle\"><figure class=\"fg-item-inner\"><a href=\"https:\/\/rumex.mendelu.cz\/atlasposkozenidrevin\/wp-content\/uploads\/2020\/02\/fomitopsis_pinicola1.jpg\" data-caption-title=\"Mlad\u00e1 plodnice troudnatce na smrku, \u0160LP ML K\u0159tiny 2009.\" data-caption-desc=\"Mlad\u00e1 plodnice troudnatce na smrku, \u0160LP ML K\u0159tiny 2009.\" data-attachment-id=\"1881\" data-type=\"image\" class=\"fg-thumb\"><span class=\"fg-image-wrap\"><img fetchpriority=\"high\" decoding=\"async\" title=\"Mlad\u00e1 plodnice troudnatce na smrku, \u0160LP ML K\u0159tiny 2009.\" width=\"365\" height=\"320\" class=\"skip-lazy fg-image\" data-src-fg=\"https:\/\/rumex.mendelu.cz\/atlasposkozenidrevin\/wp-content\/uploads\/cache\/2020\/02\/fomitopsis_pinicola1\/2705193980.jpg\" src=\"data:image\/svg+xml,%3Csvg%20xmlns%3D%22http%3A%2F%2Fwww.w3.org%2F2000%2Fsvg%22%20width%3D%22365%22%20height%3D%22320%22%20viewBox%3D%220%200%20365%20320%22%3E%3C%2Fsvg%3E\" loading=\"eager\"><\/span><span class=\"fg-image-overlay\"><\/span><\/a><figcaption class=\"fg-caption\"><div class=\"fg-caption-inner\"><div class=\"fg-caption-desc\">Mlad\u00e1 plodnice troudnatce na smrku, \u0160LP ML K\u0159tiny 2009.<\/div><\/div><\/figcaption><\/figure><div class=\"fg-loader\"><\/div><\/div><div class=\"fg-item fg-type-image fg-idle\"><figure class=\"fg-item-inner\"><a href=\"https:\/\/rumex.mendelu.cz\/atlasposkozenidrevin\/wp-content\/uploads\/2020\/02\/PA01359901102010_154.jpg\" data-caption-title=\"Plodnice na buku, Arboretum K\u0159tiny 2010.\" data-caption-desc=\"Plodnice na buku, Arboretum K\u0159tiny 2010.\" data-attachment-id=\"4879\" data-type=\"image\" class=\"fg-thumb\"><span class=\"fg-image-wrap\"><img decoding=\"async\" title=\"Plodnice na buku, Arboretum K\u0159tiny 2010.\" width=\"365\" height=\"320\" class=\"skip-lazy fg-image\" data-src-fg=\"https:\/\/rumex.mendelu.cz\/atlasposkozenidrevin\/wp-content\/uploads\/cache\/2020\/02\/PA01359901102010_154\/610685935.jpg\" src=\"data:image\/svg+xml,%3Csvg%20xmlns%3D%22http%3A%2F%2Fwww.w3.org%2F2000%2Fsvg%22%20width%3D%22365%22%20height%3D%22320%22%20viewBox%3D%220%200%20365%20320%22%3E%3C%2Fsvg%3E\" loading=\"eager\"><\/span><span class=\"fg-image-overlay\"><\/span><\/a><figcaption class=\"fg-caption\"><div class=\"fg-caption-inner\"><div class=\"fg-caption-desc\">Plodnice na buku, Arboretum K\u0159tiny 2010.<\/div><\/div><\/figcaption><\/figure><div class=\"fg-loader\"><\/div><\/div><div class=\"fg-item fg-type-image fg-idle\"><figure class=\"fg-item-inner\"><a href=\"https:\/\/rumex.mendelu.cz\/atlasposkozenidrevin\/wp-content\/uploads\/2020\/02\/fomitopsis_pinicola24.jpg\" data-caption-title=\"Plodnice na pa\u0159ezu smrku, \u0160LP ML K\u0159tiny 2011.\" data-caption-desc=\"Plodnice na pa\u0159ezu smrku, \u0160LP ML K\u0159tiny 2011.\" data-attachment-id=\"4877\" data-type=\"image\" class=\"fg-thumb\"><span class=\"fg-image-wrap\"><img decoding=\"async\" title=\"Plodnice na pa\u0159ezu smrku, \u0160LP ML K\u0159tiny 2011.\" width=\"365\" height=\"320\" class=\"skip-lazy fg-image\" data-src-fg=\"https:\/\/rumex.mendelu.cz\/atlasposkozenidrevin\/wp-content\/uploads\/cache\/2020\/02\/fomitopsis_pinicola24\/3475782321.jpg\" src=\"data:image\/svg+xml,%3Csvg%20xmlns%3D%22http%3A%2F%2Fwww.w3.org%2F2000%2Fsvg%22%20width%3D%22365%22%20height%3D%22320%22%20viewBox%3D%220%200%20365%20320%22%3E%3C%2Fsvg%3E\" loading=\"eager\"><\/span><span class=\"fg-image-overlay\"><\/span><\/a><figcaption class=\"fg-caption\"><div class=\"fg-caption-inner\"><div class=\"fg-caption-desc\">Plodnice na pa\u0159ezu smrku, \u0160LP ML K\u0159tiny 2011.<\/div><\/div><\/figcaption><\/figure><div class=\"fg-loader\"><\/div><\/div><\/div>\n\n\n\n<p><\/p>\n\n\n\n<p><strong>HNILOBA: <\/strong>hn\u011bd\u00e1, charakteristick\u00fd je hranolovit\u00fd rozklad, such\u00e1 hniloba je a\u017e pr\u00e1\u0161kovit\u00e9 konzistence.<\/p>\n\n\n\n<p><strong>V\u00ddZNAM A OCHRANA:<\/strong>&nbsp;rozklad je rychl\u00fd, v m\u00edst\u011b nejintenzivn\u011bj\u0161\u00ed hniloby se kmeny l\u00e1mou, napaden\u00e9 stromy je doporu\u010deno odstranit. Velmi \u010dasto se pod\u00edl\u00ed na rozkladu mrtv\u00e9ho smrkov\u00e9ho d\u0159eva.<\/p>\n\n\n\n<p><strong>MO\u017dNOST&nbsp;Z\u00c1M\u011aNY:<\/strong> troudnatec kopytovit\u00fd (<em>Fomes fomentarius<\/em>) vyskytuje se pouze u listn\u00e1\u010d\u016f, m\u00e1 hn\u011bdou du\u017eninu a b\u00edlou hnilobu.<\/p>\n\n\n\n<p><\/p>\n\n\n<style type=\"text\/css\">\n#foogallery-gallery-3198 .fg-image { width: 365px; }\n#foogallery-gallery-3198 { --fg-gutter: 10px; }<\/style>\n\t\t\t<div class=\"foogallery foogallery-container foogallery-default foogallery-lightbox-none fg-left fg-default fg-ready fg-light fg-border-thin fg-shadow-outline fg-loading-default fg-loaded-fade-in fg-caption-always fg-hover-fade fg-hover-zoom\" id=\"foogallery-gallery-3198\" data-foogallery=\"{&quot;item&quot;:{&quot;showCaptionTitle&quot;:true,&quot;showCaptionDescription&quot;:false},&quot;lazy&quot;:true}\" style=\"--fg-title-line-clamp: 0; --fg-description-line-clamp: 0;\" >\n\t<div class=\"fg-item fg-type-image fg-idle\"><figure class=\"fg-item-inner\"><a href=\"https:\/\/rumex.mendelu.cz\/atlasposkozenidrevin\/wp-content\/uploads\/2020\/02\/fomitopsis_pinicola3-2.jpg\" data-caption-title=\"Plodnice na pa\u0159ezu smrku, \u0160LP ML K\u0159tiny 2013.\" data-attachment-id=\"4875\" data-type=\"image\" class=\"fg-thumb\"><span class=\"fg-image-wrap\"><img decoding=\"async\" title=\"Plodnice na pa\u0159ezu smrku, \u0160LP ML K\u0159tiny 2013.\" width=\"365\" height=\"320\" class=\"skip-lazy fg-image\" data-src-fg=\"https:\/\/rumex.mendelu.cz\/atlasposkozenidrevin\/wp-content\/uploads\/cache\/2020\/02\/fomitopsis_pinicola3-2\/3110967738.jpg\" src=\"data:image\/svg+xml,%3Csvg%20xmlns%3D%22http%3A%2F%2Fwww.w3.org%2F2000%2Fsvg%22%20width%3D%22365%22%20height%3D%22320%22%20viewBox%3D%220%200%20365%20320%22%3E%3C%2Fsvg%3E\" loading=\"eager\"><\/span><span class=\"fg-image-overlay\"><\/span><\/a><figcaption class=\"fg-caption\"><div class=\"fg-caption-inner\"><div class=\"fg-caption-title\">Plodnice na pa\u0159ezu smrku, \u0160LP ML K\u0159tiny 2013.<\/div><\/div><\/figcaption><\/figure><div class=\"fg-loader\"><\/div><\/div><div class=\"fg-item fg-type-image fg-idle\"><figure class=\"fg-item-inner\"><a href=\"https:\/\/rumex.mendelu.cz\/atlasposkozenidrevin\/wp-content\/uploads\/2020\/02\/fomitopsis_pinicola20.jpg\" data-caption-title=\"Plodnice na pa\u0159ezu smrku, \u0160LP ML K\u0159tiny 2011.\" data-attachment-id=\"4876\" data-type=\"image\" class=\"fg-thumb\"><span class=\"fg-image-wrap\"><img decoding=\"async\" title=\"Plodnice na pa\u0159ezu smrku, \u0160LP ML K\u0159tiny 2011.\" width=\"365\" height=\"320\" class=\"skip-lazy fg-image\" data-src-fg=\"https:\/\/rumex.mendelu.cz\/atlasposkozenidrevin\/wp-content\/uploads\/cache\/2020\/02\/fomitopsis_pinicola20\/4062632429.jpg\" src=\"data:image\/svg+xml,%3Csvg%20xmlns%3D%22http%3A%2F%2Fwww.w3.org%2F2000%2Fsvg%22%20width%3D%22365%22%20height%3D%22320%22%20viewBox%3D%220%200%20365%20320%22%3E%3C%2Fsvg%3E\" loading=\"eager\"><\/span><span class=\"fg-image-overlay\"><\/span><\/a><figcaption class=\"fg-caption\"><div class=\"fg-caption-inner\"><div class=\"fg-caption-title\">Plodnice na pa\u0159ezu smrku, \u0160LP ML K\u0159tiny 2011.<\/div><\/div><\/figcaption><\/figure><div class=\"fg-loader\"><\/div><\/div><div class=\"fg-item fg-type-image fg-idle\"><figure class=\"fg-item-inner\"><a href=\"https:\/\/rumex.mendelu.cz\/atlasposkozenidrevin\/wp-content\/uploads\/2020\/02\/fomitopsis_pinicola32.jpg\" data-caption-title=\"Hn\u011bd\u00fd, kostkovit\u00fd rozklad, K\u0159i\u017e\u00e1nky 2010.\" data-attachment-id=\"4878\" data-type=\"image\" class=\"fg-thumb\"><span class=\"fg-image-wrap\"><img decoding=\"async\" title=\"Hn\u011bd\u00fd, kostkovit\u00fd rozklad, K\u0159i\u017e\u00e1nky 2010.\" width=\"365\" height=\"320\" class=\"skip-lazy fg-image\" data-src-fg=\"https:\/\/rumex.mendelu.cz\/atlasposkozenidrevin\/wp-content\/uploads\/cache\/2020\/02\/fomitopsis_pinicola32\/1069927845.jpg\" src=\"data:image\/svg+xml,%3Csvg%20xmlns%3D%22http%3A%2F%2Fwww.w3.org%2F2000%2Fsvg%22%20width%3D%22365%22%20height%3D%22320%22%20viewBox%3D%220%200%20365%20320%22%3E%3C%2Fsvg%3E\" loading=\"eager\"><\/span><span class=\"fg-image-overlay\"><\/span><\/a><figcaption class=\"fg-caption\"><div class=\"fg-caption-inner\"><div class=\"fg-caption-title\">Hn\u011bd\u00fd, kostkovit\u00fd rozklad, K\u0159i\u017e\u00e1nky 2010.<\/div><\/div><\/figcaption><\/figure><div class=\"fg-loader\"><\/div><\/div><\/div>\n","protected":false},"excerpt":{"rendered":"<p>Fomitopsis pinicola (Sw.) P. Karst. HOSTITELSK\u00c9 D\u0158EVINY: listn\u00e1\u010de a jehli\u010dnany, velmi \u010dast\u00fd u smrku (Picea [&hellip;]<\/p>\n","protected":false},"author":2,"featured_media":0,"parent":0,"menu_order":0,"comment_status":"closed","ping_status":"closed","template":"template-full-width.php","meta":{"footnotes":""},"class_list":["post-280","page","type-page","status-publish","hentry"],"_links":{"self":[{"href":"https:\/\/rumex.mendelu.cz\/atlasposkozenidrevin\/index.php\/wp-json\/wp\/v2\/pages\/280","targetHints":{"allow":["GET"]}}],"collection":[{"href":"https:\/\/rumex.mendelu.cz\/atlasposkozenidrevin\/index.php\/wp-json\/wp\/v2\/pages"}],"about":[{"href":"https:\/\/rumex.mendelu.cz\/atlasposkozenidrevin\/index.php\/wp-json\/wp\/v2\/types\/page"}],"author":[{"embeddable":true,"href":"https:\/\/rumex.mendelu.cz\/atlasposkozenidrevin\/index.php\/wp-json\/wp\/v2\/users\/2"}],"replies":[{"embeddable":true,"href":"https:\/\/rumex.mendelu.cz\/atlasposkozenidrevin\/index.php\/wp-json\/wp\/v2\/comments?post=280"}],"version-history":[{"count":20,"href":"https:\/\/rumex.mendelu.cz\/atlasposkozenidrevin\/index.php\/wp-json\/wp\/v2\/pages\/280\/revisions"}],"predecessor-version":[{"id":4885,"href":"https:\/\/rumex.mendelu.cz\/atlasposkozenidrevin\/index.php\/wp-json\/wp\/v2\/pages\/280\/revisions\/4885"}],"wp:attachment":[{"href":"https:\/\/rumex.mendelu.cz\/atlasposkozenidrevin\/index.php\/wp-json\/wp\/v2\/media?parent=280"}],"curies":[{"name":"wp","href":"https:\/\/api.w.org\/{rel}","templated":true}]}}