{"id":271,"date":"2019-08-13T11:53:37","date_gmt":"2019-08-13T09:53:37","guid":{"rendered":"http:\/\/rumex.mendelu.cz\/atlasposkozenidrevin\/?page_id=271"},"modified":"2025-02-04T13:32:55","modified_gmt":"2025-02-04T12:32:55","slug":"troudnatec-kopytovity","status":"publish","type":"page","link":"https:\/\/rumex.mendelu.cz\/atlasposkozenidrevin\/index.php\/troudnatec-kopytovity\/","title":{"rendered":"troudnatec kopytovit\u00fd"},"content":{"rendered":"\n<p class=\"has-text-align-left has-medium-font-size\"><em><strong>Fomes fomentarius <\/strong><\/em><strong>(L.: FR.) Fr. <\/strong><\/p>\n\n\n\n<p><strong>HOSTITELSK\u00c9 D\u0158EVINY:<\/strong> listn\u00e1\u010de, nej\u010dast\u011bji buk (<em>Fagus<\/em>), dub (<em>Quercus<\/em>), javor (<em>Acer<\/em>), j\u00edrovec (<em>Aesculus<\/em>), b\u0159\u00edza (<em>Betula<\/em>) a dal\u0161\u00ed. <\/p>\n\n\n\n<p><strong>SYMPTOMY: <\/strong>typick\u00e9 plodnice na kmeni, kter\u00e9 nar\u016fstaj\u00ed velmi ochotn\u011b.<\/p>\n\n\n\n<p><strong>PLODNICE: <\/strong>v\u00edcelet\u00e9, kopytovit\u00e9ho, polokruhovit\u00e9ho tvaru, povrch maj\u00ed p\u00e1sovan\u00fd od p\u0159ir\u016fstaj\u00edc\u00edch vrstev, v ml\u00e1d\u00ed boch\u00e1nkovit\u00e9ho tvaru, u mlad\u00fdch plodnic barva hn\u011bd\u00e1, pozd\u011bji \u0161edohn\u011bd\u00e1 a\u017e \u0161ed\u00e1, du\u017enina m\u011bkk\u00e1, rezav\u011b hn\u011bd\u00e1, se zrnit\u00fdm j\u00e1drem, rourky hn\u011bd\u00e9, v \u00fast\u00ed kr\u00e9mov\u00e9, sv\u011btle hn\u011bd\u00e9, otla\u010den\u00edm v ml\u00e1d\u00ed tmavnouc\u00ed, b\u00edl\u00fd v\u00fdtrusn\u00fd prach.<\/p>\n\n\n\n<p><\/p>\n\n\n<style type=\"text\/css\">\n#foogallery-gallery-3193 .fg-image { width: 365px; }\n#foogallery-gallery-3193 { --fg-gutter: 10px; }<\/style>\n\t\t\t<div class=\"foogallery foogallery-container foogallery-default foogallery-lightbox-none fg-left fg-default fg-ready fg-light fg-border-thin fg-shadow-outline fg-loading-default fg-loaded-fade-in fg-caption-always fg-hover-fade fg-hover-zoom\" id=\"foogallery-gallery-3193\" data-foogallery=\"{&quot;item&quot;:{&quot;showCaptionTitle&quot;:false,&quot;showCaptionDescription&quot;:true},&quot;lazy&quot;:true}\" style=\"--fg-title-line-clamp: 0; --fg-description-line-clamp: 0;\" >\n\t<div class=\"fg-item fg-type-image fg-idle\"><figure class=\"fg-item-inner\"><a href=\"https:\/\/rumex.mendelu.cz\/atlasposkozenidrevin\/wp-content\/uploads\/2020\/02\/PB134003-1.jpg\" data-caption-title=\"Plodnice na t\u0159e\u0161ni, PR Coufav\u00e1 2011.\" data-caption-desc=\"Plodnice na t\u0159e\u0161ni, PR Coufav\u00e1 2011.\" data-attachment-id=\"4872\" data-type=\"image\" class=\"fg-thumb\"><span class=\"fg-image-wrap\"><img fetchpriority=\"high\" decoding=\"async\" title=\"Plodnice na t\u0159e\u0161ni, PR Coufav\u00e1 2011.\" width=\"365\" height=\"320\" class=\"skip-lazy fg-image\" data-src-fg=\"https:\/\/rumex.mendelu.cz\/atlasposkozenidrevin\/wp-content\/uploads\/cache\/2020\/02\/PB134003-1\/2312321622.jpg\" src=\"data:image\/svg+xml,%3Csvg%20xmlns%3D%22http%3A%2F%2Fwww.w3.org%2F2000%2Fsvg%22%20width%3D%22365%22%20height%3D%22320%22%20viewBox%3D%220%200%20365%20320%22%3E%3C%2Fsvg%3E\" loading=\"eager\"><\/span><span class=\"fg-image-overlay\"><\/span><\/a><figcaption class=\"fg-caption\"><div class=\"fg-caption-inner\"><div class=\"fg-caption-desc\">Plodnice na t\u0159e\u0161ni, PR Coufav\u00e1 2011.<\/div><\/div><\/figcaption><\/figure><div class=\"fg-loader\"><\/div><\/div><div class=\"fg-item fg-type-image fg-idle\"><figure class=\"fg-item-inner\"><a href=\"https:\/\/rumex.mendelu.cz\/atlasposkozenidrevin\/wp-content\/uploads\/2020\/02\/P8105181.jpg\" data-caption-title=\"Plodnice na b\u0159\u00edze, Arboretum K\u0159tiny 2012.\" data-caption-desc=\"Plodnice na b\u0159\u00edze, Arboretum K\u0159tiny 2012.\" data-attachment-id=\"4870\" data-type=\"image\" class=\"fg-thumb\"><span class=\"fg-image-wrap\"><img decoding=\"async\" title=\"Plodnice na b\u0159\u00edze, Arboretum K\u0159tiny 2012.\" width=\"365\" height=\"320\" class=\"skip-lazy fg-image\" data-src-fg=\"https:\/\/rumex.mendelu.cz\/atlasposkozenidrevin\/wp-content\/uploads\/cache\/2020\/02\/P8105181\/3226506060.jpg\" src=\"data:image\/svg+xml,%3Csvg%20xmlns%3D%22http%3A%2F%2Fwww.w3.org%2F2000%2Fsvg%22%20width%3D%22365%22%20height%3D%22320%22%20viewBox%3D%220%200%20365%20320%22%3E%3C%2Fsvg%3E\" loading=\"eager\"><\/span><span class=\"fg-image-overlay\"><\/span><\/a><figcaption class=\"fg-caption\"><div class=\"fg-caption-inner\"><div class=\"fg-caption-desc\">Plodnice na b\u0159\u00edze, Arboretum K\u0159tiny 2012.<\/div><\/div><\/figcaption><\/figure><div class=\"fg-loader\"><\/div><\/div><div class=\"fg-item fg-type-image fg-idle\"><figure class=\"fg-item-inner\"><a href=\"https:\/\/rumex.mendelu.cz\/atlasposkozenidrevin\/wp-content\/uploads\/2020\/02\/fomes_fomentarius44.jpg\" data-caption-title=\"Tmav\u00e9 j\u00e1dro plodnice, K\u0159i\u017e\u00e1nky 2006.\" data-caption-desc=\"Tmav\u00e9 j\u00e1dro plodnice, K\u0159i\u017e\u00e1nky 2006.\" data-attachment-id=\"4868\" data-type=\"image\" class=\"fg-thumb\"><span class=\"fg-image-wrap\"><img decoding=\"async\" title=\"Tmav\u00e9 j\u00e1dro plodnice, K\u0159i\u017e\u00e1nky 2006.\" width=\"365\" height=\"320\" class=\"skip-lazy fg-image\" data-src-fg=\"https:\/\/rumex.mendelu.cz\/atlasposkozenidrevin\/wp-content\/uploads\/cache\/2020\/02\/fomes_fomentarius44\/2195669536.jpg\" src=\"data:image\/svg+xml,%3Csvg%20xmlns%3D%22http%3A%2F%2Fwww.w3.org%2F2000%2Fsvg%22%20width%3D%22365%22%20height%3D%22320%22%20viewBox%3D%220%200%20365%20320%22%3E%3C%2Fsvg%3E\" loading=\"eager\"><\/span><span class=\"fg-image-overlay\"><\/span><\/a><figcaption class=\"fg-caption\"><div class=\"fg-caption-inner\"><div class=\"fg-caption-desc\">Tmav\u00e9 j\u00e1dro plodnice, K\u0159i\u017e\u00e1nky 2006.<\/div><\/div><\/figcaption><\/figure><div class=\"fg-loader\"><\/div><\/div><\/div>\n\n\n\n<p><\/p>\n\n\n\n<p><strong>HNILOBA:<\/strong> b\u00edl\u00e1, v&nbsp;n\u00ed \u010dasto viditeln\u00e9 b\u00edl\u00e9 syrocium, kter\u00e9 prostupuje hnilobu v pod\u00e9ln\u00e9m sm\u011bru, k&nbsp;prim\u00e1rn\u00edm zlom\u016fm kmen\u016f doch\u00e1z\u00ed v m\u00edst\u011b nejpokro\u010dilej\u0161\u00ed hniloby.<\/p>\n\n\n\n<p><strong>V\u00ddZNAM A OCHRANA: <\/strong>omezit poran\u011bn\u00ed kmene, b\u00edl\u00e1 hniloba troudnatce rychle pronik\u00e1 a po\u0161kozen\u00e9 d\u0159eviny se \u010dasto l\u00e1mou, v p\u0159\u00edpad\u011b infekce kmene je velk\u00e9 riziko naru\u0161en\u00ed statiky stromu.<\/p>\n\n\n\n<p><strong>MO\u017dNOST Z\u00c1M\u011aNY: <\/strong>troudnatec p\u00e1sovan\u00fd (<em>Fomitopsis pinicola<\/em>) m\u00e1 b\u00edlou du\u017eninu plodnice, p\u016fsob\u00ed hn\u011bd\u00e9 tlen\u00ed a plodnice m\u00e1&nbsp; charakteristick\u00fd z\u00e1pach po t\u0159\u00edslu, lesklokorka plosk\u00e1 (<em>Ganoderma applanatum<\/em>)&nbsp; m\u00e1 ten\u010d\u00ed plodnice, \u00fast\u00ed rourek oma\u010dk\u00e1n\u00edm hn\u011bdne a uvol\u0148uje hn\u011bd\u00fd v\u00fdtrusn\u00fd prach.<\/p>\n\n\n<style type=\"text\/css\">\n#foogallery-gallery-3195 .fg-image { width: 365px; }\n#foogallery-gallery-3195 { --fg-gutter: 10px; }<\/style>\n\t\t\t<div class=\"foogallery foogallery-container foogallery-default foogallery-lightbox-none fg-left fg-default fg-ready fg-light fg-border-thin fg-shadow-outline fg-loading-default fg-loaded-fade-in fg-caption-always fg-hover-fade fg-hover-zoom\" id=\"foogallery-gallery-3195\" data-foogallery=\"{&quot;item&quot;:{&quot;showCaptionTitle&quot;:false,&quot;showCaptionDescription&quot;:true},&quot;lazy&quot;:true}\" style=\"--fg-title-line-clamp: 0; --fg-description-line-clamp: 0;\" >\n\t<div class=\"fg-item fg-type-image fg-idle\"><figure class=\"fg-item-inner\"><a href=\"https:\/\/rumex.mendelu.cz\/atlasposkozenidrevin\/wp-content\/uploads\/2020\/02\/P923074723092009_59.jpg\" data-caption-title=\"B\u00edl\u00e1 hniloba troudnatce, Arboretum K\u0159tiny 2006.\" data-caption-desc=\"B\u00edl\u00e1 hniloba troudnatce, Arboretum K\u0159tiny 2006.\" data-attachment-id=\"4871\" data-type=\"image\" class=\"fg-thumb\"><span class=\"fg-image-wrap\"><img decoding=\"async\" title=\"B\u00edl\u00e1 hniloba troudnatce, Arboretum K\u0159tiny 2006.\" width=\"365\" height=\"320\" class=\"skip-lazy fg-image\" data-src-fg=\"https:\/\/rumex.mendelu.cz\/atlasposkozenidrevin\/wp-content\/uploads\/cache\/2020\/02\/P923074723092009_59\/1721065861.jpg\" src=\"data:image\/svg+xml,%3Csvg%20xmlns%3D%22http%3A%2F%2Fwww.w3.org%2F2000%2Fsvg%22%20width%3D%22365%22%20height%3D%22320%22%20viewBox%3D%220%200%20365%20320%22%3E%3C%2Fsvg%3E\" loading=\"eager\"><\/span><span class=\"fg-image-overlay\"><\/span><\/a><figcaption class=\"fg-caption\"><div class=\"fg-caption-inner\"><div class=\"fg-caption-desc\">B\u00edl\u00e1 hniloba troudnatce, Arboretum K\u0159tiny 2006.<\/div><\/div><\/figcaption><\/figure><div class=\"fg-loader\"><\/div><\/div><div class=\"fg-item fg-type-image fg-idle\"><figure class=\"fg-item-inner\"><a href=\"https:\/\/rumex.mendelu.cz\/atlasposkozenidrevin\/wp-content\/uploads\/2020\/02\/fomes_fomentarius70.jpg\" data-caption-title=\"Zlom buku, K\u0159i\u017e\u00e1nky 2006.\" data-caption-desc=\"Zlom buku, K\u0159i\u017e\u00e1nky 2006.\" data-attachment-id=\"4869\" data-type=\"image\" class=\"fg-thumb\"><span class=\"fg-image-wrap\"><img decoding=\"async\" title=\"Zlom buku, K\u0159i\u017e\u00e1nky 2006.\" width=\"365\" height=\"320\" class=\"skip-lazy fg-image\" data-src-fg=\"https:\/\/rumex.mendelu.cz\/atlasposkozenidrevin\/wp-content\/uploads\/cache\/2020\/02\/fomes_fomentarius70\/1511356311.jpg\" src=\"data:image\/svg+xml,%3Csvg%20xmlns%3D%22http%3A%2F%2Fwww.w3.org%2F2000%2Fsvg%22%20width%3D%22365%22%20height%3D%22320%22%20viewBox%3D%220%200%20365%20320%22%3E%3C%2Fsvg%3E\" loading=\"eager\"><\/span><span class=\"fg-image-overlay\"><\/span><\/a><figcaption class=\"fg-caption\"><div class=\"fg-caption-inner\"><div class=\"fg-caption-desc\">Zlom buku, K\u0159i\u017e\u00e1nky 2006.<\/div><\/div><\/figcaption><\/figure><div class=\"fg-loader\"><\/div><\/div><div class=\"fg-item fg-type-image fg-idle\"><figure class=\"fg-item-inner\"><a href=\"https:\/\/rumex.mendelu.cz\/atlasposkozenidrevin\/wp-content\/uploads\/2020\/02\/fomes_fomentarius9-2.jpg\" data-caption-title=\"Geotropismus plodnic, Arboretum K\u0159tiny 2007.\" data-caption-desc=\"Geotropismus plodnic, Arboretum K\u0159tiny 2007.\" data-attachment-id=\"4867\" data-type=\"image\" class=\"fg-thumb\"><span class=\"fg-image-wrap\"><img decoding=\"async\" title=\"Geotropismus plodnic, Arboretum K\u0159tiny 2007.\" width=\"365\" height=\"320\" class=\"skip-lazy fg-image\" data-src-fg=\"https:\/\/rumex.mendelu.cz\/atlasposkozenidrevin\/wp-content\/uploads\/cache\/2020\/02\/fomes_fomentarius9-2\/2081098762.jpg\" src=\"data:image\/svg+xml,%3Csvg%20xmlns%3D%22http%3A%2F%2Fwww.w3.org%2F2000%2Fsvg%22%20width%3D%22365%22%20height%3D%22320%22%20viewBox%3D%220%200%20365%20320%22%3E%3C%2Fsvg%3E\" loading=\"eager\"><\/span><span class=\"fg-image-overlay\"><\/span><\/a><figcaption class=\"fg-caption\"><div class=\"fg-caption-inner\"><div class=\"fg-caption-desc\">Geotropismus plodnic, Arboretum K\u0159tiny 2007.<\/div><\/div><\/figcaption><\/figure><div class=\"fg-loader\"><\/div><\/div><\/div>\n","protected":false},"excerpt":{"rendered":"<p>Fomes fomentarius (L.: FR.) Fr. HOSTITELSK\u00c9 D\u0158EVINY: listn\u00e1\u010de, nej\u010dast\u011bji buk (Fagus), dub (Quercus), javor (Acer), [&hellip;]<\/p>\n","protected":false},"author":2,"featured_media":0,"parent":0,"menu_order":0,"comment_status":"closed","ping_status":"closed","template":"template-full-width.php","meta":{"footnotes":""},"class_list":["post-271","page","type-page","status-publish","hentry"],"_links":{"self":[{"href":"https:\/\/rumex.mendelu.cz\/atlasposkozenidrevin\/index.php\/wp-json\/wp\/v2\/pages\/271","targetHints":{"allow":["GET"]}}],"collection":[{"href":"https:\/\/rumex.mendelu.cz\/atlasposkozenidrevin\/index.php\/wp-json\/wp\/v2\/pages"}],"about":[{"href":"https:\/\/rumex.mendelu.cz\/atlasposkozenidrevin\/index.php\/wp-json\/wp\/v2\/types\/page"}],"author":[{"embeddable":true,"href":"https:\/\/rumex.mendelu.cz\/atlasposkozenidrevin\/index.php\/wp-json\/wp\/v2\/users\/2"}],"replies":[{"embeddable":true,"href":"https:\/\/rumex.mendelu.cz\/atlasposkozenidrevin\/index.php\/wp-json\/wp\/v2\/comments?post=271"}],"version-history":[{"count":19,"href":"https:\/\/rumex.mendelu.cz\/atlasposkozenidrevin\/index.php\/wp-json\/wp\/v2\/pages\/271\/revisions"}],"predecessor-version":[{"id":4874,"href":"https:\/\/rumex.mendelu.cz\/atlasposkozenidrevin\/index.php\/wp-json\/wp\/v2\/pages\/271\/revisions\/4874"}],"wp:attachment":[{"href":"https:\/\/rumex.mendelu.cz\/atlasposkozenidrevin\/index.php\/wp-json\/wp\/v2\/media?parent=271"}],"curies":[{"name":"wp","href":"https:\/\/api.w.org\/{rel}","templated":true}]}}