{"id":233,"date":"2019-08-12T13:50:11","date_gmt":"2019-08-12T11:50:11","guid":{"rendered":"http:\/\/rumex.mendelu.cz\/atlasposkozenidrevin\/?page_id=233"},"modified":"2025-02-11T13:30:59","modified_gmt":"2025-02-11T12:30:59","slug":"skotska-sypavka-douglasky","status":"publish","type":"page","link":"https:\/\/rumex.mendelu.cz\/atlasposkozenidrevin\/index.php\/skotska-sypavka-douglasky\/","title":{"rendered":"skotsk\u00e1 sypavka douglasky"},"content":{"rendered":"\n<p class=\"has-text-align-left has-medium-font-size\"><em><strong>Rhabdocline pseudotsugae<\/strong><\/em><strong>&nbsp;Syd.&nbsp;<\/strong><\/p>\n\n\n\n<p><strong>HOSTITELSK\u00c9 D\u0158EVINY: <\/strong>douglaska tisolist\u00e1 (<em>Pseudotsuga menziesii<\/em>)<em>, <\/em>citliv\u00e9 jsou modrozelen\u00e9 kultivary \u00b4\u00b4\u00b4\u00b4 Glauca\u00b4  a  \u00b4 Glauca Pendula\u00b4 <\/p>\n\n\n\n<p><strong>SYMPTOMY A BIONOMIE: <\/strong>typick\u00fdm projevem je opad cel\u00fdch ro\u010dn\u00edk\u016f jehlic. M\u00edra defoliace z\u00e1vis\u00ed na p\u0159ekr\u00fdv\u00e1n\u00ed fenologick\u00fdch f\u00e1z\u00ed sypavky a stupn\u011b po\u010d\u00e1tku ra\u0161en\u00ed jehlic. Pokud se tyto dv\u011b f\u00e1ze nesetkaj\u00ed, k&nbsp;vzniku infekce nedoch\u00e1z\u00ed. Prvn\u00ed symptomy se objevuj\u00ed v&nbsp;srpnu a\u017e listopadu v&nbsp;podob\u011b chlorotick\u00fdch skvrn, kter\u00e9 p\u0159ech\u00e1z\u00ed do fialovo\u0161ed\u00e9ho mramorov\u00e1n\u00ed. Na ja\u0159e jsou v\u00fdrazn\u011bj\u0161\u00ed a kontrastuj\u00ed se zelen\u00fdm z\u00e1kladem jehlice. V&nbsp;dubnu a\u017e kv\u011btnu se pod\u00e9l hlavn\u00edho nervu ze spodn\u00ed strany jehlice tvo\u0159\u00ed apothecia, kter\u00e1 se za vlhk\u00e9ho po\u010das\u00ed otev\u00edraj\u00ed \u00fazkou \u0161t\u011brbinou. Uvol\u0148uj\u00ed se z nich ov\u00e1ln\u00e9, v\u0159etenovit\u00e9 askospory, kter\u00e9 infikuj\u00ed ra\u0161\u00edc\u00ed jehlice. Konidiov\u00e9 st\u00e1dium<em> Rhabdogloeum hypophyllum<\/em>&nbsp; vytv\u00e1\u0159\u00ed drobn\u00e9 \u010dern\u00e9 pyknidy v&nbsp;\u0159ad\u00e1ch pod\u00e9l st\u0159edn\u00edho nervu jehlice.&nbsp;Skotsk\u00e1 sypavka douglasky postihuje v\u017edy jeden ro\u010dn\u00edk jehli\u010d\u00ed a opakov\u00e1n\u00edm infekce se zkracuj\u00ed p\u0159ir\u016fstaj\u00edc\u00ed v\u00fdhony a z\u016fst\u00e1vaj\u00ed jehlice pouze posledn\u00edho ro\u010dn\u00edku. <\/p>\n\n\n\n<p><\/p>\n\n\n<style type=\"text\/css\">\n#foogallery-gallery-3131 .fg-image { width: 365px; }\n#foogallery-gallery-3131 { --fg-gutter: 10px; }<\/style>\n\t\t\t<div class=\"foogallery foogallery-container foogallery-default foogallery-lightbox-none fg-left fg-default fg-ready fg-light fg-border-thin fg-shadow-outline fg-loading-default fg-loaded-fade-in fg-caption-always fg-hover-fade fg-hover-zoom\" id=\"foogallery-gallery-3131\" data-foogallery=\"{&quot;item&quot;:{&quot;showCaptionTitle&quot;:false,&quot;showCaptionDescription&quot;:true},&quot;lazy&quot;:true}\" style=\"--fg-title-line-clamp: 0; --fg-description-line-clamp: 0;\" >\n\t<div class=\"fg-item fg-type-image fg-idle\"><figure class=\"fg-item-inner\"><a href=\"https:\/\/rumex.mendelu.cz\/atlasposkozenidrevin\/wp-content\/uploads\/2020\/02\/Rhabdocline_pseudotsugae_26.jpg\" data-caption-title=\"Fialovo\u0161ed\u00e9 mramorov\u00e1n\u00ed jehlic douglasky, Arboretum \u0158\u00edcmanice 2004.\" data-caption-desc=\"Fialovo\u0161ed\u00e9 mramorov\u00e1n\u00ed jehlic douglasky, Arboretum \u0158\u00edcmanice 2004.\" data-attachment-id=\"5262\" data-type=\"image\" class=\"fg-thumb\"><span class=\"fg-image-wrap\"><img fetchpriority=\"high\" decoding=\"async\" title=\"Fialovo\u0161ed\u00e9 mramorov\u00e1n\u00ed jehlic douglasky, Arboretum \u0158\u00edcmanice 2004.\" width=\"365\" height=\"320\" class=\"skip-lazy fg-image\" data-src-fg=\"https:\/\/rumex.mendelu.cz\/atlasposkozenidrevin\/wp-content\/uploads\/cache\/2020\/02\/Rhabdocline_pseudotsugae_26\/2021139488.jpg\" src=\"data:image\/svg+xml,%3Csvg%20xmlns%3D%22http%3A%2F%2Fwww.w3.org%2F2000%2Fsvg%22%20width%3D%22365%22%20height%3D%22320%22%20viewBox%3D%220%200%20365%20320%22%3E%3C%2Fsvg%3E\" loading=\"eager\"><\/span><span class=\"fg-image-overlay\"><\/span><\/a><figcaption class=\"fg-caption\"><div class=\"fg-caption-inner\"><div class=\"fg-caption-desc\">Fialovo\u0161ed\u00e9 mramorov\u00e1n\u00ed jehlic douglasky, Arboretum \u0158\u00edcmanice 2004.<\/div><\/div><\/figcaption><\/figure><div class=\"fg-loader\"><\/div><\/div><div class=\"fg-item fg-type-image fg-idle\"><figure class=\"fg-item-inner\"><a href=\"https:\/\/rumex.mendelu.cz\/atlasposkozenidrevin\/wp-content\/uploads\/2020\/02\/Rhabdocline_pseudotsugae_20.jpg\" data-caption-title=\"Fialovo\u0161ed\u00e9 mramorov\u00e1n\u00ed jehlic douglasky, Arboretum \u0158\u00edcmanice 2004.\" data-caption-desc=\"Fialovo\u0161ed\u00e9 mramorov\u00e1n\u00ed jehlic douglasky, Arboretum \u0158\u00edcmanice 2004.\" data-attachment-id=\"5261\" data-type=\"image\" class=\"fg-thumb\"><span class=\"fg-image-wrap\"><img decoding=\"async\" title=\"Fialovo\u0161ed\u00e9 mramorov\u00e1n\u00ed jehlic douglasky, Arboretum \u0158\u00edcmanice 2004.\" width=\"365\" height=\"320\" class=\"skip-lazy fg-image\" data-src-fg=\"https:\/\/rumex.mendelu.cz\/atlasposkozenidrevin\/wp-content\/uploads\/cache\/2020\/02\/Rhabdocline_pseudotsugae_20\/3245662730.jpg\" src=\"data:image\/svg+xml,%3Csvg%20xmlns%3D%22http%3A%2F%2Fwww.w3.org%2F2000%2Fsvg%22%20width%3D%22365%22%20height%3D%22320%22%20viewBox%3D%220%200%20365%20320%22%3E%3C%2Fsvg%3E\" loading=\"eager\"><\/span><span class=\"fg-image-overlay\"><\/span><\/a><figcaption class=\"fg-caption\"><div class=\"fg-caption-inner\"><div class=\"fg-caption-desc\">Fialovo\u0161ed\u00e9 mramorov\u00e1n\u00ed jehlic douglasky, Arboretum \u0158\u00edcmanice 2004.<\/div><\/div><\/figcaption><\/figure><div class=\"fg-loader\"><\/div><\/div><div class=\"fg-item fg-type-image fg-idle\"><figure class=\"fg-item-inner\"><a href=\"https:\/\/rumex.mendelu.cz\/atlasposkozenidrevin\/wp-content\/uploads\/2020\/02\/Rhabdocline_pseudotsugae_016.jpg\" data-caption-title=\"Fialovo\u0161ed\u00e9 mramorov\u00e1n\u00ed jehlic douglasky, Arboretum \u0158\u00edcmanice 2010.\" data-caption-desc=\"Fialovo\u0161ed\u00e9 mramorov\u00e1n\u00ed jehlic douglasky, Arboretum \u0158\u00edcmanice 2010.\" data-attachment-id=\"5259\" data-type=\"image\" class=\"fg-thumb\"><span class=\"fg-image-wrap\"><img decoding=\"async\" title=\"Fialovo\u0161ed\u00e9 mramorov\u00e1n\u00ed jehlic douglasky, Arboretum \u0158\u00edcmanice 2010.\" width=\"365\" height=\"320\" class=\"skip-lazy fg-image\" data-src-fg=\"https:\/\/rumex.mendelu.cz\/atlasposkozenidrevin\/wp-content\/uploads\/cache\/2020\/02\/Rhabdocline_pseudotsugae_016\/1931995168.jpg\" src=\"data:image\/svg+xml,%3Csvg%20xmlns%3D%22http%3A%2F%2Fwww.w3.org%2F2000%2Fsvg%22%20width%3D%22365%22%20height%3D%22320%22%20viewBox%3D%220%200%20365%20320%22%3E%3C%2Fsvg%3E\" loading=\"eager\"><\/span><span class=\"fg-image-overlay\"><\/span><\/a><figcaption class=\"fg-caption\"><div class=\"fg-caption-inner\"><div class=\"fg-caption-desc\">Fialovo\u0161ed\u00e9 mramorov\u00e1n\u00ed jehlic douglasky, Arboretum \u0158\u00edcmanice 2010.<\/div><\/div><\/figcaption><\/figure><div class=\"fg-loader\"><\/div><\/div><\/div>\n\n\n\n<p><\/p>\n\n\n<style type=\"text\/css\">\n#foogallery-gallery-3134 .fg-image { width: 365px; }\n#foogallery-gallery-3134 { --fg-gutter: 10px; }<\/style>\n\t\t\t<div class=\"foogallery foogallery-container foogallery-default foogallery-lightbox-none fg-left fg-default fg-ready fg-light fg-border-thin fg-shadow-outline fg-loading-default fg-loaded-fade-in fg-caption-always fg-hover-fade fg-hover-zoom\" id=\"foogallery-gallery-3134\" data-foogallery=\"{&quot;item&quot;:{&quot;showCaptionTitle&quot;:false,&quot;showCaptionDescription&quot;:true},&quot;lazy&quot;:true}\" style=\"--fg-title-line-clamp: 0; --fg-description-line-clamp: 0;\" >\n\t<div class=\"fg-item fg-type-image fg-idle\"><figure class=\"fg-item-inner\"><a href=\"https:\/\/rumex.mendelu.cz\/atlasposkozenidrevin\/wp-content\/uploads\/2020\/02\/Rhabdocline-50x-8.jpg\" data-caption-title=\"Detail apothecia, laborato\u0159 \u00daOLM LDF Brno 2010.\" data-caption-desc=\"Detail apothecia, laborato\u0159 \u00daOLM LDF Brno 2010.\" data-attachment-id=\"5257\" data-type=\"image\" class=\"fg-thumb\"><span class=\"fg-image-wrap\"><img decoding=\"async\" title=\"Detail apothecia, laborato\u0159 \u00daOLM LDF Brno 2010.\" width=\"365\" height=\"320\" class=\"skip-lazy fg-image\" data-src-fg=\"https:\/\/rumex.mendelu.cz\/atlasposkozenidrevin\/wp-content\/uploads\/cache\/2020\/02\/Rhabdocline-50x-8\/3196347595.jpg\" src=\"data:image\/svg+xml,%3Csvg%20xmlns%3D%22http%3A%2F%2Fwww.w3.org%2F2000%2Fsvg%22%20width%3D%22365%22%20height%3D%22320%22%20viewBox%3D%220%200%20365%20320%22%3E%3C%2Fsvg%3E\" loading=\"eager\"><\/span><span class=\"fg-image-overlay\"><\/span><\/a><figcaption class=\"fg-caption\"><div class=\"fg-caption-inner\"><div class=\"fg-caption-desc\">Detail apothecia, laborato\u0159 \u00daOLM LDF Brno 2010.<\/div><\/div><\/figcaption><\/figure><div class=\"fg-loader\"><\/div><\/div><div class=\"fg-item fg-type-image fg-idle\"><figure class=\"fg-item-inner\"><a href=\"https:\/\/rumex.mendelu.cz\/atlasposkozenidrevin\/wp-content\/uploads\/2020\/02\/Rhabdocline-7x-1.jpg\" data-caption-title=\"Apothecia na rubu jehlic u douglasky, laborato\u0159 \u00daOLM LDF Brno 2006.\" data-caption-desc=\"Apothecia na rubu jehlic u douglasky, laborato\u0159 \u00daOLM LDF Brno 2006.\" data-attachment-id=\"5253\" data-type=\"image\" class=\"fg-thumb\"><span class=\"fg-image-wrap\"><img decoding=\"async\" title=\"Apothecia na rubu jehlic u douglasky, laborato\u0159 \u00daOLM LDF Brno 2006.\" width=\"365\" height=\"320\" class=\"skip-lazy fg-image\" data-src-fg=\"https:\/\/rumex.mendelu.cz\/atlasposkozenidrevin\/wp-content\/uploads\/cache\/2020\/02\/Rhabdocline-7x-1\/1976303731.jpg\" src=\"data:image\/svg+xml,%3Csvg%20xmlns%3D%22http%3A%2F%2Fwww.w3.org%2F2000%2Fsvg%22%20width%3D%22365%22%20height%3D%22320%22%20viewBox%3D%220%200%20365%20320%22%3E%3C%2Fsvg%3E\" loading=\"eager\"><\/span><span class=\"fg-image-overlay\"><\/span><\/a><figcaption class=\"fg-caption\"><div class=\"fg-caption-inner\"><div class=\"fg-caption-desc\">Apothecia na rubu jehlic u douglasky, laborato\u0159 \u00daOLM LDF Brno 2006.<\/div><\/div><\/figcaption><\/figure><div class=\"fg-loader\"><\/div><\/div><div class=\"fg-item fg-type-image fg-idle\"><figure class=\"fg-item-inner\"><a href=\"https:\/\/rumex.mendelu.cz\/atlasposkozenidrevin\/wp-content\/uploads\/2020\/02\/Rhabdocline-7x-3.jpg\" data-caption-title=\"Apothecia na rubu jehlic u douglasky, laborato\u0159 \u00daOLM LDF Brno 2006.\" data-caption-desc=\"Apothecia na rubu jehlic u douglasky, laborato\u0159 \u00daOLM LDF Brno 2006.\" data-attachment-id=\"5254\" data-type=\"image\" class=\"fg-thumb\"><span class=\"fg-image-wrap\"><img decoding=\"async\" title=\"Apothecia na rubu jehlic u douglasky, laborato\u0159 \u00daOLM LDF Brno 2006.\" width=\"365\" height=\"320\" class=\"skip-lazy fg-image\" data-src-fg=\"https:\/\/rumex.mendelu.cz\/atlasposkozenidrevin\/wp-content\/uploads\/cache\/2020\/02\/Rhabdocline-7x-3\/2479204950.jpg\" src=\"data:image\/svg+xml,%3Csvg%20xmlns%3D%22http%3A%2F%2Fwww.w3.org%2F2000%2Fsvg%22%20width%3D%22365%22%20height%3D%22320%22%20viewBox%3D%220%200%20365%20320%22%3E%3C%2Fsvg%3E\" loading=\"eager\"><\/span><span class=\"fg-image-overlay\"><\/span><\/a><figcaption class=\"fg-caption\"><div class=\"fg-caption-inner\"><div class=\"fg-caption-desc\">Apothecia na rubu jehlic u douglasky, laborato\u0159 \u00daOLM LDF Brno 2006.<\/div><\/div><\/figcaption><\/figure><div class=\"fg-loader\"><\/div><\/div><\/div>\n\n\n\n<p><\/p>\n\n\n\n<p><strong>V\u00ddZNAM A OCHRANA:<\/strong> chemick\u00e9 post\u0159iky se prov\u00e1d\u011bj\u00ed pouze u citliv\u00fdch kultivar\u016f p\u0159i aktu\u00e1ln\u00edm v\u00fdskytu a to v mal\u00fdch okrasn\u00fdch v\u00fdsadb\u00e1ch, pop\u0159. ve \u0161kolk\u00e1ch, spektrum pou\u017e\u00edvan\u00fdch fungicid\u016f je stejn\u00e9 jako u sypavek borovice.<\/p>\n\n\n\n<p><\/p>\n\n\n<style type=\"text\/css\">\n#foogallery-gallery-3132 .fg-image { width: 560px; }\n#foogallery-gallery-3132 { --fg-gutter: 10px; }<\/style>\n\t\t\t<div class=\"foogallery foogallery-container foogallery-default foogallery-lightbox-none fg-left fg-default fg-ready fg-light fg-border-thin fg-shadow-outline fg-loading-default fg-loaded-fade-in fg-caption-always fg-hover-fade fg-hover-zoom\" id=\"foogallery-gallery-3132\" data-foogallery=\"{&quot;item&quot;:{&quot;showCaptionTitle&quot;:false,&quot;showCaptionDescription&quot;:true},&quot;lazy&quot;:true}\" style=\"--fg-title-line-clamp: 0; --fg-description-line-clamp: 0;\" >\n\t<div class=\"fg-item fg-type-image fg-idle\"><figure class=\"fg-item-inner\"><a href=\"https:\/\/rumex.mendelu.cz\/atlasposkozenidrevin\/wp-content\/uploads\/2020\/02\/Rhabdocline_pseudotsugae_18.jpg\" data-caption-title=\"Symptomy propadl\u00e9ho jehli\u010d\u00ed v korun\u011b douglasky, Hackerova \u0161kolka, \u0160LP ML K\u0159tiny 2004.\" data-caption-desc=\"Symptomy propadl\u00e9ho jehli\u010d\u00ed v korun\u011b douglasky, Hackerova \u0161kolka, \u0160LP ML K\u0159tiny 2004.\" data-attachment-id=\"5260\" data-type=\"image\" class=\"fg-thumb\"><span class=\"fg-image-wrap\"><img decoding=\"async\" title=\"Symptomy propadl\u00e9ho jehli\u010d\u00ed v korun\u011b douglasky, Hackerova \u0161kolka, \u0160LP ML K\u0159tiny 2004.\" width=\"560\" height=\"430\" class=\"skip-lazy fg-image\" data-src-fg=\"https:\/\/rumex.mendelu.cz\/atlasposkozenidrevin\/wp-content\/uploads\/cache\/2020\/02\/Rhabdocline_pseudotsugae_18\/2047746130.jpg\" src=\"data:image\/svg+xml,%3Csvg%20xmlns%3D%22http%3A%2F%2Fwww.w3.org%2F2000%2Fsvg%22%20width%3D%22560%22%20height%3D%22430%22%20viewBox%3D%220%200%20560%20430%22%3E%3C%2Fsvg%3E\" loading=\"eager\"><\/span><span class=\"fg-image-overlay\"><\/span><\/a><figcaption class=\"fg-caption\"><div class=\"fg-caption-inner\"><div class=\"fg-caption-desc\">Symptomy propadl\u00e9ho jehli\u010d\u00ed v korun\u011b douglasky, Hackerova \u0161kolka, \u0160LP ML K\u0159tiny 2004.<\/div><\/div><\/figcaption><\/figure><div class=\"fg-loader\"><\/div><\/div><div class=\"fg-item fg-type-image fg-idle\"><figure class=\"fg-item-inner\"><a href=\"https:\/\/rumex.mendelu.cz\/atlasposkozenidrevin\/wp-content\/uploads\/2020\/02\/Rhabdocline_pseudotsugae_5.jpg\" data-caption-title=\"Symptomy propadl\u00e9ho jehli\u010d\u00ed v korun\u011b douglasky, Hackerova \u0161kolka, \u0160LP ML K\u0159tiny 2004.\" data-caption-desc=\"Symptomy propadl\u00e9ho jehli\u010d\u00ed v korun\u011b douglasky, Hackerova \u0161kolka, \u0160LP ML K\u0159tiny 2004.\" data-attachment-id=\"5258\" data-type=\"image\" class=\"fg-thumb\"><span class=\"fg-image-wrap\"><img decoding=\"async\" title=\"Symptomy propadl\u00e9ho jehli\u010d\u00ed v korun\u011b douglasky, Hackerova \u0161kolka, \u0160LP ML K\u0159tiny 2004.\" width=\"560\" height=\"430\" class=\"skip-lazy fg-image\" data-src-fg=\"https:\/\/rumex.mendelu.cz\/atlasposkozenidrevin\/wp-content\/uploads\/cache\/2020\/02\/Rhabdocline_pseudotsugae_5\/1939124690.jpg\" src=\"data:image\/svg+xml,%3Csvg%20xmlns%3D%22http%3A%2F%2Fwww.w3.org%2F2000%2Fsvg%22%20width%3D%22560%22%20height%3D%22430%22%20viewBox%3D%220%200%20560%20430%22%3E%3C%2Fsvg%3E\" loading=\"eager\"><\/span><span class=\"fg-image-overlay\"><\/span><\/a><figcaption class=\"fg-caption\"><div class=\"fg-caption-inner\"><div class=\"fg-caption-desc\">Symptomy propadl\u00e9ho jehli\u010d\u00ed v korun\u011b douglasky, Hackerova \u0161kolka, \u0160LP ML K\u0159tiny 2004.<\/div><\/div><\/figcaption><\/figure><div class=\"fg-loader\"><\/div><\/div><\/div>\n","protected":false},"excerpt":{"rendered":"<p>Rhabdocline pseudotsugae&nbsp;Syd.&nbsp; HOSTITELSK\u00c9 D\u0158EVINY: douglaska tisolist\u00e1 (Pseudotsuga menziesii), citliv\u00e9 jsou modrozelen\u00e9 kultivary \u00b4\u00b4\u00b4\u00b4 Glauca\u00b4 a [&hellip;]<\/p>\n","protected":false},"author":2,"featured_media":0,"parent":0,"menu_order":0,"comment_status":"closed","ping_status":"closed","template":"template-full-width.php","meta":{"footnotes":""},"class_list":["post-233","page","type-page","status-publish","hentry"],"_links":{"self":[{"href":"https:\/\/rumex.mendelu.cz\/atlasposkozenidrevin\/index.php\/wp-json\/wp\/v2\/pages\/233","targetHints":{"allow":["GET"]}}],"collection":[{"href":"https:\/\/rumex.mendelu.cz\/atlasposkozenidrevin\/index.php\/wp-json\/wp\/v2\/pages"}],"about":[{"href":"https:\/\/rumex.mendelu.cz\/atlasposkozenidrevin\/index.php\/wp-json\/wp\/v2\/types\/page"}],"author":[{"embeddable":true,"href":"https:\/\/rumex.mendelu.cz\/atlasposkozenidrevin\/index.php\/wp-json\/wp\/v2\/users\/2"}],"replies":[{"embeddable":true,"href":"https:\/\/rumex.mendelu.cz\/atlasposkozenidrevin\/index.php\/wp-json\/wp\/v2\/comments?post=233"}],"version-history":[{"count":10,"href":"https:\/\/rumex.mendelu.cz\/atlasposkozenidrevin\/index.php\/wp-json\/wp\/v2\/pages\/233\/revisions"}],"predecessor-version":[{"id":5263,"href":"https:\/\/rumex.mendelu.cz\/atlasposkozenidrevin\/index.php\/wp-json\/wp\/v2\/pages\/233\/revisions\/5263"}],"wp:attachment":[{"href":"https:\/\/rumex.mendelu.cz\/atlasposkozenidrevin\/index.php\/wp-json\/wp\/v2\/media?parent=233"}],"curies":[{"name":"wp","href":"https:\/\/api.w.org\/{rel}","templated":true}]}}