{"id":196,"date":"2019-08-12T13:01:41","date_gmt":"2019-08-12T11:01:41","guid":{"rendered":"http:\/\/rumex.mendelu.cz\/atlasposkozenidrevin\/?page_id=196"},"modified":"2024-11-06T13:31:18","modified_gmt":"2024-11-06T12:31:18","slug":"sypavka-smrkova","status":"publish","type":"page","link":"https:\/\/rumex.mendelu.cz\/atlasposkozenidrevin\/index.php\/sypavka-smrkova\/","title":{"rendered":"sypavka smrkov\u00e1"},"content":{"rendered":"\n<p style=\"text-align:left\" class=\"has-medium-font-size\"><strong><em>Lophodermium piceae<\/em> (Fuckel) H\u00f6hn.  <\/strong><\/p>\n\n\n\n<p><strong>DAL\u0160\u00cd \u010cESK\u00dd N\u00c1ZEV:<\/strong> <strong>skulinatec smrkov\u00fd  <\/strong><\/p>\n\n\n\n<p><strong>HOSTITELSK\u00c9 D\u0158EVINY:<\/strong> smrky (<em>Picea<\/em> spp.).<\/p>\n\n\n\n<p><strong>SYMPTOMY A BIONOMIE:<\/strong> v letn\u00edm obdob\u00ed doch\u00e1z\u00ed ke \u017eloutnut\u00ed jehlic v podob\u011b skvrn, kter\u00e9 p\u0159es zimu reziv\u00fd, hn\u011bdnou a odum\u00edraj\u00ed cel\u00e9 jehlice. Na takto po\u0161kozen\u00fdch  jehlic\u00edch se tvo\u0159\u00ed velmi drobn\u00e1 \u010dern\u00e1 spermogonia a na odum\u0159el\u00fdch a \u010d\u00e1ste\u010dn\u011b opadl\u00fdch jehlic\u00edch nar\u016fstaj\u00ed hysterothecia \u2013 plodnice, obsahuj\u00edc\u00ed v\u0159ecka s askosporami.<\/p>\n\n\n\n<p><strong>V\u00ddZNAM A OCHRANA:<\/strong> v\u00fdskyt nen\u00ed a\u017e tak \u010dast\u00fd, chemick\u00e1 opat\u0159en\u00ed nejsou nutn\u00e1, pokud se objev\u00ed ve v\u011bt\u0161\u00ed m\u00ed\u0159e, tak se jedn\u00e1 o zanedban\u00e9 p\u0159ehoustl\u00e9 porosty.<\/p>\n\n\n<style type=\"text\/css\">\n#foogallery-gallery-3113 .fg-image { width: 560px; }\n#foogallery-gallery-3113 { --fg-gutter: 10px; }<\/style>\n\t\t\t<div class=\"foogallery foogallery-container foogallery-default foogallery-lightbox-none fg-left fg-default fg-ready fg-light fg-border-thin fg-shadow-outline fg-loading-default fg-loaded-fade-in fg-caption-always fg-hover-fade fg-hover-zoom\" id=\"foogallery-gallery-3113\" data-foogallery=\"{&quot;item&quot;:{&quot;showCaptionTitle&quot;:false,&quot;showCaptionDescription&quot;:true},&quot;lazy&quot;:true}\" style=\"--fg-title-line-clamp: 0; --fg-description-line-clamp: 0;\" >\n\t<div class=\"fg-item fg-type-image fg-idle\"><figure class=\"fg-item-inner\"><a href=\"https:\/\/rumex.mendelu.cz\/atlasposkozenidrevin\/wp-content\/uploads\/2020\/02\/lophodermium-piceae_03.jpg\" data-caption-title=\"Napaden\u00e9 jehlice smrku, Arboretum \u0158\u00edcmanice 2006.\" data-caption-desc=\"Napaden\u00e9 jehlice smrku, Arboretum \u0158\u00edcmanice 2006.\" data-attachment-id=\"5154\" data-type=\"image\" class=\"fg-thumb\"><span class=\"fg-image-wrap\"><img fetchpriority=\"high\" decoding=\"async\" title=\"Napaden\u00e9 jehlice smrku, Arboretum \u0158\u00edcmanice 2006.\" width=\"560\" height=\"430\" class=\"skip-lazy fg-image\" data-src-fg=\"https:\/\/rumex.mendelu.cz\/atlasposkozenidrevin\/wp-content\/uploads\/cache\/2020\/02\/lophodermium-piceae_03\/1605545244.jpg\" src=\"data:image\/svg+xml,%3Csvg%20xmlns%3D%22http%3A%2F%2Fwww.w3.org%2F2000%2Fsvg%22%20width%3D%22560%22%20height%3D%22430%22%20viewBox%3D%220%200%20560%20430%22%3E%3C%2Fsvg%3E\" loading=\"eager\"><\/span><span class=\"fg-image-overlay\"><\/span><\/a><figcaption class=\"fg-caption\"><div class=\"fg-caption-inner\"><div class=\"fg-caption-desc\">Napaden\u00e9 jehlice smrku, Arboretum \u0158\u00edcmanice 2006.<\/div><\/div><\/figcaption><\/figure><div class=\"fg-loader\"><\/div><\/div><div class=\"fg-item fg-type-image fg-idle\"><figure class=\"fg-item-inner\"><a href=\"https:\/\/rumex.mendelu.cz\/atlasposkozenidrevin\/wp-content\/uploads\/2020\/02\/lophodermium-piceae_02.jpg\" data-caption-title=\"Napaden\u00e9 jehlice smrku, Arboretum \u0158\u00edcmanice 2006.\" data-caption-desc=\"Napaden\u00e9 jehlice smrku, Arboretum \u0158\u00edcmanice 2006.\" data-attachment-id=\"5153\" data-type=\"image\" class=\"fg-thumb\"><span class=\"fg-image-wrap\"><img decoding=\"async\" title=\"Napaden\u00e9 jehlice smrku, Arboretum \u0158\u00edcmanice 2006.\" width=\"560\" height=\"430\" class=\"skip-lazy fg-image\" data-src-fg=\"https:\/\/rumex.mendelu.cz\/atlasposkozenidrevin\/wp-content\/uploads\/cache\/2020\/02\/lophodermium-piceae_02\/3488061701.jpg\" src=\"data:image\/svg+xml,%3Csvg%20xmlns%3D%22http%3A%2F%2Fwww.w3.org%2F2000%2Fsvg%22%20width%3D%22560%22%20height%3D%22430%22%20viewBox%3D%220%200%20560%20430%22%3E%3C%2Fsvg%3E\" loading=\"eager\"><\/span><span class=\"fg-image-overlay\"><\/span><\/a><figcaption class=\"fg-caption\"><div class=\"fg-caption-inner\"><div class=\"fg-caption-desc\">Napaden\u00e9 jehlice smrku, Arboretum \u0158\u00edcmanice 2006.<\/div><\/div><\/figcaption><\/figure><div class=\"fg-loader\"><\/div><\/div><\/div>\n\n\n<style type=\"text\/css\">\n#foogallery-gallery-3114 .fg-image { width: 560px; }\n#foogallery-gallery-3114 { --fg-gutter: 10px; }<\/style>\n\t\t\t<div class=\"foogallery foogallery-container foogallery-default foogallery-lightbox-none fg-left fg-default fg-ready fg-light fg-border-thin fg-shadow-outline fg-loading-default fg-loaded-fade-in fg-caption-always fg-hover-fade fg-hover-zoom\" id=\"foogallery-gallery-3114\" data-foogallery=\"{&quot;item&quot;:{&quot;showCaptionTitle&quot;:false,&quot;showCaptionDescription&quot;:true},&quot;lazy&quot;:true}\" style=\"--fg-title-line-clamp: 0; --fg-description-line-clamp: 0;\" >\n\t<div class=\"fg-item fg-type-image fg-idle\"><figure class=\"fg-item-inner\"><a href=\"https:\/\/rumex.mendelu.cz\/atlasposkozenidrevin\/wp-content\/uploads\/2020\/02\/Lophodermium-piceae.jpg\" data-caption-title=\"Drobn\u00e1 \u010dern\u00e1 spermogonia na jehlic\u00edch, laborato\u0159 \u00daOLM LDF Brno 2003.\" data-caption-desc=\"Drobn\u00e1 \u010dern\u00e1 spermogonia na jehlic\u00edch, laborato\u0159 \u00daOLM LDF Brno 2003.\" data-attachment-id=\"5151\" data-type=\"image\" class=\"fg-thumb\"><span class=\"fg-image-wrap\"><img decoding=\"async\" title=\"Drobn\u00e1 \u010dern\u00e1 spermogonia na jehlic\u00edch, laborato\u0159 \u00daOLM LDF Brno 2003.\" width=\"560\" height=\"430\" class=\"skip-lazy fg-image\" data-src-fg=\"https:\/\/rumex.mendelu.cz\/atlasposkozenidrevin\/wp-content\/uploads\/cache\/2020\/02\/Lophodermium-piceae\/3199940548.jpg\" src=\"data:image\/svg+xml,%3Csvg%20xmlns%3D%22http%3A%2F%2Fwww.w3.org%2F2000%2Fsvg%22%20width%3D%22560%22%20height%3D%22430%22%20viewBox%3D%220%200%20560%20430%22%3E%3C%2Fsvg%3E\" loading=\"eager\"><\/span><span class=\"fg-image-overlay\"><\/span><\/a><figcaption class=\"fg-caption\"><div class=\"fg-caption-inner\"><div class=\"fg-caption-desc\">Drobn\u00e1 \u010dern\u00e1 spermogonia na jehlic\u00edch, laborato\u0159 \u00daOLM LDF Brno 2003.<\/div><\/div><\/figcaption><\/figure><div class=\"fg-loader\"><\/div><\/div><div class=\"fg-item fg-type-image fg-idle\"><figure class=\"fg-item-inner\"><a href=\"https:\/\/rumex.mendelu.cz\/atlasposkozenidrevin\/wp-content\/uploads\/2020\/02\/lophodermium-piceae_01.jpg\" data-caption-title=\"Napaden\u00e9 jehlice smrku, Arboretum \u0158\u00edcmanice 2006.\" data-caption-desc=\"Napaden\u00e9 jehlice smrku, Arboretum \u0158\u00edcmanice 2006.\" data-attachment-id=\"5152\" data-type=\"image\" class=\"fg-thumb\"><span class=\"fg-image-wrap\"><img decoding=\"async\" title=\"Napaden\u00e9 jehlice smrku, Arboretum \u0158\u00edcmanice 2006.\" width=\"560\" height=\"430\" class=\"skip-lazy fg-image\" data-src-fg=\"https:\/\/rumex.mendelu.cz\/atlasposkozenidrevin\/wp-content\/uploads\/cache\/2020\/02\/lophodermium-piceae_01\/1892403037.jpg\" src=\"data:image\/svg+xml,%3Csvg%20xmlns%3D%22http%3A%2F%2Fwww.w3.org%2F2000%2Fsvg%22%20width%3D%22560%22%20height%3D%22430%22%20viewBox%3D%220%200%20560%20430%22%3E%3C%2Fsvg%3E\" loading=\"eager\"><\/span><span class=\"fg-image-overlay\"><\/span><\/a><figcaption class=\"fg-caption\"><div class=\"fg-caption-inner\"><div class=\"fg-caption-desc\">Napaden\u00e9 jehlice smrku, Arboretum \u0158\u00edcmanice 2006.<\/div><\/div><\/figcaption><\/figure><div class=\"fg-loader\"><\/div><\/div><\/div>\n","protected":false},"excerpt":{"rendered":"<p>Lophodermium piceae (Fuckel) H\u00f6hn. DAL\u0160\u00cd \u010cESK\u00dd N\u00c1ZEV: skulinatec smrkov\u00fd HOSTITELSK\u00c9 D\u0158EVINY: smrky (Picea spp.). SYMPTOMY [&hellip;]<\/p>\n","protected":false},"author":2,"featured_media":0,"parent":0,"menu_order":0,"comment_status":"closed","ping_status":"closed","template":"template-full-width.php","meta":{"footnotes":""},"class_list":["post-196","page","type-page","status-publish","hentry"],"_links":{"self":[{"href":"https:\/\/rumex.mendelu.cz\/atlasposkozenidrevin\/index.php\/wp-json\/wp\/v2\/pages\/196","targetHints":{"allow":["GET"]}}],"collection":[{"href":"https:\/\/rumex.mendelu.cz\/atlasposkozenidrevin\/index.php\/wp-json\/wp\/v2\/pages"}],"about":[{"href":"https:\/\/rumex.mendelu.cz\/atlasposkozenidrevin\/index.php\/wp-json\/wp\/v2\/types\/page"}],"author":[{"embeddable":true,"href":"https:\/\/rumex.mendelu.cz\/atlasposkozenidrevin\/index.php\/wp-json\/wp\/v2\/users\/2"}],"replies":[{"embeddable":true,"href":"https:\/\/rumex.mendelu.cz\/atlasposkozenidrevin\/index.php\/wp-json\/wp\/v2\/comments?post=196"}],"version-history":[{"count":5,"href":"https:\/\/rumex.mendelu.cz\/atlasposkozenidrevin\/index.php\/wp-json\/wp\/v2\/pages\/196\/revisions"}],"predecessor-version":[{"id":3116,"href":"https:\/\/rumex.mendelu.cz\/atlasposkozenidrevin\/index.php\/wp-json\/wp\/v2\/pages\/196\/revisions\/3116"}],"wp:attachment":[{"href":"https:\/\/rumex.mendelu.cz\/atlasposkozenidrevin\/index.php\/wp-json\/wp\/v2\/media?parent=196"}],"curies":[{"name":"wp","href":"https:\/\/api.w.org\/{rel}","templated":true}]}}