{"id":1787,"date":"2020-02-12T11:03:49","date_gmt":"2020-02-12T10:03:49","guid":{"rendered":"http:\/\/rumex.mendelu.cz\/atlasposkozenidrevin\/?page_id=1787"},"modified":"2024-11-06T13:31:15","modified_gmt":"2024-11-06T12:31:15","slug":"tesarici-na-smrku","status":"publish","type":"page","link":"https:\/\/rumex.mendelu.cz\/atlasposkozenidrevin\/index.php\/tesarici-na-smrku\/","title":{"rendered":"tesa\u0159\u00edci na smrku"},"content":{"rendered":"\n<p style=\"text-align:left\">Taxonomick\u00e9 za\u0159azen\u00ed:<br>\u0158\u00e1d: brouci (<em>Coleoptera<\/em>)<br>Pod\u0159\u00e1d: v\u0161e\u017erav\u00ed (<em>Polyphaga<\/em>)<br>Nad\u010dele\u010f: <em>Chrysomeloidea<\/em><br>\u010cele\u010f: tesa\u0159\u00edkovit\u00ed (<em>Cerambycidae<\/em>)<\/p>\n\n\n\n<p style=\"text-align:left\" class=\"has-medium-font-size\"><em>Tetropium<\/em> <em>castaneum <\/em>Linnaeus, 1758 \u2013 tesa\u0159\u00edk smrkov\u00fd<\/p>\n\n\n\n<p style=\"text-align:left\">Pod\u010dele\u010f: Spondylinae<br>Rod: tesa\u0159\u00edk (<em>Tetropium = Isarthron<\/em>)<\/p>\n\n\n\n<p><strong>Hostitelsk\u00e9 d\u0159eviny:<\/strong><strong> <\/strong>smrk ztepil\u00fd (<em>Picea abies<\/em>) a dal\u0161\u00ed jehli\u010dnany.<\/p>\n\n\n\n<p><strong>Popis:<\/strong><strong> <\/strong>Brouk je 9\u201318 mm dlouh\u00fd, ploch\u00fd, s&nbsp;kr\u00e1tk\u00fdmi tykadly sahaj\u00edc\u00edmi jen m\u00e1lo za \u0161t\u00edt. \u0160t\u00edt je ov\u00e1ln\u00fd, \u010dern\u00fd, leskl\u00fd, jemn\u011b a \u0159\u00eddce te\u010dkovan\u00fd, krovky jsou sv\u011btlehn\u011bd\u00e9 a \u017e \u010dern\u00e9. O\u010di jsou t\u00e9m\u011b\u0159 \u00fapln\u011b rozd\u011blen\u00e9 na dv\u011b poloviny. Stehna jsou ztlustl\u00e1.<\/p>\n\n\n\n<p><strong>Ekologie druhu: <\/strong>Dosp\u011blci se objevuj\u00ed zpravidla v&nbsp;kv\u011btnu a\u017e \u010dervenci. Larvy po vyl\u00edhnut\u00ed pod \u0161upinami k\u016fry pronikaj\u00ed do kambi\u00e1ln\u00ed z=ony, kde mezi k\u016frou a b\u011bl\u00ed hlodaj\u00ed nepravideln\u00e9, postupn\u011b se roz\u0161i\u0159uj\u00edc\u00ed chodby, kter\u00e9 jsou viditeln\u00e9 hlavn\u011b v&nbsp;k\u016f\u0159e, ve d\u0159ev\u011b jen povrchov\u011b. Vypln\u011bny jsou up\u011bchovan\u00fdmi hn\u011bd\u00fdmi a b\u00edl\u00fdmi drtinkami s&nbsp;trusem. Dorostl\u00e9 larvy ve d\u0159ev\u011b vytv\u00e1\u0159\u00ed sestupn\u00e9 h\u00e1kovit\u00e9 chodby, na konci kter\u00fdch se p\u0159\u00ed\u0161t\u00ed jaro kukl\u00ed. V\u00fdletov\u00e9 otvory jsou \u00fazce ov\u00e1ln\u00e9.<\/p>\n\n\n\n<p><strong>V\u00fdznam druhu<\/strong>: Vyv\u00edj\u00ed se na star\u0161\u00edch stromech \u2013 \u017eij\u00edc\u00edch i pok\u00e1cen\u00fdch. \u010casto napad\u00e1 stromy oslaben\u00e9 v\u00e1clavkou nebo jin\u00fdmi hnilobami, \u010dast\u00fd t\u00e9\u017e p\u0159i oslaben\u00ed p\u0159\u00edsu\u0161ky. Sekund\u00e1rn\u00ed fyziologick\u00fd i technick\u00fd \u0161k\u016fdce.<\/p>\n\n\n<style type=\"text\/css\">\n#foogallery-gallery-2711 .fg-image { width: 560px; }\n#foogallery-gallery-2711 { --fg-gutter: 10px; }<\/style>\n\t\t\t<div class=\"foogallery foogallery-container foogallery-default foogallery-lightbox-none fg-left fg-default fg-ready fg-light fg-border-thin fg-shadow-outline fg-loading-default fg-loaded-fade-in fg-caption-always fg-hover-fade fg-hover-zoom\" id=\"foogallery-gallery-2711\" data-foogallery=\"{&quot;item&quot;:{&quot;showCaptionTitle&quot;:true,&quot;showCaptionDescription&quot;:true},&quot;lazy&quot;:true}\" style=\"--fg-title-line-clamp: 0; --fg-description-line-clamp: 0;\" >\n\t<div class=\"fg-item fg-type-image fg-idle\"><figure class=\"fg-item-inner\"><a href=\"https:\/\/rumex.mendelu.cz\/atlasposkozenidrevin\/wp-content\/uploads\/2024\/11\/tesarik_smrkovy.jpg\" data-caption-title=\"Po\u017eerek tesa\u0159\u00edka smrkov\u00e9ho, sb\u00edrky \u00daOLM.\" data-attachment-id=\"4786\" data-type=\"image\" class=\"fg-thumb\"><span class=\"fg-image-wrap\"><img fetchpriority=\"high\" decoding=\"async\" title=\"Po\u017eerek tesa\u0159\u00edka smrkov\u00e9ho, sb\u00edrky \u00daOLM.\" width=\"560\" height=\"430\" class=\"skip-lazy fg-image\" data-src-fg=\"https:\/\/rumex.mendelu.cz\/atlasposkozenidrevin\/wp-content\/uploads\/cache\/2024\/11\/tesarik_smrkovy\/2330696801.jpg\" src=\"data:image\/svg+xml,%3Csvg%20xmlns%3D%22http%3A%2F%2Fwww.w3.org%2F2000%2Fsvg%22%20width%3D%22560%22%20height%3D%22430%22%20viewBox%3D%220%200%20560%20430%22%3E%3C%2Fsvg%3E\" loading=\"eager\"><\/span><span class=\"fg-image-overlay\"><\/span><\/a><figcaption class=\"fg-caption\"><div class=\"fg-caption-inner\"><div class=\"fg-caption-title\">Po\u017eerek tesa\u0159\u00edka smrkov\u00e9ho, sb\u00edrky \u00daOLM.<\/div><\/div><\/figcaption><\/figure><div class=\"fg-loader\"><\/div><\/div><\/div>\n\n\n\n<p style=\"text-align:left\" class=\"has-medium-font-size\"><\/p>\n\n\n\n<p class=\"has-medium-font-size\"><em>Molorchus minor <\/em>Linnaeus, 1758 \u2013 tesa\u0159\u00edk polokrov\u00fd (polokrove\u010dn\u00edk men\u0161\u00ed)<\/p>\n\n\n\n<p style=\"text-align:left\">Pod\u010dele\u010f: <em>Cerambycinae<\/em><br>Rod: tesa\u0159\u00edk (<em>Molorchus<\/em>)<\/p>\n\n\n\n<p><strong>Hostitelsk\u00e9 d\u0159eviny:<\/strong><strong> <\/strong>smrk ztepil\u00fd (<em>Picea abies<\/em>) a dal\u0161\u00ed jehli\u010dnany.<\/p>\n\n\n\n<p><strong>Popis:<\/strong><strong> <\/strong>Brouk je 5\u201316 mm dlouh\u00fd, jemn\u00fd, \u0161t\u00edhl\u00fd, vzhledem p\u0159ipom\u00ednaj\u00edc\u00ed lumka. \u010cern\u00fd s&nbsp;\u010dervenohn\u011bd\u00fdmi krovkami, kter\u00e9 jsou siln\u011b zkr\u00e1cen\u00e9 a zaoblen\u00e9. Blanit\u00e1 k\u0159\u00eddla v\u00fdrazn\u011b p\u0159e\u010dn\u00edvaj\u00ed zade\u010dek. Tykadla same\u010dk\u016f jsou znateln\u011b del\u0161\u00ed ne\u017e t\u011blo (u sami\u010dek jen nepatrn\u011b del\u0161\u00ed). Nohy jsou \u0161t\u00edhl\u00e9 s&nbsp;kyjovit\u011b ztlustl\u00fdmi stehny.<\/p>\n\n\n\n<p><strong>Ekologie druhu: <\/strong>Dosp\u011blci se objevuj\u00ed zpravidla v&nbsp;kv\u011btnu a\u017e v \u010dervnu na kv\u011btech okoli\u010dnat\u00fdch rostlin a na oslun\u011bn\u00e9m d\u0159ev\u011b. Larvy vy\u017e\u00edraj\u00ed pod tenkou k\u016frou \u0161irok\u00e9 ostrohrann\u00e9 meandrovit\u00e9 chodby, kter\u00e9 jdou asi 2\u20134 mm do b\u011blov\u00e9ho d\u0159eva a jsou vypln\u011bny sv\u011btle a tmav\u011b kropenatou drt\u00ed s&nbsp;trusinkami. Kukl\u00ed se na konci h\u00e1kovit\u00fdch chodeb, p\u0159ezimuj\u00ed mlad\u00ed brouci v&nbsp;kuklov\u00fdch kol\u00e9bk\u00e1ch. V\u00fdletov\u00e9 otvory jsou t\u00e9m\u011b\u0159 kruhovit\u00e9.<\/p>\n\n\n\n<p><strong>V\u00fdznam druhu<\/strong>: &nbsp;Vyv\u00edj\u00ed se p\u0159edev\u0161\u00edm na \u010derstv\u011b odum\u0159el\u00e9m d\u0159ev\u011b \u2013 slab\u00fdch km\u00ednc\u00edch a v\u011btv\u00edch. B\u011b\u017en\u011b ho lze naj\u00edt nap\u0159\u00edklad na neodkorn\u011bn\u00fdch plotovk\u00e1ch \u010di palivov\u00e9m d\u0159\u00edv\u00ed. &nbsp;Celkem b\u011b\u017en\u00fd, ale jen m\u00e1lo lesnicky v\u00fdznamn\u00fd. <\/p>\n\n\n<style type=\"text\/css\">\n#foogallery-gallery-2713 .fg-image { width: 560px; }\n#foogallery-gallery-2713 { --fg-gutter: 10px; }<\/style>\n\t\t\t<div class=\"foogallery foogallery-container foogallery-default foogallery-lightbox-none fg-left fg-default fg-ready fg-light fg-border-thin fg-shadow-outline fg-loading-default fg-loaded-fade-in fg-caption-always fg-hover-fade fg-hover-zoom\" id=\"foogallery-gallery-2713\" data-foogallery=\"{&quot;item&quot;:{&quot;showCaptionTitle&quot;:true,&quot;showCaptionDescription&quot;:true},&quot;lazy&quot;:true}\" style=\"--fg-title-line-clamp: 0; --fg-description-line-clamp: 0;\" >\n\t<div class=\"fg-item fg-type-image fg-idle\"><figure class=\"fg-item-inner\"><a href=\"https:\/\/rumex.mendelu.cz\/atlasposkozenidrevin\/wp-content\/uploads\/2024\/11\/tesarik_polokrovy.jpg\" data-caption-title=\"Po\u017eerek tesa\u0159\u00edka polokrov\u00e9ho, sb\u00edrky \u00daOLM.\" data-attachment-id=\"4785\" data-type=\"image\" class=\"fg-thumb\"><span class=\"fg-image-wrap\"><img decoding=\"async\" title=\"Po\u017eerek tesa\u0159\u00edka polokrov\u00e9ho, sb\u00edrky \u00daOLM.\" width=\"560\" height=\"428\" class=\"skip-lazy fg-image\" data-src-fg=\"https:\/\/rumex.mendelu.cz\/atlasposkozenidrevin\/wp-content\/uploads\/cache\/2024\/11\/tesarik_polokrovy\/809082492.jpg\" src=\"data:image\/svg+xml,%3Csvg%20xmlns%3D%22http%3A%2F%2Fwww.w3.org%2F2000%2Fsvg%22%20width%3D%22560%22%20height%3D%22428%22%20viewBox%3D%220%200%20560%20428%22%3E%3C%2Fsvg%3E\" loading=\"eager\"><\/span><span class=\"fg-image-overlay\"><\/span><\/a><figcaption class=\"fg-caption\"><div class=\"fg-caption-inner\"><div class=\"fg-caption-title\">Po\u017eerek tesa\u0159\u00edka polokrov\u00e9ho, sb\u00edrky \u00daOLM.<\/div><\/div><\/figcaption><\/figure><div class=\"fg-loader\"><\/div><\/div><\/div>\n\n\n\n<p><\/p>\n\n\n\n<p style=\"text-align:left\" class=\"has-medium-font-size\"><em>Hylotrupes bajulus <\/em>Linnaeus, 1758 \u2013 tesa\u0159\u00edk krovov\u00fd<\/p>\n\n\n\n<p style=\"text-align:left\">Pod\u010dele\u010f: <em>Cerambycinae<\/em><br>Rod: tesa\u0159\u00edk (<em>Hylotrupes<\/em>)<\/p>\n\n\n\n<p><strong>Hostitelsk\u00e9 d\u0159eviny:<\/strong><strong> <\/strong>smrk ztepil\u00fd (<em>Picea abies<\/em>) a dal\u0161\u00ed jehli\u010dnany.<\/p>\n\n\n\n<p><strong>Popis:<\/strong><strong> <\/strong>Brouk je 7\u201325 mm dlouh\u00fd, ploch\u00fd, sv\u011btlehn\u011bd\u00fd a\u017e \u010dern\u00fd. M\u00e1 pom\u011brn\u011b kr\u00e1tk\u00e1 tykadla, sahaj\u00edc\u00ed u same\u010dk\u016f cca do poloviny a u sami\u010dek cca do \u010dtvrtiny d\u00e9lky krovek. V&nbsp;polovin\u011b krovek jsou dva celkem m\u00e1lo z\u0159eteln\u00e9 sv\u011btlej\u0161\u00ed p\u0159\u00ed\u010dn\u00e9 skvrny. \u0160t\u00edt je ov\u00e1ln\u00fd, po stran\u00e1ch zaoblen\u00fd, na plo\u0161e se dv\u011bma leskl\u00fdmi pod\u00e9ln\u011b ov\u00e1ln\u00fdmi \u201emozoly\u201c. Sami\u010dky maj\u00ed na konci t\u011bla teleskopicky vysunuteln\u00e9 neprav\u00e9 klad\u00e9lko.<\/p>\n\n\n\n<p><strong>Ekologie druhu: <\/strong>Dosp\u011blci se objevuj\u00ed zpravidla od&nbsp;kv\u011btna do z\u00e1\u0159\u00ed za tepl\u00fdch slunn\u00fdch dn\u016f. Sami\u010dky vaj\u00ed\u010dka zasouvaj\u00ed asi 2 cm hluboko do \u0161t\u011brbin zpracovan\u00e9ho d\u0159eva. Larvy pronikaj\u00ed do d\u0159eva, v&nbsp;m\u011bkk\u00e9m jarn\u00edm d\u0159evu pak hlodaj\u00ed pod\u00e9ln\u00e9 chodby, kter\u00e9 jsou s&nbsp;r\u016fstem postupn\u011b roz\u0161i\u0159ov\u00e1ny do letn\u00edho d\u0159eva. Pozd\u011bji se chodby plo\u0161n\u011b roz\u0161i\u0159uj\u00ed, jsou vypln\u011bny sv\u011btl\u00fdm v\u00e1lcovit\u00fdm trusem a amorfn\u00edmi drtinkami. V\u00fdvoj je za p\u0159\u00edzniv\u00fdch podm\u00ednek dvoulet\u00fd, ale m\u016f\u017ee trvat a\u017e 15 let. V\u00fdletov\u00e9 otvory jsou ov\u00e1ln\u00e9 s&nbsp;nerovn\u00fdmi okraji a pr\u016fm\u011brem 5\u201310 mm, pou\u017e\u00edvaj\u00ed k&nbsp;v\u00fdletu tak\u00e9 otvory zhotoven\u00e9 jin\u00fdmi brouky.<\/p>\n\n\n\n<p><strong>V\u00fdznam druhu<\/strong>: &nbsp;V\u00fdznamn\u00fd \u0161k\u016fdce zpracovan\u00e9ho d\u0159eva. D\u0159eviny s&nbsp;j\u00e1drem (borovice, mod\u0159\u00edn) jsou po\u0161kozov\u00e1ny a\u017e k&nbsp;j\u00e1dru, bezjadern\u00e9 (smrk, jedle) a\u017e ke d\u0159eni. Ohro\u017euje p\u0159edev\u0161\u00edm star\u0161\u00ed d\u0159ev\u011bn\u00e9 objekty.<\/p>\n\n\n<style type=\"text\/css\">\n#foogallery-gallery-2715 .fg-image { width: 560px; }\n#foogallery-gallery-2715 { --fg-gutter: 10px; }<\/style>\n\t\t\t<div class=\"foogallery foogallery-container foogallery-default foogallery-lightbox-none fg-left fg-default fg-ready fg-light fg-border-thin fg-shadow-outline fg-loading-default fg-loaded-fade-in fg-caption-always fg-hover-fade fg-hover-zoom\" id=\"foogallery-gallery-2715\" data-foogallery=\"{&quot;item&quot;:{&quot;showCaptionTitle&quot;:true,&quot;showCaptionDescription&quot;:true},&quot;lazy&quot;:true}\" style=\"--fg-title-line-clamp: 0; --fg-description-line-clamp: 0;\" >\n\t<div class=\"fg-item fg-type-image fg-idle\"><figure class=\"fg-item-inner\"><a href=\"https:\/\/rumex.mendelu.cz\/atlasposkozenidrevin\/wp-content\/uploads\/2024\/11\/tesarik_krovovy.jpg\" data-caption-title=\"Po\u017eerek tesa\u0159\u00edka krovov\u00e9ho, sb\u00edrky \u00daOLM.\" data-attachment-id=\"4783\" data-type=\"image\" class=\"fg-thumb\"><span class=\"fg-image-wrap\"><img decoding=\"async\" title=\"Po\u017eerek tesa\u0159\u00edka krovov\u00e9ho, sb\u00edrky \u00daOLM.\" width=\"560\" height=\"430\" class=\"skip-lazy fg-image\" data-src-fg=\"https:\/\/rumex.mendelu.cz\/atlasposkozenidrevin\/wp-content\/uploads\/cache\/2024\/11\/tesarik_krovovy\/1454486337.jpg\" src=\"data:image\/svg+xml,%3Csvg%20xmlns%3D%22http%3A%2F%2Fwww.w3.org%2F2000%2Fsvg%22%20width%3D%22560%22%20height%3D%22430%22%20viewBox%3D%220%200%20560%20430%22%3E%3C%2Fsvg%3E\" loading=\"eager\"><\/span><span class=\"fg-image-overlay\"><\/span><\/a><figcaption class=\"fg-caption\"><div class=\"fg-caption-inner\"><div class=\"fg-caption-title\">Po\u017eerek tesa\u0159\u00edka krovov\u00e9ho, sb\u00edrky \u00daOLM.<\/div><\/div><\/figcaption><\/figure><div class=\"fg-loader\"><\/div><\/div><\/div>\n\n\n\n<p><\/p>\n\n\n\n<p style=\"text-align:left\" class=\"has-medium-font-size\"><em>Rhagium inquisitor <\/em>Linnaeus, 1758 \u2013 tesa\u0159\u00edk korov\u00fd (kousavec&nbsp; korov\u00fd)<\/p>\n\n\n\n<p style=\"text-align:left\">Pod\u010dele\u010f: <em>Lepturinae<\/em><br>Rod: tesa\u0159\u00edk (<em>Rhagium<\/em>)<\/p>\n\n\n\n<p><strong>Hostitelsk\u00e9 d\u0159eviny:<\/strong><strong> <\/strong>smrk ztepil\u00fd (<em>Picea abies<\/em>) a dal\u0161\u00ed jehli\u010dnany.<\/p>\n\n\n\n<p><strong>Popis:<\/strong><strong> <\/strong>Brouk je 10\u201322 mm dlouh\u00fd. \u0160t\u00edt je stejn\u011b \u0161irok\u00fd jako hlava, po stran\u00e1ch m\u00e1 \u0161pi\u010dat\u00fd v\u00fdb\u011b\u017eek. O\u010di jsou m\u00edrn\u011b vykrojen\u00e9, tykadla kr\u00e1tk\u00e1, sahaj\u00ed sotva do p\u016fli krovek, kter\u00e9 jsou \u017elutohn\u011bd\u00e9, b\u011blav\u011b plstnat\u00e9, se dv\u011bma v\u00edce \u010di m\u00e9n\u011b z\u0159eteln\u00fdmi p\u0159\u00ed\u010dn\u00fdmi \u010dern\u00fdmi p\u00e1sky a dv\u011bma a\u017e t\u0159emi z\u0159eteln\u00fdmi pod\u00e9ln\u00fdmi \u017eebry.<\/p>\n\n\n\n<p><strong>Ekologie druhu: <\/strong>Dosp\u011blci se objevuj\u00ed zpravidla v&nbsp;dubnu a\u017e \u010dervenci na kv\u011btech, \u010derstv\u011b pok\u00e1cen\u00fdch kmenech a pa\u0159ezech. Larvy hlodaj\u00ed v&nbsp;kambi\u00e1ln\u00ed z\u00f3n\u011b a\u017e 2 cm \u0161irok\u00e9 vlnit\u00e9 chodby, kter\u00e9 jen m\u00e1lo poru\u0161uj\u00ed povrch d\u0159eva (pod silnou k\u016frou potom v\u016fbec). Dorostl\u00e9 larvy se kukl\u00ed pod tenkou k\u016frou v&nbsp;h\u00e1kovit\u00fdch chodb\u00e1ch, pod st\u0159edn\u011b silnou k\u016frou v&nbsp;l\u00fdku a v&nbsp;b\u011bli ve velk\u00fdch, plo\u0161n\u011b ov\u00e1ln\u00fdch kuklov\u00fdch kol\u00e9bk\u00e1ch vystlan\u00fdch b\u00edl\u00fdm v\u011bne\u010dkem z&nbsp;hrub\u00fdch a dlouh\u00fdch d\u0159evn\u00edch t\u0159\u00edsek, pod silnou k\u016frou se kukl\u00ed v&nbsp;kol\u00e9bk\u00e1ch v&nbsp;k\u016f\u0159e a l\u00fdku. V\u00fdletov\u00e9 otvory jsou ov\u00e1ln\u00e9. Generace je dvoulet\u00e1, p\u0159ezimuj\u00ed larvy, kukly nebo mlad\u00ed brouci.<\/p>\n\n\n\n<p><strong>V\u00fdznam druhu<\/strong>: Os\u00eddluje p\u0159edev\u0161\u00edm \u010derstv\u011b pok\u00e1cen\u00e9 kmeny a star\u00e9 pa\u0159ezy. Celkem hojn\u00fd druh. D\u0159evo poru\u0161uje jen m\u00e1lo \u2013 nem\u00e1 tedy v\u011bt\u0161\u00ed lesnick\u00fd v\u00fdznam.<\/p>\n\n\n<style type=\"text\/css\">\n#foogallery-gallery-2718 .fg-image { width: 560px; }\n#foogallery-gallery-2718 { --fg-gutter: 10px; }<\/style>\n\t\t\t<div class=\"foogallery foogallery-container foogallery-default foogallery-lightbox-none fg-left fg-default fg-ready fg-light fg-border-thin fg-shadow-outline fg-loading-default fg-loaded-fade-in fg-caption-always fg-hover-fade fg-hover-zoom\" id=\"foogallery-gallery-2718\" data-foogallery=\"{&quot;item&quot;:{&quot;showCaptionTitle&quot;:true,&quot;showCaptionDescription&quot;:true},&quot;lazy&quot;:true}\" style=\"--fg-title-line-clamp: 0; --fg-description-line-clamp: 0;\" >\n\t<div class=\"fg-item fg-type-image fg-idle\"><figure class=\"fg-item-inner\"><a href=\"https:\/\/rumex.mendelu.cz\/atlasposkozenidrevin\/wp-content\/uploads\/2024\/11\/tesarik_korovy1.jpg\" data-caption-title=\"Po\u017eerek tesa\u0159\u00edka korov\u00e9ho, sb\u00edrky \u00daOLM.\" data-attachment-id=\"4782\" data-type=\"image\" class=\"fg-thumb\"><span class=\"fg-image-wrap\"><img decoding=\"async\" title=\"Po\u017eerek tesa\u0159\u00edka korov\u00e9ho, sb\u00edrky \u00daOLM.\" width=\"560\" height=\"430\" class=\"skip-lazy fg-image\" data-src-fg=\"https:\/\/rumex.mendelu.cz\/atlasposkozenidrevin\/wp-content\/uploads\/cache\/2024\/11\/tesarik_korovy1\/1003862035.jpg\" src=\"data:image\/svg+xml,%3Csvg%20xmlns%3D%22http%3A%2F%2Fwww.w3.org%2F2000%2Fsvg%22%20width%3D%22560%22%20height%3D%22430%22%20viewBox%3D%220%200%20560%20430%22%3E%3C%2Fsvg%3E\" loading=\"eager\"><\/span><span class=\"fg-image-overlay\"><\/span><\/a><figcaption class=\"fg-caption\"><div class=\"fg-caption-inner\"><div class=\"fg-caption-title\">Po\u017eerek tesa\u0159\u00edka korov\u00e9ho, sb\u00edrky \u00daOLM.<\/div><\/div><\/figcaption><\/figure><div class=\"fg-loader\"><\/div><\/div><\/div>\n","protected":false},"excerpt":{"rendered":"<p>Taxonomick\u00e9 za\u0159azen\u00ed:\u0158\u00e1d: brouci (Coleoptera)Pod\u0159\u00e1d: v\u0161e\u017erav\u00ed (Polyphaga)Nad\u010dele\u010f: Chrysomeloidea\u010cele\u010f: tesa\u0159\u00edkovit\u00ed (Cerambycidae) Tetropium castaneum Linnaeus, 1758 \u2013 tesa\u0159\u00edk [&hellip;]<\/p>\n","protected":false},"author":2,"featured_media":0,"parent":0,"menu_order":0,"comment_status":"closed","ping_status":"closed","template":"template-full-width.php","meta":{"footnotes":""},"class_list":["post-1787","page","type-page","status-publish","hentry"],"_links":{"self":[{"href":"https:\/\/rumex.mendelu.cz\/atlasposkozenidrevin\/index.php\/wp-json\/wp\/v2\/pages\/1787","targetHints":{"allow":["GET"]}}],"collection":[{"href":"https:\/\/rumex.mendelu.cz\/atlasposkozenidrevin\/index.php\/wp-json\/wp\/v2\/pages"}],"about":[{"href":"https:\/\/rumex.mendelu.cz\/atlasposkozenidrevin\/index.php\/wp-json\/wp\/v2\/types\/page"}],"author":[{"embeddable":true,"href":"https:\/\/rumex.mendelu.cz\/atlasposkozenidrevin\/index.php\/wp-json\/wp\/v2\/users\/2"}],"replies":[{"embeddable":true,"href":"https:\/\/rumex.mendelu.cz\/atlasposkozenidrevin\/index.php\/wp-json\/wp\/v2\/comments?post=1787"}],"version-history":[{"count":23,"href":"https:\/\/rumex.mendelu.cz\/atlasposkozenidrevin\/index.php\/wp-json\/wp\/v2\/pages\/1787\/revisions"}],"predecessor-version":[{"id":2719,"href":"https:\/\/rumex.mendelu.cz\/atlasposkozenidrevin\/index.php\/wp-json\/wp\/v2\/pages\/1787\/revisions\/2719"}],"wp:attachment":[{"href":"https:\/\/rumex.mendelu.cz\/atlasposkozenidrevin\/index.php\/wp-json\/wp\/v2\/media?parent=1787"}],"curies":[{"name":"wp","href":"https:\/\/api.w.org\/{rel}","templated":true}]}}