{"id":1780,"date":"2020-02-12T10:55:52","date_gmt":"2020-02-12T09:55:52","guid":{"rendered":"http:\/\/rumex.mendelu.cz\/atlasposkozenidrevin\/?page_id=1780"},"modified":"2024-11-06T13:33:17","modified_gmt":"2024-11-06T12:33:17","slug":"smolak-znamenany","status":"publish","type":"page","link":"https:\/\/rumex.mendelu.cz\/atlasposkozenidrevin\/index.php\/smolak-znamenany\/","title":{"rendered":"smol\u00e1k znamenan\u00fd"},"content":{"rendered":"\n<p style=\"text-align:left\" class=\"has-medium-font-size\"><em>Pissodes castaneus<\/em> DeGeer, 1775<\/p>\n\n\n\n<p style=\"text-align:left\">TAXONOMICK\u00c9 ZA\u0158AZEN\u00cd:<br> \u0158\u00e1d: brouci (<em>Coleoptera<\/em>)<br> \u010cele\u010f: nosatcovit\u00ed (<em>Curculionidae<\/em>)<\/p>\n\n\n\n<p><strong>HOSTITELSK\u00c9 D\u0158EVINY: <\/strong>borovice (<em>Pinus<\/em> spp.), mod\u0159\u00edn (<em>Larix<\/em> spp.).<\/p>\n\n\n\n<p><strong>POPIS DRUHU:<\/strong> brouci jsou 5\u20137 mm velc\u00ed, rezav\u011b hn\u011bd\u00ed. V p\u0159edn\u00ed \u010d\u00e1sti krovek je p\u0159\u00ed\u010dn\u00e1 \u017elutav\u00e1 skvrna a v zadn\u00ed \u010d\u00e1sti krovek \u0161irok\u00fd sv\u011btl\u00fd p\u0159\u00ed\u010dn\u00fd p\u00e1sek. Hlava je prota\u017eena do, pro nosatce typick\u00e9ho, nosce, v polovin\u011b osazen\u00e9ho lomen\u00fdmi tykadly. \u0160t\u00edt je \u0161irok\u00fd, dop\u0159edu n\u00e1padn\u011b z\u00fa\u017een\u00fd. Siln\u011b z\u00fa\u017eena je rovn\u011b\u017e posledn\u00ed t\u0159etina krovek. Larva je beznoh\u00e1, rohl\u00ed\u010dkovit\u00e1, b\u011blav\u00e1, s hn\u011bdou hlavou. Dorostl\u00e1 m\u011b\u0159\u00ed 10\u201316 mm. Vaj\u00ed\u010dko je b\u00edl\u00e9, prot\u00e1hl\u00e9, asi 2,5\u20133 mm dlouh\u00e9. Kukla je b\u00edl\u00e1, voln\u00e1, 6\u20138 mm dlouh\u00e1, se z\u0159eteln\u00fdm noscem a o\u010dima.<\/p>\n\n\n\n<p><strong>EKOLOGIE DRUHU:<\/strong> brouci vyl\u00e9zaj\u00ed z hrabanky, v z\u00e1vislosti na po\u010das\u00ed, od b\u0159ezna do kv\u011btna. Sami\u010dka klade vaj\u00ed\u010dka do d\u016flk\u016f v k\u016f\u0159e baz\u00e1ln\u00edch \u010d\u00e1st\u00ed km\u00ednk\u016f mlad\u00fdch stromk\u016f. Za 3\u20134 t\u00fddny se l\u00edhnou larvy, kter\u00e9 v l\u00fdku a povrchov\u00e9 \u010d\u00e1sti b\u011ble vyhlod\u00e1vaj\u00ed vinut\u00e9, pozvolna se roz\u0161i\u0159uj\u00edc\u00ed chodby, vypln\u011bn\u00e9 drobn\u00fdmi drtinkami a trusem. \u017d\u00edr ukon\u010duj\u00ed asi po 3 m\u011bs\u00edc\u00edch v hluboce do d\u0159eva zapu\u0161t\u011bn\u00fdch kukeln\u00fdch kol\u00e9bk\u00e1ch, vystlan\u00fdch drobn\u00fdmi, sv\u011btl\u00fdmi, d\u0159evn\u00edmi t\u0159\u00edskami. Mlad\u00ed brouci po vyl\u00edhnut\u00ed prov\u00e1d\u011bj\u00ed na pupenech a k\u016f\u0159e \u00fa\u017eivn\u00fd \u017e\u00edr, po n\u011bm\u017e zal\u00e9zaj\u00ed do prasklin borky na b\u00e1z\u00edch kmen\u016f \u010di do hrabanky k p\u0159ezimov\u00e1n\u00ed. Dosp\u011blci \u017eij\u00ed 2\u20133 roky<\/p>\n\n\n\n<p><strong>V\u00ddZNAM DRUHU: <\/strong>smol\u00e1k znamenan\u00fd, d\u0159\u00edve uv\u00e1d\u011bn\u00fd jako smol\u00e1k mlazinov\u00fd napad\u00e1 p\u0159edev\u0161\u00edm oslaben\u00e9 a po\u0161kozen\u00e9 stromky ve v\u011bku 4\u201315 let. Napaden\u00ed se projevuje v\u00fdrony prysky\u0159ice a \u010derven\u00e1n\u00edm jehlic. P\u0159i siln\u00e9m po\u0161kozen\u00ed napaden\u00e9 d\u0159eviny odum\u00edraj\u00ed.<\/p>\n\n\n<style type=\"text\/css\">\n#foogallery-gallery-2709 .fg-image { width: 560px; }\n#foogallery-gallery-2709 { --fg-gutter: 10px; }<\/style>\n\t\t\t<div class=\"foogallery foogallery-container foogallery-default foogallery-lightbox-none fg-left fg-default fg-ready fg-light fg-border-thin fg-shadow-outline fg-loading-default fg-loaded-fade-in fg-caption-always fg-hover-fade fg-hover-zoom\" id=\"foogallery-gallery-2709\" data-foogallery=\"{&quot;item&quot;:{&quot;showCaptionTitle&quot;:true,&quot;showCaptionDescription&quot;:true},&quot;lazy&quot;:true}\" style=\"--fg-title-line-clamp: 0; --fg-description-line-clamp: 0;\" >\n\t<div class=\"fg-item fg-type-image fg-idle\"><figure class=\"fg-item-inner\"><a href=\"https:\/\/rumex.mendelu.cz\/atlasposkozenidrevin\/wp-content\/uploads\/2024\/11\/001-brouk-9.jpg\" data-caption-title=\"Dosp\u011bl\u00fd brouk, arboretum MENDELU, Brno 2007.\" data-attachment-id=\"4778\" data-type=\"image\" class=\"fg-thumb\"><span class=\"fg-image-wrap\"><img fetchpriority=\"high\" decoding=\"async\" title=\"Dosp\u011bl\u00fd brouk, arboretum MENDELU, Brno 2007.\" width=\"560\" height=\"430\" class=\"skip-lazy fg-image\" data-src-fg=\"https:\/\/rumex.mendelu.cz\/atlasposkozenidrevin\/wp-content\/uploads\/cache\/2024\/11\/001-brouk-9\/2521182705.jpg\" src=\"data:image\/svg+xml,%3Csvg%20xmlns%3D%22http%3A%2F%2Fwww.w3.org%2F2000%2Fsvg%22%20width%3D%22560%22%20height%3D%22430%22%20viewBox%3D%220%200%20560%20430%22%3E%3C%2Fsvg%3E\" loading=\"eager\"><\/span><span class=\"fg-image-overlay\"><\/span><\/a><figcaption class=\"fg-caption\"><div class=\"fg-caption-inner\"><div class=\"fg-caption-title\">Dosp\u011bl\u00fd brouk, arboretum MENDELU, Brno 2007.<\/div><\/div><\/figcaption><\/figure><div class=\"fg-loader\"><\/div><\/div><div class=\"fg-item fg-type-image fg-idle\"><figure class=\"fg-item-inner\"><a href=\"https:\/\/rumex.mendelu.cz\/atlasposkozenidrevin\/wp-content\/uploads\/2024\/11\/002-kukelna-kolebka.jpg\" data-caption-title=\"Kukeln\u00e1 kol\u00e9bka, Brno-Slatina 2005.\" data-attachment-id=\"4779\" data-type=\"image\" class=\"fg-thumb\"><span class=\"fg-image-wrap\"><img decoding=\"async\" title=\"Kukeln\u00e1 kol\u00e9bka, Brno-Slatina 2005.\" width=\"560\" height=\"430\" class=\"skip-lazy fg-image\" data-src-fg=\"https:\/\/rumex.mendelu.cz\/atlasposkozenidrevin\/wp-content\/uploads\/cache\/2024\/11\/002-kukelna-kolebka\/1655824117.jpg\" src=\"data:image\/svg+xml,%3Csvg%20xmlns%3D%22http%3A%2F%2Fwww.w3.org%2F2000%2Fsvg%22%20width%3D%22560%22%20height%3D%22430%22%20viewBox%3D%220%200%20560%20430%22%3E%3C%2Fsvg%3E\" loading=\"eager\"><\/span><span class=\"fg-image-overlay\"><\/span><\/a><figcaption class=\"fg-caption\"><div class=\"fg-caption-inner\"><div class=\"fg-caption-title\">Kukeln\u00e1 kol\u00e9bka, Brno-Slatina 2005.<\/div><\/div><\/figcaption><\/figure><div class=\"fg-loader\"><\/div><\/div><div class=\"fg-item fg-type-image fg-idle\"><figure class=\"fg-item-inner\"><a href=\"https:\/\/rumex.mendelu.cz\/atlasposkozenidrevin\/wp-content\/uploads\/2024\/11\/003-vyletovy-otvor-1.jpg\" data-caption-title=\"V\u00fdletov\u00fd otvor,\u00a8Brno-Slatina 2005.\" data-attachment-id=\"4780\" data-type=\"image\" class=\"fg-thumb\"><span class=\"fg-image-wrap\"><img decoding=\"async\" title=\"V\u00fdletov\u00fd otvor,\u00a8Brno-Slatina 2005.\" width=\"560\" height=\"430\" class=\"skip-lazy fg-image\" data-src-fg=\"https:\/\/rumex.mendelu.cz\/atlasposkozenidrevin\/wp-content\/uploads\/cache\/2024\/11\/003-vyletovy-otvor-1\/2629545425.jpg\" src=\"data:image\/svg+xml,%3Csvg%20xmlns%3D%22http%3A%2F%2Fwww.w3.org%2F2000%2Fsvg%22%20width%3D%22560%22%20height%3D%22430%22%20viewBox%3D%220%200%20560%20430%22%3E%3C%2Fsvg%3E\" loading=\"eager\"><\/span><span class=\"fg-image-overlay\"><\/span><\/a><figcaption class=\"fg-caption\"><div class=\"fg-caption-inner\"><div class=\"fg-caption-title\">V\u00fdletov\u00fd otvor,\u00a8Brno-Slatina 2005.<\/div><\/div><\/figcaption><\/figure><div class=\"fg-loader\"><\/div><\/div><div class=\"fg-item fg-type-image fg-idle\"><figure class=\"fg-item-inner\"><a href=\"https:\/\/rumex.mendelu.cz\/atlasposkozenidrevin\/wp-content\/uploads\/2024\/11\/smolak-ml_pozerek2.jpg\" data-caption-title=\"Po\u017eerek smol\u00e1ka, sb\u00edrky \u00daOLM.\" data-attachment-id=\"4781\" data-type=\"image\" class=\"fg-thumb\"><span class=\"fg-image-wrap\"><img decoding=\"async\" title=\"Po\u017eerek smol\u00e1ka, sb\u00edrky \u00daOLM.\" width=\"560\" height=\"430\" class=\"skip-lazy fg-image\" data-src-fg=\"https:\/\/rumex.mendelu.cz\/atlasposkozenidrevin\/wp-content\/uploads\/cache\/2024\/11\/smolak-ml_pozerek2\/2945283820.jpg\" src=\"data:image\/svg+xml,%3Csvg%20xmlns%3D%22http%3A%2F%2Fwww.w3.org%2F2000%2Fsvg%22%20width%3D%22560%22%20height%3D%22430%22%20viewBox%3D%220%200%20560%20430%22%3E%3C%2Fsvg%3E\" loading=\"eager\"><\/span><span class=\"fg-image-overlay\"><\/span><\/a><figcaption class=\"fg-caption\"><div class=\"fg-caption-inner\"><div class=\"fg-caption-title\">Po\u017eerek smol\u00e1ka, sb\u00edrky \u00daOLM.<\/div><\/div><\/figcaption><\/figure><div class=\"fg-loader\"><\/div><\/div><\/div>\n","protected":false},"excerpt":{"rendered":"<p>Pissodes castaneus DeGeer, 1775 TAXONOMICK\u00c9 ZA\u0158AZEN\u00cd: \u0158\u00e1d: brouci (Coleoptera) \u010cele\u010f: nosatcovit\u00ed (Curculionidae) HOSTITELSK\u00c9 D\u0158EVINY: borovice [&hellip;]<\/p>\n","protected":false},"author":2,"featured_media":0,"parent":0,"menu_order":0,"comment_status":"closed","ping_status":"closed","template":"template-full-width.php","meta":{"footnotes":""},"class_list":["post-1780","page","type-page","status-publish","hentry"],"_links":{"self":[{"href":"https:\/\/rumex.mendelu.cz\/atlasposkozenidrevin\/index.php\/wp-json\/wp\/v2\/pages\/1780","targetHints":{"allow":["GET"]}}],"collection":[{"href":"https:\/\/rumex.mendelu.cz\/atlasposkozenidrevin\/index.php\/wp-json\/wp\/v2\/pages"}],"about":[{"href":"https:\/\/rumex.mendelu.cz\/atlasposkozenidrevin\/index.php\/wp-json\/wp\/v2\/types\/page"}],"author":[{"embeddable":true,"href":"https:\/\/rumex.mendelu.cz\/atlasposkozenidrevin\/index.php\/wp-json\/wp\/v2\/users\/2"}],"replies":[{"embeddable":true,"href":"https:\/\/rumex.mendelu.cz\/atlasposkozenidrevin\/index.php\/wp-json\/wp\/v2\/comments?post=1780"}],"version-history":[{"count":3,"href":"https:\/\/rumex.mendelu.cz\/atlasposkozenidrevin\/index.php\/wp-json\/wp\/v2\/pages\/1780\/revisions"}],"predecessor-version":[{"id":2710,"href":"https:\/\/rumex.mendelu.cz\/atlasposkozenidrevin\/index.php\/wp-json\/wp\/v2\/pages\/1780\/revisions\/2710"}],"wp:attachment":[{"href":"https:\/\/rumex.mendelu.cz\/atlasposkozenidrevin\/index.php\/wp-json\/wp\/v2\/media?parent=1780"}],"curies":[{"name":"wp","href":"https:\/\/api.w.org\/{rel}","templated":true}]}}