{"id":1766,"date":"2020-02-12T10:38:27","date_gmt":"2020-02-12T09:38:27","guid":{"rendered":"http:\/\/rumex.mendelu.cz\/atlasposkozenidrevin\/?page_id=1766"},"modified":"2024-11-06T13:33:32","modified_gmt":"2024-11-06T12:33:32","slug":"puklice-smrkova","status":"publish","type":"page","link":"https:\/\/rumex.mendelu.cz\/atlasposkozenidrevin\/index.php\/puklice-smrkova\/","title":{"rendered":"puklice smrkov\u00e1"},"content":{"rendered":"\n<p style=\"text-align:left\" class=\"has-medium-font-size\"><em>Physokermes piceae<\/em> Schrank, 1801<\/p>\n\n\n\n<p style=\"text-align:left\">TAXONOMICK\u00c9 ZA\u0158AZEN\u00cd:<br> \u0158\u00e1d: polok\u0159\u00eddl\u00ed (<em>Hemiptera<\/em>)<br> Pod\u0159\u00e1d: m\u0161icosav\u00ed (<em>Auchenorrhyncha<\/em>)<br> Nad\u010dele\u010f: \u010dervci (<em>Coccoidea<\/em>)<br> \u010cele\u010f: puklicovit\u00ed (<em>Coccidae<\/em>)<\/p>\n\n\n\n<p><strong>HOSTITELSK\u00c9 D\u0158EVINY: <\/strong>smrk (<em>Picea <\/em>spp.).<\/p>\n\n\n\n<p><strong>POPIS DRUHU: <\/strong>dosp\u011bl\u00e9 sami\u010dky \u017eij\u00ed pod ochranou kulovit\u00fdch, 2\u20136 mm velk\u00fdch, \u010dervenav\u011b hn\u011bd\u00fdch a\u017e hn\u011bd\u00fdch voskov\u00fdch \u0161t\u00edtk\u016f. Same\u010dci jsou drobn\u00ed, 2 mm velc\u00ed, ok\u0159\u00eddlen\u00ed, p\u0159i\u010dem\u017e z\u0159eteln\u011b je vyvinut pouze p\u0159edn\u00ed p\u00e1r k\u0159\u00eddel. <\/p>\n\n\n\n<p><strong>EK<\/strong><b>OLOGIE DRUHU: <\/b>p\u0159ezimuj\u00ed larvy 2. stupn\u011b. Na ja\u0159e, v pr\u016fb\u011bhu dubna a za\u010d\u00e1tkem kv\u011btna se l\u00edhnou dosp\u011blci. Oplodn\u011bn\u00e9 sami\u010dky kladou od poloviny kv\u011btna do poloviny \u010dervna vaj\u00ed\u010dka. Puklice se zdr\u017euje skupinovit\u011b, nej\u010dast\u011bji v pa\u017ed\u00ed mlad\u00fdch v\u011bt\u00e9vek \u010di p\u0159eslenech mlad\u00fdch stromk\u016f.<\/p>\n\n\n\n<p><strong>V\u00ddZNAM DRUHU:<\/strong> puklice smrkov\u00e1 p\u0159edstavuje v\u00e1\u017en\u00e9 riziko p\u0159edev\u0161\u00edm u mlad\u00fdch stromk\u016f, kter\u00e9 vlivem s\u00e1n\u00ed zaost\u00e1vaj\u00ed v r\u016fstu \u010di p\u0159\u00edpadn\u011b blednou a odum\u00edraj\u00ed. P\u0159i siln\u00e9m napaden\u00ed jsou jehlice a v\u011bt\u00e9vky, p\u0159\u00edp. mlad\u00e9 stromky pokryty lepivou medovic\u00ed, kterou posl\u00e9ze obsazuj\u00ed \u010dern\u011b.<\/p>\n\n\n<style type=\"text\/css\">\n#foogallery-gallery-2705 .fg-image { width: 365px; }\n#foogallery-gallery-2705 { --fg-gutter: 10px; }<\/style>\n\t\t\t<div class=\"foogallery foogallery-container foogallery-default foogallery-lightbox-none fg-left fg-default fg-ready fg-light fg-border-thin fg-shadow-outline fg-loading-default fg-loaded-fade-in fg-caption-always fg-hover-fade fg-hover-zoom\" id=\"foogallery-gallery-2705\" data-foogallery=\"{&quot;item&quot;:{&quot;showCaptionTitle&quot;:true,&quot;showCaptionDescription&quot;:true},&quot;lazy&quot;:true}\" style=\"--fg-title-line-clamp: 0; --fg-description-line-clamp: 0;\" >\n\t<div class=\"fg-item fg-type-image fg-idle\"><figure class=\"fg-item-inner\"><a href=\"https:\/\/rumex.mendelu.cz\/atlasposkozenidrevin\/wp-content\/uploads\/2024\/11\/001-slabe-napadeni.jpg\" data-caption-title=\"Siln\u00e9 napaden\u00ed, Host\u011bnice 2009.\" data-attachment-id=\"4771\" data-type=\"image\" class=\"fg-thumb\"><span class=\"fg-image-wrap\"><img fetchpriority=\"high\" decoding=\"async\" title=\"Siln\u00e9 napaden\u00ed, Host\u011bnice 2009.\" width=\"365\" height=\"320\" class=\"skip-lazy fg-image\" data-src-fg=\"https:\/\/rumex.mendelu.cz\/atlasposkozenidrevin\/wp-content\/uploads\/cache\/2024\/11\/001-slabe-napadeni\/594289866.jpg\" src=\"data:image\/svg+xml,%3Csvg%20xmlns%3D%22http%3A%2F%2Fwww.w3.org%2F2000%2Fsvg%22%20width%3D%22365%22%20height%3D%22320%22%20viewBox%3D%220%200%20365%20320%22%3E%3C%2Fsvg%3E\" loading=\"eager\"><\/span><span class=\"fg-image-overlay\"><\/span><\/a><figcaption class=\"fg-caption\"><div class=\"fg-caption-inner\"><div class=\"fg-caption-title\">Siln\u00e9 napaden\u00ed, Host\u011bnice 2009.<\/div><\/div><\/figcaption><\/figure><div class=\"fg-loader\"><\/div><\/div><div class=\"fg-item fg-type-image fg-idle\"><figure class=\"fg-item-inner\"><a href=\"https:\/\/rumex.mendelu.cz\/atlasposkozenidrevin\/wp-content\/uploads\/2024\/11\/002-silne-napadeni-1.jpg\" data-caption-title=\"Siln\u00e9 napaden\u00ed, Host\u011bnice 2009.\" data-attachment-id=\"4772\" data-type=\"image\" class=\"fg-thumb\"><span class=\"fg-image-wrap\"><img decoding=\"async\" title=\"Siln\u00e9 napaden\u00ed, Host\u011bnice 2009.\" width=\"365\" height=\"320\" class=\"skip-lazy fg-image\" data-src-fg=\"https:\/\/rumex.mendelu.cz\/atlasposkozenidrevin\/wp-content\/uploads\/cache\/2024\/11\/002-silne-napadeni-1\/3051622608.jpg\" src=\"data:image\/svg+xml,%3Csvg%20xmlns%3D%22http%3A%2F%2Fwww.w3.org%2F2000%2Fsvg%22%20width%3D%22365%22%20height%3D%22320%22%20viewBox%3D%220%200%20365%20320%22%3E%3C%2Fsvg%3E\" loading=\"eager\"><\/span><span class=\"fg-image-overlay\"><\/span><\/a><figcaption class=\"fg-caption\"><div class=\"fg-caption-inner\"><div class=\"fg-caption-title\">Siln\u00e9 napaden\u00ed, Host\u011bnice 2009.<\/div><\/div><\/figcaption><\/figure><div class=\"fg-loader\"><\/div><\/div><div class=\"fg-item fg-type-image fg-idle\"><figure class=\"fg-item-inner\"><a href=\"https:\/\/rumex.mendelu.cz\/atlasposkozenidrevin\/wp-content\/uploads\/2024\/11\/003-silne-napadeni-1.jpg\" data-caption-title=\"Siln\u00e9 napaden\u00ed, Host\u011bnice 2009.\" data-attachment-id=\"4773\" data-type=\"image\" class=\"fg-thumb\"><span class=\"fg-image-wrap\"><img decoding=\"async\" title=\"Siln\u00e9 napaden\u00ed, Host\u011bnice 2009.\" width=\"365\" height=\"320\" class=\"skip-lazy fg-image\" data-src-fg=\"https:\/\/rumex.mendelu.cz\/atlasposkozenidrevin\/wp-content\/uploads\/cache\/2024\/11\/003-silne-napadeni-1\/3573683272.jpg\" src=\"data:image\/svg+xml,%3Csvg%20xmlns%3D%22http%3A%2F%2Fwww.w3.org%2F2000%2Fsvg%22%20width%3D%22365%22%20height%3D%22320%22%20viewBox%3D%220%200%20365%20320%22%3E%3C%2Fsvg%3E\" loading=\"eager\"><\/span><span class=\"fg-image-overlay\"><\/span><\/a><figcaption class=\"fg-caption\"><div class=\"fg-caption-inner\"><div class=\"fg-caption-title\">Siln\u00e9 napaden\u00ed, Host\u011bnice 2009.<\/div><\/div><\/figcaption><\/figure><div class=\"fg-loader\"><\/div><\/div><\/div>\n","protected":false},"excerpt":{"rendered":"<p>Physokermes piceae Schrank, 1801 TAXONOMICK\u00c9 ZA\u0158AZEN\u00cd: \u0158\u00e1d: polok\u0159\u00eddl\u00ed (Hemiptera) Pod\u0159\u00e1d: m\u0161icosav\u00ed (Auchenorrhyncha) Nad\u010dele\u010f: \u010dervci (Coccoidea) [&hellip;]<\/p>\n","protected":false},"author":2,"featured_media":0,"parent":0,"menu_order":0,"comment_status":"closed","ping_status":"closed","template":"template-full-width.php","meta":{"footnotes":""},"class_list":["post-1766","page","type-page","status-publish","hentry"],"_links":{"self":[{"href":"https:\/\/rumex.mendelu.cz\/atlasposkozenidrevin\/index.php\/wp-json\/wp\/v2\/pages\/1766","targetHints":{"allow":["GET"]}}],"collection":[{"href":"https:\/\/rumex.mendelu.cz\/atlasposkozenidrevin\/index.php\/wp-json\/wp\/v2\/pages"}],"about":[{"href":"https:\/\/rumex.mendelu.cz\/atlasposkozenidrevin\/index.php\/wp-json\/wp\/v2\/types\/page"}],"author":[{"embeddable":true,"href":"https:\/\/rumex.mendelu.cz\/atlasposkozenidrevin\/index.php\/wp-json\/wp\/v2\/users\/2"}],"replies":[{"embeddable":true,"href":"https:\/\/rumex.mendelu.cz\/atlasposkozenidrevin\/index.php\/wp-json\/wp\/v2\/comments?post=1766"}],"version-history":[{"count":3,"href":"https:\/\/rumex.mendelu.cz\/atlasposkozenidrevin\/index.php\/wp-json\/wp\/v2\/pages\/1766\/revisions"}],"predecessor-version":[{"id":2706,"href":"https:\/\/rumex.mendelu.cz\/atlasposkozenidrevin\/index.php\/wp-json\/wp\/v2\/pages\/1766\/revisions\/2706"}],"wp:attachment":[{"href":"https:\/\/rumex.mendelu.cz\/atlasposkozenidrevin\/index.php\/wp-json\/wp\/v2\/media?parent=1766"}],"curies":[{"name":"wp","href":"https:\/\/api.w.org\/{rel}","templated":true}]}}