{"id":1760,"date":"2020-02-12T10:30:38","date_gmt":"2020-02-12T09:30:38","guid":{"rendered":"http:\/\/rumex.mendelu.cz\/atlasposkozenidrevin\/?page_id=1760"},"modified":"2024-11-06T13:33:56","modified_gmt":"2024-11-06T12:33:56","slug":"korovnice-vejmutovkova","status":"publish","type":"page","link":"https:\/\/rumex.mendelu.cz\/atlasposkozenidrevin\/index.php\/korovnice-vejmutovkova\/","title":{"rendered":"korovnice vejmutovkov\u00e1"},"content":{"rendered":"\n<p style=\"text-align:left\" class=\"has-medium-font-size\"><em>Eopineus strobus<\/em> Hartig, 1837<\/p>\n\n\n\n<p style=\"text-align:left\">TAXONOMICK\u00c9 ZA\u0158AZEN\u00cd:<br> \u0158\u00e1d: polok\u0159\u00eddl\u00ed (<em>Hemiptera<\/em>)<br> Pod\u0159\u00e1d: m\u0161icosav\u00ed (<em>Auchenorrhyncha<\/em>)<br> Nad\u010dele\u010f: <em>Phylloxeroidea<\/em><br> \u010cele\u010f: korovnicovit\u00ed (<em>Adelgidae<\/em>)<\/p>\n\n\n\n<p><strong>HOSTITELSK\u00c9 D\u0158EVINY:<\/strong> borovice vejmutovka (<em>Pinus strobus<\/em>), ve sv\u00e9 domovin\u011b t\u00e9\u017e na smrku \u010dern\u00e9m (<em>Picea mariana<\/em>).<\/p>\n\n\n\n<p><strong>POPIS DRUHU:<\/strong> drobn\u00e1 \u201em\u0161ice\u201c, pokryta voskov\u00fdmi vl\u00e1kny.<\/p>\n\n\n\n<p><strong>EKOLOGIE DRUHU:<\/strong> p\u0159ekr\u00fdvaj\u00edc\u00ed se generace korovnic se v pr\u016fb\u011bhu jara a l\u00e9ta shlukuj\u00ed na k\u016f\u0159e zast\u00edn\u011bn\u00fdch \u010d\u00e1st\u00ed kmene a spodn\u00edch stran v\u011btv\u00ed. D\u00edky produkci b\u00edl\u00e9ho vosku jsou kolonie na k\u016f\u0159e dob\u0159e patrn\u00e9. Korovnice se vyskytuj\u00ed i na mal\u00fdch stromc\u00edch, kde kolonizuj\u00ed p\u0159edev\u0161\u00edm \u010derstv\u00e9, p\u0159\u00edpadn\u011b lo\u0148sk\u00e9 v\u00fdhony s hust\u00fdm jehli\u010d\u00edm. Nedosp\u011bl\u00e9 bezk\u0159\u00eddl\u00e9 sami\u010dky p\u0159ezimuj\u00ed na kmenech, p\u0159\u00edpadn\u011b pod \u0161upinami zakrn\u011bl\u00fdch v\u00fdhonk\u016f.<\/p>\n\n\n\n<p><strong>V\u00ddZNAM DRUHU:<\/strong> p\u016fvodem severoamerick\u00e1 \u201em\u0161ice\u201c. Rozs\u00e1hl\u00e9 b\u00edl\u00e9 kolonie na kmeni a v\u011btv\u00edch v\u00fdrazn\u011b sni\u017euj\u00ed estetickou hodnotu stromu. P\u0159i siln\u00e9m, dlouhodob\u00e9m napaden\u00ed doch\u00e1z\u00ed k postupn\u00e9mu ch\u0159adnut\u00ed a p\u0159\u00edpadn\u011b uhynut\u00ed cel\u00e9 d\u0159eviny. &nbsp;<\/p>\n\n\n<style type=\"text\/css\">\n#foogallery-gallery-2703 .fg-image { width: 365px; }\n#foogallery-gallery-2703 { --fg-gutter: 10px; }<\/style>\n\t\t\t<div class=\"foogallery foogallery-container foogallery-default foogallery-lightbox-none fg-left fg-default fg-ready fg-light fg-border-thin fg-shadow-outline fg-loading-default fg-loaded-fade-in fg-caption-always fg-hover-fade fg-hover-zoom\" id=\"foogallery-gallery-2703\" data-foogallery=\"{&quot;item&quot;:{&quot;showCaptionTitle&quot;:true,&quot;showCaptionDescription&quot;:true},&quot;lazy&quot;:true}\" style=\"--fg-title-line-clamp: 0; --fg-description-line-clamp: 0;\" >\n\t<div class=\"fg-item fg-type-image fg-idle\"><figure class=\"fg-item-inner\"><a href=\"https:\/\/rumex.mendelu.cz\/atlasposkozenidrevin\/wp-content\/uploads\/2024\/11\/001-napadeny-kmen.jpg\" data-caption-title=\"Napaden\u00fd kmen, Pardubice 2005.\" data-attachment-id=\"4768\" data-type=\"image\" class=\"fg-thumb\"><span class=\"fg-image-wrap\"><img fetchpriority=\"high\" decoding=\"async\" title=\"Napaden\u00fd kmen, Pardubice 2005.\" width=\"365\" height=\"320\" class=\"skip-lazy fg-image\" data-src-fg=\"https:\/\/rumex.mendelu.cz\/atlasposkozenidrevin\/wp-content\/uploads\/cache\/2024\/11\/001-napadeny-kmen\/2996987470.jpg\" src=\"data:image\/svg+xml,%3Csvg%20xmlns%3D%22http%3A%2F%2Fwww.w3.org%2F2000%2Fsvg%22%20width%3D%22365%22%20height%3D%22320%22%20viewBox%3D%220%200%20365%20320%22%3E%3C%2Fsvg%3E\" loading=\"eager\"><\/span><span class=\"fg-image-overlay\"><\/span><\/a><figcaption class=\"fg-caption\"><div class=\"fg-caption-inner\"><div class=\"fg-caption-title\">Napaden\u00fd kmen, Pardubice 2005.<\/div><\/div><\/figcaption><\/figure><div class=\"fg-loader\"><\/div><\/div><div class=\"fg-item fg-type-image fg-idle\"><figure class=\"fg-item-inner\"><a href=\"https:\/\/rumex.mendelu.cz\/atlasposkozenidrevin\/wp-content\/uploads\/2024\/11\/002-napadena-vetev.jpg\" data-caption-title=\"Napaden\u00e1 v\u011btev, Pardubice 2005.\" data-attachment-id=\"4769\" data-type=\"image\" class=\"fg-thumb\"><span class=\"fg-image-wrap\"><img decoding=\"async\" title=\"Napaden\u00e1 v\u011btev, Pardubice 2005.\" width=\"365\" height=\"320\" class=\"skip-lazy fg-image\" data-src-fg=\"https:\/\/rumex.mendelu.cz\/atlasposkozenidrevin\/wp-content\/uploads\/cache\/2024\/11\/002-napadena-vetev\/357277084.jpg\" src=\"data:image\/svg+xml,%3Csvg%20xmlns%3D%22http%3A%2F%2Fwww.w3.org%2F2000%2Fsvg%22%20width%3D%22365%22%20height%3D%22320%22%20viewBox%3D%220%200%20365%20320%22%3E%3C%2Fsvg%3E\" loading=\"eager\"><\/span><span class=\"fg-image-overlay\"><\/span><\/a><figcaption class=\"fg-caption\"><div class=\"fg-caption-inner\"><div class=\"fg-caption-title\">Napaden\u00e1 v\u011btev, Pardubice 2005.<\/div><\/div><\/figcaption><\/figure><div class=\"fg-loader\"><\/div><\/div><div class=\"fg-item fg-type-image fg-idle\"><figure class=\"fg-item-inner\"><a href=\"https:\/\/rumex.mendelu.cz\/atlasposkozenidrevin\/wp-content\/uploads\/2024\/11\/003-detail-voskovych-vlaken.jpg\" data-caption-title=\"Detail voskov\u00fdch vl\u00e1ken, Pardubice 2005.\" data-attachment-id=\"4770\" data-type=\"image\" class=\"fg-thumb\"><span class=\"fg-image-wrap\"><img decoding=\"async\" title=\"Detail voskov\u00fdch vl\u00e1ken, Pardubice 2005.\" width=\"365\" height=\"320\" class=\"skip-lazy fg-image\" data-src-fg=\"https:\/\/rumex.mendelu.cz\/atlasposkozenidrevin\/wp-content\/uploads\/cache\/2024\/11\/003-detail-voskovych-vlaken\/3326032221.jpg\" src=\"data:image\/svg+xml,%3Csvg%20xmlns%3D%22http%3A%2F%2Fwww.w3.org%2F2000%2Fsvg%22%20width%3D%22365%22%20height%3D%22320%22%20viewBox%3D%220%200%20365%20320%22%3E%3C%2Fsvg%3E\" loading=\"eager\"><\/span><span class=\"fg-image-overlay\"><\/span><\/a><figcaption class=\"fg-caption\"><div class=\"fg-caption-inner\"><div class=\"fg-caption-title\">Detail voskov\u00fdch vl\u00e1ken, Pardubice 2005.<\/div><\/div><\/figcaption><\/figure><div class=\"fg-loader\"><\/div><\/div><\/div>\n","protected":false},"excerpt":{"rendered":"<p>Eopineus strobus Hartig, 1837 TAXONOMICK\u00c9 ZA\u0158AZEN\u00cd: \u0158\u00e1d: polok\u0159\u00eddl\u00ed (Hemiptera) Pod\u0159\u00e1d: m\u0161icosav\u00ed (Auchenorrhyncha) Nad\u010dele\u010f: Phylloxeroidea \u010cele\u010f: [&hellip;]<\/p>\n","protected":false},"author":2,"featured_media":0,"parent":0,"menu_order":0,"comment_status":"closed","ping_status":"closed","template":"template-full-width.php","meta":{"footnotes":""},"class_list":["post-1760","page","type-page","status-publish","hentry"],"_links":{"self":[{"href":"https:\/\/rumex.mendelu.cz\/atlasposkozenidrevin\/index.php\/wp-json\/wp\/v2\/pages\/1760","targetHints":{"allow":["GET"]}}],"collection":[{"href":"https:\/\/rumex.mendelu.cz\/atlasposkozenidrevin\/index.php\/wp-json\/wp\/v2\/pages"}],"about":[{"href":"https:\/\/rumex.mendelu.cz\/atlasposkozenidrevin\/index.php\/wp-json\/wp\/v2\/types\/page"}],"author":[{"embeddable":true,"href":"https:\/\/rumex.mendelu.cz\/atlasposkozenidrevin\/index.php\/wp-json\/wp\/v2\/users\/2"}],"replies":[{"embeddable":true,"href":"https:\/\/rumex.mendelu.cz\/atlasposkozenidrevin\/index.php\/wp-json\/wp\/v2\/comments?post=1760"}],"version-history":[{"count":5,"href":"https:\/\/rumex.mendelu.cz\/atlasposkozenidrevin\/index.php\/wp-json\/wp\/v2\/pages\/1760\/revisions"}],"predecessor-version":[{"id":2704,"href":"https:\/\/rumex.mendelu.cz\/atlasposkozenidrevin\/index.php\/wp-json\/wp\/v2\/pages\/1760\/revisions\/2704"}],"wp:attachment":[{"href":"https:\/\/rumex.mendelu.cz\/atlasposkozenidrevin\/index.php\/wp-json\/wp\/v2\/media?parent=1760"}],"curies":[{"name":"wp","href":"https:\/\/api.w.org\/{rel}","templated":true}]}}