{"id":1753,"date":"2020-02-12T10:27:10","date_gmt":"2020-02-12T09:27:10","guid":{"rendered":"http:\/\/rumex.mendelu.cz\/atlasposkozenidrevin\/?page_id=1753"},"modified":"2024-11-06T13:33:58","modified_gmt":"2024-11-06T12:33:58","slug":"klikoroh-borovy","status":"publish","type":"page","link":"https:\/\/rumex.mendelu.cz\/atlasposkozenidrevin\/index.php\/klikoroh-borovy\/","title":{"rendered":"klikoroh borov\u00fd"},"content":{"rendered":"\n<p style=\"text-align:left\" class=\"has-medium-font-size\"><em>Hylobius abietis <\/em>Linnaeus, 1758<\/p>\n\n\n\n<p style=\"text-align:left\">TAXONOMICK\u00c9 ZA\u0158AZEN\u00cd:<br> \u0158\u00e1d: brouci (<em>Coleoptera<\/em>)<br> \u010cele\u010f: nosatcovit\u00ed (<em>Curculionida<\/em>e)<\/p>\n\n\n\n<p><strong>HOSTITELSK\u00c9 D\u0158EVINY:<\/strong> borovice (<em>Pinus<\/em> spp.), smrk (<em>Picea<\/em> spp.), ale i dal\u0161\u00ed jehli\u010dnany, p\u0159\u00edle\u017eitostn\u011b i listn\u00e1\u010de.<\/p>\n\n\n\n<p><strong>POPIS DRUHU:<\/strong> brouci jsou 6\u201315 mm velc\u00ed, zna\u010dn\u011b klenut\u00ed, tmav\u011b hn\u011bd\u00ed a siln\u011b chitinizovan\u00ed. Na hn\u011bd\u00fdch krovk\u00e1ch jsou dva \u017elutav\u00e9 p\u0159eru\u0161ovan\u00e9 p\u0159\u00ed\u010dn\u00e9 p\u00e1sky. Drobn\u00e9 \u017elut\u00e9 skvrnky jsou patrny i na \u0161t\u00edtu. Hlava je prota\u017eena do, pro nosatce typick\u00e9ho, nosce, na konci osazen\u00e9ho lomen\u00fdmi tykadly. \u0160t\u00edt je klenut\u00fd, v p\u0159edu siln\u011b z\u00fa\u017een\u00fd. B\u00e1ze krovek je asi o t\u0159etinu \u0161ir\u0161\u00ed ne\u017e \u0161t\u00edt. Larva je beznoh\u00e1, rohl\u00ed\u010dkovit\u00e1, b\u011blav\u00e1, s hn\u011bdou hlavou. Dorostl\u00e1 m\u011b\u0159\u00ed 12\u201323 mm. Vaj\u00ed\u010dko je b\u011blav\u011b pr\u016fsvitn\u00e9, ov\u00e1ln\u00e9, asi 2 mm dlouh\u00e9. Kukla je kr\u00e9mov\u011b b\u00edl\u00e1, voln\u00e1, 8\u201316 mm dlouh\u00e1, se z\u0159eteln\u00fdm noscem a o\u010dima, zakon\u010den\u00e1 2 kr\u00e1tk\u00fdmi trny.<\/p>\n\n\n\n<p><strong>EKOLOGIE DRUHU:<\/strong> brouci opou\u0161t\u011bj\u00ed sv\u00e9 \u00fakryty od poloviny dubna do poloviny kv\u011btna. Vyhled\u00e1vaj\u00ed mlad\u00e9, 3\u20136 let star\u00e9 stromky, na nich\u017e ohlod\u00e1vaj\u00ed jemnou k\u016fru a l\u00fdko \u2013 nej\u010dast\u011bji nad ko\u0159enov\u00fdm kr\u010dkem \u010di v\u00fd\u0161e. Zal\u00e9t\u00e1vaj\u00ed rovn\u011b\u017e na v\u011bt\u0161\u00ed stromky, kde po\u0161kozuj\u00ed b\u00e1ze tenk\u00fdch, asi jako tu\u017eka siln\u00fdch v\u011btv\u00ed. K p\u00e1\u0159en\u00ed doch\u00e1z\u00ed ji\u017e v pr\u016fb\u011bhu zralostn\u00edho \u017e\u00edru. Oplodn\u011bn\u00e9 sami\u010dky kladou vaj\u00ed\u010dka do k\u016fry ko\u0159en\u016f \u010derstv\u00fdch, p\u0159edev\u0161\u00edm borov\u00fdch pa\u0159ez\u016f. Vyl\u00edhl\u00e9 larvy vy\u017e\u00edraj\u00ed nejprve l\u00fdko, av\u0161ak pozd\u011bji vytv\u00e1\u0159ej\u00ed ve d\u0159ev\u011b pod\u00e9ln\u011b vinut\u00e9, a\u017e 1 m dlouh\u00e9 chodby, vypln\u011bn\u00e9 sm\u011bs\u00ed drtinek a trusu. Ve v\u011bt\u0161in\u011b p\u0159\u00edpad\u016f p\u0159ezimuj\u00ed dorostl\u00e9 larvy, kter\u00e9 se kukl\u00ed a\u017e na ja\u0159e p\u0159\u00ed\u0161t\u00edho roku. P\u0159i p\u0159\u00edzniv\u00e9m po\u010das\u00ed se v\u0161ak mlad\u00ed brouci mohou objevit je\u0161t\u011b koncem srpna \u010di v pr\u016fb\u011bhu z\u00e1\u0159\u00ed prvn\u00edho roku. Dosp\u011blci klikoroha borov\u00e9ho \u017eij\u00ed 1\u20133 roky.<\/p>\n\n\n\n<p><strong>V\u00ddZNAM DRUHU: <\/strong>klikoroh borov\u00fd je v\u00fdznamn\u00fd \u0161k\u016fdce jehli\u010dnat\u00fdch sazenic. P\u0159i sv\u00e9m zralostn\u00edm (mlad\u00ed brouci) a regenera\u010dn\u00edm (sta\u0159\u00ed brouci) \u017e\u00edru do nich vy\u017e\u00edr\u00e1 drobn\u00e9, kolm\u00e9 nebo trycht\u00fd\u0159ovit\u00e9 jamky, zasahuj\u00edc\u00ed \u010dasto a\u017e do povrchov\u00e9 \u010d\u00e1sti d\u0159eva. Po\u0161kozen\u00e9 km\u00ednky se n\u011bkdy deformuj\u00ed. P\u0159i siln\u00e9m po\u0161kozen\u00ed se vy\u017eran\u00e9 jamky spojuj\u00ed po obvodu km\u00ednku do plo\u0161ek a sazenice hynou.<\/p>\n\n\n<style type=\"text\/css\">\n#foogallery-gallery-2698 .fg-image { width: 560px; }\n#foogallery-gallery-2698 { --fg-gutter: 10px; }<\/style>\n\t\t\t<div class=\"foogallery foogallery-container foogallery-default foogallery-lightbox-none fg-left fg-default fg-ready fg-light fg-border-thin fg-shadow-outline fg-loading-default fg-loaded-fade-in fg-caption-always fg-hover-fade fg-hover-zoom\" id=\"foogallery-gallery-2698\" data-foogallery=\"{&quot;item&quot;:{&quot;showCaptionTitle&quot;:true,&quot;showCaptionDescription&quot;:true},&quot;lazy&quot;:true}\" style=\"--fg-title-line-clamp: 0; --fg-description-line-clamp: 0;\" >\n\t<div class=\"fg-item fg-type-image fg-idle\"><figure class=\"fg-item-inner\"><a href=\"https:\/\/rumex.mendelu.cz\/atlasposkozenidrevin\/wp-content\/uploads\/2024\/11\/001-brouk-8.jpg\" data-caption-title=\"Dosp\u011blec klikoroha, Pust\u00e1 Rybn\u00e1 2009.\" data-attachment-id=\"4764\" data-type=\"image\" class=\"fg-thumb\"><span class=\"fg-image-wrap\"><img fetchpriority=\"high\" decoding=\"async\" title=\"Dosp\u011blec klikoroha, Pust\u00e1 Rybn\u00e1 2009.\" width=\"560\" height=\"430\" class=\"skip-lazy fg-image\" data-src-fg=\"https:\/\/rumex.mendelu.cz\/atlasposkozenidrevin\/wp-content\/uploads\/cache\/2024\/11\/001-brouk-8\/375406547.jpg\" src=\"data:image\/svg+xml,%3Csvg%20xmlns%3D%22http%3A%2F%2Fwww.w3.org%2F2000%2Fsvg%22%20width%3D%22560%22%20height%3D%22430%22%20viewBox%3D%220%200%20560%20430%22%3E%3C%2Fsvg%3E\" loading=\"eager\"><\/span><span class=\"fg-image-overlay\"><\/span><\/a><figcaption class=\"fg-caption\"><div class=\"fg-caption-inner\"><div class=\"fg-caption-title\">Dosp\u011blec klikoroha, Pust\u00e1 Rybn\u00e1 2009.<\/div><\/div><\/figcaption><\/figure><div class=\"fg-loader\"><\/div><\/div><div class=\"fg-item fg-type-image fg-idle\"><figure class=\"fg-item-inner\"><a href=\"https:\/\/rumex.mendelu.cz\/atlasposkozenidrevin\/wp-content\/uploads\/2024\/11\/002-uzivny-zir-na-sazenici.jpg\" data-caption-title=\"\u00da\u017eivn\u00fd \u017e\u00edr na sazenici, Irsko \u2013 Balinahinch 2011.\" data-attachment-id=\"4765\" data-type=\"image\" class=\"fg-thumb\"><span class=\"fg-image-wrap\"><img decoding=\"async\" title=\"\u00da\u017eivn\u00fd \u017e\u00edr na sazenici, Irsko \u2013 Balinahinch 2011.\" width=\"560\" height=\"430\" class=\"skip-lazy fg-image\" data-src-fg=\"https:\/\/rumex.mendelu.cz\/atlasposkozenidrevin\/wp-content\/uploads\/cache\/2024\/11\/002-uzivny-zir-na-sazenici\/2730116953.jpg\" src=\"data:image\/svg+xml,%3Csvg%20xmlns%3D%22http%3A%2F%2Fwww.w3.org%2F2000%2Fsvg%22%20width%3D%22560%22%20height%3D%22430%22%20viewBox%3D%220%200%20560%20430%22%3E%3C%2Fsvg%3E\" loading=\"eager\"><\/span><span class=\"fg-image-overlay\"><\/span><\/a><figcaption class=\"fg-caption\"><div class=\"fg-caption-inner\"><div class=\"fg-caption-title\">\u00da\u017eivn\u00fd \u017e\u00edr na sazenici, Irsko \u2013 Balinahinch 2011.<\/div><\/div><\/figcaption><\/figure><div class=\"fg-loader\"><\/div><\/div><\/div>\n\n\n<style type=\"text\/css\">\n#foogallery-gallery-2701 .fg-image { width: 560px; }\n#foogallery-gallery-2701 { --fg-gutter: 10px; }<\/style>\n\t\t\t<div class=\"foogallery foogallery-container foogallery-default foogallery-lightbox-none fg-left fg-default fg-ready fg-light fg-border-thin fg-shadow-outline fg-loading-default fg-loaded-fade-in fg-caption-always fg-hover-fade fg-hover-zoom\" id=\"foogallery-gallery-2701\" data-foogallery=\"{&quot;item&quot;:{&quot;showCaptionTitle&quot;:true,&quot;showCaptionDescription&quot;:true},&quot;lazy&quot;:true}\" style=\"--fg-title-line-clamp: 0; --fg-description-line-clamp: 0;\" >\n\t<div class=\"fg-item fg-type-image fg-idle\"><figure class=\"fg-item-inner\"><a href=\"https:\/\/rumex.mendelu.cz\/atlasposkozenidrevin\/wp-content\/uploads\/2024\/11\/003-detail-uzivneho-ziru.jpg\" data-caption-title=\"Detail \u00fa\u017eivn\u00e9ho \u017e\u00edru, Irsko \u2013 Balinahinch 2011.\" data-attachment-id=\"4766\" data-type=\"image\" class=\"fg-thumb\"><span class=\"fg-image-wrap\"><img decoding=\"async\" title=\"Detail \u00fa\u017eivn\u00e9ho \u017e\u00edru, Irsko \u2013 Balinahinch 2011.\" width=\"560\" height=\"650\" class=\"skip-lazy fg-image\" data-src-fg=\"https:\/\/rumex.mendelu.cz\/atlasposkozenidrevin\/wp-content\/uploads\/cache\/2024\/11\/003-detail-uzivneho-ziru\/1305586157.jpg\" src=\"data:image\/svg+xml,%3Csvg%20xmlns%3D%22http%3A%2F%2Fwww.w3.org%2F2000%2Fsvg%22%20width%3D%22560%22%20height%3D%22650%22%20viewBox%3D%220%200%20560%20650%22%3E%3C%2Fsvg%3E\" loading=\"eager\"><\/span><span class=\"fg-image-overlay\"><\/span><\/a><figcaption class=\"fg-caption\"><div class=\"fg-caption-inner\"><div class=\"fg-caption-title\">Detail \u00fa\u017eivn\u00e9ho \u017e\u00edru, Irsko \u2013 Balinahinch 2011.<\/div><\/div><\/figcaption><\/figure><div class=\"fg-loader\"><\/div><\/div><div class=\"fg-item fg-type-image fg-idle\"><figure class=\"fg-item-inner\"><a href=\"https:\/\/rumex.mendelu.cz\/atlasposkozenidrevin\/wp-content\/uploads\/2024\/11\/004-silne-poskozeny-stromek.jpg\" data-caption-title=\"Siln\u011b po\u0161kozen\u00fd stromek, Irsko \u2013 Balinahinch 2011.\" data-attachment-id=\"4767\" data-type=\"image\" class=\"fg-thumb\"><span class=\"fg-image-wrap\"><img decoding=\"async\" title=\"Siln\u011b po\u0161kozen\u00fd stromek, Irsko \u2013 Balinahinch 2011.\" width=\"560\" height=\"650\" class=\"skip-lazy fg-image\" data-src-fg=\"https:\/\/rumex.mendelu.cz\/atlasposkozenidrevin\/wp-content\/uploads\/cache\/2024\/11\/004-silne-poskozeny-stromek\/2039976463.jpg\" src=\"data:image\/svg+xml,%3Csvg%20xmlns%3D%22http%3A%2F%2Fwww.w3.org%2F2000%2Fsvg%22%20width%3D%22560%22%20height%3D%22650%22%20viewBox%3D%220%200%20560%20650%22%3E%3C%2Fsvg%3E\" loading=\"eager\"><\/span><span class=\"fg-image-overlay\"><\/span><\/a><figcaption class=\"fg-caption\"><div class=\"fg-caption-inner\"><div class=\"fg-caption-title\">Siln\u011b po\u0161kozen\u00fd stromek, Irsko \u2013 Balinahinch 2011.<\/div><\/div><\/figcaption><\/figure><div class=\"fg-loader\"><\/div><\/div><\/div>\n","protected":false},"excerpt":{"rendered":"<p>Hylobius abietis Linnaeus, 1758 TAXONOMICK\u00c9 ZA\u0158AZEN\u00cd: \u0158\u00e1d: brouci (Coleoptera) \u010cele\u010f: nosatcovit\u00ed (Curculionidae) HOSTITELSK\u00c9 D\u0158EVINY: borovice [&hellip;]<\/p>\n","protected":false},"author":2,"featured_media":0,"parent":0,"menu_order":0,"comment_status":"closed","ping_status":"closed","template":"template-full-width.php","meta":{"footnotes":""},"class_list":["post-1753","page","type-page","status-publish","hentry"],"_links":{"self":[{"href":"https:\/\/rumex.mendelu.cz\/atlasposkozenidrevin\/index.php\/wp-json\/wp\/v2\/pages\/1753","targetHints":{"allow":["GET"]}}],"collection":[{"href":"https:\/\/rumex.mendelu.cz\/atlasposkozenidrevin\/index.php\/wp-json\/wp\/v2\/pages"}],"about":[{"href":"https:\/\/rumex.mendelu.cz\/atlasposkozenidrevin\/index.php\/wp-json\/wp\/v2\/types\/page"}],"author":[{"embeddable":true,"href":"https:\/\/rumex.mendelu.cz\/atlasposkozenidrevin\/index.php\/wp-json\/wp\/v2\/users\/2"}],"replies":[{"embeddable":true,"href":"https:\/\/rumex.mendelu.cz\/atlasposkozenidrevin\/index.php\/wp-json\/wp\/v2\/comments?post=1753"}],"version-history":[{"count":6,"href":"https:\/\/rumex.mendelu.cz\/atlasposkozenidrevin\/index.php\/wp-json\/wp\/v2\/pages\/1753\/revisions"}],"predecessor-version":[{"id":2702,"href":"https:\/\/rumex.mendelu.cz\/atlasposkozenidrevin\/index.php\/wp-json\/wp\/v2\/pages\/1753\/revisions\/2702"}],"wp:attachment":[{"href":"https:\/\/rumex.mendelu.cz\/atlasposkozenidrevin\/index.php\/wp-json\/wp\/v2\/media?parent=1753"}],"curies":[{"name":"wp","href":"https:\/\/api.w.org\/{rel}","templated":true}]}}