{"id":1716,"date":"2020-02-12T09:49:13","date_gmt":"2020-02-12T08:49:13","guid":{"rendered":"http:\/\/rumex.mendelu.cz\/atlasposkozenidrevin\/?page_id=1716"},"modified":"2024-11-06T13:35:35","modified_gmt":"2024-11-06T12:35:35","slug":"lykozrout-mnohozuby","status":"publish","type":"page","link":"https:\/\/rumex.mendelu.cz\/atlasposkozenidrevin\/index.php\/lykozrout-mnohozuby\/","title":{"rendered":"l\u00fdko\u017erout mnohozub\u00fd"},"content":{"rendered":"\n<p style=\"text-align:left\"><em>Orthotomicus laricis <\/em>Fabricius, 1792 \u2013 t\u00e9\u017e l\u00fdko\u017erout mod\u0159\u00ednov\u00fd<\/p>\n\n\n\n<p style=\"text-align:left\">Taxonomick\u00e9 za\u0159azen\u00ed:<br>\u0158\u00e1d: brouci (<em>Coleoptera<\/em>)<br>\u010cele\u010f: nosatcovit\u00ed (<em>Curculionidae<\/em>)<\/p>\n\n\n\n<p><strong>Hostitelsk\u00e9 d\u0159eviny:<\/strong><strong> <\/strong>jehli\u010dnat\u00e9 d\u0159eviny, zejm\u00e9na smrk ztepil\u00fd (<em>Picea abies<\/em>) a borovice lesn\u00ed (<em>Pinus sylvestris<\/em>).<\/p>\n\n\n\n<p><strong>Popis:<\/strong><strong> <\/strong>Brouk je 2,5\u20133,8 mm dlouh\u00fd, v\u00e1lcovit\u00fd, \u010dervenohn\u011bd\u00fd, leskl\u00fd. Tykadlov\u00e1 pali\u010dka je t\u0159\u00ed\u010dlenn\u00e1 s&nbsp;rovn\u00fdmi \u0161vy. Krovky jsou v&nbsp;\u0159\u00e1dc\u00edch siln\u011b te\u010dkovan\u00e9. Z\u00e1\u010f krovek je t\u00e9m\u011b\u0159 kolmo u\u0165at\u00e1, m\u011blce prohlouben\u00e1, leskl\u00e1, hust\u011b a z\u0159eteln\u011b te\u010dkovan\u00e1, se \u010dty\u0159mi p\u00e1ry hrbolkovit\u00fdch zoubk\u016f na okraj\u00edch. Okraj prohloubeniny mezi \u0161vem a posledn\u00edm zoubkem je hladk\u00fd.<\/p>\n\n\n\n<p><strong>Ekologie druhu: <\/strong>Obvykle dv\u011b generace ro\u010dn\u011b. Poprv\u00e9 se roj\u00ed se v&nbsp;kv\u011btnu, podruh\u00e9 v srpnu. Mate\u010dn\u00e9 chodby jsou nepravideln\u011b plo\u0161n\u011b parohovit\u00e9, larvy nejd\u0159\u00edve roz\u0161i\u0159uj\u00ed mate\u010dn\u00e9 chodby, pozd\u011bji hlodaj\u00ed zproh\u00fdban\u00e9 a \u010dasto se prot\u00ednaj\u00edc\u00ed chodby. <\/p>\n\n\n\n<p><strong>V\u00fdznam druhu<\/strong>: \u017dije pod siln\u011bj\u0161\u00ed k\u016frou.<strong> <\/strong>Hojn\u00fd. Sekund\u00e1rn\u00ed \u0161k\u016fdce, m\u00e1lo v\u00fdznamn\u00fd.<\/p>\n\n\n<style type=\"text\/css\">\n#foogallery-gallery-2684 .fg-image { width: 560px; }\n#foogallery-gallery-2684 { --fg-gutter: 10px; }<\/style>\n\t\t\t<div class=\"foogallery foogallery-container foogallery-default foogallery-lightbox-none fg-left fg-default fg-ready fg-light fg-border-thin fg-shadow-outline fg-loading-default fg-loaded-fade-in fg-caption-always fg-hover-fade fg-hover-zoom\" id=\"foogallery-gallery-2684\" data-foogallery=\"{&quot;item&quot;:{&quot;showCaptionTitle&quot;:true,&quot;showCaptionDescription&quot;:true},&quot;lazy&quot;:true}\" style=\"--fg-title-line-clamp: 0; --fg-description-line-clamp: 0;\" >\n\t<div class=\"fg-item fg-type-image fg-idle\"><figure class=\"fg-item-inner\"><a href=\"https:\/\/rumex.mendelu.cz\/atlasposkozenidrevin\/wp-content\/uploads\/2024\/11\/lykozrout-mnohozub_pozerek2.jpg\" data-caption-title=\"Po\u017eerek, sb\u00edrky \u00daOLM.\" data-attachment-id=\"4751\" data-type=\"image\" class=\"fg-thumb\"><span class=\"fg-image-wrap\"><img fetchpriority=\"high\" decoding=\"async\" title=\"Po\u017eerek, sb\u00edrky \u00daOLM.\" width=\"560\" height=\"430\" class=\"skip-lazy fg-image\" data-src-fg=\"https:\/\/rumex.mendelu.cz\/atlasposkozenidrevin\/wp-content\/uploads\/cache\/2024\/11\/lykozrout-mnohozub_pozerek2\/951911921.jpg\" src=\"data:image\/svg+xml,%3Csvg%20xmlns%3D%22http%3A%2F%2Fwww.w3.org%2F2000%2Fsvg%22%20width%3D%22560%22%20height%3D%22430%22%20viewBox%3D%220%200%20560%20430%22%3E%3C%2Fsvg%3E\" loading=\"eager\"><\/span><span class=\"fg-image-overlay\"><\/span><\/a><figcaption class=\"fg-caption\"><div class=\"fg-caption-inner\"><div class=\"fg-caption-title\">Po\u017eerek, sb\u00edrky \u00daOLM.<\/div><\/div><\/figcaption><\/figure><div class=\"fg-loader\"><\/div><\/div><div class=\"fg-item fg-type-image fg-idle\"><figure class=\"fg-item-inner\"><a href=\"https:\/\/rumex.mendelu.cz\/atlasposkozenidrevin\/wp-content\/uploads\/2024\/11\/lykozrout-mnohozub_pozerek1.jpg\" data-caption-title=\"Po\u017eerek, sb\u00edrky \u00daOLM.\" data-attachment-id=\"4750\" data-type=\"image\" class=\"fg-thumb\"><span class=\"fg-image-wrap\"><img decoding=\"async\" title=\"Po\u017eerek, sb\u00edrky \u00daOLM.\" width=\"560\" height=\"430\" class=\"skip-lazy fg-image\" data-src-fg=\"https:\/\/rumex.mendelu.cz\/atlasposkozenidrevin\/wp-content\/uploads\/cache\/2024\/11\/lykozrout-mnohozub_pozerek1\/2632759433.jpg\" src=\"data:image\/svg+xml,%3Csvg%20xmlns%3D%22http%3A%2F%2Fwww.w3.org%2F2000%2Fsvg%22%20width%3D%22560%22%20height%3D%22430%22%20viewBox%3D%220%200%20560%20430%22%3E%3C%2Fsvg%3E\" loading=\"eager\"><\/span><span class=\"fg-image-overlay\"><\/span><\/a><figcaption class=\"fg-caption\"><div class=\"fg-caption-inner\"><div class=\"fg-caption-title\">Po\u017eerek, sb\u00edrky \u00daOLM.<\/div><\/div><\/figcaption><\/figure><div class=\"fg-loader\"><\/div><\/div><\/div>\n","protected":false},"excerpt":{"rendered":"<p>Orthotomicus laricis Fabricius, 1792 \u2013 t\u00e9\u017e l\u00fdko\u017erout mod\u0159\u00ednov\u00fd Taxonomick\u00e9 za\u0159azen\u00ed:\u0158\u00e1d: brouci (Coleoptera)\u010cele\u010f: nosatcovit\u00ed (Curculionidae) Hostitelsk\u00e9 [&hellip;]<\/p>\n","protected":false},"author":2,"featured_media":0,"parent":0,"menu_order":0,"comment_status":"closed","ping_status":"closed","template":"template-full-width.php","meta":{"footnotes":""},"class_list":["post-1716","page","type-page","status-publish","hentry"],"_links":{"self":[{"href":"https:\/\/rumex.mendelu.cz\/atlasposkozenidrevin\/index.php\/wp-json\/wp\/v2\/pages\/1716","targetHints":{"allow":["GET"]}}],"collection":[{"href":"https:\/\/rumex.mendelu.cz\/atlasposkozenidrevin\/index.php\/wp-json\/wp\/v2\/pages"}],"about":[{"href":"https:\/\/rumex.mendelu.cz\/atlasposkozenidrevin\/index.php\/wp-json\/wp\/v2\/types\/page"}],"author":[{"embeddable":true,"href":"https:\/\/rumex.mendelu.cz\/atlasposkozenidrevin\/index.php\/wp-json\/wp\/v2\/users\/2"}],"replies":[{"embeddable":true,"href":"https:\/\/rumex.mendelu.cz\/atlasposkozenidrevin\/index.php\/wp-json\/wp\/v2\/comments?post=1716"}],"version-history":[{"count":4,"href":"https:\/\/rumex.mendelu.cz\/atlasposkozenidrevin\/index.php\/wp-json\/wp\/v2\/pages\/1716\/revisions"}],"predecessor-version":[{"id":2685,"href":"https:\/\/rumex.mendelu.cz\/atlasposkozenidrevin\/index.php\/wp-json\/wp\/v2\/pages\/1716\/revisions\/2685"}],"wp:attachment":[{"href":"https:\/\/rumex.mendelu.cz\/atlasposkozenidrevin\/index.php\/wp-json\/wp\/v2\/media?parent=1716"}],"curies":[{"name":"wp","href":"https:\/\/api.w.org\/{rel}","templated":true}]}}