{"id":168,"date":"2019-08-12T12:30:57","date_gmt":"2019-08-12T10:30:57","guid":{"rendered":"http:\/\/rumex.mendelu.cz\/atlasposkozenidrevin\/?page_id=168"},"modified":"2025-02-11T11:58:16","modified_gmt":"2025-02-11T10:58:16","slug":"sphaeropsis-sapinea","status":"publish","type":"page","link":"https:\/\/rumex.mendelu.cz\/atlasposkozenidrevin\/index.php\/sphaeropsis-sapinea\/","title":{"rendered":"prosych\u00e1n\u00ed v\u00fdhon\u016f borovic"},"content":{"rendered":"\n<p class=\"has-text-align-left has-medium-font-size\"><strong><em>Sphaeropsis sapinea<\/em> (Fr.) Dyko &amp; B. Sutton<\/strong> <\/p>\n\n\n\n<p class=\"has-normal-font-size\">SYNONYMUM: <strong><em>Diplodia pinea<\/em> (Desm.) J.J. Kickx<\/strong><\/p>\n\n\n\n<p><strong>HOSTITELSK\u00c9 D\u0158EVINY V \u010cR:<\/strong> v\u011bt\u0161ina druh\u016f borovic, nejv\u00edce se vyskytuje v okrasn\u00fdch v\u00fdsadb\u00e1ch, parc\u00edch, zahrad\u00e1ch, m\u011bstsk\u00e9 zeleni u borovice \u010dern\u00e9 (<em>Pinus nigra<\/em>),<em> <\/em>ale i v&nbsp;lesn\u00edm prost\u0159ed\u00ed na b. lesn\u00ed (<em>P. sylvestris<\/em>).<\/p>\n\n\n<style type=\"text\/css\">\n#foogallery-gallery-3092 .fg-image { width: 365px; }\n#foogallery-gallery-3092 { --fg-gutter: 10px; }<\/style>\n\t\t\t<div class=\"foogallery foogallery-container foogallery-default foogallery-lightbox-none fg-left fg-default fg-ready fg-light fg-border-thin fg-shadow-outline fg-loading-default fg-loaded-fade-in fg-caption-always fg-hover-fade fg-hover-zoom\" id=\"foogallery-gallery-3092\" data-foogallery=\"{&quot;item&quot;:{&quot;showCaptionTitle&quot;:false,&quot;showCaptionDescription&quot;:true},&quot;lazy&quot;:true}\" style=\"--fg-title-line-clamp: 0; --fg-description-line-clamp: 0;\" >\n\t<div class=\"fg-item fg-type-image fg-idle\"><figure class=\"fg-item-inner\"><a href=\"https:\/\/rumex.mendelu.cz\/atlasposkozenidrevin\/wp-content\/uploads\/2020\/02\/Sphaeropsis-sapinea-3.jpg\" data-caption-title=\"Odum\u00edr\u00e1n\u00ed pupene a nejmlad\u0161\u00edch jehlic u borovice \u010dern\u00e9, Brno 2005.\" data-caption-desc=\"Odum\u00edr\u00e1n\u00ed pupene a nejmlad\u0161\u00edch jehlic u borovice \u010dern\u00e9, Brno 2005.\" data-attachment-id=\"5221\" data-type=\"image\" class=\"fg-thumb\"><span class=\"fg-image-wrap\"><img fetchpriority=\"high\" decoding=\"async\" title=\"Odum\u00edr\u00e1n\u00ed pupene a nejmlad\u0161\u00edch jehlic u borovice \u010dern\u00e9, Brno 2005.\" width=\"365\" height=\"320\" class=\"skip-lazy fg-image\" data-src-fg=\"https:\/\/rumex.mendelu.cz\/atlasposkozenidrevin\/wp-content\/uploads\/cache\/2020\/02\/Sphaeropsis-sapinea-3\/4061558131.jpg\" src=\"data:image\/svg+xml,%3Csvg%20xmlns%3D%22http%3A%2F%2Fwww.w3.org%2F2000%2Fsvg%22%20width%3D%22365%22%20height%3D%22320%22%20viewBox%3D%220%200%20365%20320%22%3E%3C%2Fsvg%3E\" loading=\"eager\"><\/span><span class=\"fg-image-overlay\"><\/span><\/a><figcaption class=\"fg-caption\"><div class=\"fg-caption-inner\"><div class=\"fg-caption-desc\">Odum\u00edr\u00e1n\u00ed pupene a nejmlad\u0161\u00edch jehlic u borovice \u010dern\u00e9, Brno 2005.<\/div><\/div><\/figcaption><\/figure><div class=\"fg-loader\"><\/div><\/div><div class=\"fg-item fg-type-image fg-idle\"><figure class=\"fg-item-inner\"><a href=\"https:\/\/rumex.mendelu.cz\/atlasposkozenidrevin\/wp-content\/uploads\/2020\/02\/Sphaeropsis-sapinea-1.jpg\" data-caption-title=\"Symptomy prosych\u00e1n\u00ed u borovice \u010dern\u00e9, Brno Lu\u017e\u00e1nky park 2008.\" data-caption-desc=\"Symptomy prosych\u00e1n\u00ed u borovice \u010dern\u00e9, Brno Lu\u017e\u00e1nky park 2008.\" data-attachment-id=\"5220\" data-type=\"image\" class=\"fg-thumb\"><span class=\"fg-image-wrap\"><img decoding=\"async\" title=\"Symptomy prosych\u00e1n\u00ed u borovice \u010dern\u00e9, Brno Lu\u017e\u00e1nky park 2008.\" width=\"365\" height=\"320\" class=\"skip-lazy fg-image\" data-src-fg=\"https:\/\/rumex.mendelu.cz\/atlasposkozenidrevin\/wp-content\/uploads\/cache\/2020\/02\/Sphaeropsis-sapinea-1\/2845452779.jpg\" src=\"data:image\/svg+xml,%3Csvg%20xmlns%3D%22http%3A%2F%2Fwww.w3.org%2F2000%2Fsvg%22%20width%3D%22365%22%20height%3D%22320%22%20viewBox%3D%220%200%20365%20320%22%3E%3C%2Fsvg%3E\" loading=\"eager\"><\/span><span class=\"fg-image-overlay\"><\/span><\/a><figcaption class=\"fg-caption\"><div class=\"fg-caption-inner\"><div class=\"fg-caption-desc\">Symptomy prosych\u00e1n\u00ed u borovice \u010dern\u00e9, Brno Lu\u017e\u00e1nky park 2008.<\/div><\/div><\/figcaption><\/figure><div class=\"fg-loader\"><\/div><\/div><div class=\"fg-item fg-type-image fg-idle\"><figure class=\"fg-item-inner\"><a href=\"https:\/\/rumex.mendelu.cz\/atlasposkozenidrevin\/wp-content\/uploads\/2020\/02\/sphaeropsis-paristata-2.jpg\" data-caption-title=\"Detail odum\u00edr\u00e1n\u00ed pupene a nejmlad\u0161\u00edch jehlic u Pinus aristata, Brno Mendelu BZA 2010.\" data-caption-desc=\"Detail odum\u00edr\u00e1n\u00ed pupene a nejmlad\u0161\u00edch jehlic u Pinus aristata, Brno Mendelu BZA 2010.\" data-attachment-id=\"5219\" data-type=\"image\" class=\"fg-thumb\"><span class=\"fg-image-wrap\"><img decoding=\"async\" title=\"Detail odum\u00edr\u00e1n\u00ed pupene a nejmlad\u0161\u00edch jehlic u Pinus aristata, Brno Mendelu BZA 2010.\" width=\"365\" height=\"320\" class=\"skip-lazy fg-image\" data-src-fg=\"https:\/\/rumex.mendelu.cz\/atlasposkozenidrevin\/wp-content\/uploads\/cache\/2020\/02\/sphaeropsis-paristata-2\/2181989308.jpg\" src=\"data:image\/svg+xml,%3Csvg%20xmlns%3D%22http%3A%2F%2Fwww.w3.org%2F2000%2Fsvg%22%20width%3D%22365%22%20height%3D%22320%22%20viewBox%3D%220%200%20365%20320%22%3E%3C%2Fsvg%3E\" loading=\"eager\"><\/span><span class=\"fg-image-overlay\"><\/span><\/a><figcaption class=\"fg-caption\"><div class=\"fg-caption-inner\"><div class=\"fg-caption-desc\">Detail odum\u00edr\u00e1n\u00ed pupene a nejmlad\u0161\u00edch jehlic u Pinus aristata, Brno Mendelu BZA 2010.<\/div><\/div><\/figcaption><\/figure><div class=\"fg-loader\"><\/div><\/div><\/div>\n\n\n\n<p><\/p>\n\n\n\n<p><strong>SYMPTOMY A BIONOMIE: <\/strong>typick\u00fdm projevem je odum\u00edr\u00e1n\u00ed termin\u00e1ln\u00edho pupene u jednotliv\u00fdch v\u011btv\u00ed, jeho siln\u00e9 prosmolen\u00ed a pozastaven\u00ed r\u016fstu nejmlad\u0161\u00edch jehlic v dob\u011b ra\u0161en\u00ed. N\u011bkdy jsou jehlice vyra\u0161en\u00e9 \u010d\u00e1ste\u010dn\u011b, a pozd\u011bji postupn\u011b zasychaj\u00ed, m\u016f\u017ee se st\u00e1t, \u017ee nevyra\u0161\u00ed v\u016fbec. Ostatn\u00ed jehlice z\u016fst\u00e1vaj\u00ed v prvn\u00edm roce vzniku infekce zelen\u00e9, odum\u00edraj\u00ed a\u017e v dal\u0161\u00edch letech, v\u011bt\u0161inou postupn\u011b cel\u00e9 v\u011btve a \u010d\u00e1sti korun. Na mrtv\u00fdch jehlic\u00edch a pr\u00fdtech nar\u016fstaj\u00ed \u010dern\u00e9 ku\u017eelovit\u00e9 plodnice \u2013 pyknidy obsahuj\u00edc\u00ed tmav\u00e9 ov\u00e1ln\u00e9 konidie. Tyto jsou v\u011bt\u0161inou v hojn\u00e9m po\u010dtu i na spodn\u00edch stran\u00e1ch \u0161upin \u0161i\u0161ek. Houba pror\u016fst\u00e1 kambiem a zamezuje v\u00fd\u017eivu a p\u0159\u00edsun vody do termin\u00e1ln\u00edch parti\u00ed, stromy po dlouhodob\u00e9 infekci v z\u00e1vislosti na m\u00ed\u0159e napaden\u00ed tot\u00e1ln\u011b odum\u00edraj\u00ed. V\u00fdskyt <em>S. sapinea <\/em>souvis\u00ed s deficitem vody v p\u016fd\u011b v p\u0159edjarn\u00edm a jarn\u00edm obdob\u00ed.<\/p>\n\n\n\n<p><\/p>\n\n\n\n<p><\/p>\n\n\n<style type=\"text\/css\">\n#foogallery-gallery-3096 .fg-image { width: 365px; }\n#foogallery-gallery-3096 { --fg-gutter: 10px; }<\/style>\n\t\t\t<div class=\"foogallery foogallery-container foogallery-default foogallery-lightbox-none fg-left fg-default fg-ready fg-light fg-border-thin fg-shadow-outline fg-loading-default fg-loaded-fade-in fg-caption-always fg-hover-fade fg-hover-zoom\" id=\"foogallery-gallery-3096\" data-foogallery=\"{&quot;item&quot;:{&quot;showCaptionTitle&quot;:false,&quot;showCaptionDescription&quot;:true},&quot;lazy&quot;:true}\" style=\"--fg-title-line-clamp: 0; --fg-description-line-clamp: 0;\" >\n\t<div class=\"fg-item fg-type-image fg-idle\"><figure class=\"fg-item-inner\"><a href=\"https:\/\/rumex.mendelu.cz\/atlasposkozenidrevin\/wp-content\/uploads\/2020\/02\/PB180014.jpg\" data-caption-title=\"Nar\u016fst\u00e1n\u00ed pyknid na borce borovice, laborato\u0159 \u00daOLM LDF Brno 2006.\" data-caption-desc=\"Nar\u016fst\u00e1n\u00ed pyknid na borce borovice, laborato\u0159 \u00daOLM LDF Brno 2006.\" data-attachment-id=\"5217\" data-type=\"image\" class=\"fg-thumb\"><span class=\"fg-image-wrap\"><img decoding=\"async\" title=\"Nar\u016fst\u00e1n\u00ed pyknid na borce borovice, laborato\u0159 \u00daOLM LDF Brno 2006.\" width=\"365\" height=\"320\" class=\"skip-lazy fg-image\" data-src-fg=\"https:\/\/rumex.mendelu.cz\/atlasposkozenidrevin\/wp-content\/uploads\/cache\/2020\/02\/PB180014\/1444332605.jpg\" src=\"data:image\/svg+xml,%3Csvg%20xmlns%3D%22http%3A%2F%2Fwww.w3.org%2F2000%2Fsvg%22%20width%3D%22365%22%20height%3D%22320%22%20viewBox%3D%220%200%20365%20320%22%3E%3C%2Fsvg%3E\" loading=\"eager\"><\/span><span class=\"fg-image-overlay\"><\/span><\/a><figcaption class=\"fg-caption\"><div class=\"fg-caption-inner\"><div class=\"fg-caption-desc\">Nar\u016fst\u00e1n\u00ed pyknid na borce borovice, laborato\u0159 \u00daOLM LDF Brno 2006.<\/div><\/div><\/figcaption><\/figure><div class=\"fg-loader\"><\/div><\/div><div class=\"fg-item fg-type-image fg-idle\"><figure class=\"fg-item-inner\"><a href=\"https:\/\/rumex.mendelu.cz\/atlasposkozenidrevin\/wp-content\/uploads\/2020\/02\/P1010014.jpg\" data-caption-title=\"Nar\u016fst\u00e1n\u00ed pyknid na jehlici, laborato\u0159 \u00daOLM LDF Brno 2006.\" data-caption-desc=\"Nar\u016fst\u00e1n\u00ed pyknid na jehlici, laborato\u0159 \u00daOLM LDF Brno 2006.\" data-attachment-id=\"5214\" data-type=\"image\" class=\"fg-thumb\"><span class=\"fg-image-wrap\"><img decoding=\"async\" title=\"Nar\u016fst\u00e1n\u00ed pyknid na jehlici, laborato\u0159 \u00daOLM LDF Brno 2006.\" width=\"365\" height=\"320\" class=\"skip-lazy fg-image\" data-src-fg=\"https:\/\/rumex.mendelu.cz\/atlasposkozenidrevin\/wp-content\/uploads\/cache\/2020\/02\/P1010014\/1846239568.jpg\" src=\"data:image\/svg+xml,%3Csvg%20xmlns%3D%22http%3A%2F%2Fwww.w3.org%2F2000%2Fsvg%22%20width%3D%22365%22%20height%3D%22320%22%20viewBox%3D%220%200%20365%20320%22%3E%3C%2Fsvg%3E\" loading=\"eager\"><\/span><span class=\"fg-image-overlay\"><\/span><\/a><figcaption class=\"fg-caption\"><div class=\"fg-caption-inner\"><div class=\"fg-caption-desc\">Nar\u016fst\u00e1n\u00ed pyknid na jehlici, laborato\u0159 \u00daOLM LDF Brno 2006.<\/div><\/div><\/figcaption><\/figure><div class=\"fg-loader\"><\/div><\/div><div class=\"fg-item fg-type-image fg-idle\"><figure class=\"fg-item-inner\"><a href=\"https:\/\/rumex.mendelu.cz\/atlasposkozenidrevin\/wp-content\/uploads\/2020\/02\/12.P.nigra_.jpg\" data-caption-title=\"Nar\u016fst\u00e1n\u00ed pyknid na \u0161i\u0161ce borovice, laborato\u0159 \u00daOLM LDF Brno 2006.\" data-caption-desc=\"Nar\u016fst\u00e1n\u00ed pyknid na \u0161i\u0161ce borovice, laborato\u0159 \u00daOLM LDF Brno 2006.\" data-attachment-id=\"5213\" data-type=\"image\" class=\"fg-thumb\"><span class=\"fg-image-wrap\"><img decoding=\"async\" title=\"Nar\u016fst\u00e1n\u00ed pyknid na \u0161i\u0161ce borovice, laborato\u0159 \u00daOLM LDF Brno 2006.\" width=\"365\" height=\"320\" class=\"skip-lazy fg-image\" data-src-fg=\"https:\/\/rumex.mendelu.cz\/atlasposkozenidrevin\/wp-content\/uploads\/cache\/2020\/02\/12_P_nigra_\/2950767884.jpg\" src=\"data:image\/svg+xml,%3Csvg%20xmlns%3D%22http%3A%2F%2Fwww.w3.org%2F2000%2Fsvg%22%20width%3D%22365%22%20height%3D%22320%22%20viewBox%3D%220%200%20365%20320%22%3E%3C%2Fsvg%3E\" loading=\"eager\"><\/span><span class=\"fg-image-overlay\"><\/span><\/a><figcaption class=\"fg-caption\"><div class=\"fg-caption-inner\"><div class=\"fg-caption-desc\">Nar\u016fst\u00e1n\u00ed pyknid na \u0161i\u0161ce borovice, laborato\u0159 \u00daOLM LDF Brno 2006.<\/div><\/div><\/figcaption><\/figure><div class=\"fg-loader\"><\/div><\/div><\/div>\n\n\n\n<p><\/p>\n\n\n\n<p><strong>V\u00ddZNAM A OCHRANA: <\/strong>v okrasn\u00fdch v\u00fdsadb\u00e1ch se siln\u011b napaden\u00e9 v\u011btve odstra\u0148uj\u00ed, aby se zamezilo \u0161\u00ed\u0159en\u00ed patogenu, tato opat\u0159en\u00ed jsou m\u00e1lo \u00fa\u010dinn\u00e1. \u010c\u00e1ste\u010dnou prevenc\u00ed je vyvarovat se p\u0159\u00edsu\u0161ku v zimn\u00edm a jarn\u00edm obdob\u00ed.  <\/p>\n\n\n\n<p><\/p>\n\n\n<style type=\"text\/css\">\n#foogallery-gallery-3093 .fg-image { width: 365px; }\n#foogallery-gallery-3093 { --fg-gutter: 10px; }<\/style>\n\t\t\t<div class=\"foogallery foogallery-container foogallery-default foogallery-lightbox-none fg-left fg-default fg-ready fg-light fg-border-thin fg-shadow-outline fg-loading-default fg-loaded-fade-in fg-caption-always fg-hover-fade fg-hover-zoom\" id=\"foogallery-gallery-3093\" data-foogallery=\"{&quot;item&quot;:{&quot;showCaptionTitle&quot;:false,&quot;showCaptionDescription&quot;:true},&quot;lazy&quot;:true}\" style=\"--fg-title-line-clamp: 0; --fg-description-line-clamp: 0;\" >\n\t<div class=\"fg-item fg-type-image fg-idle\"><figure class=\"fg-item-inner\"><a href=\"https:\/\/rumex.mendelu.cz\/atlasposkozenidrevin\/wp-content\/uploads\/2020\/02\/Sphaeropsis-3.jpg\" data-caption-title=\"Odum\u00edr\u00e1n\u00ed pupene a nejmlad\u0161\u00edch jehlic u borovice \u010dern\u00e9, Brno 2005.\" data-caption-desc=\"Odum\u00edr\u00e1n\u00ed pupene a nejmlad\u0161\u00edch jehlic u borovice \u010dern\u00e9, Brno 2005.\" data-attachment-id=\"5218\" data-type=\"image\" class=\"fg-thumb\"><span class=\"fg-image-wrap\"><img decoding=\"async\" title=\"Odum\u00edr\u00e1n\u00ed pupene a nejmlad\u0161\u00edch jehlic u borovice \u010dern\u00e9, Brno 2005.\" width=\"365\" height=\"320\" class=\"skip-lazy fg-image\" data-src-fg=\"https:\/\/rumex.mendelu.cz\/atlasposkozenidrevin\/wp-content\/uploads\/cache\/2020\/02\/Sphaeropsis-3\/4117397113.jpg\" src=\"data:image\/svg+xml,%3Csvg%20xmlns%3D%22http%3A%2F%2Fwww.w3.org%2F2000%2Fsvg%22%20width%3D%22365%22%20height%3D%22320%22%20viewBox%3D%220%200%20365%20320%22%3E%3C%2Fsvg%3E\" loading=\"eager\"><\/span><span class=\"fg-image-overlay\"><\/span><\/a><figcaption class=\"fg-caption\"><div class=\"fg-caption-inner\"><div class=\"fg-caption-desc\">Odum\u00edr\u00e1n\u00ed pupene a nejmlad\u0161\u00edch jehlic u borovice \u010dern\u00e9, Brno 2005.<\/div><\/div><\/figcaption><\/figure><div class=\"fg-loader\"><\/div><\/div><div class=\"fg-item fg-type-image fg-idle\"><figure class=\"fg-item-inner\"><a href=\"https:\/\/rumex.mendelu.cz\/atlasposkozenidrevin\/wp-content\/uploads\/2020\/02\/P617001817062009_18.jpg\" data-caption-title=\"Zastaven\u00ed r\u016fstu nara\u0161en\u00fdch jehlic u borovice, Arboretum \u0158\u00edcmanice 2010.\" data-caption-desc=\"Zastaven\u00ed r\u016fstu nara\u0161en\u00fdch jehlic u borovice, Arboretum \u0158\u00edcmanice 2010.\" data-attachment-id=\"5216\" data-type=\"image\" class=\"fg-thumb\"><span class=\"fg-image-wrap\"><img decoding=\"async\" title=\"Zastaven\u00ed r\u016fstu nara\u0161en\u00fdch jehlic u borovice, Arboretum \u0158\u00edcmanice 2010.\" width=\"365\" height=\"320\" class=\"skip-lazy fg-image\" data-src-fg=\"https:\/\/rumex.mendelu.cz\/atlasposkozenidrevin\/wp-content\/uploads\/cache\/2020\/02\/P617001817062009_18\/97091324.jpg\" src=\"data:image\/svg+xml,%3Csvg%20xmlns%3D%22http%3A%2F%2Fwww.w3.org%2F2000%2Fsvg%22%20width%3D%22365%22%20height%3D%22320%22%20viewBox%3D%220%200%20365%20320%22%3E%3C%2Fsvg%3E\" loading=\"eager\"><\/span><span class=\"fg-image-overlay\"><\/span><\/a><figcaption class=\"fg-caption\"><div class=\"fg-caption-inner\"><div class=\"fg-caption-desc\">Zastaven\u00ed r\u016fstu nara\u0161en\u00fdch jehlic u borovice, Arboretum \u0158\u00edcmanice 2010.<\/div><\/div><\/figcaption><\/figure><div class=\"fg-loader\"><\/div><\/div><div class=\"fg-item fg-type-image fg-idle\"><figure class=\"fg-item-inner\"><a href=\"https:\/\/rumex.mendelu.cz\/atlasposkozenidrevin\/wp-content\/uploads\/2020\/02\/P617001417062009_14.jpg\" data-caption-title=\"Napaden\u00fd termin\u00e1l v\u011btve borovice, Arboretum \u0158\u00edcmanice 2012.\" data-caption-desc=\"Napaden\u00fd termin\u00e1l v\u011btve borovice, Arboretum \u0158\u00edcmanice 2012.\" data-attachment-id=\"5215\" data-type=\"image\" class=\"fg-thumb\"><span class=\"fg-image-wrap\"><img decoding=\"async\" title=\"Napaden\u00fd termin\u00e1l v\u011btve borovice, Arboretum \u0158\u00edcmanice 2012.\" width=\"365\" height=\"320\" class=\"skip-lazy fg-image\" data-src-fg=\"https:\/\/rumex.mendelu.cz\/atlasposkozenidrevin\/wp-content\/uploads\/cache\/2020\/02\/P617001417062009_14\/288293981.jpg\" src=\"data:image\/svg+xml,%3Csvg%20xmlns%3D%22http%3A%2F%2Fwww.w3.org%2F2000%2Fsvg%22%20width%3D%22365%22%20height%3D%22320%22%20viewBox%3D%220%200%20365%20320%22%3E%3C%2Fsvg%3E\" loading=\"eager\"><\/span><span class=\"fg-image-overlay\"><\/span><\/a><figcaption class=\"fg-caption\"><div class=\"fg-caption-inner\"><div class=\"fg-caption-desc\">Napaden\u00fd termin\u00e1l v\u011btve borovice, Arboretum \u0158\u00edcmanice 2012.<\/div><\/div><\/figcaption><\/figure><div class=\"fg-loader\"><\/div><\/div><\/div>\n","protected":false},"excerpt":{"rendered":"<p>Sphaeropsis sapinea (Fr.) Dyko &amp; B. Sutton SYNONYMUM: Diplodia pinea (Desm.) J.J. Kickx HOSTITELSK\u00c9 D\u0158EVINY [&hellip;]<\/p>\n","protected":false},"author":2,"featured_media":0,"parent":0,"menu_order":0,"comment_status":"closed","ping_status":"closed","template":"template-full-width.php","meta":{"footnotes":""},"class_list":["post-168","page","type-page","status-publish","hentry"],"_links":{"self":[{"href":"https:\/\/rumex.mendelu.cz\/atlasposkozenidrevin\/index.php\/wp-json\/wp\/v2\/pages\/168","targetHints":{"allow":["GET"]}}],"collection":[{"href":"https:\/\/rumex.mendelu.cz\/atlasposkozenidrevin\/index.php\/wp-json\/wp\/v2\/pages"}],"about":[{"href":"https:\/\/rumex.mendelu.cz\/atlasposkozenidrevin\/index.php\/wp-json\/wp\/v2\/types\/page"}],"author":[{"embeddable":true,"href":"https:\/\/rumex.mendelu.cz\/atlasposkozenidrevin\/index.php\/wp-json\/wp\/v2\/users\/2"}],"replies":[{"embeddable":true,"href":"https:\/\/rumex.mendelu.cz\/atlasposkozenidrevin\/index.php\/wp-json\/wp\/v2\/comments?post=168"}],"version-history":[{"count":7,"href":"https:\/\/rumex.mendelu.cz\/atlasposkozenidrevin\/index.php\/wp-json\/wp\/v2\/pages\/168\/revisions"}],"predecessor-version":[{"id":5222,"href":"https:\/\/rumex.mendelu.cz\/atlasposkozenidrevin\/index.php\/wp-json\/wp\/v2\/pages\/168\/revisions\/5222"}],"wp:attachment":[{"href":"https:\/\/rumex.mendelu.cz\/atlasposkozenidrevin\/index.php\/wp-json\/wp\/v2\/media?parent=168"}],"curies":[{"name":"wp","href":"https:\/\/api.w.org\/{rel}","templated":true}]}}