{"id":1649,"date":"2020-02-11T11:32:32","date_gmt":"2020-02-11T10:32:32","guid":{"rendered":"http:\/\/rumex.mendelu.cz\/atlasposkozenidrevin\/?page_id=1649"},"modified":"2024-11-06T13:33:16","modified_gmt":"2024-11-06T12:33:16","slug":"stitenka-jalovcova","status":"publish","type":"page","link":"https:\/\/rumex.mendelu.cz\/atlasposkozenidrevin\/index.php\/stitenka-jalovcova\/","title":{"rendered":"\u0161t\u00edtenka jalovcov\u00e1"},"content":{"rendered":"\n<p style=\"text-align:left\" class=\"has-medium-font-size\"><em>Carulaspis juniperi<\/em> Bouch\u00e9, 1851<\/p>\n\n\n\n<p style=\"text-align:left\">TAXONOMICK\u00c9 ZA\u0158AZEN\u00cd:<br>\u0158\u00e1d: polok\u0159\u00eddl\u00ed (Hemiptera)<br>Pod\u0159\u00e1d: m\u0161icosav\u00ed (Auchenorrhyncha)<br>Nad\u010dele\u010f: \u010dervci (Coccoidea)<br>\u010cele\u010f: \u0161t\u00edtenkovit\u00ed (Diaspididae)<\/p>\n\n\n\n<p><strong>HOSTITELSK\u00c9 D\u0158EVINY:<\/strong> jalovec (<em>Juniperus<\/em> spp.), cyp\u0159i\u0161 (<em>Cupressus<\/em> spp.), cyp\u0159i\u0161ek (<em>Chamaecyparis <\/em>spp.), zerav (<em>Thuja<\/em> spp.); tak\u00e9 zji\u0161t\u011bna na sekvojovci obrovsk\u00e9m (<em>Sequoiadendron giganteum<\/em>). <\/p>\n\n\n<style type=\"text\/css\">\n#foogallery-gallery-2655 .fg-image { width: 365px; }\n#foogallery-gallery-2655 { --fg-gutter: 10px; }<\/style>\n\t\t\t<div class=\"foogallery foogallery-container foogallery-default foogallery-lightbox-none fg-left fg-default fg-ready fg-light fg-border-thin fg-shadow-outline fg-loading-default fg-loaded-fade-in fg-caption-always fg-hover-fade fg-hover-zoom\" id=\"foogallery-gallery-2655\" data-foogallery=\"{&quot;item&quot;:{&quot;showCaptionTitle&quot;:true,&quot;showCaptionDescription&quot;:true},&quot;lazy&quot;:true}\" style=\"--fg-title-line-clamp: 0; --fg-description-line-clamp: 0;\" >\n\t<div class=\"fg-item fg-type-image fg-idle\"><figure class=\"fg-item-inner\"><a href=\"https:\/\/rumex.mendelu.cz\/atlasposkozenidrevin\/wp-content\/uploads\/2024\/11\/001-prezimujici-samicky.jpg\" data-caption-title=\"P\u0159ezimuj\u00edc\u00ed sami\u010dky, Brno 2006.\" data-attachment-id=\"4671\" data-type=\"image\" class=\"fg-thumb\"><span class=\"fg-image-wrap\"><img fetchpriority=\"high\" decoding=\"async\" title=\"P\u0159ezimuj\u00edc\u00ed sami\u010dky, Brno 2006.\" width=\"365\" height=\"280\" class=\"skip-lazy fg-image\" data-src-fg=\"https:\/\/rumex.mendelu.cz\/atlasposkozenidrevin\/wp-content\/uploads\/cache\/2024\/11\/001-prezimujici-samicky\/463659953.jpg\" src=\"data:image\/svg+xml,%3Csvg%20xmlns%3D%22http%3A%2F%2Fwww.w3.org%2F2000%2Fsvg%22%20width%3D%22365%22%20height%3D%22280%22%20viewBox%3D%220%200%20365%20280%22%3E%3C%2Fsvg%3E\" loading=\"eager\"><\/span><span class=\"fg-image-overlay\"><\/span><\/a><figcaption class=\"fg-caption\"><div class=\"fg-caption-inner\"><div class=\"fg-caption-title\">P\u0159ezimuj\u00edc\u00ed sami\u010dky, Brno 2006.<\/div><\/div><\/figcaption><\/figure><div class=\"fg-loader\"><\/div><\/div><div class=\"fg-item fg-type-image fg-idle\"><figure class=\"fg-item-inner\"><a href=\"https:\/\/rumex.mendelu.cz\/atlasposkozenidrevin\/wp-content\/uploads\/2024\/11\/002-silne-napadeni-plodu.jpg\" data-caption-title=\"Siln\u00e9 napaden\u00ed plod\u016f, Mokr\u00e1-Hor\u00e1kov 2011.\" data-attachment-id=\"4672\" data-type=\"image\" class=\"fg-thumb\"><span class=\"fg-image-wrap\"><img decoding=\"async\" title=\"Siln\u00e9 napaden\u00ed plod\u016f, Mokr\u00e1-Hor\u00e1kov 2011.\" width=\"365\" height=\"280\" class=\"skip-lazy fg-image\" data-src-fg=\"https:\/\/rumex.mendelu.cz\/atlasposkozenidrevin\/wp-content\/uploads\/cache\/2024\/11\/002-silne-napadeni-plodu\/281591799.jpg\" src=\"data:image\/svg+xml,%3Csvg%20xmlns%3D%22http%3A%2F%2Fwww.w3.org%2F2000%2Fsvg%22%20width%3D%22365%22%20height%3D%22280%22%20viewBox%3D%220%200%20365%20280%22%3E%3C%2Fsvg%3E\" loading=\"eager\"><\/span><span class=\"fg-image-overlay\"><\/span><\/a><figcaption class=\"fg-caption\"><div class=\"fg-caption-inner\"><div class=\"fg-caption-title\">Siln\u00e9 napaden\u00ed plod\u016f, Mokr\u00e1-Hor\u00e1kov 2011.<\/div><\/div><\/figcaption><\/figure><div class=\"fg-loader\"><\/div><\/div><div class=\"fg-item fg-type-image fg-idle\"><figure class=\"fg-item-inner\"><a href=\"https:\/\/rumex.mendelu.cz\/atlasposkozenidrevin\/wp-content\/uploads\/2024\/11\/003-silne-napadeni-jehlic.jpg\" data-caption-title=\"Siln\u00e9 napaden\u00ed jehlic, Mokr\u00e1-Hor\u00e1kov 2011.\" data-attachment-id=\"4673\" data-type=\"image\" class=\"fg-thumb\"><span class=\"fg-image-wrap\"><img decoding=\"async\" title=\"Siln\u00e9 napaden\u00ed jehlic, Mokr\u00e1-Hor\u00e1kov 2011.\" width=\"365\" height=\"280\" class=\"skip-lazy fg-image\" data-src-fg=\"https:\/\/rumex.mendelu.cz\/atlasposkozenidrevin\/wp-content\/uploads\/cache\/2024\/11\/003-silne-napadeni-jehlic\/82509339.jpg\" src=\"data:image\/svg+xml,%3Csvg%20xmlns%3D%22http%3A%2F%2Fwww.w3.org%2F2000%2Fsvg%22%20width%3D%22365%22%20height%3D%22280%22%20viewBox%3D%220%200%20365%20280%22%3E%3C%2Fsvg%3E\" loading=\"eager\"><\/span><span class=\"fg-image-overlay\"><\/span><\/a><figcaption class=\"fg-caption\"><div class=\"fg-caption-inner\"><div class=\"fg-caption-title\">Siln\u00e9 napaden\u00ed jehlic, Mokr\u00e1-Hor\u00e1kov 2011.<\/div><\/div><\/figcaption><\/figure><div class=\"fg-loader\"><\/div><\/div><\/div>\n\n\n\n<p><\/p>\n\n\n\n<p><strong>POPIS DRUHU:<\/strong> \u0161t\u00edtky sami\u010dek jsou kruhov\u00e9, b\u011blav\u00e9, slab\u011b klenut\u00e9 s excentrickou \u017elutohn\u011bdou skvrnou. Dosahuj\u00ed v pr\u016fm\u011bru 1-1,5 mm. \u0160t\u00edtky same\u010dk\u016f jsou men\u0161\u00ed, asi jen 0,5-1 mm dlouh\u00e9, podlouhl\u00e9, se z\u0159eteln\u00fdm pod\u00e9ln\u00fdm \u017eeb\u00edrkem na svrchn\u00ed \u010d\u00e1sti. Ov\u00e1ln\u00e1 vaj\u00ed\u010dka jsou bled\u011b \u017elutav\u011b b\u00edl\u00e1. Nymfy jsou bled\u00e9, zelenav\u011b \u017elut\u00e9.<\/p>\n\n\n\n<p><strong>EKOLOGIE DRUHU: <\/strong>sami\u010dky kladou v kv\u011btnu vaj\u00ed\u010dka pod ochranu sv\u00fdch \u0161t\u00edtk\u016f a um\u00edraj\u00ed. V \u010dervnu se l\u00edhnou nymfy, kter\u00e9 se m\u011bn\u00ed v dosp\u011blce a\u017e pozd\u011b na podzim. Same\u010dci po p\u00e1\u0159en\u00ed um\u00edraj\u00ed, p\u0159ezimuj\u00ed pouze sami\u010dky.<\/p>\n\n\n\n<p><strong>V\u00ddZNAM DRUHU<\/strong>: b\u011b\u017en\u00fd druh, p\u0159emno\u017euj\u00edc\u00ed se ob\u010das v okrasn\u00fdch zahrad\u00e1ch a parc\u00edch. Hromadn\u00fdm s\u00e1n\u00edm, kdy jsou v\u011btve pokryty krustou \u0161t\u00edtk\u016f, zp\u016fsobuj\u00ed \u0161t\u00edtenky poruchy r\u016fstu, deformace, \u017eloutnut\u00ed jehlic, usych\u00e1n\u00ed v\u00fdhon\u016f a v\u011btv\u00ed, n\u011bkdy i cel\u00fdch ke\u0159\u016f. P\u0159i velmi siln\u00e9m v\u00fdskytu jsou ke\u0159e pokryty lepkavou medovic\u00ed, na kter\u00e9 vyr\u016fstaj\u00ed \u010dern\u011b.<\/p>\n","protected":false},"excerpt":{"rendered":"<p>Carulaspis juniperi Bouch\u00e9, 1851 TAXONOMICK\u00c9 ZA\u0158AZEN\u00cd:\u0158\u00e1d: polok\u0159\u00eddl\u00ed (Hemiptera)Pod\u0159\u00e1d: m\u0161icosav\u00ed (Auchenorrhyncha)Nad\u010dele\u010f: \u010dervci (Coccoidea)\u010cele\u010f: \u0161t\u00edtenkovit\u00ed (Diaspididae) HOSTITELSK\u00c9 [&hellip;]<\/p>\n","protected":false},"author":2,"featured_media":0,"parent":0,"menu_order":0,"comment_status":"closed","ping_status":"closed","template":"template-full-width.php","meta":{"footnotes":""},"class_list":["post-1649","page","type-page","status-publish","hentry"],"_links":{"self":[{"href":"https:\/\/rumex.mendelu.cz\/atlasposkozenidrevin\/index.php\/wp-json\/wp\/v2\/pages\/1649","targetHints":{"allow":["GET"]}}],"collection":[{"href":"https:\/\/rumex.mendelu.cz\/atlasposkozenidrevin\/index.php\/wp-json\/wp\/v2\/pages"}],"about":[{"href":"https:\/\/rumex.mendelu.cz\/atlasposkozenidrevin\/index.php\/wp-json\/wp\/v2\/types\/page"}],"author":[{"embeddable":true,"href":"https:\/\/rumex.mendelu.cz\/atlasposkozenidrevin\/index.php\/wp-json\/wp\/v2\/users\/2"}],"replies":[{"embeddable":true,"href":"https:\/\/rumex.mendelu.cz\/atlasposkozenidrevin\/index.php\/wp-json\/wp\/v2\/comments?post=1649"}],"version-history":[{"count":4,"href":"https:\/\/rumex.mendelu.cz\/atlasposkozenidrevin\/index.php\/wp-json\/wp\/v2\/pages\/1649\/revisions"}],"predecessor-version":[{"id":2657,"href":"https:\/\/rumex.mendelu.cz\/atlasposkozenidrevin\/index.php\/wp-json\/wp\/v2\/pages\/1649\/revisions\/2657"}],"wp:attachment":[{"href":"https:\/\/rumex.mendelu.cz\/atlasposkozenidrevin\/index.php\/wp-json\/wp\/v2\/media?parent=1649"}],"curies":[{"name":"wp","href":"https:\/\/api.w.org\/{rel}","templated":true}]}}