{"id":1641,"date":"2020-02-11T11:28:16","date_gmt":"2020-02-11T10:28:16","guid":{"rendered":"http:\/\/rumex.mendelu.cz\/atlasposkozenidrevin\/?page_id=1641"},"modified":"2024-11-06T13:33:57","modified_gmt":"2024-11-06T12:33:57","slug":"korovnice-douglaskova","status":"publish","type":"page","link":"https:\/\/rumex.mendelu.cz\/atlasposkozenidrevin\/index.php\/korovnice-douglaskova\/","title":{"rendered":"korovnice douglaskov\u00e1"},"content":{"rendered":"\n<p style=\"text-align:left\" class=\"has-medium-font-size\"><em>Gilletteella cooleyi <\/em>Gillette, 1907<\/p>\n\n\n\n<p style=\"text-align:left\">TAXONOMICK\u00c9 ZA\u0158AZEN\u00cd:<br>\u0158\u00e1d: polok\u0159\u00eddl\u00ed (Hemiptera)<br>Pod\u0159\u00e1d: m\u0161icosav\u00ed (Auchenorrhyncha)<br>Nad\u010dele\u010f: Phylloxeroidea<br>\u010cele\u010f: korovnicovit\u00ed (Adelgidae)<\/p>\n\n\n\n<p><strong>HOSTITELSK\u00c9 D\u0158EVINY:<\/strong> douglaska (<em>Pseudotsuga<\/em> spp.), ve sv\u00e9 domovin\u011b jsou prim\u00e1rn\u00edmi hostiteli n\u011bkter\u00e9 druhy smrk\u016f: s. Engelmann\u016fv (<em>Picea engelmannii<\/em>), s. pichlav\u00fd (<em>P. pungens<\/em>) a s. sitka (<em>P. sitchensis<\/em>).<\/p>\n\n\n<style type=\"text\/css\">\n#foogallery-gallery-2652 .fg-image { width: 560px; }\n#foogallery-gallery-2652 { --fg-gutter: 10px; }<\/style>\n\t\t\t<div class=\"foogallery foogallery-container foogallery-default foogallery-lightbox-none fg-left fg-default fg-ready fg-light fg-border-thin fg-shadow-outline fg-loading-default fg-loaded-fade-in fg-caption-always fg-hover-fade fg-hover-zoom\" id=\"foogallery-gallery-2652\" data-foogallery=\"{&quot;item&quot;:{&quot;showCaptionTitle&quot;:true,&quot;showCaptionDescription&quot;:true},&quot;lazy&quot;:true}\" style=\"--fg-title-line-clamp: 0; --fg-description-line-clamp: 0;\" >\n\t<div class=\"fg-item fg-type-image fg-idle\"><figure class=\"fg-item-inner\"><a href=\"https:\/\/rumex.mendelu.cz\/atlasposkozenidrevin\/wp-content\/uploads\/2024\/11\/004-vajicka-korovnic.jpg\" data-caption-title=\"Vaj\u00ed\u010dka korovnic, Brno-Bystrc 2006.\" data-attachment-id=\"4670\" data-type=\"image\" class=\"fg-thumb\"><span class=\"fg-image-wrap\"><img fetchpriority=\"high\" decoding=\"async\" title=\"Vaj\u00ed\u010dka korovnic, Brno-Bystrc 2006.\" width=\"560\" height=\"430\" class=\"skip-lazy fg-image\" data-src-fg=\"https:\/\/rumex.mendelu.cz\/atlasposkozenidrevin\/wp-content\/uploads\/cache\/2024\/11\/004-vajicka-korovnic\/3255200362.jpg\" src=\"data:image\/svg+xml,%3Csvg%20xmlns%3D%22http%3A%2F%2Fwww.w3.org%2F2000%2Fsvg%22%20width%3D%22560%22%20height%3D%22430%22%20viewBox%3D%220%200%20560%20430%22%3E%3C%2Fsvg%3E\" loading=\"eager\"><\/span><span class=\"fg-image-overlay\"><\/span><\/a><figcaption class=\"fg-caption\"><div class=\"fg-caption-inner\"><div class=\"fg-caption-title\">Vaj\u00ed\u010dka korovnic, Brno-Bystrc 2006.<\/div><\/div><\/figcaption><\/figure><div class=\"fg-loader\"><\/div><\/div><div class=\"fg-item fg-type-image fg-idle\"><figure class=\"fg-item-inner\"><a href=\"https:\/\/rumex.mendelu.cz\/atlasposkozenidrevin\/wp-content\/uploads\/2024\/11\/001-napadene-jehlice-letorostu.jpg\" data-caption-title=\"Napaden\u00e9 jehlice, Brno-Bystrc 2006.\" data-attachment-id=\"4667\" data-type=\"image\" class=\"fg-thumb\"><span class=\"fg-image-wrap\"><img decoding=\"async\" title=\"Napaden\u00e9 jehlice, Brno-Bystrc 2006.\" width=\"560\" height=\"430\" class=\"skip-lazy fg-image\" data-src-fg=\"https:\/\/rumex.mendelu.cz\/atlasposkozenidrevin\/wp-content\/uploads\/cache\/2024\/11\/001-napadene-jehlice-letorostu\/3695105197.jpg\" src=\"data:image\/svg+xml,%3Csvg%20xmlns%3D%22http%3A%2F%2Fwww.w3.org%2F2000%2Fsvg%22%20width%3D%22560%22%20height%3D%22430%22%20viewBox%3D%220%200%20560%20430%22%3E%3C%2Fsvg%3E\" loading=\"eager\"><\/span><span class=\"fg-image-overlay\"><\/span><\/a><figcaption class=\"fg-caption\"><div class=\"fg-caption-inner\"><div class=\"fg-caption-title\">Napaden\u00e9 jehlice, Brno-Bystrc 2006.<\/div><\/div><\/figcaption><\/figure><div class=\"fg-loader\"><\/div><\/div><div class=\"fg-item fg-type-image fg-idle\"><figure class=\"fg-item-inner\"><a href=\"https:\/\/rumex.mendelu.cz\/atlasposkozenidrevin\/wp-content\/uploads\/2024\/11\/003-poskozene-jehlice-sanim.jpg\" data-caption-title=\"Jehlice po\u0161kozen\u00e9 s\u00e1n\u00edm. \u0158\u00edcmanice 2007.\" data-attachment-id=\"4669\" data-type=\"image\" class=\"fg-thumb\"><span class=\"fg-image-wrap\"><img decoding=\"async\" title=\"Jehlice po\u0161kozen\u00e9 s\u00e1n\u00edm. \u0158\u00edcmanice 2007.\" width=\"560\" height=\"430\" class=\"skip-lazy fg-image\" data-src-fg=\"https:\/\/rumex.mendelu.cz\/atlasposkozenidrevin\/wp-content\/uploads\/cache\/2024\/11\/003-poskozene-jehlice-sanim\/3124644771.jpg\" src=\"data:image\/svg+xml,%3Csvg%20xmlns%3D%22http%3A%2F%2Fwww.w3.org%2F2000%2Fsvg%22%20width%3D%22560%22%20height%3D%22430%22%20viewBox%3D%220%200%20560%20430%22%3E%3C%2Fsvg%3E\" loading=\"eager\"><\/span><span class=\"fg-image-overlay\"><\/span><\/a><figcaption class=\"fg-caption\"><div class=\"fg-caption-inner\"><div class=\"fg-caption-title\">Jehlice po\u0161kozen\u00e9 s\u00e1n\u00edm. \u0158\u00edcmanice 2007.<\/div><\/div><\/figcaption><\/figure><div class=\"fg-loader\"><\/div><\/div><div class=\"fg-item fg-type-image fg-idle\"><figure class=\"fg-item-inner\"><a href=\"https:\/\/rumex.mendelu.cz\/atlasposkozenidrevin\/wp-content\/uploads\/2024\/11\/002-silne-napadeni.jpg\" data-caption-title=\"Siln\u00e9 napaden\u00ed, Star\u00fd Kol\u00edn 2007.\" data-attachment-id=\"4668\" data-type=\"image\" class=\"fg-thumb\"><span class=\"fg-image-wrap\"><img decoding=\"async\" title=\"Siln\u00e9 napaden\u00ed, Star\u00fd Kol\u00edn 2007.\" width=\"560\" height=\"430\" class=\"skip-lazy fg-image\" data-src-fg=\"https:\/\/rumex.mendelu.cz\/atlasposkozenidrevin\/wp-content\/uploads\/cache\/2024\/11\/002-silne-napadeni\/1435022088.jpg\" src=\"data:image\/svg+xml,%3Csvg%20xmlns%3D%22http%3A%2F%2Fwww.w3.org%2F2000%2Fsvg%22%20width%3D%22560%22%20height%3D%22430%22%20viewBox%3D%220%200%20560%20430%22%3E%3C%2Fsvg%3E\" loading=\"eager\"><\/span><span class=\"fg-image-overlay\"><\/span><\/a><figcaption class=\"fg-caption\"><div class=\"fg-caption-inner\"><div class=\"fg-caption-title\">Siln\u00e9 napaden\u00ed, Star\u00fd Kol\u00edn 2007.<\/div><\/div><\/figcaption><\/figure><div class=\"fg-loader\"><\/div><\/div><\/div>\n\n\n\n<p><\/p>\n\n\n\n<p><strong>POPIS DRUHU:<\/strong> drobn\u00e1, 0,8\u20131 mm velk\u00e1, \u010dernohn\u011bd\u00e1 \u201em\u0161ice\u201c, pokryta voskov\u00fdmi vl\u00e1kny.<\/p>\n\n\n\n<p><strong>EKOLOGIE DRUHU:<\/strong> v na\u0161ich podm\u00ednk\u00e1ch se druh vyv\u00edj\u00ed anholocyklicky na spodn\u00ed stran\u011b mlad\u00fdch v\u00fdhonk\u016f douglasky. Kolonie korovnic se vyskytuj\u00ed v pr\u016fb\u011bhu cel\u00e9 vegeta\u010dn\u00ed sezony. V d\u016fsledku s\u00e1n\u00ed se na mlad\u00fdch jehlic\u00edch objevuj\u00ed \u017elutozelen\u00e9, na star\u0161\u00edch jehlic\u00edch \u017elut\u00e9 a\u017e \u017elutav\u011b hn\u011bd\u00e9 skvrny. Po\u0161kozen\u00e9 jehlice se oh\u00fdbaj\u00ed a krout\u00ed.<\/p>\n\n\n\n<p><strong>V\u00ddZNAM DRUHU:<\/strong> v d\u016fsledku s\u00e1n\u00ed doch\u00e1z\u00ed ke sn\u00ed\u017een\u00ed estetick\u00e9ho vzhledu napaden\u00fdch d\u0159evin.<\/p>\n","protected":false},"excerpt":{"rendered":"<p>Gilletteella cooleyi Gillette, 1907 TAXONOMICK\u00c9 ZA\u0158AZEN\u00cd:\u0158\u00e1d: polok\u0159\u00eddl\u00ed (Hemiptera)Pod\u0159\u00e1d: m\u0161icosav\u00ed (Auchenorrhyncha)Nad\u010dele\u010f: Phylloxeroidea\u010cele\u010f: korovnicovit\u00ed (Adelgidae) HOSTITELSK\u00c9 D\u0158EVINY: [&hellip;]<\/p>\n","protected":false},"author":2,"featured_media":0,"parent":0,"menu_order":0,"comment_status":"closed","ping_status":"closed","template":"template-full-width.php","meta":{"footnotes":""},"class_list":["post-1641","page","type-page","status-publish","hentry"],"_links":{"self":[{"href":"https:\/\/rumex.mendelu.cz\/atlasposkozenidrevin\/index.php\/wp-json\/wp\/v2\/pages\/1641","targetHints":{"allow":["GET"]}}],"collection":[{"href":"https:\/\/rumex.mendelu.cz\/atlasposkozenidrevin\/index.php\/wp-json\/wp\/v2\/pages"}],"about":[{"href":"https:\/\/rumex.mendelu.cz\/atlasposkozenidrevin\/index.php\/wp-json\/wp\/v2\/types\/page"}],"author":[{"embeddable":true,"href":"https:\/\/rumex.mendelu.cz\/atlasposkozenidrevin\/index.php\/wp-json\/wp\/v2\/users\/2"}],"replies":[{"embeddable":true,"href":"https:\/\/rumex.mendelu.cz\/atlasposkozenidrevin\/index.php\/wp-json\/wp\/v2\/comments?post=1641"}],"version-history":[{"count":4,"href":"https:\/\/rumex.mendelu.cz\/atlasposkozenidrevin\/index.php\/wp-json\/wp\/v2\/pages\/1641\/revisions"}],"predecessor-version":[{"id":2654,"href":"https:\/\/rumex.mendelu.cz\/atlasposkozenidrevin\/index.php\/wp-json\/wp\/v2\/pages\/1641\/revisions\/2654"}],"wp:attachment":[{"href":"https:\/\/rumex.mendelu.cz\/atlasposkozenidrevin\/index.php\/wp-json\/wp\/v2\/media?parent=1641"}],"curies":[{"name":"wp","href":"https:\/\/api.w.org\/{rel}","templated":true}]}}