{"id":1627,"date":"2020-02-11T11:19:17","date_gmt":"2020-02-11T10:19:17","guid":{"rendered":"http:\/\/rumex.mendelu.cz\/atlasposkozenidrevin\/?page_id=1627"},"modified":"2024-11-06T13:33:59","modified_gmt":"2024-11-06T12:33:59","slug":"hrebenule-borova","status":"publish","type":"page","link":"https:\/\/rumex.mendelu.cz\/atlasposkozenidrevin\/index.php\/hrebenule-borova\/","title":{"rendered":"h\u0159ebenule borov\u00e1"},"content":{"rendered":"\n<p style=\"text-align:left\" class=\"has-medium-font-size\"><em>Diprion pini<\/em> Linnaeus, 1758 <\/p>\n\n\n\n<p style=\"text-align:left\">TAXONOMICK\u00c9 ZA\u0158AZEN\u00cd:<br>\u0158\u00e1d: blanok\u0159\u00eddl\u00ed (Hymenoptera)<br>Pod\u0159\u00e1d: \u0161iropas\u00ed (Symphyta)<br>\u010cele\u010f: h\u0159ebenulovit\u00ed (Diprionidae)<\/p>\n\n\n\n<p><strong>HOSTITELSK\u00c9 D\u0158EVINY: <\/strong>p\u0159edev\u0161\u00edm borovice lesn\u00ed (<em>Pinus sylvestris<\/em>), p\u0159\u00edle\u017eitostn\u011b v\u0161ak i b. \u010dern\u00e1 (<em>P. nigra<\/em>), b. Banksova (<em>P. bangsiana<\/em>) a b. vejmutovka (<em>P. strobus<\/em>). <\/p>\n\n\n<style type=\"text\/css\">\n#foogallery-gallery-2648 .fg-image { width: 560px; }\n#foogallery-gallery-2648 { --fg-gutter: 10px; }<\/style>\n\t\t\t<div class=\"foogallery foogallery-container foogallery-default foogallery-lightbox-none fg-left fg-default fg-ready fg-light fg-border-thin fg-shadow-outline fg-loading-default fg-loaded-fade-in fg-caption-always fg-hover-fade fg-hover-zoom\" id=\"foogallery-gallery-2648\" data-foogallery=\"{&quot;item&quot;:{&quot;showCaptionTitle&quot;:true,&quot;showCaptionDescription&quot;:true},&quot;lazy&quot;:true}\" style=\"--fg-title-line-clamp: 0; --fg-description-line-clamp: 0;\" >\n\t<div class=\"fg-item fg-type-image fg-idle\"><figure class=\"fg-item-inner\"><a href=\"https:\/\/rumex.mendelu.cz\/atlasposkozenidrevin\/wp-content\/uploads\/2024\/11\/003-dorostla-housenice.jpg\" data-caption-title=\"Dorostl\u00e1 housenice, Meclov 2011.\" data-attachment-id=\"4665\" data-type=\"image\" class=\"fg-thumb\"><span class=\"fg-image-wrap\"><img fetchpriority=\"high\" decoding=\"async\" title=\"Dorostl\u00e1 housenice, Meclov 2011.\" width=\"560\" height=\"430\" class=\"skip-lazy fg-image\" data-src-fg=\"https:\/\/rumex.mendelu.cz\/atlasposkozenidrevin\/wp-content\/uploads\/cache\/2024\/11\/003-dorostla-housenice\/4009125279.jpg\" src=\"data:image\/svg+xml,%3Csvg%20xmlns%3D%22http%3A%2F%2Fwww.w3.org%2F2000%2Fsvg%22%20width%3D%22560%22%20height%3D%22430%22%20viewBox%3D%220%200%20560%20430%22%3E%3C%2Fsvg%3E\" loading=\"eager\"><\/span><span class=\"fg-image-overlay\"><\/span><\/a><figcaption class=\"fg-caption\"><div class=\"fg-caption-inner\"><div class=\"fg-caption-title\">Dorostl\u00e1 housenice, Meclov 2011.<\/div><\/div><\/figcaption><\/figure><div class=\"fg-loader\"><\/div><\/div><div class=\"fg-item fg-type-image fg-idle\"><figure class=\"fg-item-inner\"><a href=\"https:\/\/rumex.mendelu.cz\/atlasposkozenidrevin\/wp-content\/uploads\/2024\/11\/004-skupina-housenic.jpg\" data-caption-title=\"Skupina housenic, Pardubice 2006.\" data-attachment-id=\"4666\" data-type=\"image\" class=\"fg-thumb\"><span class=\"fg-image-wrap\"><img decoding=\"async\" title=\"Skupina housenic, Pardubice 2006.\" width=\"560\" height=\"430\" class=\"skip-lazy fg-image\" data-src-fg=\"https:\/\/rumex.mendelu.cz\/atlasposkozenidrevin\/wp-content\/uploads\/cache\/2024\/11\/004-skupina-housenic\/995371567.jpg\" src=\"data:image\/svg+xml,%3Csvg%20xmlns%3D%22http%3A%2F%2Fwww.w3.org%2F2000%2Fsvg%22%20width%3D%22560%22%20height%3D%22430%22%20viewBox%3D%220%200%20560%20430%22%3E%3C%2Fsvg%3E\" loading=\"eager\"><\/span><span class=\"fg-image-overlay\"><\/span><\/a><figcaption class=\"fg-caption\"><div class=\"fg-caption-inner\"><div class=\"fg-caption-title\">Skupina housenic, Pardubice 2006.<\/div><\/div><\/figcaption><\/figure><div class=\"fg-loader\"><\/div><\/div><div class=\"fg-item fg-type-image fg-idle\"><figure class=\"fg-item-inner\"><a href=\"https:\/\/rumex.mendelu.cz\/atlasposkozenidrevin\/wp-content\/uploads\/2024\/11\/001-samice.jpg\" data-caption-title=\"Samice, Brno-\u0158e\u010dkovice 2009.\" data-attachment-id=\"4663\" data-type=\"image\" class=\"fg-thumb\"><span class=\"fg-image-wrap\"><img decoding=\"async\" title=\"Samice, Brno-\u0158e\u010dkovice 2009.\" width=\"560\" height=\"430\" class=\"skip-lazy fg-image\" data-src-fg=\"https:\/\/rumex.mendelu.cz\/atlasposkozenidrevin\/wp-content\/uploads\/cache\/2024\/11\/001-samice\/2440396048.jpg\" src=\"data:image\/svg+xml,%3Csvg%20xmlns%3D%22http%3A%2F%2Fwww.w3.org%2F2000%2Fsvg%22%20width%3D%22560%22%20height%3D%22430%22%20viewBox%3D%220%200%20560%20430%22%3E%3C%2Fsvg%3E\" loading=\"eager\"><\/span><span class=\"fg-image-overlay\"><\/span><\/a><figcaption class=\"fg-caption\"><div class=\"fg-caption-inner\"><div class=\"fg-caption-title\">Samice, Brno-\u0158e\u010dkovice 2009.<\/div><\/div><\/figcaption><\/figure><div class=\"fg-loader\"><\/div><\/div><div class=\"fg-item fg-type-image fg-idle\"><figure class=\"fg-item-inner\"><a href=\"https:\/\/rumex.mendelu.cz\/atlasposkozenidrevin\/wp-content\/uploads\/2024\/11\/002-samec.jpg\" data-caption-title=\"Samec, Bzenec 2006.\" data-attachment-id=\"4664\" data-type=\"image\" class=\"fg-thumb\"><span class=\"fg-image-wrap\"><img decoding=\"async\" title=\"Samec, Bzenec 2006.\" width=\"560\" height=\"430\" class=\"skip-lazy fg-image\" data-src-fg=\"https:\/\/rumex.mendelu.cz\/atlasposkozenidrevin\/wp-content\/uploads\/cache\/2024\/11\/002-samec\/492400586.jpg\" src=\"data:image\/svg+xml,%3Csvg%20xmlns%3D%22http%3A%2F%2Fwww.w3.org%2F2000%2Fsvg%22%20width%3D%22560%22%20height%3D%22430%22%20viewBox%3D%220%200%20560%20430%22%3E%3C%2Fsvg%3E\" loading=\"eager\"><\/span><span class=\"fg-image-overlay\"><\/span><\/a><figcaption class=\"fg-caption\"><div class=\"fg-caption-inner\"><div class=\"fg-caption-title\">Samec, Bzenec 2006.<\/div><\/div><\/figcaption><\/figure><div class=\"fg-loader\"><\/div><\/div><\/div>\n\n\n\n<p><\/p>\n\n\n\n<p><strong>POPIS DRUHU:<\/strong> zavalit\u00e9, 8\u201310 mm velk\u00e9 sami\u010dky jsou p\u0159ev\u00e1\u017en\u011b bled\u011b \u017elut\u00e9 s tmav\u0161\u00ed hlavou a n\u011bkolika tmav\u00fdmi skvrnami na hrudi a st\u0159edn\u00ed \u010d\u00e1sti zade\u010dku. Jejich tenk\u00e1, k vrcholu se zu\u017euj\u00edc\u00ed tykadla jsou pilovit\u00e1. Drobn\u011bj\u0161\u00ed, 7\u20139 mm dlouz\u00ed same\u010dci jsou \u0161t\u00edhlej\u0161\u00ed, hn\u011bdo\u010dern\u00e9ho a\u017e \u010dern\u00e9ho zbarven\u00ed, se sv\u011btle hn\u011bd\u00fdmi no\u017ekami. Od sami\u010dek se poznaj\u00ed na prvn\u00ed pohled i d\u00edky sv\u00fdm n\u00e1padn\u00fdm oboustrann\u011b h\u0159ebenit\u00fdm tykadl\u016fm. Housenice jsou barevn\u011b dosti variabiln\u00ed. Nej\u010dast\u011bji b\u00fdvaj\u00ed \u017elut\u00e9 a\u017e \u017elutozelen\u00e9 s malou hn\u011bdou hlavou a s 11 p\u00e1ry kon\u010detin. Nad pano\u017ekami maj\u00ed z\u0159eteln\u00e9, le\u017eat\u00e9, tmav\u00e9 skvrny. Dorostl\u00e9 m\u011b\u0159\u00ed a\u017e 26 mm. Vaj\u00ed\u010dka jsou 1,5 mm velk\u00e1, b\u011blav\u011b \u017elut\u00e1, na konc\u00edch m\u00edrn\u011b zplo\u0161t\u011bl\u00e1.<\/p>\n\n\n\n<p><strong>EKOLOGIE DRUHU:<\/strong> dosp\u011blci se objevuj\u00ed, v z\u00e1vislosti na nadmo\u0159sk\u00e9 v\u00fd\u0161ce, od konce dubna do srpna. V teplej\u0161\u00edch oblastech se vyskytuj\u00ed 2 generace v roce, prvn\u00ed v dubnu a kv\u011btnu a druh\u00e1 v \u010dervenci a srpnu. Ve st\u0159edn\u00edch a vy\u0161\u0161\u00edch poloh\u00e1ch m\u00e1 druh pouze 1 generaci s dobou v\u00fdskytu v \u010dervnu a \u010dervenci. Vzhledem k zavalitosti sami\u010dek jsou aktivn\u00edmi letci zpravidla jen same\u010dci. T\u011b\u017ekop\u00e1dn\u00e9 sami\u010dky sp\u00ed\u0161e jen lezou po kmeni a v\u011btv\u00edch. Po sp\u00e1\u0159en\u00ed kladou vaj\u00ed\u010dka do z\u00e1\u0159ezu v jehlic\u00edch a pokr\u00fdvaj\u00ed je p\u011bnovitou hmotou. Vaj\u00ed\u010dka jsou kladena t\u011bsn\u011b za sebou do souvisl\u00fdch \u0159\u00e1dk\u016f. Podle doby rojen\u00ed um\u00eds\u0165uj\u00ed sami\u010dky sv\u00e1 vaj\u00ed\u010dka bu\u010f na lo\u0148sk\u00e9, nebo i leto\u0161n\u00ed jehlice. Po 3\u20136 t\u00fddnech se z vaj\u00ed\u010dek l\u00edhnou housenice. Mlad\u00e9 housenice se zdr\u017euj\u00ed pohromad\u011b a okusuj\u00ed jehlice ze strany a\u017e na st\u0159edn\u00ed \u017eilku. Ta, spolu se \u0161pi\u010dkou jehlice, neb\u00fdv\u00e1 zpravidla po\u0161kozov\u00e1na. Star\u0161\u00ed housenice ji\u017e \u017eij\u00ed v\u00edce jednotliv\u011b a jehlice okusuj\u00ed cel\u00e9, sm\u011brem od \u0161pi\u010dky a\u017e k pochv\u011b. N\u011bkdy pom\u00edstn\u011b po\u0161kozuj\u00ed i \u0161\u0165avnatou k\u016fru \u010derstv\u00fdch v\u00fdhonk\u016f.&nbsp; Housenice dor\u016fstaj\u00ed po 5\u20137 t\u00fddnech, p\u0159i\u010dem\u017e sami\u010dky se vyv\u00edjej\u00ed v\u017edy o n\u011bkolik dn\u016f d\u00e9le. H\u0159ebenule se kukl\u00ed v tuh\u00fdch, hn\u011bd\u00fdch, soude\u010dkovit\u00fdch, pergamenovit\u00fdch z\u00e1motc\u00edch mezi jehli\u010d\u00edm, v prasklin\u00e1ch k\u016fry \u010di v hrabance u paty stromu. Dosp\u011blci opou\u0161t\u011bj\u00ed tyto z\u00e1motky pro h\u0159ebenule charakteristick\u00fdm zp\u016fsobem, a to na jedn\u00e9 stran\u011b, po obvodu z\u00e1motku, odkousan\u00fdm v\u00ed\u010dkem. <\/p>\n\n\n\n<p><strong>V\u00ddZNAM DRUHU:<\/strong> d\u00edky spole\u010dn\u00e9mu \u017eivotu mlad\u0161\u00edch housenic zp\u016fsobuje mnohdy h\u0159ebenule borov\u00e1 lok\u00e1ln\u00ed a u mlad\u00fdch d\u0159evin i \u00fapln\u00e9 holo\u017e\u00edry. D\u00e1v\u00e1 p\u0159ednost tepl\u00fdm, slunn\u00fdm a z\u00e1v\u011btrn\u00fdm poloh\u00e1m. P\u0159esto\u017ee ji m\u016f\u017eeme naj\u00edt na stromech r\u016fzn\u00e9ho st\u00e1\u0159\u00ed, d\u00e1v\u00e1 zpravidla p\u0159ednost mlad\u0161\u00edm stromk\u016fm, rostouc\u00edm na nekvalitn\u00edch p\u016fd\u00e1ch. <\/p>\n","protected":false},"excerpt":{"rendered":"<p>Diprion pini Linnaeus, 1758 TAXONOMICK\u00c9 ZA\u0158AZEN\u00cd:\u0158\u00e1d: blanok\u0159\u00eddl\u00ed (Hymenoptera)Pod\u0159\u00e1d: \u0161iropas\u00ed (Symphyta)\u010cele\u010f: h\u0159ebenulovit\u00ed (Diprionidae) HOSTITELSK\u00c9 D\u0158EVINY: p\u0159edev\u0161\u00edm [&hellip;]<\/p>\n","protected":false},"author":2,"featured_media":0,"parent":0,"menu_order":0,"comment_status":"closed","ping_status":"closed","template":"template-full-width.php","meta":{"footnotes":""},"class_list":["post-1627","page","type-page","status-publish","hentry"],"_links":{"self":[{"href":"https:\/\/rumex.mendelu.cz\/atlasposkozenidrevin\/index.php\/wp-json\/wp\/v2\/pages\/1627","targetHints":{"allow":["GET"]}}],"collection":[{"href":"https:\/\/rumex.mendelu.cz\/atlasposkozenidrevin\/index.php\/wp-json\/wp\/v2\/pages"}],"about":[{"href":"https:\/\/rumex.mendelu.cz\/atlasposkozenidrevin\/index.php\/wp-json\/wp\/v2\/types\/page"}],"author":[{"embeddable":true,"href":"https:\/\/rumex.mendelu.cz\/atlasposkozenidrevin\/index.php\/wp-json\/wp\/v2\/users\/2"}],"replies":[{"embeddable":true,"href":"https:\/\/rumex.mendelu.cz\/atlasposkozenidrevin\/index.php\/wp-json\/wp\/v2\/comments?post=1627"}],"version-history":[{"count":3,"href":"https:\/\/rumex.mendelu.cz\/atlasposkozenidrevin\/index.php\/wp-json\/wp\/v2\/pages\/1627\/revisions"}],"predecessor-version":[{"id":2649,"href":"https:\/\/rumex.mendelu.cz\/atlasposkozenidrevin\/index.php\/wp-json\/wp\/v2\/pages\/1627\/revisions\/2649"}],"wp:attachment":[{"href":"https:\/\/rumex.mendelu.cz\/atlasposkozenidrevin\/index.php\/wp-json\/wp\/v2\/media?parent=1627"}],"curies":[{"name":"wp","href":"https:\/\/api.w.org\/{rel}","templated":true}]}}