{"id":1613,"date":"2020-02-11T11:06:26","date_gmt":"2020-02-11T10:06:26","guid":{"rendered":"http:\/\/rumex.mendelu.cz\/atlasposkozenidrevin\/?page_id=1613"},"modified":"2024-11-06T13:35:45","modified_gmt":"2024-11-06T12:35:45","slug":"pilatka-smrkova","status":"publish","type":"page","link":"https:\/\/rumex.mendelu.cz\/atlasposkozenidrevin\/index.php\/pilatka-smrkova\/","title":{"rendered":"pilatka smrkov\u00e1"},"content":{"rendered":"\n<p style=\"text-align:left\" class=\"has-medium-font-size\"><em>Pristiphora abietina<\/em> (Christ, 1791)<\/p>\n\n\n\n<p style=\"text-align:left\">TAXONOMICK\u00c9 ZA\u0158AZEN\u00cd:<br>\n\u0158\u00e1d: blanok\u0159\u00eddl\u00ed (Hymenoptera)<br>\nPod\u0159\u00e1d: \u0161iropas\u00ed (Symphyta)<br>\n\u010cele\u010f: pilatkovit\u00ed (Tenthredinidae)<\/p>\n\n\n\n<p><strong>HOSTITELSK\u00c9 D\u0158EVINY:<\/strong> smrk ztepil\u00fd <em>(Picea abies<\/em>).<\/p>\n\n\n<style type=\"text\/css\">\n#foogallery-gallery-2644 .fg-image { width: 560px; }\n#foogallery-gallery-2644 { --fg-gutter: 10px; }<\/style>\n\t\t\t<div class=\"foogallery foogallery-container foogallery-default foogallery-lightbox-none fg-left fg-default fg-ready fg-light fg-border-thin fg-shadow-outline fg-loading-default fg-loaded-fade-in fg-caption-always fg-hover-fade fg-hover-zoom\" id=\"foogallery-gallery-2644\" data-foogallery=\"{&quot;item&quot;:{&quot;showCaptionTitle&quot;:true,&quot;showCaptionDescription&quot;:true},&quot;lazy&quot;:true}\" style=\"--fg-title-line-clamp: 0; --fg-description-line-clamp: 0;\" >\n\t<div class=\"fg-item fg-type-image fg-idle\"><figure class=\"fg-item-inner\"><a href=\"https:\/\/rumex.mendelu.cz\/atlasposkozenidrevin\/wp-content\/uploads\/2024\/11\/pilatka_poskozeni-1.jpg\" data-caption-title=\"\u017d\u00edr housenic pilatky, Novoji\u010d\u00ednsko 1997.\" data-attachment-id=\"4656\" data-type=\"image\" class=\"fg-thumb\"><span class=\"fg-image-wrap\"><img fetchpriority=\"high\" decoding=\"async\" title=\"\u017d\u00edr housenic pilatky, Novoji\u010d\u00ednsko 1997.\" width=\"560\" height=\"430\" class=\"skip-lazy fg-image\" data-src-fg=\"https:\/\/rumex.mendelu.cz\/atlasposkozenidrevin\/wp-content\/uploads\/cache\/2024\/11\/pilatka_poskozeni-1\/3656622537.jpg\" src=\"data:image\/svg+xml,%3Csvg%20xmlns%3D%22http%3A%2F%2Fwww.w3.org%2F2000%2Fsvg%22%20width%3D%22560%22%20height%3D%22430%22%20viewBox%3D%220%200%20560%20430%22%3E%3C%2Fsvg%3E\" loading=\"eager\"><\/span><span class=\"fg-image-overlay\"><\/span><\/a><figcaption class=\"fg-caption\"><div class=\"fg-caption-inner\"><div class=\"fg-caption-title\">\u017d\u00edr housenic pilatky, Novoji\u010d\u00ednsko 1997.<\/div><\/div><\/figcaption><\/figure><div class=\"fg-loader\"><\/div><\/div><div class=\"fg-item fg-type-image fg-idle\"><figure class=\"fg-item-inner\"><a href=\"https:\/\/rumex.mendelu.cz\/atlasposkozenidrevin\/wp-content\/uploads\/2024\/11\/pilatka_poskozeni-2.jpg\" data-caption-title=\"Po\u0161kozen\u00fd mlad\u00fd porost, Novoji\u010d\u00ednsko 1997.\" data-attachment-id=\"4655\" data-type=\"image\" class=\"fg-thumb\"><span class=\"fg-image-wrap\"><img decoding=\"async\" title=\"Po\u0161kozen\u00fd mlad\u00fd porost, Novoji\u010d\u00ednsko 1997.\" width=\"560\" height=\"430\" class=\"skip-lazy fg-image\" data-src-fg=\"https:\/\/rumex.mendelu.cz\/atlasposkozenidrevin\/wp-content\/uploads\/cache\/2024\/11\/pilatka_poskozeni-2\/4110211491.jpg\" src=\"data:image\/svg+xml,%3Csvg%20xmlns%3D%22http%3A%2F%2Fwww.w3.org%2F2000%2Fsvg%22%20width%3D%22560%22%20height%3D%22430%22%20viewBox%3D%220%200%20560%20430%22%3E%3C%2Fsvg%3E\" loading=\"eager\"><\/span><span class=\"fg-image-overlay\"><\/span><\/a><figcaption class=\"fg-caption\"><div class=\"fg-caption-inner\"><div class=\"fg-caption-title\">Po\u0161kozen\u00fd mlad\u00fd porost, Novoji\u010d\u00ednsko 1997.<\/div><\/div><\/figcaption><\/figure><div class=\"fg-loader\"><\/div><\/div><\/div>\n\n\n\n<p><\/p>\n\n\n\n<p><strong>POPIS DRUHU:<\/strong> same\u010dci jsou 4,5\u20135 mm dlouz\u00ed, \u017elutohn\u011bd\u00ed, na svrchn\u00ed stran\u011b p\u0159ev\u00e1\u017en\u011b hn\u011bdo\u010dern\u00ed. Sami\u010dky jsou 5\u20136 mm velk\u00e9, zavalit\u011bj\u0161\u00ed, \u010dernohn\u011bd\u00e9 se \u017elutavou h\u0159betn\u00ed stranou p\u0159edohrudi a b\u0159i\u0161n\u00ed stranou zade\u010dku. Zade\u010dek je zakon\u010den kr\u00e1tk\u00fdm jemn\u011b pilovit\u00fdm klad\u00e9lkem. Dosp\u011blci dosahuj\u00ed rozp\u011bt\u00ed k\u0159\u00eddel 10\u201314 mm. Housenice jsou sv\u011btle zelen\u00e9, leskl\u00e9, bez kresby. Hlava je \u017elutozelen\u00e1. Maj\u00ed 3 p\u00e1ry hrudn\u00edch no\u017eek, 6 p\u00e1r\u016f pano\u017eek a 1 p\u00e1r po\u0161inek. Dosahuj\u00ed d\u00e9lky 12\u201315 mm. Vaj\u00ed\u010dka jsou sklovit\u011b bezbarv\u00e1, kolem 1 mm velk\u00e1. Kukla je voln\u00e1, sv\u011btl\u00e1, 4\u20136 mm dlouh\u00e1, ulo\u017eena v hladk\u00e9m, v\u00e1lcovit\u00e9m, do hn\u011bda zbarven\u00e9m, 5\u20137 mm velk\u00e9m z\u00e1motku.<\/p>\n\n\n\n<p><strong>EKOLOGIE DRUHU: <\/strong>dosp\u011blci se roj\u00ed, v z\u00e1vislosti na nadmo\u0159sk\u00e9 v\u00fd\u0161ce, od konce dubna do konce kv\u011btna. Oplodn\u011bn\u00e9 sami\u010dky kladou jednotliv\u00e1 vaj\u00ed\u010dka do ra\u0161\u00edc\u00edch pupen\u016f na vn\u011bj\u0161\u00ed stranu b\u00e1z\u00ed rozv\u00edjej\u00edc\u00edch se jehlic. Housenice se l\u00edhnou po vyra\u0161en\u00ed pupen\u016f a konzumuj\u00ed pouze \u010derstv\u00e9 jehlice. Na p\u0159elomu kv\u011btna a \u010dervna dorostl\u00e9 housenice opou\u0161t\u011bj\u00ed \u017eivnou rostlinu a ve svrchn\u00ed vrstv\u011b hrabanky prod\u011bl\u00e1vaj\u00ed letn\u00ed diapauzu a n\u00e1sledn\u011b i p\u0159ezimuj\u00ed. Kukl\u00ed se na ja\u0159e p\u0159\u00ed\u0161t\u00edho roku. \u010c\u00e1st housenic p\u0159el\u00e9h\u00e1 do dal\u0161\u00edho roku. N\u011bkte\u0159\u00ed jedinci mohou p\u0159el\u00e9hat a\u017e 6 let.<\/p>\n\n\n\n<p><strong>V\u00ddZNAM DRUHU: <\/strong>pilatka smrkov\u00e1 je \u0161k\u016fdce p\u0159edev\u0161\u00edm mlad\u00fdch, nep\u016fvodn\u00edch smrkov\u00fdch porost\u016f. P\u0159ednostn\u011b napad\u00e1 mlaziny a ty\u010dkoviny. Zbytky po\u0161kozen\u00fdch jehlic usychaj\u00ed, krout\u00ed se a hn\u011bdnou. V\u00fdhonky vypadaj\u00ed, jako by byly o\u017eehnuty ohn\u011bm nebo sp\u00e1len\u00e9 mrazem. <\/p>\n","protected":false},"excerpt":{"rendered":"<p>Pristiphora abietina (Christ, 1791) TAXONOMICK\u00c9 ZA\u0158AZEN\u00cd: \u0158\u00e1d: blanok\u0159\u00eddl\u00ed (Hymenoptera) Pod\u0159\u00e1d: \u0161iropas\u00ed (Symphyta) \u010cele\u010f: pilatkovit\u00ed (Tenthredinidae) [&hellip;]<\/p>\n","protected":false},"author":2,"featured_media":0,"parent":0,"menu_order":0,"comment_status":"closed","ping_status":"closed","template":"template-full-width.php","meta":{"footnotes":""},"class_list":["post-1613","page","type-page","status-publish","hentry"],"_links":{"self":[{"href":"https:\/\/rumex.mendelu.cz\/atlasposkozenidrevin\/index.php\/wp-json\/wp\/v2\/pages\/1613","targetHints":{"allow":["GET"]}}],"collection":[{"href":"https:\/\/rumex.mendelu.cz\/atlasposkozenidrevin\/index.php\/wp-json\/wp\/v2\/pages"}],"about":[{"href":"https:\/\/rumex.mendelu.cz\/atlasposkozenidrevin\/index.php\/wp-json\/wp\/v2\/types\/page"}],"author":[{"embeddable":true,"href":"https:\/\/rumex.mendelu.cz\/atlasposkozenidrevin\/index.php\/wp-json\/wp\/v2\/users\/2"}],"replies":[{"embeddable":true,"href":"https:\/\/rumex.mendelu.cz\/atlasposkozenidrevin\/index.php\/wp-json\/wp\/v2\/comments?post=1613"}],"version-history":[{"count":3,"href":"https:\/\/rumex.mendelu.cz\/atlasposkozenidrevin\/index.php\/wp-json\/wp\/v2\/pages\/1613\/revisions"}],"predecessor-version":[{"id":2645,"href":"https:\/\/rumex.mendelu.cz\/atlasposkozenidrevin\/index.php\/wp-json\/wp\/v2\/pages\/1613\/revisions\/2645"}],"wp:attachment":[{"href":"https:\/\/rumex.mendelu.cz\/atlasposkozenidrevin\/index.php\/wp-json\/wp\/v2\/media?parent=1613"}],"curies":[{"name":"wp","href":"https:\/\/api.w.org\/{rel}","templated":true}]}}