{"id":1608,"date":"2020-02-11T11:01:16","date_gmt":"2020-02-11T10:01:16","guid":{"rendered":"http:\/\/rumex.mendelu.cz\/atlasposkozenidrevin\/?page_id=1608"},"modified":"2024-11-06T13:35:33","modified_gmt":"2024-11-06T12:35:33","slug":"molovka-jalovcova","status":"publish","type":"page","link":"https:\/\/rumex.mendelu.cz\/atlasposkozenidrevin\/index.php\/molovka-jalovcova\/","title":{"rendered":"molovka jalovcov\u00e1"},"content":{"rendered":"\n<p style=\"text-align:left\" class=\"has-medium-font-size\"><em>Argyresthia trifasciata<\/em> Staudinger, 1871<\/p>\n\n\n\n<p style=\"text-align:left\">TAXONOMICK\u00c9 ZA\u0158AZEN\u00cd:<br>\n\u0158\u00e1d: mot\u00fdli (Lepidoptera)<br>\n\u010cele\u010f: molovkovit\u00ed (Argyresthiidae)<\/p>\n\n\n\n<p><strong>HOSTITELSK\u00c9 D\u0158EVINY: <\/strong>p\u0159edev\u0161\u00edm jalovce (<em>Juniperus<\/em> spp.), ale t\u00e9\u017e cyp\u0159i\u0161ky (<em>Chamaecyparis <\/em>spp.), cyp\u0159i\u0161e (<em>Cupressus<\/em> spp.) a zeravy (<em>Thuja<\/em> spp.)<\/p>\n\n\n<style type=\"text\/css\">\n#foogallery-gallery-2641 .fg-image { width: 560px; }\n#foogallery-gallery-2641 { --fg-gutter: 10px; }<\/style>\n\t\t\t<div class=\"foogallery foogallery-container foogallery-default foogallery-lightbox-none fg-left fg-default fg-ready fg-light fg-border-thin fg-shadow-outline fg-loading-default fg-loaded-fade-in fg-caption-always fg-hover-fade fg-hover-zoom\" id=\"foogallery-gallery-2641\" data-foogallery=\"{&quot;item&quot;:{&quot;showCaptionTitle&quot;:true,&quot;showCaptionDescription&quot;:true},&quot;lazy&quot;:true}\" style=\"--fg-title-line-clamp: 0; --fg-description-line-clamp: 0;\" >\n\t<div class=\"fg-item fg-type-image fg-idle\"><figure class=\"fg-item-inner\"><a href=\"https:\/\/rumex.mendelu.cz\/atlasposkozenidrevin\/wp-content\/uploads\/2024\/11\/001-motyl-3.jpg\" data-caption-title=\"Mot\u00fdl, Host\u011bnice 2008.\" data-attachment-id=\"4653\" data-type=\"image\" class=\"fg-thumb\"><span class=\"fg-image-wrap\"><img fetchpriority=\"high\" decoding=\"async\" title=\"Mot\u00fdl, Host\u011bnice 2008.\" width=\"560\" height=\"430\" class=\"skip-lazy fg-image\" data-src-fg=\"https:\/\/rumex.mendelu.cz\/atlasposkozenidrevin\/wp-content\/uploads\/cache\/2024\/11\/001-motyl-3\/289588638.jpg\" src=\"data:image\/svg+xml,%3Csvg%20xmlns%3D%22http%3A%2F%2Fwww.w3.org%2F2000%2Fsvg%22%20width%3D%22560%22%20height%3D%22430%22%20viewBox%3D%220%200%20560%20430%22%3E%3C%2Fsvg%3E\" loading=\"eager\"><\/span><span class=\"fg-image-overlay\"><\/span><\/a><figcaption class=\"fg-caption\"><div class=\"fg-caption-inner\"><div class=\"fg-caption-title\">Mot\u00fdl, Host\u011bnice 2008.<\/div><\/div><\/figcaption><\/figure><div class=\"fg-loader\"><\/div><\/div><div class=\"fg-item fg-type-image fg-idle\"><figure class=\"fg-item-inner\"><a href=\"https:\/\/rumex.mendelu.cz\/atlasposkozenidrevin\/wp-content\/uploads\/2024\/11\/002-poskozena-vetvicka.jpg\" data-caption-title=\"Po\u0161kozen\u00e1 v\u011btvi\u010dka, Brno 2008.\" data-attachment-id=\"4654\" data-type=\"image\" class=\"fg-thumb\"><span class=\"fg-image-wrap\"><img decoding=\"async\" title=\"Po\u0161kozen\u00e1 v\u011btvi\u010dka, Brno 2008.\" width=\"560\" height=\"430\" class=\"skip-lazy fg-image\" data-src-fg=\"https:\/\/rumex.mendelu.cz\/atlasposkozenidrevin\/wp-content\/uploads\/cache\/2024\/11\/002-poskozena-vetvicka\/4098599556.jpg\" src=\"data:image\/svg+xml,%3Csvg%20xmlns%3D%22http%3A%2F%2Fwww.w3.org%2F2000%2Fsvg%22%20width%3D%22560%22%20height%3D%22430%22%20viewBox%3D%220%200%20560%20430%22%3E%3C%2Fsvg%3E\" loading=\"eager\"><\/span><span class=\"fg-image-overlay\"><\/span><\/a><figcaption class=\"fg-caption\"><div class=\"fg-caption-inner\"><div class=\"fg-caption-title\">Po\u0161kozen\u00e1 v\u011btvi\u010dka, Brno 2008.<\/div><\/div><\/figcaption><\/figure><div class=\"fg-loader\"><\/div><\/div><\/div>\n\n\n\n<p><\/p>\n\n\n\n<p><strong>POPIS DRUHU:<\/strong> drobn\u00fd mot\u00fdlek s rozp\u011bt\u00edm k\u0159\u00eddel 10 mm. P\u0159edn\u00ed k\u0159\u00eddla jsou zlatav\u011b hn\u011bd\u00e1 s p\u0159\u00ed\u010dn\u00fdmi b\u011blav\u011b st\u0159\u00edb\u0159it\u00fdmi p\u0159\u00ed\u010dkami. Zadn\u00ed k\u0159\u00eddla jsou tmav\u011b \u0161ed\u00e1. 5 mm dlouh\u00e9 larvy jsou zelen\u00e9 s \u010dernou hlavou. <\/p>\n\n\n\n<p><strong>EKOLOGIE DRUHU:<\/strong> mot\u00fdli l\u00e9taj\u00ed v 2. polovin\u011b \u010dervna. Sami\u010dky kladou vaj\u00ed\u010dka na mlad\u00e9 v\u00fdhonky. Vyl\u00edhl\u00e9 larvy pronikaj\u00ed do v\u00fdhon\u016f, kter\u00e9 minuj\u00ed. P\u0159ezimuj\u00ed ve v\u00fdhonech, kter\u00e9 z d\u016fvodu kuklen\u00ed na ja\u0159e opou\u0161t\u00ed. Kukl\u00ed se pod \u0161upinami k\u016fry na siln\u011bj\u0161\u00edch parti\u00edch. P\u0159i teplot\u00e1ch nad bodem mrazu jsou aktivn\u00ed i v zim\u011b.<\/p>\n\n\n\n<p><strong>V\u00ddZNAM DRUHU: <\/strong>\u0161kodlivost housenek je pro napaden\u00e9 rostliny m\u00e1lo v\u00fdznamn\u00e1, doch\u00e1z\u00ed sp\u00ed\u0161e k estetick\u00e9mu po\u0161kozen\u00ed, kdy listov\u00e9 \u0161upiny letorost\u016f od \u0161pi\u010dek hn\u011bdnou. Letorosty jsou vy\u017eran\u00e9, v protisv\u011btle pr\u016fsvitn\u00e9. Na b\u00e1z\u00edch po\u0161kozen\u00fdch letorost\u016f z\u016fst\u00e1v\u00e1 okrouhl\u00fd otvor. P\u0159i siln\u00e9m napaden\u00ed doch\u00e1z\u00ed k prosv\u011btlen\u00ed ke\u0159\u016f. Molovka jalovcov\u00e1 napad\u00e1 p\u0159edev\u0161\u00edm horn\u00ed \u010d\u00e1sti korun.<\/p>\n","protected":false},"excerpt":{"rendered":"<p>Argyresthia trifasciata Staudinger, 1871 TAXONOMICK\u00c9 ZA\u0158AZEN\u00cd: \u0158\u00e1d: mot\u00fdli (Lepidoptera) \u010cele\u010f: molovkovit\u00ed (Argyresthiidae) HOSTITELSK\u00c9 D\u0158EVINY: p\u0159edev\u0161\u00edm [&hellip;]<\/p>\n","protected":false},"author":2,"featured_media":0,"parent":0,"menu_order":0,"comment_status":"closed","ping_status":"closed","template":"template-full-width.php","meta":{"footnotes":""},"class_list":["post-1608","page","type-page","status-publish","hentry"],"_links":{"self":[{"href":"https:\/\/rumex.mendelu.cz\/atlasposkozenidrevin\/index.php\/wp-json\/wp\/v2\/pages\/1608","targetHints":{"allow":["GET"]}}],"collection":[{"href":"https:\/\/rumex.mendelu.cz\/atlasposkozenidrevin\/index.php\/wp-json\/wp\/v2\/pages"}],"about":[{"href":"https:\/\/rumex.mendelu.cz\/atlasposkozenidrevin\/index.php\/wp-json\/wp\/v2\/types\/page"}],"author":[{"embeddable":true,"href":"https:\/\/rumex.mendelu.cz\/atlasposkozenidrevin\/index.php\/wp-json\/wp\/v2\/users\/2"}],"replies":[{"embeddable":true,"href":"https:\/\/rumex.mendelu.cz\/atlasposkozenidrevin\/index.php\/wp-json\/wp\/v2\/comments?post=1608"}],"version-history":[{"count":3,"href":"https:\/\/rumex.mendelu.cz\/atlasposkozenidrevin\/index.php\/wp-json\/wp\/v2\/pages\/1608\/revisions"}],"predecessor-version":[{"id":2643,"href":"https:\/\/rumex.mendelu.cz\/atlasposkozenidrevin\/index.php\/wp-json\/wp\/v2\/pages\/1608\/revisions\/2643"}],"wp:attachment":[{"href":"https:\/\/rumex.mendelu.cz\/atlasposkozenidrevin\/index.php\/wp-json\/wp\/v2\/media?parent=1608"}],"curies":[{"name":"wp","href":"https:\/\/api.w.org\/{rel}","templated":true}]}}