{"id":1601,"date":"2020-02-11T10:57:35","date_gmt":"2020-02-11T09:57:35","guid":{"rendered":"http:\/\/rumex.mendelu.cz\/atlasposkozenidrevin\/?page_id=1601"},"modified":"2024-11-06T16:37:14","modified_gmt":"2024-11-06T15:37:14","slug":"pouzdrovnicek-modrinovy","status":"publish","type":"page","link":"https:\/\/rumex.mendelu.cz\/atlasposkozenidrevin\/index.php\/pouzdrovnicek-modrinovy\/","title":{"rendered":"pouzdrovn\u00ed\u010dek mod\u0159\u00ednov\u00fd"},"content":{"rendered":"\n<p style=\"text-align:left\" class=\"has-medium-font-size\"><em>Coleophora laricella <\/em>H\u00fcbner, 1817 <\/p>\n\n\n\n<p style=\"text-align:left\">TAXONOMICK\u00c9 ZA\u0158AZEN\u00cd:<br>\n\u0158\u00e1d: mot\u00fdli (Lepidoptera)<br>\n\u010cele\u010f: pouzdrovn\u00ed\u010dkovit\u00ed (Coleophoridae)<\/p>\n\n\n\n<p><strong>HOSTITELSK\u00c9 D\u0158EVINY: <\/strong>p\u0159edev\u0161\u00edm mod\u0159\u00edn opadav\u00fd (<em>Larix decidua<\/em>), av\u0161ak housenky jsou schopny se vyv\u00edjet i na neevropsk\u00fdch druz\u00edch mod\u0159\u00ednu, jako je nap\u0159. m. americk\u00fd (<em>L. laricina<\/em>) \u010di m. z\u00e1padoamerick\u00fd (<em>L. occidentalis<\/em>). P\u0159i siln\u00e9m v\u00fdskytu m\u016f\u017ee v\u00fdvoj prob\u00edhat tak\u00e9 na douglasce tisolist\u00e9 (<em>Pseudotsuga menziesii<\/em>); v Americe i na borovici vejmutovce (<em>Pinus strobus<\/em>) \u010di jedli balz\u00e1mov\u00e9 (<em>Abies balsamea<\/em>).<\/p>\n\n\n<style type=\"text\/css\">\n#foogallery-gallery-2639 .fg-image { width: 560px; }\n#foogallery-gallery-2639 { --fg-gutter: 10px; }<\/style>\n\t\t\t<div class=\"foogallery foogallery-container foogallery-default foogallery-lightbox-none fg-left fg-default fg-ready fg-light fg-border-thin fg-shadow-outline fg-loading-default fg-loaded-fade-in fg-caption-always fg-hover-fade fg-hover-zoom\" id=\"foogallery-gallery-2639\" data-foogallery=\"{&quot;item&quot;:{&quot;showCaptionTitle&quot;:true,&quot;showCaptionDescription&quot;:true},&quot;lazy&quot;:true}\" style=\"--fg-title-line-clamp: 0; --fg-description-line-clamp: 0;\" >\n\t<div class=\"fg-item fg-type-image fg-idle\"><figure class=\"fg-item-inner\"><a href=\"https:\/\/rumex.mendelu.cz\/atlasposkozenidrevin\/wp-content\/uploads\/2024\/11\/002-motyl-4.jpg\" data-caption-title=\"Mot\u00fdl, V\u00e1penn\u00fd Podol 2005.\" data-attachment-id=\"4650\" data-type=\"image\" class=\"fg-thumb\"><span class=\"fg-image-wrap\"><img fetchpriority=\"high\" decoding=\"async\" title=\"Mot\u00fdl, V\u00e1penn\u00fd Podol 2005.\" width=\"560\" height=\"430\" class=\"skip-lazy fg-image\" data-src-fg=\"https:\/\/rumex.mendelu.cz\/atlasposkozenidrevin\/wp-content\/uploads\/cache\/2024\/11\/002-motyl-4\/2121737769.jpg\" src=\"data:image\/svg+xml,%3Csvg%20xmlns%3D%22http%3A%2F%2Fwww.w3.org%2F2000%2Fsvg%22%20width%3D%22560%22%20height%3D%22430%22%20viewBox%3D%220%200%20560%20430%22%3E%3C%2Fsvg%3E\" loading=\"eager\"><\/span><span class=\"fg-image-overlay\"><\/span><\/a><figcaption class=\"fg-caption\"><div class=\"fg-caption-inner\"><div class=\"fg-caption-title\">Mot\u00fdl, V\u00e1penn\u00fd Podol 2005.<\/div><\/div><\/figcaption><\/figure><div class=\"fg-loader\"><\/div><\/div><div class=\"fg-item fg-type-image fg-idle\"><figure class=\"fg-item-inner\"><a href=\"https:\/\/rumex.mendelu.cz\/atlasposkozenidrevin\/wp-content\/uploads\/2024\/11\/001-housenka-v-ochrannem-pouzdru.jpg\" data-caption-title=\"Housenka v ochrann\u00e9m pouzdru, V\u00e1penn\u00fd Podol 2005.\" data-attachment-id=\"4649\" data-type=\"image\" class=\"fg-thumb\"><span class=\"fg-image-wrap\"><img decoding=\"async\" title=\"Housenka v ochrann\u00e9m pouzdru, V\u00e1penn\u00fd Podol 2005.\" width=\"560\" height=\"430\" class=\"skip-lazy fg-image\" data-src-fg=\"https:\/\/rumex.mendelu.cz\/atlasposkozenidrevin\/wp-content\/uploads\/cache\/2024\/11\/001-housenka-v-ochrannem-pouzdru\/1271061505.jpg\" src=\"data:image\/svg+xml,%3Csvg%20xmlns%3D%22http%3A%2F%2Fwww.w3.org%2F2000%2Fsvg%22%20width%3D%22560%22%20height%3D%22430%22%20viewBox%3D%220%200%20560%20430%22%3E%3C%2Fsvg%3E\" loading=\"eager\"><\/span><span class=\"fg-image-overlay\"><\/span><\/a><figcaption class=\"fg-caption\"><div class=\"fg-caption-inner\"><div class=\"fg-caption-title\">Housenka v ochrann\u00e9m pouzdru, V\u00e1penn\u00fd Podol 2005.<\/div><\/div><\/figcaption><\/figure><div class=\"fg-loader\"><\/div><\/div><div class=\"fg-item fg-type-image fg-idle\"><figure class=\"fg-item-inner\"><a href=\"https:\/\/rumex.mendelu.cz\/atlasposkozenidrevin\/wp-content\/uploads\/2024\/11\/003-prezimujici-housenky-v-pouzdrech-pobliz-brachyblastu.jpg\" data-caption-title=\"P\u0159ezimuj\u00edc\u00ed housenky, Host\u011bnice 2006.\" data-attachment-id=\"4651\" data-type=\"image\" class=\"fg-thumb\"><span class=\"fg-image-wrap\"><img decoding=\"async\" title=\"P\u0159ezimuj\u00edc\u00ed housenky, Host\u011bnice 2006.\" width=\"560\" height=\"430\" class=\"skip-lazy fg-image\" data-src-fg=\"https:\/\/rumex.mendelu.cz\/atlasposkozenidrevin\/wp-content\/uploads\/cache\/2024\/11\/003-prezimujici-housenky-v-pouzdrech-pobliz-brachyblastu\/2776282139.jpg\" src=\"data:image\/svg+xml,%3Csvg%20xmlns%3D%22http%3A%2F%2Fwww.w3.org%2F2000%2Fsvg%22%20width%3D%22560%22%20height%3D%22430%22%20viewBox%3D%220%200%20560%20430%22%3E%3C%2Fsvg%3E\" loading=\"eager\"><\/span><span class=\"fg-image-overlay\"><\/span><\/a><figcaption class=\"fg-caption\"><div class=\"fg-caption-inner\"><div class=\"fg-caption-title\">P\u0159ezimuj\u00edc\u00ed housenky, Host\u011bnice 2006.<\/div><\/div><\/figcaption><\/figure><div class=\"fg-loader\"><\/div><\/div><div class=\"fg-item fg-type-image fg-idle\"><figure class=\"fg-item-inner\"><a href=\"https:\/\/rumex.mendelu.cz\/atlasposkozenidrevin\/wp-content\/uploads\/2024\/11\/004-silne-poskozene-jehlici-zirem-housenek.jpg\" data-caption-title=\"Siln\u011b po\u0161kozen\u00e9 jehli\u010d\u00ed, V\u00e1penn\u00fd Podol 2005.\" data-attachment-id=\"4652\" data-type=\"image\" class=\"fg-thumb\"><span class=\"fg-image-wrap\"><img decoding=\"async\" title=\"Siln\u011b po\u0161kozen\u00e9 jehli\u010d\u00ed, V\u00e1penn\u00fd Podol 2005.\" width=\"560\" height=\"430\" class=\"skip-lazy fg-image\" data-src-fg=\"https:\/\/rumex.mendelu.cz\/atlasposkozenidrevin\/wp-content\/uploads\/cache\/2024\/11\/004-silne-poskozene-jehlici-zirem-housenek\/2900751438.jpg\" src=\"data:image\/svg+xml,%3Csvg%20xmlns%3D%22http%3A%2F%2Fwww.w3.org%2F2000%2Fsvg%22%20width%3D%22560%22%20height%3D%22430%22%20viewBox%3D%220%200%20560%20430%22%3E%3C%2Fsvg%3E\" loading=\"eager\"><\/span><span class=\"fg-image-overlay\"><\/span><\/a><figcaption class=\"fg-caption\"><div class=\"fg-caption-inner\"><div class=\"fg-caption-title\">Siln\u011b po\u0161kozen\u00e9 jehli\u010d\u00ed, V\u00e1penn\u00fd Podol 2005.<\/div><\/div><\/figcaption><\/figure><div class=\"fg-loader\"><\/div><\/div><\/div>\n\n\n\n<p><\/p>\n\n\n\n<p><strong>POPIS DRUHU:<\/strong> dosp\u011bl\u00ed mot\u00fdlci jsou velmi drobn\u00ed, dlouz\u00ed asi 4 mm, nen\u00e1padn\u00e9ho, hn\u011bdav\u011b \u0161ed\u00e9ho, slab\u011b leskl\u00e9ho zbarven\u00ed, s rozp\u011bt\u00edm k\u0159\u00eddel kolem 8-11 mm. P\u0159edn\u00ed k\u0159\u00eddla jsou \u00fazk\u00e1, hn\u011bdav\u011b \u0161ed\u00e1. Zadn\u00ed, tmav\u011b \u0161ed\u00e1 k\u0159\u00eddla, jsou od poloviny za\u0161pi\u010dat\u011bl\u00e1, lemovan\u00e1 p\u0159i zadn\u00edm okraji dlouh\u00fdmi t\u0159\u00e1sn\u011bmi. Oba p\u00e1ry k\u0159\u00eddel jsou bez kresby. Housenky jsou po vyl\u00edhnut\u00ed \u017elutohn\u011bd\u00e9, av\u0161ak po prvn\u00edm svl\u00e9k\u00e1n\u00ed p\u0159ech\u00e1zej\u00ed do \u010dervenohn\u011bd\u00e9ho zbarven\u00ed s \u010dernavou hlavou. Proch\u00e1zej\u00ed 4 v\u00fdvojov\u00fdmi stupni a dorostl\u00e9 m\u011b\u0159\u00ed t\u00e9m\u011b\u0159 4 mm. T\u011blo maj\u00ed na prvn\u00ed pohled lys\u00e9, av\u0161ak na \u0159\u00eddk\u00fdch bradavk\u00e1ch jsou kr\u00e1tce obrven\u00e9. Kukla je \u00fazk\u00e1, hn\u011bdo\u010dern\u00e1, 3-4 mm velk\u00e1. Drobn\u00e1, asi 0,3 mm velk\u00e1 vaj\u00ed\u010dka jsou \u017elutav\u00e1, ov\u00e1ln\u00e1, m\u00edrn\u011b zplo\u0161t\u011bl\u00e1.<\/p>\n\n\n\n<p><strong>EKOLOGIE DRUHU:<\/strong> mot\u00fdlci se objevuj\u00ed v pr\u016fb\u011bhu kv\u011btna a za\u010d\u00e1tkem \u010dervna, v z\u00e1vislosti na nadmo\u0159sk\u00e9 v\u00fd\u0161ce a pr\u016fb\u011bhu po\u010das\u00ed. Oplodn\u011bn\u00e9 sami\u010dky kladou vaj\u00ed\u010dka nej\u010dast\u011bji na spodn\u00ed stranu jehlic, pobl\u00ed\u017e jejich konc\u016f. Housenky se l\u00edhnou za 1\u20132 t\u00fddny. Spodn\u00ed stranou vaj\u00ed\u010dka se zavrt\u00e1vaj\u00ed ihned do jehlic, kter\u00e9 vy\u017e\u00edraj\u00ed, tzv. minuj\u00ed. Od 3. instaru si housenky z jehlic vytv\u00e1\u0159\u00ed ochrann\u00e9 pouzdro, kter\u00e9 ji\u017e neopou\u0161t\u00ed. V dal\u0161\u00edm \u017e\u00edru pokra\u010duj\u00ed tak, \u017ee pouzdro p\u0159ip\u0159edou spodn\u00edm koncem k dal\u0161\u00ed jehlici a z otvoru pouzdra prokou\u0161ou jej\u00ed poko\u017eku a n\u00e1sledn\u011b vy\u017eerou jej\u00ed obsah. Na podzim, po p\u0159eru\u0161en\u00ed \u017e\u00edru, p\u0159ip\u0159edou housenky pouzdro k \u0161upin\u00e1m k\u016fry v\u011bt\u00e9vek, \u010dasto na povrch nebo v t\u011bsn\u00e9 bl\u00edzkosti brachyblast\u016f, a p\u0159ezimuj\u00ed v n\u011bm. Na ja\u0159e pokra\u010duj\u00ed v, asi 1 m\u011bs\u00edc trvaj\u00edc\u00edm, \u017e\u00edru v mlad\u00fdch vyra\u0161en\u00fdch jehlic\u00edch, p\u0159i\u010dem\u017e pouzdro op\u011bt zcela neopou\u0161t\u011bj\u00ed. Nakonec jej op\u011bt p\u0159ip\u0159edou k jehlici \u010di v\u011bt\u00e9vce a uvnit\u0159 n\u011bho se zakukl\u00ed.<\/p>\n\n\n\n<p><strong>V\u00ddZNAM DRUHU:<\/strong> pouzdrovn\u00ed\u010dek mod\u0159\u00ednov\u00fd napad\u00e1 p\u0159ednostn\u011b 10\u201360 let star\u00e9 mod\u0159\u00edny, p\u0159i\u010dem\u017e se vyh\u00fdb\u00e1 v\u011btrn\u00fdm poloh\u00e1m. Jeho housenky zp\u016fsobuj\u00ed dosti charakteristick\u00e9 po\u0161kozen\u00ed, kdy z vy\u017eran\u00fdch jehlic z\u016fst\u00e1v\u00e1 pouze poko\u017eka pln\u00e1 vzduchu. Po\u0161kozen\u00e9 jehlice jsou tedy nejprve b\u011blav\u00e9, pozd\u011bji \u017eloutnou, a\u017e hn\u011bdnou, krout\u00ed se a jejich zbytky opad\u00e1vaj\u00ed. Po vniknut\u00ed housenky z\u016fst\u00e1v\u00e1 v jehlic\u00edch mal\u00fd, kruhov\u00fd otvor. P\u0159i siln\u00e9m napaden\u00ed mohou b\u00fdt mod\u0159\u00edny v kv\u011btnu zcela zbaveny jehli\u010d\u00ed. Po odezn\u011bn\u00ed \u017e\u00edru v\u0161ak velmi rychle regeneruj\u00ed.<\/p>\n","protected":false},"excerpt":{"rendered":"<p>Coleophora laricella H\u00fcbner, 1817 TAXONOMICK\u00c9 ZA\u0158AZEN\u00cd: \u0158\u00e1d: mot\u00fdli (Lepidoptera) \u010cele\u010f: pouzdrovn\u00ed\u010dkovit\u00ed (Coleophoridae) HOSTITELSK\u00c9 D\u0158EVINY: p\u0159edev\u0161\u00edm [&hellip;]<\/p>\n","protected":false},"author":2,"featured_media":0,"parent":0,"menu_order":0,"comment_status":"closed","ping_status":"closed","template":"template-full-width.php","meta":{"footnotes":""},"class_list":["post-1601","page","type-page","status-publish","hentry"],"_links":{"self":[{"href":"https:\/\/rumex.mendelu.cz\/atlasposkozenidrevin\/index.php\/wp-json\/wp\/v2\/pages\/1601","targetHints":{"allow":["GET"]}}],"collection":[{"href":"https:\/\/rumex.mendelu.cz\/atlasposkozenidrevin\/index.php\/wp-json\/wp\/v2\/pages"}],"about":[{"href":"https:\/\/rumex.mendelu.cz\/atlasposkozenidrevin\/index.php\/wp-json\/wp\/v2\/types\/page"}],"author":[{"embeddable":true,"href":"https:\/\/rumex.mendelu.cz\/atlasposkozenidrevin\/index.php\/wp-json\/wp\/v2\/users\/2"}],"replies":[{"embeddable":true,"href":"https:\/\/rumex.mendelu.cz\/atlasposkozenidrevin\/index.php\/wp-json\/wp\/v2\/comments?post=1601"}],"version-history":[{"count":3,"href":"https:\/\/rumex.mendelu.cz\/atlasposkozenidrevin\/index.php\/wp-json\/wp\/v2\/pages\/1601\/revisions"}],"predecessor-version":[{"id":2640,"href":"https:\/\/rumex.mendelu.cz\/atlasposkozenidrevin\/index.php\/wp-json\/wp\/v2\/pages\/1601\/revisions\/2640"}],"wp:attachment":[{"href":"https:\/\/rumex.mendelu.cz\/atlasposkozenidrevin\/index.php\/wp-json\/wp\/v2\/media?parent=1601"}],"curies":[{"name":"wp","href":"https:\/\/api.w.org\/{rel}","templated":true}]}}