{"id":160,"date":"2019-08-12T12:05:05","date_gmt":"2019-08-12T10:05:05","guid":{"rendered":"http:\/\/rumex.mendelu.cz\/atlasposkozenidrevin\/?page_id=160"},"modified":"2024-11-06T13:31:39","modified_gmt":"2024-11-06T12:31:39","slug":"cenangioza-borovice","status":"publish","type":"page","link":"https:\/\/rumex.mendelu.cz\/atlasposkozenidrevin\/index.php\/cenangioza-borovice\/","title":{"rendered":"cenangioza borovice"},"content":{"rendered":"\n<p style=\"text-align:left\" class=\"has-medium-font-size\"><strong><em>Cenangium ferruginosum<\/em><\/strong><strong> Fr. <\/strong><\/p>\n\n\n\n<p class=\"has-normal-font-size\">SYNONYMUM: <em><strong>Cenangium abietis<\/strong><\/em><strong> (Pers.) Rehm<\/strong><\/p>\n\n\n\n<p><strong>HOSTITELSK\u00c9 D\u0158EVINY V \u010cR:<\/strong> borovice lesn\u00ed (<em>Pinus sylvestris<\/em>), b. \u010dern\u00e1 (<em>P. nigra<\/em>).<\/p>\n\n\n\n<p><strong>SYMPTOMY A BIONOMIE:<\/strong> typick\u00e9 je prosych\u00e1n\u00ed koncov\u00fdch v\u00fdhon\u016f, v\u011btv\u00ed a\u017e cel\u00fdch korun d\u0159evin. Mycelium houby pror\u016fst\u00e1 kambiem, co\u017e je viditeln\u00e9 na p\u0159\u00ed\u010dn\u00e9m \u0159ezu v\u011btvi\u010dek. Plodnice\u00a0 \u2013 apothecia nar\u016fstaj\u00ed na k\u016f\u0159e napaden\u00fdch v\u00fdhon\u016f a v\u011btvi\u010dek, obsahuj\u00ed v\u0159ecka s askosporami, kter\u00fdmi se infekce \u0161\u00ed\u0159\u00ed, k fruktifikaci doch\u00e1z\u00ed a\u017e na odum\u0159el\u00fdch \u010d\u00e1stech d\u0159evin, z\u00e1klady plodnic jsou identifikovateln\u00e9 b\u011bhem cel\u00e9ho roku. Mlad\u00e9 plodnice pror\u016fstaj\u00ed k\u016frou hostitele a jsou v\u011bt\u0161inou nahlou\u010den\u00e9 p\u0159i sob\u011b, kulovit\u00e9, tmav\u011b hn\u011bd\u011b a\u017e \u010dern\u011b zbarven\u00e9, ve vlhk\u00e9m prost\u0159ed\u00ed se miskovit\u011b otev\u00edraj\u00ed, jejich velikost je asi 2-3 mm.<\/p>\n\n\n\n<p><\/p>\n\n\n<style type=\"text\/css\">\n#foogallery-gallery-3099 .fg-image { width: 365px; }\n#foogallery-gallery-3099 { --fg-gutter: 10px; }<\/style>\n\t\t\t<div class=\"foogallery foogallery-container foogallery-default foogallery-lightbox-none fg-left fg-default fg-ready fg-light fg-border-thin fg-shadow-outline fg-loading-default fg-loaded-fade-in fg-caption-always fg-hover-fade fg-hover-zoom\" id=\"foogallery-gallery-3099\" data-foogallery=\"{&quot;item&quot;:{&quot;showCaptionTitle&quot;:false,&quot;showCaptionDescription&quot;:true},&quot;lazy&quot;:true}\" style=\"--fg-title-line-clamp: 0; --fg-description-line-clamp: 0;\" >\n\t<div class=\"fg-item fg-type-image fg-idle\"><figure class=\"fg-item-inner\"><a href=\"https:\/\/rumex.mendelu.cz\/atlasposkozenidrevin\/wp-content\/uploads\/2020\/02\/cenangiozavterenu-4.jpg\" data-caption-title=\"Cenangioza na borovici lesn\u00ed, \u0160LP ML K\u0159tiny 2009.\" data-caption-desc=\"Cenangioza na borovici lesn\u00ed, \u0160LP ML K\u0159tiny 2009.\" data-attachment-id=\"2483\" data-type=\"image\" class=\"fg-thumb\"><span class=\"fg-image-wrap\"><img fetchpriority=\"high\" decoding=\"async\" title=\"Cenangioza na borovici lesn\u00ed, \u0160LP ML K\u0159tiny 2009.\" width=\"365\" height=\"320\" class=\"skip-lazy fg-image\" data-src-fg=\"https:\/\/rumex.mendelu.cz\/atlasposkozenidrevin\/wp-content\/uploads\/cache\/2020\/02\/cenangiozavterenu-4\/2361711179.jpg\" src=\"data:image\/svg+xml,%3Csvg%20xmlns%3D%22http%3A%2F%2Fwww.w3.org%2F2000%2Fsvg%22%20width%3D%22365%22%20height%3D%22320%22%20viewBox%3D%220%200%20365%20320%22%3E%3C%2Fsvg%3E\" loading=\"eager\"><\/span><span class=\"fg-image-overlay\"><\/span><\/a><figcaption class=\"fg-caption\"><div class=\"fg-caption-inner\"><div class=\"fg-caption-desc\">Cenangioza na borovici lesn\u00ed, \u0160LP ML K\u0159tiny 2009.<\/div><\/div><\/figcaption><\/figure><div class=\"fg-loader\"><\/div><\/div><div class=\"fg-item fg-type-image fg-idle\"><figure class=\"fg-item-inner\"><a href=\"https:\/\/rumex.mendelu.cz\/atlasposkozenidrevin\/wp-content\/uploads\/2020\/01\/cenangiozavterenu-7.jpg\" data-caption-title=\"Cenangioza na borovici lesn\u00ed, \u0160LP ML K\u0159tiny 2009.\" data-caption-desc=\"Cenangioza na borovici lesn\u00ed, \u0160LP ML K\u0159tiny 2009.\" data-attachment-id=\"1218\" data-type=\"image\" class=\"fg-thumb\"><span class=\"fg-image-wrap\"><img decoding=\"async\" title=\"Cenangioza na borovici lesn\u00ed, \u0160LP ML K\u0159tiny 2009.\" width=\"365\" height=\"320\" class=\"skip-lazy fg-image\" data-src-fg=\"https:\/\/rumex.mendelu.cz\/atlasposkozenidrevin\/wp-content\/uploads\/cache\/2020\/01\/cenangiozavterenu-7\/241290763.jpg\" src=\"data:image\/svg+xml,%3Csvg%20xmlns%3D%22http%3A%2F%2Fwww.w3.org%2F2000%2Fsvg%22%20width%3D%22365%22%20height%3D%22320%22%20viewBox%3D%220%200%20365%20320%22%3E%3C%2Fsvg%3E\" loading=\"eager\"><\/span><span class=\"fg-image-overlay\"><\/span><\/a><figcaption class=\"fg-caption\"><div class=\"fg-caption-inner\"><div class=\"fg-caption-desc\">Cenangioza na borovici lesn\u00ed, \u0160LP ML K\u0159tiny 2009.<\/div><\/div><\/figcaption><\/figure><div class=\"fg-loader\"><\/div><\/div><div class=\"fg-item fg-type-image fg-idle\"><figure class=\"fg-item-inner\"><a href=\"https:\/\/rumex.mendelu.cz\/atlasposkozenidrevin\/wp-content\/uploads\/2020\/02\/cenangioza-v-terenu-3.jpg\" data-caption-title=\"Borovice lesn\u00ed s cenangiozou, Brno Sob\u011b\u0161ice 2010.\" data-caption-desc=\"Borovice lesn\u00ed s cenangiozou, Brno Sob\u011b\u0161ice 2010.\" data-attachment-id=\"5226\" data-type=\"image\" class=\"fg-thumb\"><span class=\"fg-image-wrap\"><img decoding=\"async\" title=\"Borovice lesn\u00ed s cenangiozou, Brno Sob\u011b\u0161ice 2010.\" width=\"365\" height=\"320\" class=\"skip-lazy fg-image\" data-src-fg=\"https:\/\/rumex.mendelu.cz\/atlasposkozenidrevin\/wp-content\/uploads\/cache\/2020\/02\/cenangioza-v-terenu-3\/2334462191.jpg\" src=\"data:image\/svg+xml,%3Csvg%20xmlns%3D%22http%3A%2F%2Fwww.w3.org%2F2000%2Fsvg%22%20width%3D%22365%22%20height%3D%22320%22%20viewBox%3D%220%200%20365%20320%22%3E%3C%2Fsvg%3E\" loading=\"eager\"><\/span><span class=\"fg-image-overlay\"><\/span><\/a><figcaption class=\"fg-caption\"><div class=\"fg-caption-inner\"><div class=\"fg-caption-desc\">Borovice lesn\u00ed s cenangiozou, Brno Sob\u011b\u0161ice 2010.<\/div><\/div><\/figcaption><\/figure><div class=\"fg-loader\"><\/div><\/div><\/div>\n\n\n\n<p><\/p>\n\n\n\n<p><strong>V\u00ddZNAM A OCHRANA: <\/strong><em>C. ferruginosum <\/em>je pova\u017eov\u00e1no za\u00a0 p\u0159\u00edle\u017eitostn\u00e9ho parazita, kter\u00fd svou aktivitu rychle zv\u00fd\u0161\u00ed v\u00a0okam\u017eiku, kdy jsou borovice oslabeny nap\u0159. jin\u00fdm patogenem, \u0161k\u016fdcem nebo nedostatkem vody z d\u016fvod\u016f dlouhotrvaj\u00edc\u00edho sucha. Ochrana v\u00a0p\u0159\u00edpad\u011b napaden\u00ed je zbyte\u010dn\u00e1, posti\u017een\u00e9 \u010d\u00e1sti d\u0159evin i cel\u00e9 stromy se odstra\u0148uj\u00ed a likviduj\u00ed.<\/p>\n\n\n\n<p><\/p>\n\n\n<style type=\"text\/css\">\n#foogallery-gallery-3100 .fg-image { width: 360px; }\n#foogallery-gallery-3100 { --fg-gutter: 10px; }<\/style>\n\t\t\t<div class=\"foogallery foogallery-container foogallery-default foogallery-lightbox-none fg-left fg-default fg-ready fg-light fg-border-thin fg-shadow-outline fg-loading-default fg-loaded-fade-in fg-caption-always fg-hover-fade fg-hover-zoom\" id=\"foogallery-gallery-3100\" data-foogallery=\"{&quot;item&quot;:{&quot;showCaptionTitle&quot;:false,&quot;showCaptionDescription&quot;:true},&quot;lazy&quot;:true}\" style=\"--fg-title-line-clamp: 0; --fg-description-line-clamp: 0;\" >\n\t<div class=\"fg-item fg-type-image fg-idle\"><figure class=\"fg-item-inner\"><a href=\"https:\/\/rumex.mendelu.cz\/atlasposkozenidrevin\/wp-content\/uploads\/2020\/02\/50-a.jpg\" data-caption-title=\"Apothecium nar\u016fstaj\u00edc\u00ed na v\u011btvi\u010dce borovice, laborato\u0159 \u00daOLM LDF Brno 2012.\" data-caption-desc=\"Apothecium nar\u016fstaj\u00edc\u00ed na v\u011btvi\u010dce borovice, laborato\u0159 \u00daOLM LDF Brno 2012.\" data-attachment-id=\"5225\" data-type=\"image\" class=\"fg-thumb\"><span class=\"fg-image-wrap\"><img decoding=\"async\" title=\"Apothecium nar\u016fstaj\u00edc\u00ed na v\u011btvi\u010dce borovice, laborato\u0159 \u00daOLM LDF Brno 2012.\" width=\"360\" height=\"320\" class=\"skip-lazy fg-image\" data-src-fg=\"https:\/\/rumex.mendelu.cz\/atlasposkozenidrevin\/wp-content\/uploads\/cache\/2020\/02\/50-a\/3807597425.jpg\" src=\"data:image\/svg+xml,%3Csvg%20xmlns%3D%22http%3A%2F%2Fwww.w3.org%2F2000%2Fsvg%22%20width%3D%22360%22%20height%3D%22320%22%20viewBox%3D%220%200%20360%20320%22%3E%3C%2Fsvg%3E\" loading=\"eager\"><\/span><span class=\"fg-image-overlay\"><\/span><\/a><figcaption class=\"fg-caption\"><div class=\"fg-caption-inner\"><div class=\"fg-caption-desc\">Apothecium nar\u016fstaj\u00edc\u00ed na v\u011btvi\u010dce borovice, laborato\u0159 \u00daOLM LDF Brno 2012.<\/div><\/div><\/figcaption><\/figure><div class=\"fg-loader\"><\/div><\/div><div class=\"fg-item fg-type-image fg-idle\"><figure class=\"fg-item-inner\"><a href=\"https:\/\/rumex.mendelu.cz\/atlasposkozenidrevin\/wp-content\/uploads\/2020\/02\/16-1.jpg\" data-caption-title=\"Apothecia nar\u016fstaj\u00edc\u00ed na v\u011btvi\u010dce borovice, laborato\u0159 \u00daOLM LDF Brno 2012.\" data-caption-desc=\"Apothecia nar\u016fstaj\u00edc\u00ed na v\u011btvi\u010dce borovice, laborato\u0159 \u00daOLM LDF Brno 2012.\" data-attachment-id=\"5223\" data-type=\"image\" class=\"fg-thumb\"><span class=\"fg-image-wrap\"><img decoding=\"async\" title=\"Apothecia nar\u016fstaj\u00edc\u00ed na v\u011btvi\u010dce borovice, laborato\u0159 \u00daOLM LDF Brno 2012.\" width=\"360\" height=\"320\" class=\"skip-lazy fg-image\" data-src-fg=\"https:\/\/rumex.mendelu.cz\/atlasposkozenidrevin\/wp-content\/uploads\/cache\/2020\/02\/16-1\/1155289689.jpg\" src=\"data:image\/svg+xml,%3Csvg%20xmlns%3D%22http%3A%2F%2Fwww.w3.org%2F2000%2Fsvg%22%20width%3D%22360%22%20height%3D%22320%22%20viewBox%3D%220%200%20360%20320%22%3E%3C%2Fsvg%3E\" loading=\"eager\"><\/span><span class=\"fg-image-overlay\"><\/span><\/a><figcaption class=\"fg-caption\"><div class=\"fg-caption-inner\"><div class=\"fg-caption-desc\">Apothecia nar\u016fstaj\u00edc\u00ed na v\u011btvi\u010dce borovice, laborato\u0159 \u00daOLM LDF Brno 2012.<\/div><\/div><\/figcaption><\/figure><div class=\"fg-loader\"><\/div><\/div><div class=\"fg-item fg-type-image fg-idle\"><figure class=\"fg-item-inner\"><a href=\"https:\/\/rumex.mendelu.cz\/atlasposkozenidrevin\/wp-content\/uploads\/2020\/02\/40.jpg\" data-caption-title=\"Apothecia nar\u016fstaj\u00edc\u00ed na v\u011btvi\u010dce borovice, laborato\u0159 \u00daOLM LDF Brno 2012.\" data-caption-desc=\"Apothecia nar\u016fstaj\u00edc\u00ed na v\u011btvi\u010dce borovice, laborato\u0159 \u00daOLM LDF Brno 2012.\" data-attachment-id=\"5224\" data-type=\"image\" class=\"fg-thumb\"><span class=\"fg-image-wrap\"><img decoding=\"async\" title=\"Apothecia nar\u016fstaj\u00edc\u00ed na v\u011btvi\u010dce borovice, laborato\u0159 \u00daOLM LDF Brno 2012.\" width=\"360\" height=\"320\" class=\"skip-lazy fg-image\" data-src-fg=\"https:\/\/rumex.mendelu.cz\/atlasposkozenidrevin\/wp-content\/uploads\/cache\/2020\/02\/40\/552248433.jpg\" src=\"data:image\/svg+xml,%3Csvg%20xmlns%3D%22http%3A%2F%2Fwww.w3.org%2F2000%2Fsvg%22%20width%3D%22360%22%20height%3D%22320%22%20viewBox%3D%220%200%20360%20320%22%3E%3C%2Fsvg%3E\" loading=\"eager\"><\/span><span class=\"fg-image-overlay\"><\/span><\/a><figcaption class=\"fg-caption\"><div class=\"fg-caption-inner\"><div class=\"fg-caption-desc\">Apothecia nar\u016fstaj\u00edc\u00ed na v\u011btvi\u010dce borovice, laborato\u0159 \u00daOLM LDF Brno 2012.<\/div><\/div><\/figcaption><\/figure><div class=\"fg-loader\"><\/div><\/div><\/div>\n","protected":false},"excerpt":{"rendered":"<p>Cenangium ferruginosum Fr. SYNONYMUM: Cenangium abietis (Pers.) Rehm HOSTITELSK\u00c9 D\u0158EVINY V \u010cR: borovice lesn\u00ed (Pinus [&hellip;]<\/p>\n","protected":false},"author":2,"featured_media":0,"parent":0,"menu_order":0,"comment_status":"closed","ping_status":"closed","template":"template-full-width.php","meta":{"footnotes":""},"class_list":["post-160","page","type-page","status-publish","hentry"],"_links":{"self":[{"href":"https:\/\/rumex.mendelu.cz\/atlasposkozenidrevin\/index.php\/wp-json\/wp\/v2\/pages\/160","targetHints":{"allow":["GET"]}}],"collection":[{"href":"https:\/\/rumex.mendelu.cz\/atlasposkozenidrevin\/index.php\/wp-json\/wp\/v2\/pages"}],"about":[{"href":"https:\/\/rumex.mendelu.cz\/atlasposkozenidrevin\/index.php\/wp-json\/wp\/v2\/types\/page"}],"author":[{"embeddable":true,"href":"https:\/\/rumex.mendelu.cz\/atlasposkozenidrevin\/index.php\/wp-json\/wp\/v2\/users\/2"}],"replies":[{"embeddable":true,"href":"https:\/\/rumex.mendelu.cz\/atlasposkozenidrevin\/index.php\/wp-json\/wp\/v2\/comments?post=160"}],"version-history":[{"count":8,"href":"https:\/\/rumex.mendelu.cz\/atlasposkozenidrevin\/index.php\/wp-json\/wp\/v2\/pages\/160\/revisions"}],"predecessor-version":[{"id":3102,"href":"https:\/\/rumex.mendelu.cz\/atlasposkozenidrevin\/index.php\/wp-json\/wp\/v2\/pages\/160\/revisions\/3102"}],"wp:attachment":[{"href":"https:\/\/rumex.mendelu.cz\/atlasposkozenidrevin\/index.php\/wp-json\/wp\/v2\/media?parent=160"}],"curies":[{"name":"wp","href":"https:\/\/api.w.org\/{rel}","templated":true}]}}