{"id":1570,"date":"2020-02-11T10:31:18","date_gmt":"2020-02-11T09:31:18","guid":{"rendered":"http:\/\/rumex.mendelu.cz\/atlasposkozenidrevin\/?page_id=1570"},"modified":"2024-11-06T13:35:20","modified_gmt":"2024-11-06T12:35:20","slug":"lisaj-borovy","status":"publish","type":"page","link":"https:\/\/rumex.mendelu.cz\/atlasposkozenidrevin\/index.php\/lisaj-borovy\/","title":{"rendered":"li\u0161aj borov\u00fd"},"content":{"rendered":"\n<p style=\"text-align:left\"><em>Sphinx pinastri<\/em> Linnaeus, 1758 <\/p>\n\n\n\n<p style=\"text-align:left\">TAXONOMICK\u00c9 ZA\u0158AZEN\u00cd:<br>\n\u0158\u00e1d: mot\u00fdli (Lepidoptera)<br>\n\u010cele\u010f: li\u0161ajovit\u00ed (Sphingidae)<\/p>\n\n\n\n<p><strong>HOSTITELSK\u00c9 D\u0158EVINY<\/strong>: borovice (<em>Pinus<\/em> spp.), eventueln\u011b smrk (<em>Picea<\/em> spp.), mod\u0159\u00edn (<em>Larix <\/em>spp.) \u010di cedr (<em>Cedrus<\/em> spp.).<\/p>\n\n\n<style type=\"text\/css\">\n#foogallery-gallery-2627 .fg-image { width: 560px; }\n#foogallery-gallery-2627 { --fg-gutter: 10px; }<\/style>\n\t\t\t<div class=\"foogallery foogallery-container foogallery-default foogallery-lightbox-none fg-left fg-default fg-ready fg-light fg-border-thin fg-shadow-outline fg-loading-default fg-loaded-fade-in fg-caption-always fg-hover-fade fg-hover-zoom\" id=\"foogallery-gallery-2627\" data-foogallery=\"{&quot;item&quot;:{&quot;showCaptionTitle&quot;:true,&quot;showCaptionDescription&quot;:true},&quot;lazy&quot;:true}\" style=\"--fg-title-line-clamp: 0; --fg-description-line-clamp: 0;\" >\n\t<div class=\"fg-item fg-type-image fg-idle\"><figure class=\"fg-item-inner\"><a href=\"https:\/\/rumex.mendelu.cz\/atlasposkozenidrevin\/wp-content\/uploads\/2024\/11\/001-mlada-housenka-1.jpg\" data-caption-title=\"Mlad\u00e1 housenka, Hamr u T\u0159ebon\u011b 2008.\" data-attachment-id=\"4631\" data-type=\"image\" class=\"fg-thumb\"><span class=\"fg-image-wrap\"><img fetchpriority=\"high\" decoding=\"async\" title=\"Mlad\u00e1 housenka, Hamr u T\u0159ebon\u011b 2008.\" width=\"560\" height=\"430\" class=\"skip-lazy fg-image\" data-src-fg=\"https:\/\/rumex.mendelu.cz\/atlasposkozenidrevin\/wp-content\/uploads\/cache\/2024\/11\/001-mlada-housenka-1\/3783725996.jpg\" src=\"data:image\/svg+xml,%3Csvg%20xmlns%3D%22http%3A%2F%2Fwww.w3.org%2F2000%2Fsvg%22%20width%3D%22560%22%20height%3D%22430%22%20viewBox%3D%220%200%20560%20430%22%3E%3C%2Fsvg%3E\" loading=\"eager\"><\/span><span class=\"fg-image-overlay\"><\/span><\/a><figcaption class=\"fg-caption\"><div class=\"fg-caption-inner\"><div class=\"fg-caption-title\">Mlad\u00e1 housenka, Hamr u T\u0159ebon\u011b 2008.<\/div><\/div><\/figcaption><\/figure><div class=\"fg-loader\"><\/div><\/div><div class=\"fg-item fg-type-image fg-idle\"><figure class=\"fg-item-inner\"><a href=\"https:\/\/rumex.mendelu.cz\/atlasposkozenidrevin\/wp-content\/uploads\/2024\/11\/002-dorostla-housenka-1.jpg\" data-caption-title=\"Dorostl\u00e1 housenka, Hamr u T\u0159ebon\u011b 2008.\" data-attachment-id=\"4632\" data-type=\"image\" class=\"fg-thumb\"><span class=\"fg-image-wrap\"><img decoding=\"async\" title=\"Dorostl\u00e1 housenka, Hamr u T\u0159ebon\u011b 2008.\" width=\"560\" height=\"430\" class=\"skip-lazy fg-image\" data-src-fg=\"https:\/\/rumex.mendelu.cz\/atlasposkozenidrevin\/wp-content\/uploads\/cache\/2024\/11\/002-dorostla-housenka-1\/1538484771.jpg\" src=\"data:image\/svg+xml,%3Csvg%20xmlns%3D%22http%3A%2F%2Fwww.w3.org%2F2000%2Fsvg%22%20width%3D%22560%22%20height%3D%22430%22%20viewBox%3D%220%200%20560%20430%22%3E%3C%2Fsvg%3E\" loading=\"eager\"><\/span><span class=\"fg-image-overlay\"><\/span><\/a><figcaption class=\"fg-caption\"><div class=\"fg-caption-inner\"><div class=\"fg-caption-title\">Dorostl\u00e1 housenka, Hamr u T\u0159ebon\u011b 2008.<\/div><\/div><\/figcaption><\/figure><div class=\"fg-loader\"><\/div><\/div><div class=\"fg-item fg-type-image fg-idle\"><figure class=\"fg-item-inner\"><a href=\"https:\/\/rumex.mendelu.cz\/atlasposkozenidrevin\/wp-content\/uploads\/2024\/11\/003-odpocivajici-motyl.jpg\" data-caption-title=\"Odpo\u010d\u00edvaj\u00edc\u00ed mot\u00fdl, MENDELU, Brno 2007.\" data-attachment-id=\"4633\" data-type=\"image\" class=\"fg-thumb\"><span class=\"fg-image-wrap\"><img decoding=\"async\" title=\"Odpo\u010d\u00edvaj\u00edc\u00ed mot\u00fdl, MENDELU, Brno 2007.\" width=\"560\" height=\"430\" class=\"skip-lazy fg-image\" data-src-fg=\"https:\/\/rumex.mendelu.cz\/atlasposkozenidrevin\/wp-content\/uploads\/cache\/2024\/11\/003-odpocivajici-motyl\/4016296087.jpg\" src=\"data:image\/svg+xml,%3Csvg%20xmlns%3D%22http%3A%2F%2Fwww.w3.org%2F2000%2Fsvg%22%20width%3D%22560%22%20height%3D%22430%22%20viewBox%3D%220%200%20560%20430%22%3E%3C%2Fsvg%3E\" loading=\"eager\"><\/span><span class=\"fg-image-overlay\"><\/span><\/a><figcaption class=\"fg-caption\"><div class=\"fg-caption-inner\"><div class=\"fg-caption-title\">Odpo\u010d\u00edvaj\u00edc\u00ed mot\u00fdl, MENDELU, Brno 2007.<\/div><\/div><\/figcaption><\/figure><div class=\"fg-loader\"><\/div><\/div><div class=\"fg-item fg-type-image fg-idle\"><figure class=\"fg-item-inner\"><a href=\"https:\/\/rumex.mendelu.cz\/atlasposkozenidrevin\/wp-content\/uploads\/2024\/11\/004-motyl-2.jpg\" data-caption-title=\"Mot\u00fdl, Host\u011bnice 2009.\" data-attachment-id=\"4634\" data-type=\"image\" class=\"fg-thumb\"><span class=\"fg-image-wrap\"><img decoding=\"async\" title=\"Mot\u00fdl, Host\u011bnice 2009.\" width=\"560\" height=\"430\" class=\"skip-lazy fg-image\" data-src-fg=\"https:\/\/rumex.mendelu.cz\/atlasposkozenidrevin\/wp-content\/uploads\/cache\/2024\/11\/004-motyl-2\/230553488.jpg\" src=\"data:image\/svg+xml,%3Csvg%20xmlns%3D%22http%3A%2F%2Fwww.w3.org%2F2000%2Fsvg%22%20width%3D%22560%22%20height%3D%22430%22%20viewBox%3D%220%200%20560%20430%22%3E%3C%2Fsvg%3E\" loading=\"eager\"><\/span><span class=\"fg-image-overlay\"><\/span><\/a><figcaption class=\"fg-caption\"><div class=\"fg-caption-inner\"><div class=\"fg-caption-title\">Mot\u00fdl, Host\u011bnice 2009.<\/div><\/div><\/figcaption><\/figure><div class=\"fg-loader\"><\/div><\/div><\/div>\n\n\n\n<p><\/p>\n\n\n\n<p><strong>POPIS DRUHU:<\/strong> p\u0159edn\u00ed k\u0159\u00eddla jsou hn\u011bdo\u0161ed\u00e1 a\u017e popelav\u011b \u0161ed\u00e1, s n\u011bkolika tmav\u00fdmi kr\u00e1tk\u00fdmi pod\u00e9ln\u00fdmi prou\u017eky. Zadn\u00ed k\u0159\u00eddla jsou hn\u011bdo\u0161ed\u00e1. Na obou p\u00e1rech k\u0159\u00eddel jsou v okraj\u00edch \u010dernob\u00edle kostkovan\u00e9 t\u0159\u00e1sn\u011b. Rozp\u011bt\u00ed k\u0159\u00eddel je 65\u201390 mm. Zade\u010dek je popelav\u011b \u0161ed\u00fd s tmav\u00fdm h\u0159betn\u00edm pruhem a \u010dern\u00fdmi skvrnami. Housenka je zelen\u00e1 s \u0161irok\u00fdm hn\u011bd\u00fdm h\u0159betn\u00edm p\u00e1sem a \u017elutav\u011b b\u011blav\u00fdmi, v\u00edce \u010di m\u00e9n\u011b p\u0159eru\u0161ovan\u00fdmi pruhy. Na konci zade\u010dku je \u010dern\u00fd, zrnit\u00fd osten. Hlava je \u017elut\u00e1 s tmav\u00fdmi \u0161irok\u00fdmi pod\u00e9ln\u00fdmi pruhy. Dorostl\u00e9 housenky m\u011b\u0159\u00ed 80\u201390 mm. Vaj\u00ed\u010dka jsou ov\u00e1ln\u00e1, leskle \u017elutav\u011b zelenav\u00e1. Kukla je asi 40 mm dlouh\u00e1, hn\u011bd\u00e1, leskl\u00e1, s kr\u00e1tce vy\u010dn\u00edvaj\u00edc\u00ed pochvou sos\u00e1ku.<\/p>\n\n\n\n<p><strong>EKOLOGIE DRUHU:<\/strong> mot\u00fdli l\u00e9taj\u00ed od konce kv\u011btna do srpna. Oplodn\u011bn\u00e9 sami\u010dky kladou jednotliv\u00e1 vaj\u00ed\u010dka na jehlice. Housenky se l\u00edhnou nej\u010dast\u011bji v \u010dervenci. Sv\u016fj \u017e\u00edr na jehlic\u00edch ukon\u010duj\u00ed v pr\u016fb\u011bhu z\u00e1\u0159\u00ed \u010di za\u010d\u00e1tkem \u0159\u00edjna. V d\u016fsledku p\u0159\u00edzniv\u00e9ho po\u010das\u00ed se v\u0161ak mohou housenky kuklit ji\u017e koncem \u010dervence. V tepl\u00fdch oblastech se v srpnu z t\u011bchto housenek l\u00edhnou mot\u00fdli 2. generace. Housenky se kukl\u00ed pobl\u00ed\u017e \u017eivn\u00e9ho stromu, v m\u011blk\u00e9 kom\u016frce v zemi.<\/p>\n\n\n\n<p> <strong>V\u00ddZNAM DRUHU:<\/strong> v na\u0161ich podm\u00ednk\u00e1ch m\u00e1 li\u0161aj borov\u00fd jen mal\u00e9 sklony k p\u0159emno\u017eov\u00e1n\u00ed a v\u011bt\u0161inou p\u016fsob\u00ed jen nepatrn\u00e9 \u0161kody. Jin\u00e1 situace je v\u0161ak nap\u0159. v Polsku, kde ob\u010das p\u016fsob\u00ed siln\u00e9, a\u017e 75% defoliace borov\u00fdch porost\u016f.<\/p>\n","protected":false},"excerpt":{"rendered":"<p>Sphinx pinastri Linnaeus, 1758 TAXONOMICK\u00c9 ZA\u0158AZEN\u00cd: \u0158\u00e1d: mot\u00fdli (Lepidoptera) \u010cele\u010f: li\u0161ajovit\u00ed (Sphingidae) HOSTITELSK\u00c9 D\u0158EVINY: borovice [&hellip;]<\/p>\n","protected":false},"author":2,"featured_media":0,"parent":0,"menu_order":0,"comment_status":"closed","ping_status":"closed","template":"template-full-width.php","meta":{"footnotes":""},"class_list":["post-1570","page","type-page","status-publish","hentry"],"_links":{"self":[{"href":"https:\/\/rumex.mendelu.cz\/atlasposkozenidrevin\/index.php\/wp-json\/wp\/v2\/pages\/1570","targetHints":{"allow":["GET"]}}],"collection":[{"href":"https:\/\/rumex.mendelu.cz\/atlasposkozenidrevin\/index.php\/wp-json\/wp\/v2\/pages"}],"about":[{"href":"https:\/\/rumex.mendelu.cz\/atlasposkozenidrevin\/index.php\/wp-json\/wp\/v2\/types\/page"}],"author":[{"embeddable":true,"href":"https:\/\/rumex.mendelu.cz\/atlasposkozenidrevin\/index.php\/wp-json\/wp\/v2\/users\/2"}],"replies":[{"embeddable":true,"href":"https:\/\/rumex.mendelu.cz\/atlasposkozenidrevin\/index.php\/wp-json\/wp\/v2\/comments?post=1570"}],"version-history":[{"count":2,"href":"https:\/\/rumex.mendelu.cz\/atlasposkozenidrevin\/index.php\/wp-json\/wp\/v2\/pages\/1570\/revisions"}],"predecessor-version":[{"id":2628,"href":"https:\/\/rumex.mendelu.cz\/atlasposkozenidrevin\/index.php\/wp-json\/wp\/v2\/pages\/1570\/revisions\/2628"}],"wp:attachment":[{"href":"https:\/\/rumex.mendelu.cz\/atlasposkozenidrevin\/index.php\/wp-json\/wp\/v2\/media?parent=1570"}],"curies":[{"name":"wp","href":"https:\/\/api.w.org\/{rel}","templated":true}]}}