{"id":1555,"date":"2020-02-11T10:19:52","date_gmt":"2020-02-11T09:19:52","guid":{"rendered":"http:\/\/rumex.mendelu.cz\/atlasposkozenidrevin\/?page_id=1555"},"modified":"2024-11-06T13:33:16","modified_gmt":"2024-11-06T12:33:16","slug":"stetconos-trnkovy","status":"publish","type":"page","link":"https:\/\/rumex.mendelu.cz\/atlasposkozenidrevin\/index.php\/stetconos-trnkovy\/","title":{"rendered":"\u0161t\u011btcono\u0161 trnkov\u00fd"},"content":{"rendered":"\n<p style=\"text-align:left\" class=\"has-medium-font-size\"><em>Orgyia antiqua<\/em> (Linnaeus, 1758)<\/p>\n\n\n\n<p style=\"text-align:left\">TAXONOMICK\u00c9 ZA\u0158AZEN\u00cd:<br>\u0158\u00e1d: mot\u00fdli (Lepidoptera)<br>\u010cele\u010f: Erebidae  <\/p>\n\n\n\n<p><strong>HOSTITELSK\u00c9 D\u0158EVINY:<\/strong> polyf\u00e1gn\u00ed druh; trnka obecn\u00e1 (<em>Prunus spinosa<\/em>), r\u016f\u017ee (<em>Rosa <\/em>spp.), buk lesn\u00ed (<em>Fagus sylvatica<\/em>), dub (<em>Quercus<\/em> spp.), vrba (<em>Salix<\/em> spp.), je\u0159\u00e1b (<em>Sorbus <\/em>spp.), ovocn\u00e9 d\u0159eviny, ale i janovec (<em>Cytisus<\/em> spp.), v\u0159es (<em>Calluna<\/em> spp.), brusnice (<em>Vaccinium<\/em> spp.), p\u0159\u00edle\u017eitostn\u011b tak\u00e9 smrk (<em>Picea<\/em> spp.) nebo mod\u0159\u00edn (<em>Larix <\/em>spp.).<\/p>\n\n\n<style type=\"text\/css\">\n#foogallery-gallery-2623 .fg-image { width: 560px; }\n#foogallery-gallery-2623 { --fg-gutter: 10px; }<\/style>\n\t\t\t<div class=\"foogallery foogallery-container foogallery-default foogallery-lightbox-none fg-left fg-default fg-ready fg-light fg-border-thin fg-shadow-outline fg-loading-default fg-loaded-fade-in fg-caption-always fg-hover-fade fg-hover-zoom\" id=\"foogallery-gallery-2623\" data-foogallery=\"{&quot;item&quot;:{&quot;showCaptionTitle&quot;:true,&quot;showCaptionDescription&quot;:true},&quot;lazy&quot;:true}\" style=\"--fg-title-line-clamp: 0; --fg-description-line-clamp: 0;\" >\n\t<div class=\"fg-item fg-type-image fg-idle\"><figure class=\"fg-item-inner\"><a href=\"https:\/\/rumex.mendelu.cz\/atlasposkozenidrevin\/wp-content\/uploads\/2024\/11\/003-samecek.jpg\" data-caption-title=\"Same\u010dek \u0161t\u011btcono\u0161e, Pardubice 2009.\" data-attachment-id=\"4533\" data-type=\"image\" class=\"fg-thumb\"><span class=\"fg-image-wrap\"><img fetchpriority=\"high\" decoding=\"async\" title=\"Same\u010dek \u0161t\u011btcono\u0161e, Pardubice 2009.\" width=\"560\" height=\"430\" class=\"skip-lazy fg-image\" data-src-fg=\"https:\/\/rumex.mendelu.cz\/atlasposkozenidrevin\/wp-content\/uploads\/cache\/2024\/11\/003-samecek\/1058649195.jpg\" src=\"data:image\/svg+xml,%3Csvg%20xmlns%3D%22http%3A%2F%2Fwww.w3.org%2F2000%2Fsvg%22%20width%3D%22560%22%20height%3D%22430%22%20viewBox%3D%220%200%20560%20430%22%3E%3C%2Fsvg%3E\" loading=\"eager\"><\/span><span class=\"fg-image-overlay\"><\/span><\/a><figcaption class=\"fg-caption\"><div class=\"fg-caption-inner\"><div class=\"fg-caption-title\">Same\u010dek \u0161t\u011btcono\u0161e, Pardubice 2009.<\/div><\/div><\/figcaption><\/figure><div class=\"fg-loader\"><\/div><\/div><div class=\"fg-item fg-type-image fg-idle\"><figure class=\"fg-item-inner\"><a href=\"https:\/\/rumex.mendelu.cz\/atlasposkozenidrevin\/wp-content\/uploads\/2024\/11\/002-samicka.jpg\" data-caption-title=\"Sami\u010dka \u0161t\u011btcono\u0161e, Rohozn\u00e1 2009.\" data-attachment-id=\"4532\" data-type=\"image\" class=\"fg-thumb\"><span class=\"fg-image-wrap\"><img decoding=\"async\" title=\"Sami\u010dka \u0161t\u011btcono\u0161e, Rohozn\u00e1 2009.\" width=\"560\" height=\"430\" class=\"skip-lazy fg-image\" data-src-fg=\"https:\/\/rumex.mendelu.cz\/atlasposkozenidrevin\/wp-content\/uploads\/cache\/2024\/11\/002-samicka\/3366824586.jpg\" src=\"data:image\/svg+xml,%3Csvg%20xmlns%3D%22http%3A%2F%2Fwww.w3.org%2F2000%2Fsvg%22%20width%3D%22560%22%20height%3D%22430%22%20viewBox%3D%220%200%20560%20430%22%3E%3C%2Fsvg%3E\" loading=\"eager\"><\/span><span class=\"fg-image-overlay\"><\/span><\/a><figcaption class=\"fg-caption\"><div class=\"fg-caption-inner\"><div class=\"fg-caption-title\">Sami\u010dka \u0161t\u011btcono\u0161e, Rohozn\u00e1 2009.<\/div><\/div><\/figcaption><\/figure><div class=\"fg-loader\"><\/div><\/div><div class=\"fg-item fg-type-image fg-idle\"><figure class=\"fg-item-inner\"><a href=\"https:\/\/rumex.mendelu.cz\/atlasposkozenidrevin\/wp-content\/uploads\/2024\/11\/004-samicka-u-snusky-vajicek.jpg\" data-caption-title=\"Sami\u010dka se sn\u016f\u0161kou vaj\u00ed\u010dek, Rohozn\u00e1 2009\" data-attachment-id=\"4534\" data-type=\"image\" class=\"fg-thumb\"><span class=\"fg-image-wrap\"><img decoding=\"async\" title=\"Sami\u010dka se sn\u016f\u0161kou vaj\u00ed\u010dek, Rohozn\u00e1 2009\" width=\"560\" height=\"430\" class=\"skip-lazy fg-image\" data-src-fg=\"https:\/\/rumex.mendelu.cz\/atlasposkozenidrevin\/wp-content\/uploads\/cache\/2024\/11\/004-samicka-u-snusky-vajicek\/330768739.jpg\" src=\"data:image\/svg+xml,%3Csvg%20xmlns%3D%22http%3A%2F%2Fwww.w3.org%2F2000%2Fsvg%22%20width%3D%22560%22%20height%3D%22430%22%20viewBox%3D%220%200%20560%20430%22%3E%3C%2Fsvg%3E\" loading=\"eager\"><\/span><span class=\"fg-image-overlay\"><\/span><\/a><figcaption class=\"fg-caption\"><div class=\"fg-caption-inner\"><div class=\"fg-caption-title\">Sami\u010dka se sn\u016f\u0161kou vaj\u00ed\u010dek, Rohozn\u00e1 2009<\/div><\/div><\/figcaption><\/figure><div class=\"fg-loader\"><\/div><\/div><div class=\"fg-item fg-type-image fg-idle\"><figure class=\"fg-item-inner\"><a href=\"https:\/\/rumex.mendelu.cz\/atlasposkozenidrevin\/wp-content\/uploads\/2024\/11\/001-housenka-1.jpg\" data-caption-title=\"Housenka, Mokr\u00e1-Hor\u00e1kov 2011.\" data-attachment-id=\"4531\" data-type=\"image\" class=\"fg-thumb\"><span class=\"fg-image-wrap\"><img decoding=\"async\" title=\"Housenka, Mokr\u00e1-Hor\u00e1kov 2011.\" width=\"560\" height=\"430\" class=\"skip-lazy fg-image\" data-src-fg=\"https:\/\/rumex.mendelu.cz\/atlasposkozenidrevin\/wp-content\/uploads\/cache\/2024\/11\/001-housenka-1\/808251764.jpg\" src=\"data:image\/svg+xml,%3Csvg%20xmlns%3D%22http%3A%2F%2Fwww.w3.org%2F2000%2Fsvg%22%20width%3D%22560%22%20height%3D%22430%22%20viewBox%3D%220%200%20560%20430%22%3E%3C%2Fsvg%3E\" loading=\"eager\"><\/span><span class=\"fg-image-overlay\"><\/span><\/a><figcaption class=\"fg-caption\"><div class=\"fg-caption-inner\"><div class=\"fg-caption-title\">Housenka, Mokr\u00e1-Hor\u00e1kov 2011.<\/div><\/div><\/figcaption><\/figure><div class=\"fg-loader\"><\/div><\/div><\/div>\n\n\n\n<p><\/p>\n\n\n\n<p><strong>POPIS DRUHU:<\/strong> dosp\u011blci se vyzna\u010duj\u00ed n\u00e1padn\u00fdm pohlavn\u00edm dimorfismem. Same\u010dek je makroptern\u00ed s rozp\u011bt\u00edm k\u0159\u00eddel 22\u201330 mm. P\u0159edn\u00ed k\u0159\u00eddla&nbsp; jsou rezav\u011b hn\u011bd\u00e1 se dv\u011bma p\u0159\u00ed\u010dkami a n\u00e1padnou drobnou b\u00edlou skvrnou. Zadn\u00ed k\u0159\u00eddla jsou rezav\u011b hn\u011bd\u00e1 bez kresby. Brachyptern\u00ed sami\u010dka je \u0161pinav\u011b \u017elut\u011b \u0161ed\u00e1 s kr\u00e1tce zoubkovan\u00fdmi, p\u0159il\u00e9hav\u011b ochlupen\u00fdmi tykadly. Vaj\u00ed\u010dka jsou \u017elutav\u011b \u0161ed\u00e1 s tmav\u00fdm st\u0159edem. Housenky jsou \u0161ed\u00e9 s tmav\u0161\u00edm h\u0159betn\u00edm pruhem a oran\u017eov\u00fdmi bradavkami s \u0159\u00eddk\u00fdmi, dlouh\u00fdmi, trsnat\u00fdmi chloupky. N\u00e1padn\u00e9 jsou 4 \u017elut\u00e9 \u0161t\u011bti\u010dky chloupk\u016f na h\u0159bet\u011b, 2 p\u00e1rov\u00e9 chvostky tmav\u00fdch pe\u0159it\u00fdch chloupk\u016f na p\u0159edohrudi a nep\u00e1rov\u00fd \u0161t\u011btec podobn\u00fdch chloupk\u016f na konci zade\u010dku.<\/p>\n\n\n\n<p><strong>EKOLOGIE DRUHU:<\/strong> mot\u00fdli se objevuj\u00ed v \u010dervnu a \u010dervenci. 2. generace dosp\u011blc\u016f se vyskytuje od konce srpna do za\u010d\u00e1tku \u0159\u00edjna. Za p\u0159\u00edzniv\u00fdch podm\u00ednek se m\u016f\u017ee p\u0159\u00edle\u017eitostn\u011b vyl\u00edhnout i 3. generace. Zat\u00edmco same\u010dci aktivn\u011b l\u00e9taj\u00ed, sami\u010dky se zdr\u017euj\u00ed v m\u00edst\u011b l\u00edhnut\u00ed, kde po oplodn\u011bn\u00ed i kladou vaj\u00ed\u010dka. Housenky 1. generace se l\u00edhnou z p\u0159ezimuj\u00edc\u00edch vaj\u00ed\u010dek a\u017e koncem dubna. Zprvu o\u017e\u00edraj\u00ed pu\u010d\u00edc\u00ed pupeny, pozd\u011bji skeletuj\u00ed cel\u00e9 listy. Koncem \u010dervna se kukl\u00ed. Housenky druh\u00e9 generace se objevuj\u00ed v srpnu. Kukl\u00ed se mezi listy a na v\u011btv\u00edch.<\/p>\n\n\n\n<p><strong>V\u00ddZNAM DRUHU: <\/strong>b\u011b\u017en\u00fd druh, jen\u017e m\u016f\u017ee p\u0159i siln\u011bj\u0161\u00edm v\u00fdskytu zp\u016fsobit lok\u00e1ln\u00ed holo\u017e\u00edry. <\/p>\n","protected":false},"excerpt":{"rendered":"<p>Orgyia antiqua (Linnaeus, 1758) TAXONOMICK\u00c9 ZA\u0158AZEN\u00cd:\u0158\u00e1d: mot\u00fdli (Lepidoptera)\u010cele\u010f: Erebidae HOSTITELSK\u00c9 D\u0158EVINY: polyf\u00e1gn\u00ed druh; trnka obecn\u00e1 [&hellip;]<\/p>\n","protected":false},"author":2,"featured_media":0,"parent":0,"menu_order":0,"comment_status":"closed","ping_status":"closed","template":"template-full-width.php","meta":{"footnotes":""},"class_list":["post-1555","page","type-page","status-publish","hentry"],"_links":{"self":[{"href":"https:\/\/rumex.mendelu.cz\/atlasposkozenidrevin\/index.php\/wp-json\/wp\/v2\/pages\/1555","targetHints":{"allow":["GET"]}}],"collection":[{"href":"https:\/\/rumex.mendelu.cz\/atlasposkozenidrevin\/index.php\/wp-json\/wp\/v2\/pages"}],"about":[{"href":"https:\/\/rumex.mendelu.cz\/atlasposkozenidrevin\/index.php\/wp-json\/wp\/v2\/types\/page"}],"author":[{"embeddable":true,"href":"https:\/\/rumex.mendelu.cz\/atlasposkozenidrevin\/index.php\/wp-json\/wp\/v2\/users\/2"}],"replies":[{"embeddable":true,"href":"https:\/\/rumex.mendelu.cz\/atlasposkozenidrevin\/index.php\/wp-json\/wp\/v2\/comments?post=1555"}],"version-history":[{"count":4,"href":"https:\/\/rumex.mendelu.cz\/atlasposkozenidrevin\/index.php\/wp-json\/wp\/v2\/pages\/1555\/revisions"}],"predecessor-version":[{"id":3616,"href":"https:\/\/rumex.mendelu.cz\/atlasposkozenidrevin\/index.php\/wp-json\/wp\/v2\/pages\/1555\/revisions\/3616"}],"wp:attachment":[{"href":"https:\/\/rumex.mendelu.cz\/atlasposkozenidrevin\/index.php\/wp-json\/wp\/v2\/media?parent=1555"}],"curies":[{"name":"wp","href":"https:\/\/api.w.org\/{rel}","templated":true}]}}