{"id":151,"date":"2019-08-12T11:57:16","date_gmt":"2019-08-12T09:57:16","guid":{"rendered":"http:\/\/rumex.mendelu.cz\/atlasposkozenidrevin\/?page_id=151"},"modified":"2025-02-11T11:46:53","modified_gmt":"2025-02-11T10:46:53","slug":"rez-boroveho-jehlici","status":"publish","type":"page","link":"https:\/\/rumex.mendelu.cz\/atlasposkozenidrevin\/index.php\/rez-boroveho-jehlici\/","title":{"rendered":"rez borov\u00e9ho jehli\u010d\u00ed"},"content":{"rendered":"\n<p class=\"has-text-align-left has-medium-font-size\"><strong><em>Coleosporium tussilaginis<\/em><\/strong><strong> (Pers.) L\u00e9v. <\/strong><\/p>\n\n\n\n<p><strong>HOSTITELSK\u00c9 D\u0158EVINY:<\/strong> borovice lesn\u00ed (<em>Pinus sylvestris<\/em>), b. kle\u010d (<em>P. mugo) <\/em>a dal\u0161\u00ed dvoujehli\u010dkat\u00e9 borovice.<\/p>\n\n\n\n<p><strong>SYMPTOMY A BIONOMIE:<\/strong> na zelen\u00fdch jehlic\u00edch se\u00a0 koncem\u00a0 IV. objevuj\u00ed \u017elutooran\u017eov\u00e9 m\u011bch\u00fd\u0159ky \u2013 aecie, \u010dast\u011bji ve spodn\u00edch parti\u00edch strom\u016f. Aecie se\u00a0nepravideln\u011b trhaj\u00ed a uvol\u0148uj\u00ed se kulat\u00e9, bradavi\u010dnat\u00e9 aeciospory, kter\u00e9 infikuj\u00ed mezihostitele. Jehlice\u00a0 neopad\u00e1vaj\u00ed, opad\u00e1vaj\u00ed\u00a0 pouze aecie z jehlic a po nich z\u016fst\u00e1vaj\u00ed tmavohn\u011bd\u00e9 ov\u00e1ln\u00e9 stopy, vel. do 5 mm. Druh\u00fdm hostitelem jsou byliny \u2013 star\u010dek (<em>Senecio<\/em>), zvonek (<em>Campanula<\/em>), podb\u011bl (<em>Tussilago<\/em>)\u2026, na jejich\u017e listech vyr\u016fstaj\u00ed uredia a telia.<\/p>\n\n\n\n<p><\/p>\n\n\n<style type=\"text\/css\">\n#foogallery-gallery-3085 .fg-image { width: 365px; }\n#foogallery-gallery-3085 { --fg-gutter: 10px; }<\/style>\n\t\t\t<div class=\"foogallery foogallery-container foogallery-default foogallery-lightbox-none fg-left fg-default fg-ready fg-light fg-border-thin fg-shadow-outline fg-loading-default fg-loaded-fade-in fg-caption-always fg-hover-fade fg-hover-zoom\" id=\"foogallery-gallery-3085\" data-foogallery=\"{&quot;item&quot;:{&quot;showCaptionTitle&quot;:false,&quot;showCaptionDescription&quot;:true},&quot;lazy&quot;:true}\" style=\"--fg-title-line-clamp: 0; --fg-description-line-clamp: 0;\" >\n\t<div class=\"fg-item fg-type-image fg-idle\"><figure class=\"fg-item-inner\"><a href=\"https:\/\/rumex.mendelu.cz\/atlasposkozenidrevin\/wp-content\/uploads\/2020\/02\/Coleosporium_pinus_mugo_Rohace.jpg\" data-caption-title=\"Napaden\u00e1 borovice kle\u010d, Slovensko, Roh\u00e1\u010de 2004.\" data-caption-desc=\"Napaden\u00e1 borovice kle\u010d, Slovensko, Roh\u00e1\u010de 2004.\" data-attachment-id=\"5206\" data-type=\"image\" class=\"fg-thumb\"><span class=\"fg-image-wrap\"><img fetchpriority=\"high\" decoding=\"async\" title=\"Napaden\u00e1 borovice kle\u010d, Slovensko, Roh\u00e1\u010de 2004.\" width=\"365\" height=\"320\" class=\"skip-lazy fg-image\" data-src-fg=\"https:\/\/rumex.mendelu.cz\/atlasposkozenidrevin\/wp-content\/uploads\/cache\/2020\/02\/Coleosporium_pinus_mugo_Rohace\/2600090965.jpg\" src=\"data:image\/svg+xml,%3Csvg%20xmlns%3D%22http%3A%2F%2Fwww.w3.org%2F2000%2Fsvg%22%20width%3D%22365%22%20height%3D%22320%22%20viewBox%3D%220%200%20365%20320%22%3E%3C%2Fsvg%3E\" loading=\"eager\"><\/span><span class=\"fg-image-overlay\"><\/span><\/a><figcaption class=\"fg-caption\"><div class=\"fg-caption-inner\"><div class=\"fg-caption-desc\">Napaden\u00e1 borovice kle\u010d, Slovensko, Roh\u00e1\u010de 2004.<\/div><\/div><\/figcaption><\/figure><div class=\"fg-loader\"><\/div><\/div><div class=\"fg-item fg-type-image fg-idle\"><figure class=\"fg-item-inner\"><a href=\"https:\/\/rumex.mendelu.cz\/atlasposkozenidrevin\/wp-content\/uploads\/2020\/02\/Coleosporium_pinus_mugo.jpg\" data-caption-title=\"Napaden\u00e1 borovice kle\u010d, Slovensko, Roh\u00e1\u010de 2004.\" data-caption-desc=\"Napaden\u00e1 borovice kle\u010d, Slovensko, Roh\u00e1\u010de 2004.\" data-attachment-id=\"5205\" data-type=\"image\" class=\"fg-thumb\"><span class=\"fg-image-wrap\"><img decoding=\"async\" title=\"Napaden\u00e1 borovice kle\u010d, Slovensko, Roh\u00e1\u010de 2004.\" width=\"365\" height=\"320\" class=\"skip-lazy fg-image\" data-src-fg=\"https:\/\/rumex.mendelu.cz\/atlasposkozenidrevin\/wp-content\/uploads\/cache\/2020\/02\/Coleosporium_pinus_mugo\/4235161333.jpg\" src=\"data:image\/svg+xml,%3Csvg%20xmlns%3D%22http%3A%2F%2Fwww.w3.org%2F2000%2Fsvg%22%20width%3D%22365%22%20height%3D%22320%22%20viewBox%3D%220%200%20365%20320%22%3E%3C%2Fsvg%3E\" loading=\"eager\"><\/span><span class=\"fg-image-overlay\"><\/span><\/a><figcaption class=\"fg-caption\"><div class=\"fg-caption-inner\"><div class=\"fg-caption-desc\">Napaden\u00e1 borovice kle\u010d, Slovensko, Roh\u00e1\u010de 2004.<\/div><\/div><\/figcaption><\/figure><div class=\"fg-loader\"><\/div><\/div><div class=\"fg-item fg-type-image fg-idle\"><figure class=\"fg-item-inner\"><a href=\"https:\/\/rumex.mendelu.cz\/atlasposkozenidrevin\/wp-content\/uploads\/2020\/02\/Pinus-sylvestris011.jpg\" data-caption-title=\"Aecie na jehlici borovice, laborato\u0159 \u00daOLM LDF Brno 2003.\" data-caption-desc=\"Aecie na jehlici borovice, laborato\u0159 \u00daOLM LDF Brno 2003.\" data-attachment-id=\"5209\" data-type=\"image\" class=\"fg-thumb\"><span class=\"fg-image-wrap\"><img decoding=\"async\" title=\"Aecie na jehlici borovice, laborato\u0159 \u00daOLM LDF Brno 2003.\" width=\"365\" height=\"320\" class=\"skip-lazy fg-image\" data-src-fg=\"https:\/\/rumex.mendelu.cz\/atlasposkozenidrevin\/wp-content\/uploads\/cache\/2020\/02\/Pinus-sylvestris011\/3470267558.jpg\" src=\"data:image\/svg+xml,%3Csvg%20xmlns%3D%22http%3A%2F%2Fwww.w3.org%2F2000%2Fsvg%22%20width%3D%22365%22%20height%3D%22320%22%20viewBox%3D%220%200%20365%20320%22%3E%3C%2Fsvg%3E\" loading=\"eager\"><\/span><span class=\"fg-image-overlay\"><\/span><\/a><figcaption class=\"fg-caption\"><div class=\"fg-caption-inner\"><div class=\"fg-caption-desc\">Aecie na jehlici borovice, laborato\u0159 \u00daOLM LDF Brno 2003.<\/div><\/div><\/figcaption><\/figure><div class=\"fg-loader\"><\/div><\/div><\/div>\n\n\n\n<p><\/p>\n\n\n\n<p><\/p>\n\n\n\n<p><strong>V\u00ddZNAM A OCHRANA:<\/strong> rez nezp\u016fsobuje p\u0159\u00edmo defoliaci a opad jehli\u010d\u00ed, ale&nbsp; problematick\u00e1 m\u016f\u017ee b\u00fdt u mlad\u00fdch sazenic ve \u0161kolk\u00e1ch, kde omezuje asimilaci a chemick\u00e1 ochrana se \u0159e\u0161\u00ed stejn\u00fdmi p\u0159\u00edpravky jako u sypavek. U star\u0161\u00edch d\u0159evin o\u0161et\u0159en\u00ed v\u011bt\u0161inou nen\u00ed nutn\u00e9, odstra\u0148ov\u00e1n\u00ed mezihostitel\u016f se sice doporu\u010duje, ale nen\u00ed dostate\u010dn\u011b \u00fa\u010dinn\u00e9.<\/p>\n\n\n\n<p><\/p>\n\n\n<style type=\"text\/css\">\n#foogallery-gallery-3086 .fg-image { width: 365px; }\n#foogallery-gallery-3086 { --fg-gutter: 10px; }<\/style>\n\t\t\t<div class=\"foogallery foogallery-container foogallery-default foogallery-lightbox-none fg-left fg-default fg-ready fg-light fg-border-thin fg-shadow-outline fg-loading-default fg-loaded-fade-in fg-caption-always fg-hover-fade fg-hover-zoom\" id=\"foogallery-gallery-3086\" data-foogallery=\"{&quot;item&quot;:{&quot;showCaptionTitle&quot;:false,&quot;showCaptionDescription&quot;:true},&quot;lazy&quot;:true}\" style=\"--fg-title-line-clamp: 0; --fg-description-line-clamp: 0;\" >\n\t<div class=\"fg-item fg-type-image fg-idle\"><figure class=\"fg-item-inner\"><a href=\"https:\/\/rumex.mendelu.cz\/atlasposkozenidrevin\/wp-content\/uploads\/2020\/02\/Pinus-sylvestris002.jpg\" data-caption-title=\"Aecie a stopy po aeci\u00edch na jehlici borovice, laborato\u0159 \u00daOLM LDF Brno 2003.\" data-caption-desc=\"Aecie a stopy po aeci\u00edch na jehlici borovice, laborato\u0159 \u00daOLM LDF Brno 2003.\" data-attachment-id=\"5208\" data-type=\"image\" class=\"fg-thumb\"><span class=\"fg-image-wrap\"><img decoding=\"async\" title=\"Aecie a stopy po aeci\u00edch na jehlici borovice, laborato\u0159 \u00daOLM LDF Brno 2003.\" width=\"365\" height=\"320\" class=\"skip-lazy fg-image\" data-src-fg=\"https:\/\/rumex.mendelu.cz\/atlasposkozenidrevin\/wp-content\/uploads\/cache\/2020\/02\/Pinus-sylvestris002\/3654432806.jpg\" src=\"data:image\/svg+xml,%3Csvg%20xmlns%3D%22http%3A%2F%2Fwww.w3.org%2F2000%2Fsvg%22%20width%3D%22365%22%20height%3D%22320%22%20viewBox%3D%220%200%20365%20320%22%3E%3C%2Fsvg%3E\" loading=\"eager\"><\/span><span class=\"fg-image-overlay\"><\/span><\/a><figcaption class=\"fg-caption\"><div class=\"fg-caption-inner\"><div class=\"fg-caption-desc\">Aecie a stopy po aeci\u00edch na jehlici borovice, laborato\u0159 \u00daOLM LDF Brno 2003.<\/div><\/div><\/figcaption><\/figure><div class=\"fg-loader\"><\/div><\/div><div class=\"fg-item fg-type-image fg-idle\"><figure class=\"fg-item-inner\"><a href=\"https:\/\/rumex.mendelu.cz\/atlasposkozenidrevin\/wp-content\/uploads\/2020\/02\/Coleosporium_skvrny-4.jpg\" data-caption-title=\"Stopy po opadl\u00fdch aeci\u00edch na jehlici borovice, laborato\u0159 \u00daOLM LDF Brno 2003.\" data-caption-desc=\"Stopy po opadl\u00fdch aeci\u00edch na jehlici borovice, laborato\u0159 \u00daOLM LDF Brno 2003.\" data-attachment-id=\"5207\" data-type=\"image\" class=\"fg-thumb\"><span class=\"fg-image-wrap\"><img decoding=\"async\" title=\"Stopy po opadl\u00fdch aeci\u00edch na jehlici borovice, laborato\u0159 \u00daOLM LDF Brno 2003.\" width=\"365\" height=\"320\" class=\"skip-lazy fg-image\" data-src-fg=\"https:\/\/rumex.mendelu.cz\/atlasposkozenidrevin\/wp-content\/uploads\/cache\/2020\/02\/Coleosporium_skvrny-4\/2149114600.jpg\" src=\"data:image\/svg+xml,%3Csvg%20xmlns%3D%22http%3A%2F%2Fwww.w3.org%2F2000%2Fsvg%22%20width%3D%22365%22%20height%3D%22320%22%20viewBox%3D%220%200%20365%20320%22%3E%3C%2Fsvg%3E\" loading=\"eager\"><\/span><span class=\"fg-image-overlay\"><\/span><\/a><figcaption class=\"fg-caption\"><div class=\"fg-caption-inner\"><div class=\"fg-caption-desc\">Stopy po opadl\u00fdch aeci\u00edch na jehlici borovice, laborato\u0159 \u00daOLM LDF Brno 2003.<\/div><\/div><\/figcaption><\/figure><div class=\"fg-loader\"><\/div><\/div><div class=\"fg-item fg-type-image fg-idle\"><figure class=\"fg-item-inner\"><a href=\"https:\/\/rumex.mendelu.cz\/atlasposkozenidrevin\/wp-content\/uploads\/2020\/02\/Campanula-010.jpg\" data-caption-title=\"Uredia na rubu listu podb\u011blu, laborato\u0159 \u00daOLM LDF Brno 2004.\" data-caption-desc=\"Uredia na rubu listu podb\u011blu, laborato\u0159 \u00daOLM LDF Brno 2004.\" data-attachment-id=\"5204\" data-type=\"image\" class=\"fg-thumb\"><span class=\"fg-image-wrap\"><img decoding=\"async\" title=\"Uredia na rubu listu podb\u011blu, laborato\u0159 \u00daOLM LDF Brno 2004.\" width=\"365\" height=\"320\" class=\"skip-lazy fg-image\" data-src-fg=\"https:\/\/rumex.mendelu.cz\/atlasposkozenidrevin\/wp-content\/uploads\/cache\/2020\/02\/Campanula-010\/1388696555.jpg\" src=\"data:image\/svg+xml,%3Csvg%20xmlns%3D%22http%3A%2F%2Fwww.w3.org%2F2000%2Fsvg%22%20width%3D%22365%22%20height%3D%22320%22%20viewBox%3D%220%200%20365%20320%22%3E%3C%2Fsvg%3E\" loading=\"eager\"><\/span><span class=\"fg-image-overlay\"><\/span><\/a><figcaption class=\"fg-caption\"><div class=\"fg-caption-inner\"><div class=\"fg-caption-desc\">Uredia na rubu listu podb\u011blu, laborato\u0159 \u00daOLM LDF Brno 2004.<\/div><\/div><\/figcaption><\/figure><div class=\"fg-loader\"><\/div><\/div><\/div>\n","protected":false},"excerpt":{"rendered":"<p>Coleosporium tussilaginis (Pers.) L\u00e9v. HOSTITELSK\u00c9 D\u0158EVINY: borovice lesn\u00ed (Pinus sylvestris), b. kle\u010d (P. mugo) a [&hellip;]<\/p>\n","protected":false},"author":2,"featured_media":0,"parent":0,"menu_order":0,"comment_status":"closed","ping_status":"closed","template":"template-full-width.php","meta":{"footnotes":""},"class_list":["post-151","page","type-page","status-publish","hentry"],"_links":{"self":[{"href":"https:\/\/rumex.mendelu.cz\/atlasposkozenidrevin\/index.php\/wp-json\/wp\/v2\/pages\/151","targetHints":{"allow":["GET"]}}],"collection":[{"href":"https:\/\/rumex.mendelu.cz\/atlasposkozenidrevin\/index.php\/wp-json\/wp\/v2\/pages"}],"about":[{"href":"https:\/\/rumex.mendelu.cz\/atlasposkozenidrevin\/index.php\/wp-json\/wp\/v2\/types\/page"}],"author":[{"embeddable":true,"href":"https:\/\/rumex.mendelu.cz\/atlasposkozenidrevin\/index.php\/wp-json\/wp\/v2\/users\/2"}],"replies":[{"embeddable":true,"href":"https:\/\/rumex.mendelu.cz\/atlasposkozenidrevin\/index.php\/wp-json\/wp\/v2\/comments?post=151"}],"version-history":[{"count":12,"href":"https:\/\/rumex.mendelu.cz\/atlasposkozenidrevin\/index.php\/wp-json\/wp\/v2\/pages\/151\/revisions"}],"predecessor-version":[{"id":5212,"href":"https:\/\/rumex.mendelu.cz\/atlasposkozenidrevin\/index.php\/wp-json\/wp\/v2\/pages\/151\/revisions\/5212"}],"wp:attachment":[{"href":"https:\/\/rumex.mendelu.cz\/atlasposkozenidrevin\/index.php\/wp-json\/wp\/v2\/media?parent=151"}],"curies":[{"name":"wp","href":"https:\/\/api.w.org\/{rel}","templated":true}]}}