{"id":1430,"date":"2020-02-06T12:00:15","date_gmt":"2020-02-06T11:00:15","guid":{"rendered":"http:\/\/rumex.mendelu.cz\/atlasposkozenidrevin\/?page_id=1430"},"modified":"2024-11-06T16:37:14","modified_gmt":"2024-11-06T15:37:14","slug":"poskozeni-zveri","status":"publish","type":"page","link":"https:\/\/rumex.mendelu.cz\/atlasposkozenidrevin\/index.php\/poskozeni-zveri\/","title":{"rendered":"Po\u0161kozen\u00ed zv\u011b\u0159\u00ed"},"content":{"rendered":"\n<p class=\"has-medium-font-size\"><strong>Ohryz a loup\u00e1n\u00ed<\/strong><\/p>\n\n\n\n<p>Pokud nedojde ke sloupnut\u00ed v\u011bt\u0161\u00edho pruhu a na kmeni z\u016fstanou z\u0159eteln\u00e9 stopy po zubech, mezi kter\u00fdmi z\u016fst\u00e1vaj\u00ed zbytky k\u016fry, jde o ohryz; nej\u010dast\u011bji k n\u011bmu doch\u00e1z\u00ed v zim\u011b. Pokud dojde ke sloupnut\u00ed v\u011bt\u0161\u00ed plochy k\u016fry a b\u011bl z\u016fstane hladk\u00e1, nebo na n\u00ed lze nal\u00e9zt jen velmi m\u011blk\u00e9 vrypy a stopy zub\u016f jsou jen na okraji r\u00e1ny, jde o loup\u00e1n\u00ed. Loup\u00e1n\u00ed a ohryz jsou zp\u016fsobov\u00e1ny jelenem evropsk\u00fdm, jelenem sikou, muflonem a da\u0148kem, tam, kde se objevuje, tak\u00e9 losem evropsk\u00fdm.<\/p>\n\n\n\n<p><strong>PO\u0160KOZOVAN\u00c9 D\u0158EVINY<\/strong>: v\u011bt\u0161ina d\u0159evin, nej\u010dast\u011bji smrk, z&nbsp;dal\u0161\u00edch d\u0159evin habr, buk, jasan ztepil\u00fd, je\u0159\u00e1b pta\u010d\u00ed, vrby, duby, l\u00edpy, ol\u0161e, borovice lesn\u00ed, jedle b\u011blokor\u00e1, topoly<\/p>\n\n\n\n<p><strong>D\u016eSLEDKY PO\u0160KOZEN\u00cd<\/strong>: pokles p\u0159\u00edr\u016fstu (zejm\u00e9na v\u00fd\u0161kov\u00e9ho), atak hmyz\u00edch \u0161k\u016fdc\u016f (pilo\u0159itky, tesa\u0159\u00edci), pr\u016fnik spor hub a n\u00e1sledn\u00fd rozvoj hniloby vedouc\u00ed k\u00a0znehodnocen\u00ed d\u0159eva a sn\u00ed\u017een\u00ed mechanick\u00e9 stability \u2013 zejm\u00e9na nebezpe\u010dn\u00e1 je hniloba pevn\u00edku krvav\u011bj\u00edc\u00edho <em>Stereum sanguinolentum <\/em>na smrku<\/p>\n\n\n<style type=\"text\/css\">\n#foogallery-gallery-2599 .fg-image { width: 560px; }\n#foogallery-gallery-2599 { --fg-gutter: 10px; }<\/style>\n\t\t\t<div class=\"foogallery foogallery-container foogallery-default foogallery-lightbox-none fg-left fg-default fg-ready fg-light fg-border-thin fg-shadow-outline fg-loading-default fg-loaded-fade-in fg-caption-always fg-hover-fade fg-hover-zoom\" id=\"foogallery-gallery-2599\" data-foogallery=\"{&quot;item&quot;:{&quot;showCaptionTitle&quot;:true,&quot;showCaptionDescription&quot;:true},&quot;lazy&quot;:true}\" style=\"--fg-title-line-clamp: 0; --fg-description-line-clamp: 0;\" >\n\t<div class=\"fg-item fg-type-image fg-idle\"><figure class=\"fg-item-inner\"><a href=\"https:\/\/rumex.mendelu.cz\/atlasposkozenidrevin\/wp-content\/uploads\/2024\/11\/ohryz_jelen.jpg\" data-caption-title=\"Ohryz smrku jelenem, \u010ceskomoravsk\u00e1 vrchovina, 2006.\" data-attachment-id=\"4466\" data-type=\"image\" class=\"fg-thumb\"><span class=\"fg-image-wrap\"><img fetchpriority=\"high\" decoding=\"async\" title=\"Ohryz smrku jelenem, \u010ceskomoravsk\u00e1 vrchovina, 2006.\" width=\"560\" height=\"430\" class=\"skip-lazy fg-image\" data-src-fg=\"https:\/\/rumex.mendelu.cz\/atlasposkozenidrevin\/wp-content\/uploads\/cache\/2024\/11\/ohryz_jelen\/2272756693.jpg\" src=\"data:image\/svg+xml,%3Csvg%20xmlns%3D%22http%3A%2F%2Fwww.w3.org%2F2000%2Fsvg%22%20width%3D%22560%22%20height%3D%22430%22%20viewBox%3D%220%200%20560%20430%22%3E%3C%2Fsvg%3E\" loading=\"eager\"><\/span><span class=\"fg-image-overlay\"><\/span><\/a><figcaption class=\"fg-caption\"><div class=\"fg-caption-inner\"><div class=\"fg-caption-title\">Ohryz smrku jelenem, \u010ceskomoravsk\u00e1 vrchovina, 2006.<\/div><\/div><\/figcaption><\/figure><div class=\"fg-loader\"><\/div><\/div><div class=\"fg-item fg-type-image fg-idle\"><figure class=\"fg-item-inner\"><a href=\"https:\/\/rumex.mendelu.cz\/atlasposkozenidrevin\/wp-content\/uploads\/2024\/11\/ohryz_jelen_habr.jpg\" data-caption-title=\"Ohryz habru jelenem, Buchlovice, 2004.\" data-attachment-id=\"4467\" data-type=\"image\" class=\"fg-thumb\"><span class=\"fg-image-wrap\"><img decoding=\"async\" title=\"Ohryz habru jelenem, Buchlovice, 2004.\" width=\"560\" height=\"430\" class=\"skip-lazy fg-image\" data-src-fg=\"https:\/\/rumex.mendelu.cz\/atlasposkozenidrevin\/wp-content\/uploads\/cache\/2024\/11\/ohryz_jelen_habr\/1721769015.jpg\" src=\"data:image\/svg+xml,%3Csvg%20xmlns%3D%22http%3A%2F%2Fwww.w3.org%2F2000%2Fsvg%22%20width%3D%22560%22%20height%3D%22430%22%20viewBox%3D%220%200%20560%20430%22%3E%3C%2Fsvg%3E\" loading=\"eager\"><\/span><span class=\"fg-image-overlay\"><\/span><\/a><figcaption class=\"fg-caption\"><div class=\"fg-caption-inner\"><div class=\"fg-caption-title\">Ohryz habru jelenem, Buchlovice, 2004.<\/div><\/div><\/figcaption><\/figure><div class=\"fg-loader\"><\/div><\/div><div class=\"fg-item fg-type-image fg-idle\"><figure class=\"fg-item-inner\"><a href=\"https:\/\/rumex.mendelu.cz\/atlasposkozenidrevin\/wp-content\/uploads\/2024\/11\/ohryz_sika.jpg\" data-caption-title=\"Ohryz buku jelenem sika, Plze\u0148sko, 2007.\" data-attachment-id=\"4473\" data-type=\"image\" class=\"fg-thumb\"><span class=\"fg-image-wrap\"><img decoding=\"async\" title=\"Ohryz buku jelenem sika, Plze\u0148sko, 2007.\" width=\"560\" height=\"430\" class=\"skip-lazy fg-image\" data-src-fg=\"https:\/\/rumex.mendelu.cz\/atlasposkozenidrevin\/wp-content\/uploads\/cache\/2024\/11\/ohryz_sika\/3132360245.jpg\" src=\"data:image\/svg+xml,%3Csvg%20xmlns%3D%22http%3A%2F%2Fwww.w3.org%2F2000%2Fsvg%22%20width%3D%22560%22%20height%3D%22430%22%20viewBox%3D%220%200%20560%20430%22%3E%3C%2Fsvg%3E\" loading=\"eager\"><\/span><span class=\"fg-image-overlay\"><\/span><\/a><figcaption class=\"fg-caption\"><div class=\"fg-caption-inner\"><div class=\"fg-caption-title\">Ohryz buku jelenem sika, Plze\u0148sko, 2007.<\/div><\/div><\/figcaption><\/figure><div class=\"fg-loader\"><\/div><\/div><div class=\"fg-item fg-type-image fg-idle\"><figure class=\"fg-item-inner\"><a href=\"https:\/\/rumex.mendelu.cz\/atlasposkozenidrevin\/wp-content\/uploads\/2024\/11\/ohryz_pevnik.jpg\" data-caption-title=\"Porost po ohryzu napaden\u00fd pevn\u00edkem krvav\u011bj\u00edc\u00edm, \u0160LP K\u0159tiny, 2003.\" data-attachment-id=\"4472\" data-type=\"image\" class=\"fg-thumb\"><span class=\"fg-image-wrap\"><img decoding=\"async\" title=\"Porost po ohryzu napaden\u00fd pevn\u00edkem krvav\u011bj\u00edc\u00edm, \u0160LP K\u0159tiny, 2003.\" width=\"560\" height=\"430\" class=\"skip-lazy fg-image\" data-src-fg=\"https:\/\/rumex.mendelu.cz\/atlasposkozenidrevin\/wp-content\/uploads\/cache\/2024\/11\/ohryz_pevnik\/1302783584.jpg\" src=\"data:image\/svg+xml,%3Csvg%20xmlns%3D%22http%3A%2F%2Fwww.w3.org%2F2000%2Fsvg%22%20width%3D%22560%22%20height%3D%22430%22%20viewBox%3D%220%200%20560%20430%22%3E%3C%2Fsvg%3E\" loading=\"eager\"><\/span><span class=\"fg-image-overlay\"><\/span><\/a><figcaption class=\"fg-caption\"><div class=\"fg-caption-inner\"><div class=\"fg-caption-title\">Porost po ohryzu napaden\u00fd pevn\u00edkem krvav\u011bj\u00edc\u00edm, \u0160LP K\u0159tiny, 2003.<\/div><\/div><\/figcaption><\/figure><div class=\"fg-loader\"><\/div><\/div><div class=\"fg-item fg-type-image fg-idle\"><figure class=\"fg-item-inner\"><a href=\"https:\/\/rumex.mendelu.cz\/atlasposkozenidrevin\/wp-content\/uploads\/2024\/11\/ohryz_los-2013-1.jpg\" data-caption-title=\"Ohryz smrku losem, st\u0159edn\u00ed Norsko, 2013.\" data-attachment-id=\"4468\" data-type=\"image\" class=\"fg-thumb\"><span class=\"fg-image-wrap\"><img decoding=\"async\" title=\"Ohryz smrku losem, st\u0159edn\u00ed Norsko, 2013.\" width=\"560\" height=\"430\" class=\"skip-lazy fg-image\" data-src-fg=\"https:\/\/rumex.mendelu.cz\/atlasposkozenidrevin\/wp-content\/uploads\/cache\/2024\/11\/ohryz_los-2013-1\/3762075021.jpg\" src=\"data:image\/svg+xml,%3Csvg%20xmlns%3D%22http%3A%2F%2Fwww.w3.org%2F2000%2Fsvg%22%20width%3D%22560%22%20height%3D%22430%22%20viewBox%3D%220%200%20560%20430%22%3E%3C%2Fsvg%3E\" loading=\"eager\"><\/span><span class=\"fg-image-overlay\"><\/span><\/a><figcaption class=\"fg-caption\"><div class=\"fg-caption-inner\"><div class=\"fg-caption-title\">Ohryz smrku losem, st\u0159edn\u00ed Norsko, 2013.<\/div><\/div><\/figcaption><\/figure><div class=\"fg-loader\"><\/div><\/div><div class=\"fg-item fg-type-image fg-idle\"><figure class=\"fg-item-inner\"><a href=\"https:\/\/rumex.mendelu.cz\/atlasposkozenidrevin\/wp-content\/uploads\/2024\/11\/ohryz_los2013-2.jpg\" data-caption-title=\"Ohryz smrku losem, st\u0159edn\u00ed Norsko, 2013.\" data-attachment-id=\"4469\" data-type=\"image\" class=\"fg-thumb\"><span class=\"fg-image-wrap\"><img decoding=\"async\" title=\"Ohryz smrku losem, st\u0159edn\u00ed Norsko, 2013.\" width=\"560\" height=\"430\" class=\"skip-lazy fg-image\" data-src-fg=\"https:\/\/rumex.mendelu.cz\/atlasposkozenidrevin\/wp-content\/uploads\/cache\/2024\/11\/ohryz_los2013-2\/3414781436.jpg\" src=\"data:image\/svg+xml,%3Csvg%20xmlns%3D%22http%3A%2F%2Fwww.w3.org%2F2000%2Fsvg%22%20width%3D%22560%22%20height%3D%22430%22%20viewBox%3D%220%200%20560%20430%22%3E%3C%2Fsvg%3E\" loading=\"eager\"><\/span><span class=\"fg-image-overlay\"><\/span><\/a><figcaption class=\"fg-caption\"><div class=\"fg-caption-inner\"><div class=\"fg-caption-title\">Ohryz smrku losem, st\u0159edn\u00ed Norsko, 2013.<\/div><\/div><\/figcaption><\/figure><div class=\"fg-loader\"><\/div><\/div><\/div>\n\n\n\n<p class=\"has-medium-font-size\"><\/p>\n\n\n\n<p class=\"has-medium-font-size\"><strong>Okus<\/strong><\/p>\n\n\n\n<p>Posti\u017eeny jsou bu\u010f postrann\u00ed v\u011btve ve vrcholov\u00e9 \u010d\u00e1sti mlad\u00fdch stromk\u016f, nebo jejich termin\u00e1ln\u00ed v\u00fdhony, \u010dasto oboj\u00ed. Rozli\u0161en\u00ed p\u016fvodce okusu podle charakteru po\u0161kozen\u00ed je mo\u017en\u00e9 jen r\u00e1mcov\u011b. P\u0159i po\u0161kozen\u00ed p\u0159e\u017ev\u00fdkav\u00fdmi sudokopytn\u00edky je \u0159ezn\u00e1 plocha nerovn\u00e1, \u010dasto s rozt\u0159epen\u00fdmi d\u0159evn\u00edmi vl\u00e1kny a se zbytkem d\u0159eva a l\u00fdka na jednom okraji, v p\u0159\u00edpad\u011b okusu zadn\u00edmi zuby je cel\u00fd ukousnut\u00fd konec termin\u00e1lu siln\u011b rozt\u0159epen\u00fd. P\u0159i okusu zp\u016fsoben\u00e9m zaj\u00edcem \u010di kr\u00e1l\u00edkem je \u0159ez zcela hladk\u00fd, \u0161ikm\u00fd.<\/p>\n\n\n\n<p><strong>PO\u0160KOZOVAN\u00c9 D\u0158EVINY<\/strong>: v\u011bt\u0161ina d\u0159evin, nejv\u00edce z&nbsp;jehli\u010dnan\u016f jedle, z&nbsp;listn\u00e1\u010d\u016f vysoce po\u0161kozov\u00e1na v\u011bt\u0161ina druh\u016f, m\u00edra po\u0161kozen\u00ed stoup\u00e1 se sni\u017euj\u00edc\u00ed se \u010detnost\u00ed druhu v&nbsp;n\u00e1letech, n\u00e1rostech \u010di kultur\u00e1ch.<\/p>\n\n\n\n<p><strong>D\u016eSLEDKY PO\u0160KOZEN\u00cd<\/strong>: redukce \u010di ztr\u00e1ta asimila\u010dn\u00edho apar\u00e1tu, netv\u00e1rn\u00fd r\u016fst, ztr\u00e1ty na v\u00fd\u0161kov\u00e9m p\u0159\u00edr\u016fstu, p\u0159i opakovan\u00e9m po\u0161kozen\u00ed zv\u00fd\u0161en\u00ed mortality, blokace odr\u016fst\u00e1n\u00ed, zv\u00fd\u0161en\u00e1 citlivost na sucho.<\/p>\n\n\n<style type=\"text\/css\">\n#foogallery-gallery-2601 .fg-image { width: 560px; }\n#foogallery-gallery-2601 { --fg-gutter: 10px; }<\/style>\n\t\t\t<div class=\"foogallery foogallery-container foogallery-default foogallery-lightbox-none fg-left fg-default fg-ready fg-light fg-border-thin fg-shadow-outline fg-loading-default fg-loaded-fade-in fg-caption-always fg-hover-fade fg-hover-zoom\" id=\"foogallery-gallery-2601\" data-foogallery=\"{&quot;item&quot;:{&quot;showCaptionTitle&quot;:true,&quot;showCaptionDescription&quot;:true},&quot;lazy&quot;:true}\" style=\"--fg-title-line-clamp: 0; --fg-description-line-clamp: 0;\" >\n\t<div class=\"fg-item fg-type-image fg-idle\"><figure class=\"fg-item-inner\"><a href=\"https:\/\/rumex.mendelu.cz\/atlasposkozenidrevin\/wp-content\/uploads\/2024\/11\/okus-1.jpg\" data-caption-title=\"Opakovan\u00fd okus, Lednice, Horn\u00ed les, 2010.\" data-attachment-id=\"4476\" data-type=\"image\" class=\"fg-thumb\"><span class=\"fg-image-wrap\"><img decoding=\"async\" title=\"Opakovan\u00fd okus, Lednice, Horn\u00ed les, 2010.\" width=\"560\" height=\"430\" class=\"skip-lazy fg-image\" data-src-fg=\"https:\/\/rumex.mendelu.cz\/atlasposkozenidrevin\/wp-content\/uploads\/cache\/2024\/11\/okus-1\/3841531265.jpg\" src=\"data:image\/svg+xml,%3Csvg%20xmlns%3D%22http%3A%2F%2Fwww.w3.org%2F2000%2Fsvg%22%20width%3D%22560%22%20height%3D%22430%22%20viewBox%3D%220%200%20560%20430%22%3E%3C%2Fsvg%3E\" loading=\"eager\"><\/span><span class=\"fg-image-overlay\"><\/span><\/a><figcaption class=\"fg-caption\"><div class=\"fg-caption-inner\"><div class=\"fg-caption-title\">Opakovan\u00fd okus, Lednice, Horn\u00ed les, 2010.<\/div><\/div><\/figcaption><\/figure><div class=\"fg-loader\"><\/div><\/div><div class=\"fg-item fg-type-image fg-idle\"><figure class=\"fg-item-inner\"><a href=\"https:\/\/rumex.mendelu.cz\/atlasposkozenidrevin\/wp-content\/uploads\/2024\/11\/okus-2.jpg\" data-caption-title=\"Opakovan\u00fd okus, Rad\u011bjov, 2008.\" data-attachment-id=\"4477\" data-type=\"image\" class=\"fg-thumb\"><span class=\"fg-image-wrap\"><img decoding=\"async\" title=\"Opakovan\u00fd okus, Rad\u011bjov, 2008.\" width=\"560\" height=\"430\" class=\"skip-lazy fg-image\" data-src-fg=\"https:\/\/rumex.mendelu.cz\/atlasposkozenidrevin\/wp-content\/uploads\/cache\/2024\/11\/okus-2\/79858928.jpg\" src=\"data:image\/svg+xml,%3Csvg%20xmlns%3D%22http%3A%2F%2Fwww.w3.org%2F2000%2Fsvg%22%20width%3D%22560%22%20height%3D%22430%22%20viewBox%3D%220%200%20560%20430%22%3E%3C%2Fsvg%3E\" loading=\"eager\"><\/span><span class=\"fg-image-overlay\"><\/span><\/a><figcaption class=\"fg-caption\"><div class=\"fg-caption-inner\"><div class=\"fg-caption-title\">Opakovan\u00fd okus, Rad\u011bjov, 2008.<\/div><\/div><\/figcaption><\/figure><div class=\"fg-loader\"><\/div><\/div><div class=\"fg-item fg-type-image fg-idle\"><figure class=\"fg-item-inner\"><a href=\"https:\/\/rumex.mendelu.cz\/atlasposkozenidrevin\/wp-content\/uploads\/2024\/11\/okus-3-bonsai.jpg\" data-caption-title=\"\u201eOkusov\u00e1 forma\u201c borovice, Plze\u0148sko, 2007.\" data-attachment-id=\"4478\" data-type=\"image\" class=\"fg-thumb\"><span class=\"fg-image-wrap\"><img decoding=\"async\" title=\"\u201eOkusov\u00e1 forma\u201c borovice, Plze\u0148sko, 2007.\" width=\"560\" height=\"430\" class=\"skip-lazy fg-image\" data-src-fg=\"https:\/\/rumex.mendelu.cz\/atlasposkozenidrevin\/wp-content\/uploads\/cache\/2024\/11\/okus-3-bonsai\/4245233396.jpg\" src=\"data:image\/svg+xml,%3Csvg%20xmlns%3D%22http%3A%2F%2Fwww.w3.org%2F2000%2Fsvg%22%20width%3D%22560%22%20height%3D%22430%22%20viewBox%3D%220%200%20560%20430%22%3E%3C%2Fsvg%3E\" loading=\"eager\"><\/span><span class=\"fg-image-overlay\"><\/span><\/a><figcaption class=\"fg-caption\"><div class=\"fg-caption-inner\"><div class=\"fg-caption-title\">\u201eOkusov\u00e1 forma\u201c borovice, Plze\u0148sko, 2007.<\/div><\/div><\/figcaption><\/figure><div class=\"fg-loader\"><\/div><\/div><div class=\"fg-item fg-type-image fg-idle\"><figure class=\"fg-item-inner\"><a href=\"https:\/\/rumex.mendelu.cz\/atlasposkozenidrevin\/wp-content\/uploads\/2024\/11\/okus-4-bonsai.jpg\" data-caption-title=\"\u201eOkusov\u00e1 forma\u201c buku, Karlovice, 1997.\" data-attachment-id=\"4479\" data-type=\"image\" class=\"fg-thumb\"><span class=\"fg-image-wrap\"><img decoding=\"async\" title=\"\u201eOkusov\u00e1 forma\u201c buku, Karlovice, 1997.\" width=\"560\" height=\"430\" class=\"skip-lazy fg-image\" data-src-fg=\"https:\/\/rumex.mendelu.cz\/atlasposkozenidrevin\/wp-content\/uploads\/cache\/2024\/11\/okus-4-bonsai\/3957239105.jpg\" src=\"data:image\/svg+xml,%3Csvg%20xmlns%3D%22http%3A%2F%2Fwww.w3.org%2F2000%2Fsvg%22%20width%3D%22560%22%20height%3D%22430%22%20viewBox%3D%220%200%20560%20430%22%3E%3C%2Fsvg%3E\" loading=\"eager\"><\/span><span class=\"fg-image-overlay\"><\/span><\/a><figcaption class=\"fg-caption\"><div class=\"fg-caption-inner\"><div class=\"fg-caption-title\">\u201eOkusov\u00e1 forma\u201c buku, Karlovice, 1997.<\/div><\/div><\/figcaption><\/figure><div class=\"fg-loader\"><\/div><\/div><div class=\"fg-item fg-type-image fg-idle\"><figure class=\"fg-item-inner\"><a href=\"https:\/\/rumex.mendelu.cz\/atlasposkozenidrevin\/wp-content\/uploads\/2024\/11\/oplocenka_radejov.jpg\" data-caption-title=\"Rozd\u00edl r\u016fstu na oplocen\u00e9 a neoplocen\u00e9 plo\u0161e, Rad\u011bjov, 2008.\" data-attachment-id=\"4480\" data-type=\"image\" class=\"fg-thumb\"><span class=\"fg-image-wrap\"><img decoding=\"async\" title=\"Rozd\u00edl r\u016fstu na oplocen\u00e9 a neoplocen\u00e9 plo\u0161e, Rad\u011bjov, 2008.\" width=\"560\" height=\"430\" class=\"skip-lazy fg-image\" data-src-fg=\"https:\/\/rumex.mendelu.cz\/atlasposkozenidrevin\/wp-content\/uploads\/cache\/2024\/11\/oplocenka_radejov\/4168845148.jpg\" src=\"data:image\/svg+xml,%3Csvg%20xmlns%3D%22http%3A%2F%2Fwww.w3.org%2F2000%2Fsvg%22%20width%3D%22560%22%20height%3D%22430%22%20viewBox%3D%220%200%20560%20430%22%3E%3C%2Fsvg%3E\" loading=\"eager\"><\/span><span class=\"fg-image-overlay\"><\/span><\/a><figcaption class=\"fg-caption\"><div class=\"fg-caption-inner\"><div class=\"fg-caption-title\">Rozd\u00edl r\u016fstu na oplocen\u00e9 a neoplocen\u00e9 plo\u0161e, Rad\u011bjov, 2008.<\/div><\/div><\/figcaption><\/figure><div class=\"fg-loader\"><\/div><\/div><div class=\"fg-item fg-type-image fg-idle\"><figure class=\"fg-item-inner\"><a href=\"https:\/\/rumex.mendelu.cz\/atlasposkozenidrevin\/wp-content\/uploads\/2024\/11\/okus_los.jpg\" data-caption-title=\"Okus losem, st\u0159edn\u00ed Norsko, 2013.\" data-attachment-id=\"4474\" data-type=\"image\" class=\"fg-thumb\"><span class=\"fg-image-wrap\"><img decoding=\"async\" title=\"Okus losem, st\u0159edn\u00ed Norsko, 2013.\" width=\"560\" height=\"430\" class=\"skip-lazy fg-image\" data-src-fg=\"https:\/\/rumex.mendelu.cz\/atlasposkozenidrevin\/wp-content\/uploads\/cache\/2024\/11\/okus_los\/3313696302.jpg\" src=\"data:image\/svg+xml,%3Csvg%20xmlns%3D%22http%3A%2F%2Fwww.w3.org%2F2000%2Fsvg%22%20width%3D%22560%22%20height%3D%22430%22%20viewBox%3D%220%200%20560%20430%22%3E%3C%2Fsvg%3E\" loading=\"eager\"><\/span><span class=\"fg-image-overlay\"><\/span><\/a><figcaption class=\"fg-caption\"><div class=\"fg-caption-inner\"><div class=\"fg-caption-title\">Okus losem, st\u0159edn\u00ed Norsko, 2013.<\/div><\/div><\/figcaption><\/figure><div class=\"fg-loader\"><\/div><\/div><\/div>\n","protected":false},"excerpt":{"rendered":"<p>Ohryz a loup\u00e1n\u00ed Pokud nedojde ke sloupnut\u00ed v\u011bt\u0161\u00edho pruhu a na kmeni z\u016fstanou z\u0159eteln\u00e9 stopy [&hellip;]<\/p>\n","protected":false},"author":2,"featured_media":0,"parent":0,"menu_order":0,"comment_status":"closed","ping_status":"closed","template":"template-full-width.php","meta":{"footnotes":""},"class_list":["post-1430","page","type-page","status-publish","hentry"],"_links":{"self":[{"href":"https:\/\/rumex.mendelu.cz\/atlasposkozenidrevin\/index.php\/wp-json\/wp\/v2\/pages\/1430","targetHints":{"allow":["GET"]}}],"collection":[{"href":"https:\/\/rumex.mendelu.cz\/atlasposkozenidrevin\/index.php\/wp-json\/wp\/v2\/pages"}],"about":[{"href":"https:\/\/rumex.mendelu.cz\/atlasposkozenidrevin\/index.php\/wp-json\/wp\/v2\/types\/page"}],"author":[{"embeddable":true,"href":"https:\/\/rumex.mendelu.cz\/atlasposkozenidrevin\/index.php\/wp-json\/wp\/v2\/users\/2"}],"replies":[{"embeddable":true,"href":"https:\/\/rumex.mendelu.cz\/atlasposkozenidrevin\/index.php\/wp-json\/wp\/v2\/comments?post=1430"}],"version-history":[{"count":8,"href":"https:\/\/rumex.mendelu.cz\/atlasposkozenidrevin\/index.php\/wp-json\/wp\/v2\/pages\/1430\/revisions"}],"predecessor-version":[{"id":2602,"href":"https:\/\/rumex.mendelu.cz\/atlasposkozenidrevin\/index.php\/wp-json\/wp\/v2\/pages\/1430\/revisions\/2602"}],"wp:attachment":[{"href":"https:\/\/rumex.mendelu.cz\/atlasposkozenidrevin\/index.php\/wp-json\/wp\/v2\/media?parent=1430"}],"curies":[{"name":"wp","href":"https:\/\/api.w.org\/{rel}","templated":true}]}}