{"id":1421,"date":"2020-02-05T16:17:05","date_gmt":"2020-02-05T15:17:05","guid":{"rendered":"http:\/\/rumex.mendelu.cz\/atlasposkozenidrevin\/?page_id=1421"},"modified":"2024-11-06T16:37:16","modified_gmt":"2024-11-06T15:37:16","slug":"poskozeni-herbicidy","status":"publish","type":"page","link":"https:\/\/rumex.mendelu.cz\/atlasposkozenidrevin\/index.php\/poskozeni-herbicidy\/","title":{"rendered":"Po\u0161kozen\u00ed herbicidy"},"content":{"rendered":"\n<p><strong>Po\u0161kozen\u00ed asimila\u010dn\u00edho apar\u00e1tu herbicidy<\/strong><\/p>\n\n\n\n<p>P<strong>O\u0160KOZOVAN\u00c9 D\u0158EVINY<\/strong>: v\u011bt\u0161ina d\u0159evin <\/p>\n\n\n\n<p><strong>SYMPTOMY PO\u0160KOZEN\u00cd<\/strong>: \u017eloutnut\u00ed a \u010derven\u00e1n\u00ed jehlic, pozd\u011bji tmavnut\u00ed \u010di za\u010dern\u00e1n\u00ed, zblednut\u00ed list\u016f, zasych\u00e1n\u00ed listov\u00e9 \u010depele od okraj\u016f nebo tam, kde dopadl herbicid, opad jehli\u010d\u00ed a list\u016f.<\/p>\n\n\n\n<p><strong>P\u0158\u00cd\u010cINY PO\u0160KOZEN\u00cd<\/strong>: zasa\u017een\u00ed d\u0159evin herbicidem s arboricidn\u00edmi \u00fa\u010dinky, nedodr\u017een\u00ed d\u00e1vky herbicidu, nevhodn\u00fd term\u00edn aplikace.<\/p>\n\n\n\n<p><strong>Po\u0161kozen\u00ed jehli\u010d\u00ed a km\u00ednku herbicidem Casaron G<\/strong><\/p>\n\n\n\n<p><strong>SYMPTOMY PO\u0160KOZEN\u00cd<\/strong>: \u017eloutnut\u00ed jehlic a poruchy ra\u0161en\u00ed n\u00e1sledovan\u00e9 ch\u0159adnut\u00edm a odum\u0159en\u00edm; zmen\u0161en\u00ed \u010depel\u00ed list\u016f a\u017e \u00fapln\u00e1 defoliace; &nbsp;z\u00fa\u017een\u00ed a\u017e za\u0161krcen\u00ed km\u00ednku nad ko\u0159enov\u00fdm kr\u010dkem, prov\u00e1zen\u00e9 odum\u0159en\u00edm kambia, nad m\u00edstem nekrotizovan\u00fdch pletiv zdu\u0159eniny tvo\u0159en\u00e9 l\u00fdkem i \u010d\u00e1ste\u010dn\u011b zd\u0159evnat\u011bl\u00fdm posledn\u00edm letokruhem; redukce ko\u0159enov\u00e9ho syst\u00e9mu, jeho odum\u0159en\u00ed.<\/p>\n\n\n\n<p><strong>P\u0158\u00cd\u010cINY PO\u0160KOZEN\u00cd<\/strong>: aplikaci herbicidu v kombinaci s nevhodn\u00fdm po\u010das\u00edm \u2013 prim\u00e1rn\u00ed iritace pletiv herbicidem je zv\u00fdrazn\u011bna p\u016fsoben\u00edm horka, kdy povrch p\u016fdy i povrchov\u00e1 pletiva km\u00ednku, dosud mikroklimaticky chr\u00e1n\u011bn\u00e1 bu\u0159en\u00ed, jsou n\u00e1hle odst\u00edn\u011bna a p\u0159eh\u0159\u00edvaj\u00ed se; nedodr\u017een\u00ed p\u0159edepsan\u00fdch postup\u016f aplikace a maxim\u00e1ln\u00edch d\u00e1vek.<\/p>\n\n\n<style type=\"text\/css\">\n#foogallery-gallery-2579 .fg-image { width: 560px; }\n#foogallery-gallery-2579 { --fg-gutter: 10px; }<\/style>\n\t\t\t<div class=\"foogallery foogallery-container foogallery-default foogallery-lightbox-none fg-left fg-default fg-ready fg-light fg-border-thin fg-shadow-outline fg-loading-default fg-loaded-fade-in fg-caption-always fg-hover-fade fg-hover-zoom\" id=\"foogallery-gallery-2579\" data-foogallery=\"{&quot;item&quot;:{&quot;showCaptionTitle&quot;:true,&quot;showCaptionDescription&quot;:true},&quot;lazy&quot;:true}\" style=\"--fg-title-line-clamp: 0; --fg-description-line-clamp: 0;\" >\n\t<div class=\"fg-item fg-type-image fg-idle\"><figure class=\"fg-item-inner\"><a href=\"https:\/\/rumex.mendelu.cz\/atlasposkozenidrevin\/wp-content\/uploads\/2024\/11\/herbicid-1.jpg\" data-caption-title=\"Po\u0161kozen\u00ed herbicidem Casoron G, Bynina 2002.\" data-attachment-id=\"4449\" data-type=\"image\" class=\"fg-thumb\"><span class=\"fg-image-wrap\"><img fetchpriority=\"high\" decoding=\"async\" title=\"Po\u0161kozen\u00ed herbicidem Casoron G, Bynina 2002.\" width=\"560\" height=\"650\" class=\"skip-lazy fg-image\" data-src-fg=\"https:\/\/rumex.mendelu.cz\/atlasposkozenidrevin\/wp-content\/uploads\/cache\/2024\/11\/herbicid-1\/4008520359.jpg\" src=\"data:image\/svg+xml,%3Csvg%20xmlns%3D%22http%3A%2F%2Fwww.w3.org%2F2000%2Fsvg%22%20width%3D%22560%22%20height%3D%22650%22%20viewBox%3D%220%200%20560%20650%22%3E%3C%2Fsvg%3E\" loading=\"eager\"><\/span><span class=\"fg-image-overlay\"><\/span><\/a><figcaption class=\"fg-caption\"><div class=\"fg-caption-inner\"><div class=\"fg-caption-title\">Po\u0161kozen\u00ed herbicidem Casoron G, Bynina 2002.<\/div><\/div><\/figcaption><\/figure><div class=\"fg-loader\"><\/div><\/div><div class=\"fg-item fg-type-image fg-idle\"><figure class=\"fg-item-inner\"><a href=\"https:\/\/rumex.mendelu.cz\/atlasposkozenidrevin\/wp-content\/uploads\/2024\/11\/herbicid-_hradcany.jpg\" data-caption-title=\"Po\u0161kozen\u00ed herbicidem ve \u0161kolce.\" data-attachment-id=\"4448\" data-type=\"image\" class=\"fg-thumb\"><span class=\"fg-image-wrap\"><img decoding=\"async\" title=\"Po\u0161kozen\u00ed herbicidem ve \u0161kolce.\" width=\"560\" height=\"650\" class=\"skip-lazy fg-image\" data-src-fg=\"https:\/\/rumex.mendelu.cz\/atlasposkozenidrevin\/wp-content\/uploads\/cache\/2024\/11\/herbicid-_hradcany\/3510242634.jpg\" src=\"data:image\/svg+xml,%3Csvg%20xmlns%3D%22http%3A%2F%2Fwww.w3.org%2F2000%2Fsvg%22%20width%3D%22560%22%20height%3D%22650%22%20viewBox%3D%220%200%20560%20650%22%3E%3C%2Fsvg%3E\" loading=\"eager\"><\/span><span class=\"fg-image-overlay\"><\/span><\/a><figcaption class=\"fg-caption\"><div class=\"fg-caption-inner\"><div class=\"fg-caption-title\">Po\u0161kozen\u00ed herbicidem ve \u0161kolce.<\/div><\/div><\/figcaption><\/figure><div class=\"fg-loader\"><\/div><\/div><\/div>\n\n\n<style type=\"text\/css\">\n#foogallery-gallery-2581 .fg-image { width: 560px; }\n#foogallery-gallery-2581 { --fg-gutter: 10px; }<\/style>\n\t\t\t<div class=\"foogallery foogallery-container foogallery-default foogallery-lightbox-none fg-left fg-default fg-ready fg-light fg-border-thin fg-shadow-outline fg-loading-default fg-loaded-fade-in fg-caption-always fg-hover-fade fg-hover-zoom\" id=\"foogallery-gallery-2581\" data-foogallery=\"{&quot;item&quot;:{&quot;showCaptionTitle&quot;:true,&quot;showCaptionDescription&quot;:true},&quot;lazy&quot;:true}\" style=\"--fg-title-line-clamp: 0; --fg-description-line-clamp: 0;\" >\n\t<div class=\"fg-item fg-type-image fg-idle\"><figure class=\"fg-item-inner\"><a href=\"https:\/\/rumex.mendelu.cz\/atlasposkozenidrevin\/wp-content\/uploads\/2024\/11\/herbicid-3.jpg\" data-caption-title=\"Po\u0161kozen\u00ed herbicidem Casoron G, Bynina 2002.\" data-attachment-id=\"4451\" data-type=\"image\" class=\"fg-thumb\"><span class=\"fg-image-wrap\"><img decoding=\"async\" title=\"Po\u0161kozen\u00ed herbicidem Casoron G, Bynina 2002.\" width=\"560\" height=\"430\" class=\"skip-lazy fg-image\" data-src-fg=\"https:\/\/rumex.mendelu.cz\/atlasposkozenidrevin\/wp-content\/uploads\/cache\/2024\/11\/herbicid-3\/3284510251.jpg\" src=\"data:image\/svg+xml,%3Csvg%20xmlns%3D%22http%3A%2F%2Fwww.w3.org%2F2000%2Fsvg%22%20width%3D%22560%22%20height%3D%22430%22%20viewBox%3D%220%200%20560%20430%22%3E%3C%2Fsvg%3E\" loading=\"eager\"><\/span><span class=\"fg-image-overlay\"><\/span><\/a><figcaption class=\"fg-caption\"><div class=\"fg-caption-inner\"><div class=\"fg-caption-title\">Po\u0161kozen\u00ed herbicidem Casoron G, Bynina 2002.<\/div><\/div><\/figcaption><\/figure><div class=\"fg-loader\"><\/div><\/div><div class=\"fg-item fg-type-image fg-idle\"><figure class=\"fg-item-inner\"><a href=\"https:\/\/rumex.mendelu.cz\/atlasposkozenidrevin\/wp-content\/uploads\/2024\/11\/herbicid-2.jpg\" data-caption-title=\"Po\u0161kozen\u00ed herbicidem Casoron G, Bynina 2002.\" data-attachment-id=\"4450\" data-type=\"image\" class=\"fg-thumb\"><span class=\"fg-image-wrap\"><img decoding=\"async\" title=\"Po\u0161kozen\u00ed herbicidem Casoron G, Bynina 2002.\" width=\"560\" height=\"430\" class=\"skip-lazy fg-image\" data-src-fg=\"https:\/\/rumex.mendelu.cz\/atlasposkozenidrevin\/wp-content\/uploads\/cache\/2024\/11\/herbicid-2\/3407572027.jpg\" src=\"data:image\/svg+xml,%3Csvg%20xmlns%3D%22http%3A%2F%2Fwww.w3.org%2F2000%2Fsvg%22%20width%3D%22560%22%20height%3D%22430%22%20viewBox%3D%220%200%20560%20430%22%3E%3C%2Fsvg%3E\" loading=\"eager\"><\/span><span class=\"fg-image-overlay\"><\/span><\/a><figcaption class=\"fg-caption\"><div class=\"fg-caption-inner\"><div class=\"fg-caption-title\">Po\u0161kozen\u00ed herbicidem Casoron G, Bynina 2002.<\/div><\/div><\/figcaption><\/figure><div class=\"fg-loader\"><\/div><\/div><\/div>\n","protected":false},"excerpt":{"rendered":"<p>Po\u0161kozen\u00ed asimila\u010dn\u00edho apar\u00e1tu herbicidy PO\u0160KOZOVAN\u00c9 D\u0158EVINY: v\u011bt\u0161ina d\u0159evin SYMPTOMY PO\u0160KOZEN\u00cd: \u017eloutnut\u00ed a \u010derven\u00e1n\u00ed jehlic, pozd\u011bji [&hellip;]<\/p>\n","protected":false},"author":2,"featured_media":0,"parent":0,"menu_order":0,"comment_status":"closed","ping_status":"closed","template":"template-full-width.php","meta":{"footnotes":""},"class_list":["post-1421","page","type-page","status-publish","hentry"],"_links":{"self":[{"href":"https:\/\/rumex.mendelu.cz\/atlasposkozenidrevin\/index.php\/wp-json\/wp\/v2\/pages\/1421","targetHints":{"allow":["GET"]}}],"collection":[{"href":"https:\/\/rumex.mendelu.cz\/atlasposkozenidrevin\/index.php\/wp-json\/wp\/v2\/pages"}],"about":[{"href":"https:\/\/rumex.mendelu.cz\/atlasposkozenidrevin\/index.php\/wp-json\/wp\/v2\/types\/page"}],"author":[{"embeddable":true,"href":"https:\/\/rumex.mendelu.cz\/atlasposkozenidrevin\/index.php\/wp-json\/wp\/v2\/users\/2"}],"replies":[{"embeddable":true,"href":"https:\/\/rumex.mendelu.cz\/atlasposkozenidrevin\/index.php\/wp-json\/wp\/v2\/comments?post=1421"}],"version-history":[{"count":5,"href":"https:\/\/rumex.mendelu.cz\/atlasposkozenidrevin\/index.php\/wp-json\/wp\/v2\/pages\/1421\/revisions"}],"predecessor-version":[{"id":2582,"href":"https:\/\/rumex.mendelu.cz\/atlasposkozenidrevin\/index.php\/wp-json\/wp\/v2\/pages\/1421\/revisions\/2582"}],"wp:attachment":[{"href":"https:\/\/rumex.mendelu.cz\/atlasposkozenidrevin\/index.php\/wp-json\/wp\/v2\/media?parent=1421"}],"curies":[{"name":"wp","href":"https:\/\/api.w.org\/{rel}","templated":true}]}}