{"id":1414,"date":"2020-02-05T16:08:13","date_gmt":"2020-02-05T15:08:13","guid":{"rendered":"http:\/\/rumex.mendelu.cz\/atlasposkozenidrevin\/?page_id=1414"},"modified":"2024-11-06T16:37:17","modified_gmt":"2024-11-06T15:37:17","slug":"poskozeni-chloridy-posypove-soli","status":"publish","type":"page","link":"https:\/\/rumex.mendelu.cz\/atlasposkozenidrevin\/index.php\/poskozeni-chloridy-posypove-soli\/","title":{"rendered":"Po\u0161kozen\u00ed chloridy (posypov\u00e9 soli)"},"content":{"rendered":"\n<p><strong>PO\u0160KOZOVAN\u00c9 D\u0158EVINY<\/strong>: v\u0161echny d\u0159eviny <\/p>\n\n\n\n<p>SYMPTOMY PO\u0160KOZEN\u00cd: u listn\u00e1\u010d\u016f nekrotick\u00e9 skvrny, zasych\u00e1n\u00ed konc\u016f v\u011btv\u00ed a p\u0159i del\u0161\u00ed expozici pros\u00fdch\u00e1n\u00ed koruny, \u010di schnut\u00ed cel\u00fdch strom\u016f, p\u0159i opakovan\u00e9m odum\u0159en\u00ed list\u016f ji\u017e znateln\u011b ni\u017e\u0161\u00ed olist\u011bn\u00ed s\u00a0drobn\u011bj\u0161\u00edmi listy \u010dasto chlorotick\u00fdmi, p\u0159i intenzivn\u011bj\u0161\u00edm po\u0161kozen\u00ed velmi \u0159\u00eddk\u00e9 a\u017e  typicky chom\u00e1\u010dovit\u00e9 olist\u011bn\u00ed, slab\u0161\u00ed nasazen\u00ed kv\u011bt\u016f a plod\u016f, zhor\u0161en\u00ed jejich kvality; u jehli\u010dnan\u016f bled\u011b \u017elut\u00e9 a\u017e \u017elutohn\u011bd\u00e9 skvrnky, na ja\u0159e \u010dasto a\u017e m\u011bdnat\u011b hn\u011bd\u00e9 zbarven\u00ed a opad, p\u0159i slab\u0161\u00edm po\u0161kozen\u00ed pupeny ra\u0161\u00ed, redukce ro\u010dn\u00edk\u016f jehli\u010d\u00ed na 1 a\u017e 2, \u0159\u00eddnut\u00ed a p\u0159i del\u0161\u00ed expozici celkov\u00e9 schnut\u00ed koruny; u posypov\u00fdch sol\u00ed \u010dasto zasa\u017eena jen \u010d\u00e1st d\u0159eviny sm\u011brem k\u00a0silnici.<\/p>\n\n\n<style type=\"text\/css\">\n#foogallery-gallery-2577 .fg-image { width: 560px; }\n#foogallery-gallery-2577 { --fg-gutter: 10px; }<\/style>\n\t\t\t<div class=\"foogallery foogallery-container foogallery-default foogallery-lightbox-none fg-left fg-default fg-ready fg-light fg-border-thin fg-shadow-outline fg-loading-default fg-loaded-fade-in fg-caption-always fg-hover-fade fg-hover-zoom\" id=\"foogallery-gallery-2577\" data-foogallery=\"{&quot;item&quot;:{&quot;showCaptionTitle&quot;:true,&quot;showCaptionDescription&quot;:true},&quot;lazy&quot;:true}\" style=\"--fg-title-line-clamp: 0; --fg-description-line-clamp: 0;\" >\n\t<div class=\"fg-item fg-type-image fg-idle\"><figure class=\"fg-item-inner\"><a href=\"https:\/\/rumex.mendelu.cz\/atlasposkozenidrevin\/wp-content\/uploads\/2024\/11\/sul_poskozeni.jpg\" data-caption-title=\"Po\u0161kozen\u00ed posypovou sol\u00ed, d\u00e1lnice Brno\u2013Praha, 2002.\" data-attachment-id=\"4447\" data-type=\"image\" class=\"fg-thumb\"><span class=\"fg-image-wrap\"><img fetchpriority=\"high\" decoding=\"async\" title=\"Po\u0161kozen\u00ed posypovou sol\u00ed, d\u00e1lnice Brno\u2013Praha, 2002.\" width=\"560\" height=\"430\" class=\"skip-lazy fg-image\" data-src-fg=\"https:\/\/rumex.mendelu.cz\/atlasposkozenidrevin\/wp-content\/uploads\/cache\/2024\/11\/sul_poskozeni\/789477730.jpg\" src=\"data:image\/svg+xml,%3Csvg%20xmlns%3D%22http%3A%2F%2Fwww.w3.org%2F2000%2Fsvg%22%20width%3D%22560%22%20height%3D%22430%22%20viewBox%3D%220%200%20560%20430%22%3E%3C%2Fsvg%3E\" loading=\"eager\"><\/span><span class=\"fg-image-overlay\"><\/span><\/a><figcaption class=\"fg-caption\"><div class=\"fg-caption-inner\"><div class=\"fg-caption-title\">Po\u0161kozen\u00ed posypovou sol\u00ed, d\u00e1lnice Brno\u2013Praha, 2002.<\/div><\/div><\/figcaption><\/figure><div class=\"fg-loader\"><\/div><\/div><div class=\"fg-item fg-type-image fg-idle\"><figure class=\"fg-item-inner\"><a href=\"https:\/\/rumex.mendelu.cz\/atlasposkozenidrevin\/wp-content\/uploads\/2024\/11\/chloridy_Suchdol-3.jpg\" data-caption-title=\"Po\u0161kozen\u00ed chloridy, Suchol u Konice, 2011.\" data-attachment-id=\"4446\" data-type=\"image\" class=\"fg-thumb\"><span class=\"fg-image-wrap\"><img decoding=\"async\" title=\"Po\u0161kozen\u00ed chloridy, Suchol u Konice, 2011.\" width=\"560\" height=\"430\" class=\"skip-lazy fg-image\" data-src-fg=\"https:\/\/rumex.mendelu.cz\/atlasposkozenidrevin\/wp-content\/uploads\/cache\/2024\/11\/chloridy_Suchdol-3\/2121474188.jpg\" src=\"data:image\/svg+xml,%3Csvg%20xmlns%3D%22http%3A%2F%2Fwww.w3.org%2F2000%2Fsvg%22%20width%3D%22560%22%20height%3D%22430%22%20viewBox%3D%220%200%20560%20430%22%3E%3C%2Fsvg%3E\" loading=\"eager\"><\/span><span class=\"fg-image-overlay\"><\/span><\/a><figcaption class=\"fg-caption\"><div class=\"fg-caption-inner\"><div class=\"fg-caption-title\">Po\u0161kozen\u00ed chloridy, Suchol u Konice, 2011.<\/div><\/div><\/figcaption><\/figure><div class=\"fg-loader\"><\/div><\/div><div class=\"fg-item fg-type-image fg-idle\"><figure class=\"fg-item-inner\"><a href=\"https:\/\/rumex.mendelu.cz\/atlasposkozenidrevin\/wp-content\/uploads\/2024\/11\/chloridy_Suchdol-2.jpg\" data-caption-title=\"Po\u0161kozen\u00ed chloridy, Suchol u Konice, 2011.\" data-attachment-id=\"4445\" data-type=\"image\" class=\"fg-thumb\"><span class=\"fg-image-wrap\"><img decoding=\"async\" title=\"Po\u0161kozen\u00ed chloridy, Suchol u Konice, 2011.\" width=\"560\" height=\"430\" class=\"skip-lazy fg-image\" data-src-fg=\"https:\/\/rumex.mendelu.cz\/atlasposkozenidrevin\/wp-content\/uploads\/cache\/2024\/11\/chloridy_Suchdol-2\/2393300336.jpg\" src=\"data:image\/svg+xml,%3Csvg%20xmlns%3D%22http%3A%2F%2Fwww.w3.org%2F2000%2Fsvg%22%20width%3D%22560%22%20height%3D%22430%22%20viewBox%3D%220%200%20560%20430%22%3E%3C%2Fsvg%3E\" loading=\"eager\"><\/span><span class=\"fg-image-overlay\"><\/span><\/a><figcaption class=\"fg-caption\"><div class=\"fg-caption-inner\"><div class=\"fg-caption-title\">Po\u0161kozen\u00ed chloridy, Suchol u Konice, 2011.<\/div><\/div><\/figcaption><\/figure><div class=\"fg-loader\"><\/div><\/div><div class=\"fg-item fg-type-image fg-idle\"><figure class=\"fg-item-inner\"><a href=\"https:\/\/rumex.mendelu.cz\/atlasposkozenidrevin\/wp-content\/uploads\/2024\/11\/chloridy_Suchdol-1.jpg\" data-caption-title=\"Po\u0161kozen\u00ed chloridy, Suchol u Konice, 2011.\" data-attachment-id=\"4444\" data-type=\"image\" class=\"fg-thumb\"><span class=\"fg-image-wrap\"><img decoding=\"async\" title=\"Po\u0161kozen\u00ed chloridy, Suchol u Konice, 2011.\" width=\"560\" height=\"430\" class=\"skip-lazy fg-image\" data-src-fg=\"https:\/\/rumex.mendelu.cz\/atlasposkozenidrevin\/wp-content\/uploads\/cache\/2024\/11\/chloridy_Suchdol-1\/2731773042.jpg\" src=\"data:image\/svg+xml,%3Csvg%20xmlns%3D%22http%3A%2F%2Fwww.w3.org%2F2000%2Fsvg%22%20width%3D%22560%22%20height%3D%22430%22%20viewBox%3D%220%200%20560%20430%22%3E%3C%2Fsvg%3E\" loading=\"eager\"><\/span><span class=\"fg-image-overlay\"><\/span><\/a><figcaption class=\"fg-caption\"><div class=\"fg-caption-inner\"><div class=\"fg-caption-title\">Po\u0161kozen\u00ed chloridy, Suchol u Konice, 2011.<\/div><\/div><\/figcaption><\/figure><div class=\"fg-loader\"><\/div><\/div><\/div>\n","protected":false},"excerpt":{"rendered":"<p>PO\u0160KOZOVAN\u00c9 D\u0158EVINY: v\u0161echny d\u0159eviny SYMPTOMY PO\u0160KOZEN\u00cd: u listn\u00e1\u010d\u016f nekrotick\u00e9 skvrny, zasych\u00e1n\u00ed konc\u016f v\u011btv\u00ed a p\u0159i [&hellip;]<\/p>\n","protected":false},"author":2,"featured_media":0,"parent":0,"menu_order":0,"comment_status":"closed","ping_status":"closed","template":"template-full-width.php","meta":{"footnotes":""},"class_list":["post-1414","page","type-page","status-publish","hentry"],"_links":{"self":[{"href":"https:\/\/rumex.mendelu.cz\/atlasposkozenidrevin\/index.php\/wp-json\/wp\/v2\/pages\/1414","targetHints":{"allow":["GET"]}}],"collection":[{"href":"https:\/\/rumex.mendelu.cz\/atlasposkozenidrevin\/index.php\/wp-json\/wp\/v2\/pages"}],"about":[{"href":"https:\/\/rumex.mendelu.cz\/atlasposkozenidrevin\/index.php\/wp-json\/wp\/v2\/types\/page"}],"author":[{"embeddable":true,"href":"https:\/\/rumex.mendelu.cz\/atlasposkozenidrevin\/index.php\/wp-json\/wp\/v2\/users\/2"}],"replies":[{"embeddable":true,"href":"https:\/\/rumex.mendelu.cz\/atlasposkozenidrevin\/index.php\/wp-json\/wp\/v2\/comments?post=1414"}],"version-history":[{"count":4,"href":"https:\/\/rumex.mendelu.cz\/atlasposkozenidrevin\/index.php\/wp-json\/wp\/v2\/pages\/1414\/revisions"}],"predecessor-version":[{"id":2578,"href":"https:\/\/rumex.mendelu.cz\/atlasposkozenidrevin\/index.php\/wp-json\/wp\/v2\/pages\/1414\/revisions\/2578"}],"wp:attachment":[{"href":"https:\/\/rumex.mendelu.cz\/atlasposkozenidrevin\/index.php\/wp-json\/wp\/v2\/media?parent=1414"}],"curies":[{"name":"wp","href":"https:\/\/api.w.org\/{rel}","templated":true}]}}