{"id":14,"date":"2019-05-07T14:29:10","date_gmt":"2019-05-07T12:29:10","guid":{"rendered":"http:\/\/fraxinus.mendelu.cz\/atlasposkozenidrevin\/?page_id=14"},"modified":"2025-03-19T07:49:42","modified_gmt":"2025-03-19T06:49:42","slug":"o-atlasu","status":"publish","type":"page","link":"https:\/\/rumex.mendelu.cz\/atlasposkozenidrevin\/","title":{"rendered":"O atlasu"},"content":{"rendered":"\n<figure class=\"wp-block-gallery has-nested-images columns-4 wp-block-gallery-1 is-layout-flex wp-block-gallery-is-layout-flex\">\n<figure class=\"wp-block-image size-large\"><img loading=\"lazy\" decoding=\"async\" width=\"1024\" height=\"770\" data-id=\"1867\" src=\"https:\/\/rumex.mendelu.cz\/atlasposkozenidrevin\/wp-content\/uploads\/2020\/02\/choros_supinaty-1024x770.jpg\" alt=\"\" class=\"wp-image-1867\" srcset=\"https:\/\/rumex.mendelu.cz\/atlasposkozenidrevin\/wp-content\/uploads\/2020\/02\/choros_supinaty.jpg 1024w, https:\/\/rumex.mendelu.cz\/atlasposkozenidrevin\/wp-content\/uploads\/2020\/02\/choros_supinaty-300x226.jpg 300w, https:\/\/rumex.mendelu.cz\/atlasposkozenidrevin\/wp-content\/uploads\/2020\/02\/choros_supinaty-768x578.jpg 768w\" sizes=\"auto, (max-width: 1024px) 100vw, 1024px\" \/><\/figure>\n\n\n\n<figure class=\"wp-block-image size-large\"><img loading=\"lazy\" decoding=\"async\" width=\"1024\" height=\"766\" data-id=\"1868\" src=\"https:\/\/rumex.mendelu.cz\/atlasposkozenidrevin\/wp-content\/uploads\/2020\/02\/horcikove_zloutnuti-3-1-1024x766.jpg\" alt=\"\" class=\"wp-image-1868\" srcset=\"https:\/\/rumex.mendelu.cz\/atlasposkozenidrevin\/wp-content\/uploads\/2020\/02\/horcikove_zloutnuti-3-1.jpg 1024w, https:\/\/rumex.mendelu.cz\/atlasposkozenidrevin\/wp-content\/uploads\/2020\/02\/horcikove_zloutnuti-3-1-300x224.jpg 300w, https:\/\/rumex.mendelu.cz\/atlasposkozenidrevin\/wp-content\/uploads\/2020\/02\/horcikove_zloutnuti-3-1-768x575.jpg 768w\" sizes=\"auto, (max-width: 1024px) 100vw, 1024px\" \/><\/figure>\n\n\n\n<figure class=\"wp-block-image size-large\"><img loading=\"lazy\" decoding=\"async\" width=\"1024\" height=\"768\" data-id=\"1869\" src=\"https:\/\/rumex.mendelu.cz\/atlasposkozenidrevin\/wp-content\/uploads\/2020\/02\/002-po\u017eerek-v-b\u011bli-2-1024x768.jpg\" alt=\"\" class=\"wp-image-1869\" srcset=\"https:\/\/rumex.mendelu.cz\/atlasposkozenidrevin\/wp-content\/uploads\/2020\/02\/002-po\u017eerek-v-b\u011bli-2.jpg 1024w, https:\/\/rumex.mendelu.cz\/atlasposkozenidrevin\/wp-content\/uploads\/2020\/02\/002-po\u017eerek-v-b\u011bli-2-300x225.jpg 300w, https:\/\/rumex.mendelu.cz\/atlasposkozenidrevin\/wp-content\/uploads\/2020\/02\/002-po\u017eerek-v-b\u011bli-2-768x576.jpg 768w\" sizes=\"auto, (max-width: 1024px) 100vw, 1024px\" \/><\/figure>\n\n\n\n<figure class=\"wp-block-image size-large\"><img loading=\"lazy\" decoding=\"async\" width=\"1024\" height=\"768\" data-id=\"1871\" src=\"https:\/\/rumex.mendelu.cz\/atlasposkozenidrevin\/wp-content\/uploads\/2020\/02\/vitr_polom_Novohradske-1-1024x768.jpg\" alt=\"\" class=\"wp-image-1871\" srcset=\"https:\/\/rumex.mendelu.cz\/atlasposkozenidrevin\/wp-content\/uploads\/2020\/02\/vitr_polom_Novohradske-1.jpg 1024w, https:\/\/rumex.mendelu.cz\/atlasposkozenidrevin\/wp-content\/uploads\/2020\/02\/vitr_polom_Novohradske-1-300x225.jpg 300w, https:\/\/rumex.mendelu.cz\/atlasposkozenidrevin\/wp-content\/uploads\/2020\/02\/vitr_polom_Novohradske-1-768x576.jpg 768w\" sizes=\"auto, (max-width: 1024px) 100vw, 1024px\" \/><\/figure>\n<\/figure>\n\n\n\n<p class=\"has-text-align-left\">Fyzick\u00e1 dostupnost kni\u017en\u00edch atlas\u016f je komplikovan\u00e1, v sou\u010dasn\u00fdch podm\u00ednk\u00e1ch environment\u00e1ln\u00edch zm\u011bn se nav\u00edc pom\u011brn\u011b rychle objevuj\u00ed nov\u00e9 stresory a po\u0161kozen\u00ed vyvolan\u00e1 jejich p\u016fsoben\u00edm \u2013 jejich operativn\u00ed za\u0159azen\u00ed do studijn\u00edch materi\u00e1l\u016f umo\u017e\u0148uje pouze otev\u0159en\u00e1 webov\u00e1 aplikace, do kter\u00e9 lze jednodu\u0161e p\u0159id\u00e1vat dal\u0161\u00ed polo\u017eky. Na\u0161\u00edm c\u00edlem bylo vytvo\u0159it pr\u00e1v\u011b takov\u00fd atlas \u2013 jednoduch\u00fd, permanentn\u011b aktualizovan\u00fd a dopl\u0148ovan\u00fd. Atlas zahrnuje po\u0161kozen\u00ed zp\u016fsoben\u00e1 biotick\u00fdmi, abiotick\u00fdmi i antropogenn\u00edmi faktory. Atlas byl realizov\u00e1n pracovn\u00edky \u00dastavu ochrany lesa a myslivosti LDF  MENDELU v Brn\u011b s podporou grantu FRV\u0160 846\/2011. Jeho aktualizace a  dopl\u0148ov\u00e1n\u00ed v letech 2013\u20132014 byly podpo\u0159eny projektem Platforma pro  syst\u00e9movou biologii a ekologii d\u0159evin CZ.1.07\/2.4.00\/17.0023. V roce  2020 jsme pak atlas p\u0159evedli do t\u00e9to nov\u00e9 podoby, kterou lze komfortn\u011b  pou\u017e\u00edvat i v tabletech a mobiln\u00edch telefonech, abyste si ho mohli otev\u0159\u00edt kdykoli a kdekoliv. Nov\u011b jsme p\u0159idali tak\u00e9 z\u00e1lo\u017eky Fytosanit\u00e1rn\u00ed rizika a Studijn\u00ed materi\u00e1ly. Na prvn\u00ed z  nich najdete  z\u00e1kladn\u00ed informace o regulaci \u0161kodliv\u00fdch organism\u016f (\u0160O) fytosanit\u00e1rn\u00edmi p\u0159edpisy EU a \u010cR, na druh\u00e9 z\u00e1lo\u017ece pak na\u0161e studijn\u00ed materi\u00e1ly ve form\u00e1tu pdf a odkazy na extern\u00ed zdroje, kter\u00e9 pova\u017eujeme za vhodn\u00e9 k dal\u0161\u00edmu samostudiu problematiky ochrany d\u0159evin.<\/p>\n\n\n\n<p>Fotogalerie po\u0161kozen\u00ed jsou seskupeny do \u0161esti z\u00e1kladn\u00edch kategori\u00ed (menu v z\u00e1hlav\u00ed). Jednotliv\u00e9 faktory je mo\u017en\u00e9 hledat jak p\u0159es tyto kategorie a subkategorie, kter\u00e9 se v\u00e1m nab\u00eddnou, najedete-li my\u0161\u00ed na danou kategorii\/subkategorii a otev\u0159ou se kliknut\u00edm, tak s vyu\u017eit\u00edm standardn\u00edho integrovan\u00e9ho vyhled\u00e1va\u010de. <\/p>\n\n\n\n<p>Garanti projektu: Petr \u010cerm\u00e1k (abiotick\u00e1, antropogenn\u00ed po\u0161kozen\u00ed, po\u0161kozen\u00ed obratlovci), Jakub Ber\u00e1nek, Petr Martinek (hmyz\u00ed \u0161k\u016fdci), Dagmar Palov\u010d\u00edkov\u00e1 (houbov\u00e9 choroby), Tom\u00e1\u0161 \u017did (technick\u00e1 podpora).<\/p>\n\n\n\n<p>Dal\u0161\u00ed auto\u0159i text\u016f a fotografi\u00ed: Radom\u00edr Mrkva, Libor Jankovsk\u00fd, Emanuel Kula, Pavel Kova\u0159\u00ed\u010dek, David Ku\u0148\u00e1k, Vojt\u011bch Fu\u010d\u00edk, Miloslav Strej\u010dek, Bohuslav V\u00ed\u0161a, Jaroslav Urban, Tom\u00e1\u0161 M\u00e1jek, Milo\u0148 Dvo\u0159\u00e1k, Zuzana Byrtusov\u00e1, Michal Tom\u0161ovsk\u00fd, Milo\u0161 Trifkovi\u010d, Tom\u00e1\u0161 \u017did, Pavol Gavl\u00e1k, V\u011bra Tome\u0161ov\u00e1, Marie Ma\u0159\u00e1kov\u00e1, Terezie Job\u00e1nkov\u00e1, Stanislav \u017dondra, Ond\u0159ej Krutil, Miroslav \u0160lachetka a Martin \u017d\u00e1rsk\u00fd.<\/p>\n\n\n\n<p>Kontakt: cermacek@mendelu.cz, palovcik@mendelu.cz, Berryberry@seznam.cz<\/p>\n\n\n\n<p>\u00a9 Petr \u010cerm\u00e1k, Dagmar Palov\u010d\u00edkov\u00e1, Jakub Ber\u00e1nek, Petr Martinek<\/p>\n\n\n\n<figure class=\"wp-block-image\"><img loading=\"lazy\" decoding=\"async\" width=\"531\" height=\"116\" src=\"http:\/\/rumex.mendelu.cz\/atlasposkozenidrevin\/wp-content\/uploads\/2019\/05\/eu_logo.png\" alt=\"\" class=\"wp-image-17\" srcset=\"https:\/\/rumex.mendelu.cz\/atlasposkozenidrevin\/wp-content\/uploads\/2019\/05\/eu_logo.png 531w, https:\/\/rumex.mendelu.cz\/atlasposkozenidrevin\/wp-content\/uploads\/2019\/05\/eu_logo-300x66.png 300w\" sizes=\"auto, (max-width: 531px) 100vw, 531px\" \/><\/figure>\n\n\n\n<p><\/p>\n","protected":false},"excerpt":{"rendered":"<p>Fyzick\u00e1 dostupnost kni\u017en\u00edch atlas\u016f je komplikovan\u00e1, v sou\u010dasn\u00fdch podm\u00ednk\u00e1ch environment\u00e1ln\u00edch zm\u011bn se nav\u00edc pom\u011brn\u011b rychle [&hellip;]<\/p>\n","protected":false},"author":1,"featured_media":0,"parent":0,"menu_order":0,"comment_status":"closed","ping_status":"closed","template":"template-full-width.php","meta":{"footnotes":""},"class_list":["post-14","page","type-page","status-publish","hentry"],"_links":{"self":[{"href":"https:\/\/rumex.mendelu.cz\/atlasposkozenidrevin\/index.php\/wp-json\/wp\/v2\/pages\/14","targetHints":{"allow":["GET"]}}],"collection":[{"href":"https:\/\/rumex.mendelu.cz\/atlasposkozenidrevin\/index.php\/wp-json\/wp\/v2\/pages"}],"about":[{"href":"https:\/\/rumex.mendelu.cz\/atlasposkozenidrevin\/index.php\/wp-json\/wp\/v2\/types\/page"}],"author":[{"embeddable":true,"href":"https:\/\/rumex.mendelu.cz\/atlasposkozenidrevin\/index.php\/wp-json\/wp\/v2\/users\/1"}],"replies":[{"embeddable":true,"href":"https:\/\/rumex.mendelu.cz\/atlasposkozenidrevin\/index.php\/wp-json\/wp\/v2\/comments?post=14"}],"version-history":[{"count":41,"href":"https:\/\/rumex.mendelu.cz\/atlasposkozenidrevin\/index.php\/wp-json\/wp\/v2\/pages\/14\/revisions"}],"predecessor-version":[{"id":5405,"href":"https:\/\/rumex.mendelu.cz\/atlasposkozenidrevin\/index.php\/wp-json\/wp\/v2\/pages\/14\/revisions\/5405"}],"wp:attachment":[{"href":"https:\/\/rumex.mendelu.cz\/atlasposkozenidrevin\/index.php\/wp-json\/wp\/v2\/media?parent=14"}],"curies":[{"name":"wp","href":"https:\/\/api.w.org\/{rel}","templated":true}]}}