{"id":1397,"date":"2020-02-05T15:52:35","date_gmt":"2020-02-05T14:52:35","guid":{"rendered":"http:\/\/rumex.mendelu.cz\/atlasposkozenidrevin\/?page_id=1397"},"modified":"2024-11-06T16:37:16","modified_gmt":"2024-11-06T15:37:16","slug":"poskozeni-imisemi","status":"publish","type":"page","link":"https:\/\/rumex.mendelu.cz\/atlasposkozenidrevin\/index.php\/poskozeni-imisemi\/","title":{"rendered":"Po\u0161kozen\u00ed imisemi"},"content":{"rendered":"\n<p class=\"has-medium-font-size\"><strong>Akutn\u00ed po\u0161kozen\u00ed<\/strong><\/p>\n\n\n\n<p>Vznik\u00e1 p\u0159i absorpci takov\u00e9ho mno\u017estv\u00ed \u0161kodliviny, kter\u00e1 m\u00e1 pro pletivo smrt\u00edc\u00ed \u00fa\u010dinek. P\u0159\u00edznaky jsou pro v\u011bt\u0161inu polutant\u016f obdobn\u00e9, v\u00fdrazn\u011bji se odli\u0161uje pouze po\u0161kozen\u00ed p\u0159\u00edzemn\u00edm ozonem.<\/p>\n\n\n\n<p><strong>PO\u0160KOZOVAN\u00c9 D\u0158EVINY<\/strong>: v\u0161echny d\u0159eviny (s r\u016fznou intenzitou danou citlivost\u00ed, viz n\u00ed\u017ee)<\/p>\n\n\n\n<p><strong>SYMPTOMY PO\u0160KOZEN\u00cd<\/strong>: SO<sub>2<\/sub>, NO<sub>x<\/sub>, HF, HCl \u2013 u jehli\u010dnan\u016f \u017eloutnut\u00ed p\u0159ech\u00e1zej\u00edc\u00ed v\u00a0\u017elutohn\u011bd\u00e9 a\u017e \u010dervenohn\u011bd\u00e9 zbarven\u00ed postupuj\u00edc\u00ed od \u0161pi\u010dek jehlic a od nejmlad\u0161\u00edch ro\u010dn\u00edk\u016f jehlic, nekrotick\u00e9 skvrny a prou\u017eky na jehlic\u00edch, \u010dasto jsou nekr\u00f3zy ost\u0159e ohrani\u010den\u00e9, opad\u00e1v\u00e1n\u00ed jehlic; u listn\u00e1\u010d\u016f se zpravidla nejd\u0159\u00edve projev\u00ed \u017eloutnut\u00ed a zasych\u00e1n\u00ed okraj\u016f list\u016f a mezi\u017eebern\u00ed listov\u00e9 plochy, pozd\u011bji zasych\u00e1n\u00ed a zesv\u011btlen\u00ed p\u0159ech\u00e1z\u00ed u\u00a0\u0159ady druh\u016f d\u0159evin v b\u00edlou barvu, u jin\u00fdch naopak v\u00a0hn\u011bdou \u010di hn\u011bdo\u010dervenou, barevn\u00e9 zm\u011bny mohou postupovat od okraje list\u016f rovnom\u011brn\u011b nebo je postup rychlej\u0161\u00ed interkost\u00e1ln\u00edmi poli (kolem \u017eilek z\u016fst\u00e1v\u00e1 list dlouho zelen\u00fd), svinut\u00ed okraj\u016f list\u016f, vyboulen\u00ed \u010d\u00e1st\u00ed interkost\u00e1ln\u00edch pol\u00ed. <br><em>C<\/em><i><em>itliv\u00e9 <\/em>d\u0159eviny: <\/i>mezi nejcitliv\u011bj\u0161\u00ed pat\u0159\u00ed smrk ztepil\u00fd, jedle b\u011blokor\u00e1, borovice lesn\u00ed, jasan ztepil\u00fd, buk lesn\u00ed. <br>P\u0159\u00edzemn\u00ed ozon O<sub>3<\/sub> \u2013 u jehli\u010dnan\u016f p\u0159edev\u0161\u00edm \u017elutav\u00e9 chlorotick\u00e9 skvrnky s neostr\u00fdm okrajem; u listn\u00e1\u010d\u016f chlor\u00f3zy sv\u011btle zelen\u00e9 barvy, kter\u00e9 p\u0159ech\u00e1z\u00ed v\u00a0\u010detn\u00e9 drobn\u00e9 hn\u011bd\u00e9 a\u017e hn\u011bdofialov\u00e9 skvrny, pozd\u011bji fialovohn\u011bd\u00e9 \u010di \u010dervenohn\u011bd\u00e9 zbarven\u00ed cel\u00e9 oslun\u011bn\u00e9 \u010d\u00e1sti \u010depele listu, st\u0159\u00edb\u0159it\u00e9 plochy na \u010depeli (odsko\u010den\u00e1, pop\u00e1len\u00e1 kutikula od palis\u00e1dov\u00e9ho parenchymu), a to zejm\u00e9na u okraj\u016f \u010depele. <br><em>C<\/em><i><em>itliv\u00e9 <\/em>d\u0159eviny: <\/i>obecn\u011b sp\u00ed\u0161e listn\u00e1\u010de jako je buk lesn\u00ed, jasan ztepil\u00fd, topoly, osiky a vrby, z\u00a0jehli\u010dnan\u016f potom borovice vejmutovka, borovice lesn\u00ed, borovice \u010dern\u00e1, borovice blatka, mod\u0159\u00edn opadav\u00fd<\/p>\n\n\n<style type=\"text\/css\">\n#foogallery-gallery-2583 .fg-image { width: 560px; }\n#foogallery-gallery-2583 { --fg-gutter: 10px; }<\/style>\n\t\t\t<div class=\"foogallery foogallery-container foogallery-default foogallery-lightbox-none fg-center fg-default fg-ready fg-light fg-border-thin fg-shadow-outline fg-loading-default fg-loaded-fade-in fg-caption-always fg-hover-fade fg-hover-zoom\" id=\"foogallery-gallery-2583\" data-foogallery=\"{&quot;item&quot;:{&quot;showCaptionTitle&quot;:true,&quot;showCaptionDescription&quot;:true},&quot;lazy&quot;:true}\" style=\"--fg-title-line-clamp: 0; --fg-description-line-clamp: 0;\" >\n\t<div class=\"fg-item fg-type-image fg-idle\"><figure class=\"fg-item-inner\"><a href=\"https:\/\/rumex.mendelu.cz\/atlasposkozenidrevin\/wp-content\/uploads\/2024\/11\/imise_sira-1.jpg\" data-caption-title=\"Po\u0161kozen\u00ed borovice oxidy s\u00edry, Kru\u0161n\u00e9 hory, 1995.\" data-attachment-id=\"4458\" data-type=\"image\" class=\"fg-thumb\"><span class=\"fg-image-wrap\"><img fetchpriority=\"high\" decoding=\"async\" title=\"Po\u0161kozen\u00ed borovice oxidy s\u00edry, Kru\u0161n\u00e9 hory, 1995.\" width=\"560\" height=\"430\" class=\"skip-lazy fg-image\" data-src-fg=\"https:\/\/rumex.mendelu.cz\/atlasposkozenidrevin\/wp-content\/uploads\/cache\/2024\/11\/imise_sira-1\/883089783.jpg\" src=\"data:image\/svg+xml,%3Csvg%20xmlns%3D%22http%3A%2F%2Fwww.w3.org%2F2000%2Fsvg%22%20width%3D%22560%22%20height%3D%22430%22%20viewBox%3D%220%200%20560%20430%22%3E%3C%2Fsvg%3E\" loading=\"eager\"><\/span><span class=\"fg-image-overlay\"><\/span><\/a><figcaption class=\"fg-caption\"><div class=\"fg-caption-inner\"><div class=\"fg-caption-title\">Po\u0161kozen\u00ed borovice oxidy s\u00edry, Kru\u0161n\u00e9 hory, 1995.<\/div><\/div><\/figcaption><\/figure><div class=\"fg-loader\"><\/div><\/div><div class=\"fg-item fg-type-image fg-idle\"><figure class=\"fg-item-inner\"><a href=\"https:\/\/rumex.mendelu.cz\/atlasposkozenidrevin\/wp-content\/uploads\/2024\/11\/imisni_holina_Beskydy.jpg\" data-caption-title=\"Imisn\u00ed holina, Beskydy, 1995.\" data-attachment-id=\"4460\" data-type=\"image\" class=\"fg-thumb\"><span class=\"fg-image-wrap\"><img decoding=\"async\" title=\"Imisn\u00ed holina, Beskydy, 1995.\" width=\"560\" height=\"430\" class=\"skip-lazy fg-image\" data-src-fg=\"https:\/\/rumex.mendelu.cz\/atlasposkozenidrevin\/wp-content\/uploads\/cache\/2024\/11\/imisni_holina_Beskydy\/1919922317.jpg\" src=\"data:image\/svg+xml,%3Csvg%20xmlns%3D%22http%3A%2F%2Fwww.w3.org%2F2000%2Fsvg%22%20width%3D%22560%22%20height%3D%22430%22%20viewBox%3D%220%200%20560%20430%22%3E%3C%2Fsvg%3E\" loading=\"eager\"><\/span><span class=\"fg-image-overlay\"><\/span><\/a><figcaption class=\"fg-caption\"><div class=\"fg-caption-inner\"><div class=\"fg-caption-title\">Imisn\u00ed holina, Beskydy, 1995.<\/div><\/div><\/figcaption><\/figure><div class=\"fg-loader\"><\/div><\/div><div class=\"fg-item fg-type-image fg-idle\"><figure class=\"fg-item-inner\"><a href=\"https:\/\/rumex.mendelu.cz\/atlasposkozenidrevin\/wp-content\/uploads\/2024\/11\/imise_nahradni_porost_Krusne-2.jpg\" data-caption-title=\"N\u00e1hradn\u00ed porost smrku pichlav\u00e9ho, Kru\u0161n\u00e9 hory, 2001.\" data-attachment-id=\"4453\" data-type=\"image\" class=\"fg-thumb\"><span class=\"fg-image-wrap\"><img decoding=\"async\" title=\"N\u00e1hradn\u00ed porost smrku pichlav\u00e9ho, Kru\u0161n\u00e9 hory, 2001.\" width=\"560\" height=\"430\" class=\"skip-lazy fg-image\" data-src-fg=\"https:\/\/rumex.mendelu.cz\/atlasposkozenidrevin\/wp-content\/uploads\/cache\/2024\/11\/imise_nahradni_porost_Krusne-2\/2665008210.jpg\" src=\"data:image\/svg+xml,%3Csvg%20xmlns%3D%22http%3A%2F%2Fwww.w3.org%2F2000%2Fsvg%22%20width%3D%22560%22%20height%3D%22430%22%20viewBox%3D%220%200%20560%20430%22%3E%3C%2Fsvg%3E\" loading=\"eager\"><\/span><span class=\"fg-image-overlay\"><\/span><\/a><figcaption class=\"fg-caption\"><div class=\"fg-caption-inner\"><div class=\"fg-caption-title\">N\u00e1hradn\u00ed porost smrku pichlav\u00e9ho, Kru\u0161n\u00e9 hory, 2001.<\/div><\/div><\/figcaption><\/figure><div class=\"fg-loader\"><\/div><\/div><div class=\"fg-item fg-type-image fg-idle\"><figure class=\"fg-item-inner\"><a href=\"https:\/\/rumex.mendelu.cz\/atlasposkozenidrevin\/wp-content\/uploads\/2024\/11\/imise_nahradni_porost_Krusne.jpg\" data-caption-title=\"N\u00e1hradn\u00ed porost b\u0159\u00edzy, Kru\u0161n\u00e9 hory, 2001.\" data-attachment-id=\"4452\" data-type=\"image\" class=\"fg-thumb\"><span class=\"fg-image-wrap\"><img decoding=\"async\" title=\"N\u00e1hradn\u00ed porost b\u0159\u00edzy, Kru\u0161n\u00e9 hory, 2001.\" width=\"560\" height=\"430\" class=\"skip-lazy fg-image\" data-src-fg=\"https:\/\/rumex.mendelu.cz\/atlasposkozenidrevin\/wp-content\/uploads\/cache\/2024\/11\/imise_nahradni_porost_Krusne\/4039607866.jpg\" src=\"data:image\/svg+xml,%3Csvg%20xmlns%3D%22http%3A%2F%2Fwww.w3.org%2F2000%2Fsvg%22%20width%3D%22560%22%20height%3D%22430%22%20viewBox%3D%220%200%20560%20430%22%3E%3C%2Fsvg%3E\" loading=\"eager\"><\/span><span class=\"fg-image-overlay\"><\/span><\/a><figcaption class=\"fg-caption\"><div class=\"fg-caption-inner\"><div class=\"fg-caption-title\">N\u00e1hradn\u00ed porost b\u0159\u00edzy, Kru\u0161n\u00e9 hory, 2001.<\/div><\/div><\/figcaption><\/figure><div class=\"fg-loader\"><\/div><\/div><div class=\"fg-item fg-type-image fg-idle\"><figure class=\"fg-item-inner\"><a href=\"https:\/\/rumex.mendelu.cz\/atlasposkozenidrevin\/wp-content\/uploads\/2024\/11\/imise_ozon-4.jpg\" data-caption-title=\"Po\u0161kozen\u00ed blatky ozonem, Orlick\u00e9 hory, 2001.\" data-attachment-id=\"4457\" data-type=\"image\" class=\"fg-thumb\"><span class=\"fg-image-wrap\"><img decoding=\"async\" title=\"Po\u0161kozen\u00ed blatky ozonem, Orlick\u00e9 hory, 2001.\" width=\"560\" height=\"430\" class=\"skip-lazy fg-image\" data-src-fg=\"https:\/\/rumex.mendelu.cz\/atlasposkozenidrevin\/wp-content\/uploads\/cache\/2024\/11\/imise_ozon-4\/2326421084.jpg\" src=\"data:image\/svg+xml,%3Csvg%20xmlns%3D%22http%3A%2F%2Fwww.w3.org%2F2000%2Fsvg%22%20width%3D%22560%22%20height%3D%22430%22%20viewBox%3D%220%200%20560%20430%22%3E%3C%2Fsvg%3E\" loading=\"eager\"><\/span><span class=\"fg-image-overlay\"><\/span><\/a><figcaption class=\"fg-caption\"><div class=\"fg-caption-inner\"><div class=\"fg-caption-title\">Po\u0161kozen\u00ed blatky ozonem, Orlick\u00e9 hory, 2001.<\/div><\/div><\/figcaption><\/figure><div class=\"fg-loader\"><\/div><\/div><div class=\"fg-item fg-type-image fg-idle\"><figure class=\"fg-item-inner\"><a href=\"https:\/\/rumex.mendelu.cz\/atlasposkozenidrevin\/wp-content\/uploads\/2024\/11\/imise_ozon-1.jpg\" data-caption-title=\"Po\u0161kozen\u00ed buku ozonem, Hrub\u00fd Jesen\u00edk, 2002.\" data-attachment-id=\"4454\" data-type=\"image\" class=\"fg-thumb\"><span class=\"fg-image-wrap\"><img decoding=\"async\" title=\"Po\u0161kozen\u00ed buku ozonem, Hrub\u00fd Jesen\u00edk, 2002.\" width=\"560\" height=\"430\" class=\"skip-lazy fg-image\" data-src-fg=\"https:\/\/rumex.mendelu.cz\/atlasposkozenidrevin\/wp-content\/uploads\/2024\/11\/imise_ozon-1.jpg\" src=\"data:image\/svg+xml,%3Csvg%20xmlns%3D%22http%3A%2F%2Fwww.w3.org%2F2000%2Fsvg%22%20width%3D%22560%22%20height%3D%22430%22%20viewBox%3D%220%200%20560%20430%22%3E%3C%2Fsvg%3E\" loading=\"eager\"><\/span><span class=\"fg-image-overlay\"><\/span><\/a><figcaption class=\"fg-caption\"><div class=\"fg-caption-inner\"><div class=\"fg-caption-title\">Po\u0161kozen\u00ed buku ozonem, Hrub\u00fd Jesen\u00edk, 2002.<\/div><\/div><\/figcaption><\/figure><div class=\"fg-loader\"><\/div><\/div><div class=\"fg-item fg-type-image fg-idle\"><figure class=\"fg-item-inner\"><a href=\"https:\/\/rumex.mendelu.cz\/atlasposkozenidrevin\/wp-content\/uploads\/2024\/11\/imise_sira-2.jpg\" data-caption-title=\"Po\u0161kozen\u00ed borovice oxidy s\u00edry, Kru\u0161n\u00e9 hory, 1995.\" data-attachment-id=\"4459\" data-type=\"image\" class=\"fg-thumb\"><span class=\"fg-image-wrap\"><img decoding=\"async\" title=\"Po\u0161kozen\u00ed borovice oxidy s\u00edry, Kru\u0161n\u00e9 hory, 1995.\" width=\"560\" height=\"430\" class=\"skip-lazy fg-image\" data-src-fg=\"https:\/\/rumex.mendelu.cz\/atlasposkozenidrevin\/wp-content\/uploads\/cache\/2024\/11\/imise_sira-2\/1687993483.jpg\" src=\"data:image\/svg+xml,%3Csvg%20xmlns%3D%22http%3A%2F%2Fwww.w3.org%2F2000%2Fsvg%22%20width%3D%22560%22%20height%3D%22430%22%20viewBox%3D%220%200%20560%20430%22%3E%3C%2Fsvg%3E\" loading=\"eager\"><\/span><span class=\"fg-image-overlay\"><\/span><\/a><figcaption class=\"fg-caption\"><div class=\"fg-caption-inner\"><div class=\"fg-caption-title\">Po\u0161kozen\u00ed borovice oxidy s\u00edry, Kru\u0161n\u00e9 hory, 1995.<\/div><\/div><\/figcaption><\/figure><div class=\"fg-loader\"><\/div><\/div><div class=\"fg-item fg-type-image fg-idle\"><figure class=\"fg-item-inner\"><a href=\"https:\/\/rumex.mendelu.cz\/atlasposkozenidrevin\/wp-content\/uploads\/2024\/11\/imise_ozon-2.jpg\" data-caption-title=\"Po\u0161kozen\u00ed jilmu ozonem, Hrub\u00fd Jesen\u00edk, 2002.\" data-attachment-id=\"4455\" data-type=\"image\" class=\"fg-thumb\"><span class=\"fg-image-wrap\"><img decoding=\"async\" title=\"Po\u0161kozen\u00ed jilmu ozonem, Hrub\u00fd Jesen\u00edk, 2002.\" width=\"560\" height=\"430\" class=\"skip-lazy fg-image\" data-src-fg=\"https:\/\/rumex.mendelu.cz\/atlasposkozenidrevin\/wp-content\/uploads\/2024\/11\/imise_ozon-2.jpg\" src=\"data:image\/svg+xml,%3Csvg%20xmlns%3D%22http%3A%2F%2Fwww.w3.org%2F2000%2Fsvg%22%20width%3D%22560%22%20height%3D%22430%22%20viewBox%3D%220%200%20560%20430%22%3E%3C%2Fsvg%3E\" loading=\"eager\"><\/span><span class=\"fg-image-overlay\"><\/span><\/a><figcaption class=\"fg-caption\"><div class=\"fg-caption-inner\"><div class=\"fg-caption-title\">Po\u0161kozen\u00ed jilmu ozonem, Hrub\u00fd Jesen\u00edk, 2002.<\/div><\/div><\/figcaption><\/figure><div class=\"fg-loader\"><\/div><\/div><\/div>\n\n\n\n<p class=\"has-medium-font-size\"><\/p>\n\n\n\n<p class=\"has-medium-font-size\"><strong>Chronick\u00e9 po\u0161kozen\u00ed <\/strong><\/p>\n\n\n\n<p>Vznik\u00e1 p\u0159i absorpci d\u00e1vky ni\u017e\u0161\u00ed, ne\u017e je limit pro akutn\u00ed po\u0161kozen\u00ed nebo dlouhodob\u00fdm p\u016fsoben\u00edm n\u00edzk\u00fdch d\u00e1vek. <br><br><strong>PO\u0160KOZOVAN\u00c9 D\u0158EVINY<\/strong>: v\u0161echny d\u0159eviny (s r\u016fznou intenzitou danou citlivost\u00ed)<\/p>\n\n\n\n<p><strong>SYMPTOMY PO\u0160KOZEN<\/strong>\u00cd: nespecifick\u00e9 \u017eloutnut\u00ed, kter\u00e9 m\u016f\u017ee postupovat p\u0159es sv\u011btl\u00e1n\u00ed listov\u00ed a\u017e po zb\u011blen\u00ed list\u016f, omezen\u00ed po\u010dtu ro\u010dn\u00edk\u016f jehli\u010d\u00ed, defoliace<\/p>\n\n\n\n<p><strong>Vliv vzdu\u0161n\u00fdch \u0161kodlivin na jednotliv\u00e9 aktivity a procesy<\/strong><\/p>\n\n\n\n<p>V\u011bt\u0161ina \u0161kodlivin sni\u017euje fotosyntetickou aktivitu, a to p\u0159\u00edmo nebo nep\u0159\u00edmo vlivem \u00fabytku fotosyntetick\u00e9ho pletiva (chlor\u00f3zy, nekr\u00f3zy atd.) a po\u0161kozen\u00edm stomat\u00e1ln\u00ed \u010dinnosti. V&nbsp;kone\u010dn\u00e9m efektu p\u016fsob\u00ed imise pochopiteln\u011b negativn\u011b na vitalitu a celkov\u00fd r\u016fst rostliny.<\/p>\n\n\n\n<p>V<em>liv na r\u016fst v\u00fdhon\u016f <\/em><br>&#8211;&nbsp;&nbsp;&nbsp;&nbsp;&nbsp;&nbsp;&nbsp; redukovan\u00e1 listov\u00e1 plocha<br>&#8211;&nbsp;&nbsp;&nbsp;&nbsp;&nbsp;&nbsp;&nbsp; inhibice tvorby listu<br>&#8211;&nbsp;&nbsp;&nbsp;&nbsp;&nbsp;&nbsp;&nbsp; zastaven\u00fd rozvoj listu<br>&#8211;&nbsp;&nbsp;&nbsp;&nbsp;&nbsp;&nbsp;&nbsp; urychlen\u00ed opadu list\u016f<br>&#8211;&nbsp;&nbsp;&nbsp;&nbsp;&nbsp;&nbsp;&nbsp; inhibice po\u010dtu i velikosti bun\u011bk<\/p>\n\n\n\n<p>V<em>liv na<\/em> <em>kambi\u00e1ln\u00ed aktivity <\/em><br>&#8211;&nbsp;&nbsp;&nbsp;&nbsp;&nbsp;&nbsp;&nbsp; redukce radi\u00e1ln\u00edho p\u0159\u00edr\u016fstu d\u0159evin<br>&#8211;&nbsp;&nbsp;&nbsp;&nbsp;&nbsp;&nbsp;&nbsp; krat\u0161\u00ed a u\u017e\u0161\u00ed tracheidy, c\u00e9vy<br>&#8211;&nbsp;&nbsp;&nbsp;&nbsp;&nbsp;&nbsp;&nbsp; men\u0161\u00ed po\u010det tracheid, c\u00e9v<br><em>&nbsp;<\/em>&#8211;&nbsp;&nbsp;&nbsp;&nbsp;&nbsp;&nbsp;&nbsp; <em>vliv na r\u016fst ko\u0159en\u016f <\/em><br>&#8211;&nbsp;&nbsp;&nbsp;&nbsp;&nbsp;&nbsp;&nbsp; ni\u017e\u0161\u00ed alokace asimil\u00e1t\u016f<br>&#8211;&nbsp;&nbsp;&nbsp;&nbsp;&nbsp;&nbsp;&nbsp; pokles pom\u011bru nadzemn\u00ed \u010d\u00e1sti a ko\u0159en\u016f<br>&#8211;&nbsp;&nbsp;&nbsp;&nbsp;&nbsp;&nbsp;&nbsp; \u00famrtnost ko\u0159en\u016f<br>&#8211;&nbsp;&nbsp;&nbsp;&nbsp;&nbsp;&nbsp;&nbsp; redukce mykorrhizn\u00ed populace<br>&#8211;&nbsp;&nbsp;&nbsp;&nbsp;&nbsp;&nbsp;&nbsp; pokles tolerance k&nbsp;suchu<\/p>\n\n\n\n<p>V<em>liv na r\u016fst reproduk\u010dn\u00edch org\u00e1n\u016f <\/em><br>&#8211;&nbsp;&nbsp;&nbsp;&nbsp;&nbsp;&nbsp;&nbsp; sn\u00ed\u017een\u00ed kvality a mno\u017estv\u00ed plod\u016f<br>&#8211;&nbsp;&nbsp;&nbsp;&nbsp;&nbsp;&nbsp;&nbsp; pokles mno\u017estv\u00ed hormon\u00e1ln\u00edch r\u016fstov\u00fdch l\u00e1tek<br>&#8211;&nbsp;&nbsp;&nbsp;&nbsp;&nbsp;&nbsp;&nbsp; vliv na proces kveten\u00ed a fruktifikace<br>&#8211;&nbsp;&nbsp;&nbsp;&nbsp;&nbsp;&nbsp;&nbsp; p\u0159\u00edm\u00e9 po\u0161kozen\u00ed reproduk\u010dn\u00edch org\u00e1n\u016f<br>&#8211;&nbsp;&nbsp;&nbsp;&nbsp;&nbsp;&nbsp;&nbsp; ni\u017e\u0161\u00ed kl\u00ed\u010divost <\/p>\n\n\n\n<p>V<em>liv na fyziologick\u00e9 procesy \u2013 krom\u011b vyvol\u00e1n\u00ed nerovnov\u00e1hy \u017eivin maj\u00ed n\u011bkter\u00e9 \u0161kodliviny inhibi\u010dn\u00ed vliv na:<\/em><br>&#8211;&nbsp;&nbsp;&nbsp;&nbsp;&nbsp;&nbsp;&nbsp; synt\u00e9zu chlorofylu<br>&#8211;&nbsp;&nbsp;&nbsp;&nbsp;&nbsp;&nbsp;&nbsp; na fotosynt\u00e9zu<br>&#8211;&nbsp;&nbsp;&nbsp;&nbsp;&nbsp;&nbsp;&nbsp; m\u011bn\u00ed pr\u016fchodnost stomat<br>&#8211;&nbsp;&nbsp;&nbsp;&nbsp;&nbsp;&nbsp;&nbsp; permeabilitu bun\u011b\u010dn\u00fdch membr\u00e1n<br>&#8211;&nbsp;&nbsp;&nbsp;&nbsp;&nbsp;&nbsp;&nbsp; mno\u017estv\u00ed a typy z\u00e1sobn\u00edch karbohydr\u00e1t\u016f a protein\u016f<br>&#8211;&nbsp;&nbsp;&nbsp;&nbsp;&nbsp;&nbsp;&nbsp; aktivitu enzym\u016f<\/p>\n\n\n\n<p><\/p>\n","protected":false},"excerpt":{"rendered":"<p>Akutn\u00ed po\u0161kozen\u00ed Vznik\u00e1 p\u0159i absorpci takov\u00e9ho mno\u017estv\u00ed \u0161kodliviny, kter\u00e1 m\u00e1 pro pletivo smrt\u00edc\u00ed \u00fa\u010dinek. P\u0159\u00edznaky [&hellip;]<\/p>\n","protected":false},"author":2,"featured_media":0,"parent":0,"menu_order":0,"comment_status":"closed","ping_status":"closed","template":"template-full-width.php","meta":{"footnotes":""},"class_list":["post-1397","page","type-page","status-publish","hentry"],"_links":{"self":[{"href":"https:\/\/rumex.mendelu.cz\/atlasposkozenidrevin\/index.php\/wp-json\/wp\/v2\/pages\/1397","targetHints":{"allow":["GET"]}}],"collection":[{"href":"https:\/\/rumex.mendelu.cz\/atlasposkozenidrevin\/index.php\/wp-json\/wp\/v2\/pages"}],"about":[{"href":"https:\/\/rumex.mendelu.cz\/atlasposkozenidrevin\/index.php\/wp-json\/wp\/v2\/types\/page"}],"author":[{"embeddable":true,"href":"https:\/\/rumex.mendelu.cz\/atlasposkozenidrevin\/index.php\/wp-json\/wp\/v2\/users\/2"}],"replies":[{"embeddable":true,"href":"https:\/\/rumex.mendelu.cz\/atlasposkozenidrevin\/index.php\/wp-json\/wp\/v2\/comments?post=1397"}],"version-history":[{"count":7,"href":"https:\/\/rumex.mendelu.cz\/atlasposkozenidrevin\/index.php\/wp-json\/wp\/v2\/pages\/1397\/revisions"}],"predecessor-version":[{"id":2585,"href":"https:\/\/rumex.mendelu.cz\/atlasposkozenidrevin\/index.php\/wp-json\/wp\/v2\/pages\/1397\/revisions\/2585"}],"wp:attachment":[{"href":"https:\/\/rumex.mendelu.cz\/atlasposkozenidrevin\/index.php\/wp-json\/wp\/v2\/media?parent=1397"}],"curies":[{"name":"wp","href":"https:\/\/api.w.org\/{rel}","templated":true}]}}