{"id":1384,"date":"2020-02-05T14:54:03","date_gmt":"2020-02-05T13:54:03","guid":{"rendered":"http:\/\/rumex.mendelu.cz\/atlasposkozenidrevin\/?page_id=1384"},"modified":"2024-11-06T13:35:33","modified_gmt":"2024-11-06T12:35:33","slug":"nedostatky-a-nadbytky-zivin","status":"publish","type":"page","link":"https:\/\/rumex.mendelu.cz\/atlasposkozenidrevin\/index.php\/nedostatky-a-nadbytky-zivin\/","title":{"rendered":"Nedostatky a nadbytky \u017eivin"},"content":{"rendered":"\n<p class=\"has-medium-font-size\"><strong>Nedostatek ho\u0159\u010d\u00edku<\/strong><\/p>\n\n\n\n<p>PO\u0160KOZOVAN\u00c9 D\u0158EVINY: v\u0161echny d\u0159eviny<br><\/p>\n\n\n\n<p>POPIS PO\u0160KOZEN\u00cd: \u017eloutnut\u00ed list\u016f a jehlic, sv\u011btle \u017elut\u00e1 chlor\u00f3za za\u010d\u00edn\u00e1 od \u0161pi\u010dky jehlic, nejd\u0159\u00edve \u017eloutnou star\u0161\u00ed ro\u010dn\u00edky jehlic, pozd\u011bji zejm\u00e9na \u0161pi\u010dk\u00e1ch jehlic oran\u017eov\u00e9 a\u017e \u010dervenohn\u011bd\u00e9 zbarven\u00ed; u listn\u00e1\u010d\u016f \u017eloutnut\u00ed interkost\u00e1ln\u00edch pol\u00ed \u2013 \u017eilky z\u016fst\u00e1vaj\u00ed zelen\u011b lemovan\u00e9, \u017eloutnut\u00ed postupuje sp\u00ed\u0161e od st\u0159edu \u010depele listu, pozd\u011bji skvrnit\u00e9 hn\u011bd\u00e9 nekr\u00f3zy v&nbsp;interkost\u00e1ln\u00edch pol\u00edch.<\/p>\n\n\n<style type=\"text\/css\">\n#foogallery-gallery-2565 .fg-image { width: 560px; }\n#foogallery-gallery-2565 { --fg-gutter: 10px; }<\/style>\n\t\t\t<div class=\"foogallery foogallery-container foogallery-default foogallery-lightbox-none fg-left fg-default fg-ready fg-light fg-border-thin fg-shadow-outline fg-loading-default fg-loaded-fade-in fg-caption-always fg-hover-fade fg-hover-zoom\" id=\"foogallery-gallery-2565\" data-foogallery=\"{&quot;item&quot;:{&quot;showCaptionTitle&quot;:true,&quot;showCaptionDescription&quot;:true},&quot;lazy&quot;:true}\" style=\"--fg-title-line-clamp: 0; --fg-description-line-clamp: 0;\" >\n\t<div class=\"fg-item fg-type-image fg-idle\"><figure class=\"fg-item-inner\"><a href=\"https:\/\/rumex.mendelu.cz\/atlasposkozenidrevin\/wp-content\/uploads\/2024\/11\/horcikove_zloutnuti-3.jpg\" data-caption-title=\"Symptomy nedostatku ho\u0159\u010d\u00edku, Hrub\u00fd Jesen\u00edk 2005.\" data-attachment-id=\"4434\" data-type=\"image\" class=\"fg-thumb\"><span class=\"fg-image-wrap\"><img fetchpriority=\"high\" decoding=\"async\" title=\"Symptomy nedostatku ho\u0159\u010d\u00edku, Hrub\u00fd Jesen\u00edk 2005.\" width=\"560\" height=\"430\" class=\"skip-lazy fg-image\" data-src-fg=\"https:\/\/rumex.mendelu.cz\/atlasposkozenidrevin\/wp-content\/uploads\/cache\/2024\/11\/horcikove_zloutnuti-3\/642233511.jpg\" src=\"data:image\/svg+xml,%3Csvg%20xmlns%3D%22http%3A%2F%2Fwww.w3.org%2F2000%2Fsvg%22%20width%3D%22560%22%20height%3D%22430%22%20viewBox%3D%220%200%20560%20430%22%3E%3C%2Fsvg%3E\" loading=\"eager\"><\/span><span class=\"fg-image-overlay\"><\/span><\/a><figcaption class=\"fg-caption\"><div class=\"fg-caption-inner\"><div class=\"fg-caption-title\">Symptomy nedostatku ho\u0159\u010d\u00edku, Hrub\u00fd Jesen\u00edk 2005.<\/div><\/div><\/figcaption><\/figure><div class=\"fg-loader\"><\/div><\/div><div class=\"fg-item fg-type-image fg-idle\"><figure class=\"fg-item-inner\"><a href=\"https:\/\/rumex.mendelu.cz\/atlasposkozenidrevin\/wp-content\/uploads\/2024\/11\/horcikove_zloutnuti-4.jpg\" data-caption-title=\"Symptomy nedostatku ho\u0159\u010d\u00edku, Hrub\u00fd Jesen\u00edk 2005.\" data-attachment-id=\"4435\" data-type=\"image\" class=\"fg-thumb\"><span class=\"fg-image-wrap\"><img decoding=\"async\" title=\"Symptomy nedostatku ho\u0159\u010d\u00edku, Hrub\u00fd Jesen\u00edk 2005.\" width=\"560\" height=\"430\" class=\"skip-lazy fg-image\" data-src-fg=\"https:\/\/rumex.mendelu.cz\/atlasposkozenidrevin\/wp-content\/uploads\/cache\/2024\/11\/horcikove_zloutnuti-4\/892069467.jpg\" src=\"data:image\/svg+xml,%3Csvg%20xmlns%3D%22http%3A%2F%2Fwww.w3.org%2F2000%2Fsvg%22%20width%3D%22560%22%20height%3D%22430%22%20viewBox%3D%220%200%20560%20430%22%3E%3C%2Fsvg%3E\" loading=\"eager\"><\/span><span class=\"fg-image-overlay\"><\/span><\/a><figcaption class=\"fg-caption\"><div class=\"fg-caption-inner\"><div class=\"fg-caption-title\">Symptomy nedostatku ho\u0159\u010d\u00edku, Hrub\u00fd Jesen\u00edk 2005.<\/div><\/div><\/figcaption><\/figure><div class=\"fg-loader\"><\/div><\/div><\/div>\n\n\n<style type=\"text\/css\">\n#foogallery-gallery-2568 .fg-image { width: 560px; }\n#foogallery-gallery-2568 { --fg-gutter: 10px; }<\/style>\n\t\t\t<div class=\"foogallery foogallery-container foogallery-default foogallery-lightbox-none fg-left fg-default fg-ready fg-light fg-border-thin fg-shadow-outline fg-loading-default fg-loaded-fade-in fg-caption-always fg-hover-fade fg-hover-zoom\" id=\"foogallery-gallery-2568\" data-foogallery=\"{&quot;item&quot;:{&quot;showCaptionTitle&quot;:true,&quot;showCaptionDescription&quot;:true},&quot;lazy&quot;:true}\" style=\"--fg-title-line-clamp: 0; --fg-description-line-clamp: 0;\" >\n\t<div class=\"fg-item fg-type-image fg-idle\"><figure class=\"fg-item-inner\"><a href=\"https:\/\/rumex.mendelu.cz\/atlasposkozenidrevin\/wp-content\/uploads\/2024\/11\/horcikove_zloutnuti-2.jpg\" data-caption-title=\"Projevy nedostatku ho\u0159\u010d\u00edku, Jizersk\u00e9 hory 1999.\" data-attachment-id=\"4433\" data-type=\"image\" class=\"fg-thumb\"><span class=\"fg-image-wrap\"><img decoding=\"async\" title=\"Projevy nedostatku ho\u0159\u010d\u00edku, Jizersk\u00e9 hory 1999.\" width=\"560\" height=\"650\" class=\"skip-lazy fg-image\" data-src-fg=\"https:\/\/rumex.mendelu.cz\/atlasposkozenidrevin\/wp-content\/uploads\/cache\/2024\/11\/horcikove_zloutnuti-2\/2898337379.jpg\" src=\"data:image\/svg+xml,%3Csvg%20xmlns%3D%22http%3A%2F%2Fwww.w3.org%2F2000%2Fsvg%22%20width%3D%22560%22%20height%3D%22650%22%20viewBox%3D%220%200%20560%20650%22%3E%3C%2Fsvg%3E\" loading=\"eager\"><\/span><span class=\"fg-image-overlay\"><\/span><\/a><figcaption class=\"fg-caption\"><div class=\"fg-caption-inner\"><div class=\"fg-caption-title\">Projevy nedostatku ho\u0159\u010d\u00edku, Jizersk\u00e9 hory 1999.<\/div><\/div><\/figcaption><\/figure><div class=\"fg-loader\"><\/div><\/div><div class=\"fg-item fg-type-image fg-idle\"><figure class=\"fg-item-inner\"><a href=\"https:\/\/rumex.mendelu.cz\/atlasposkozenidrevin\/wp-content\/uploads\/2024\/11\/horcikove_zloutnuti-1.jpg\" data-caption-title=\"Symptomy nedostatku ho\u0159\u010d\u00edku, Hrub\u00fd Jesen\u00edk 2005.\" data-attachment-id=\"4432\" data-type=\"image\" class=\"fg-thumb\"><span class=\"fg-image-wrap\"><img decoding=\"async\" title=\"Symptomy nedostatku ho\u0159\u010d\u00edku, Hrub\u00fd Jesen\u00edk 2005.\" width=\"560\" height=\"650\" class=\"skip-lazy fg-image\" data-src-fg=\"https:\/\/rumex.mendelu.cz\/atlasposkozenidrevin\/wp-content\/uploads\/cache\/2024\/11\/horcikove_zloutnuti-1\/1005011557.jpg\" src=\"data:image\/svg+xml,%3Csvg%20xmlns%3D%22http%3A%2F%2Fwww.w3.org%2F2000%2Fsvg%22%20width%3D%22560%22%20height%3D%22650%22%20viewBox%3D%220%200%20560%20650%22%3E%3C%2Fsvg%3E\" loading=\"eager\"><\/span><span class=\"fg-image-overlay\"><\/span><\/a><figcaption class=\"fg-caption\"><div class=\"fg-caption-inner\"><div class=\"fg-caption-title\">Symptomy nedostatku ho\u0159\u010d\u00edku, Hrub\u00fd Jesen\u00edk 2005.<\/div><\/div><\/figcaption><\/figure><div class=\"fg-loader\"><\/div><\/div><\/div>\n\n\n\n<p class=\"has-medium-font-size\"><\/p>\n\n\n\n<p class=\"has-medium-font-size\"><strong>Nedostatek dus\u00edku<\/strong><\/p>\n\n\n\n<p>PO\u0160KOZOVAN\u00c9 D\u0158EVINY: v\u0161echny d\u0159eviny<br><\/p>\n\n\n\n<p>POPIS PO\u0160KOZEN\u00cd: rovnom\u011brn\u00e9 \u017eloutnut\u00ed na cel\u00e9 d\u0159evin\u011b, zkr\u00e1cen\u00ed v\u00fdhon\u016f, zmen\u0161en\u00ed list\u016f a jehlic.<\/p>\n\n\n<style type=\"text\/css\">\n#foogallery-gallery-2572 .fg-image { width: 560px; }\n#foogallery-gallery-2572 { --fg-gutter: 10px; }<\/style>\n\t\t\t<div class=\"foogallery foogallery-container foogallery-default foogallery-lightbox-none fg-left fg-default fg-ready fg-light fg-border-thin fg-shadow-outline fg-loading-default fg-loaded-fade-in fg-caption-always fg-hover-fade fg-hover-zoom\" id=\"foogallery-gallery-2572\" data-foogallery=\"{&quot;item&quot;:{&quot;showCaptionTitle&quot;:true,&quot;showCaptionDescription&quot;:true},&quot;lazy&quot;:true}\" style=\"--fg-title-line-clamp: 0; --fg-description-line-clamp: 0;\" >\n\t<div class=\"fg-item fg-type-image fg-idle\"><figure class=\"fg-item-inner\"><a href=\"https:\/\/rumex.mendelu.cz\/atlasposkozenidrevin\/wp-content\/uploads\/2020\/02\/nedostatek_dusiku.jpg\" data-caption-title=\"Nedostatek dus\u00edku po shrnut\u00ed svrchn\u00ed vrstvy p\u016fdy, \u0160umava 1998.\" data-attachment-id=\"4440\" data-type=\"image\" class=\"fg-thumb\"><span class=\"fg-image-wrap\"><img decoding=\"async\" title=\"Nedostatek dus\u00edku po shrnut\u00ed svrchn\u00ed vrstvy p\u016fdy, \u0160umava 1998.\" width=\"560\" height=\"430\" class=\"skip-lazy fg-image\" data-src-fg=\"https:\/\/rumex.mendelu.cz\/atlasposkozenidrevin\/wp-content\/uploads\/cache\/2020\/02\/nedostatek_dusiku\/1131944054.jpg\" src=\"data:image\/svg+xml,%3Csvg%20xmlns%3D%22http%3A%2F%2Fwww.w3.org%2F2000%2Fsvg%22%20width%3D%22560%22%20height%3D%22430%22%20viewBox%3D%220%200%20560%20430%22%3E%3C%2Fsvg%3E\" loading=\"eager\"><\/span><span class=\"fg-image-overlay\"><\/span><\/a><figcaption class=\"fg-caption\"><div class=\"fg-caption-inner\"><div class=\"fg-caption-title\">Nedostatek dus\u00edku po shrnut\u00ed svrchn\u00ed vrstvy p\u016fdy, \u0160umava 1998.<\/div><\/div><\/figcaption><\/figure><div class=\"fg-loader\"><\/div><\/div><\/div>\n\n\n\n<p class=\"has-medium-font-size\"><\/p>\n\n\n\n<p class=\"has-medium-font-size\"><strong>Nedostatek \u017eeleza, kalci\u00f3za, nedostatek manganu <\/strong><\/p>\n\n\n\n<p>POPIS PO\u0160KOZEN\u00cd: v\u00fdrazn\u00e9 \u017eloutnut\u00ed jehlic za\u010d\u00ednaj\u00ed ve spodn\u00ed \u010d\u00e1sti koruny a u nejmlad\u0161\u00edho ro\u010dn\u00edku jehlic, u n\u011bkter\u00fdch druh\u016f d\u0159evin (nap\u0159. mod\u0159\u00edn) a\u017e b\u011blav\u00e9 zbarven\u00ed jehlic; u listn\u00e1\u010d\u016f nejd\u0159\u00edve zeleno\u017elut\u00e9, pozd\u011bji bledo\u017elut\u00e9 zbarven\u00ed list\u016f, prim\u00e1rn\u011b posti\u017eeny mlad\u00e9 listy, \u017eilnatina \u010dasto nejd\u0159\u00edve z\u016fst\u00e1v\u00e1 zelen\u00e1, pozd\u011bji ze\u017eloutnou cel\u00e9 listy, zkrout\u00ed se, mezi \u017eilnatinou zhn\u011bdnou a opadaj\u00ed, p\u0159i nedostatek manganu se objevuj\u00ed tmav\u00e9 nekrotick\u00e9 skvrny.<\/p>\n\n\n<style type=\"text\/css\">\n#foogallery-gallery-3632 .fg-image { width: 365px; }\n#foogallery-gallery-3632 { --fg-gutter: 10px; }<\/style>\n\t\t\t<div class=\"foogallery foogallery-container foogallery-default foogallery-lightbox-none fg-left fg-default fg-ready fg-light fg-border-thin fg-shadow-outline fg-loading-default fg-loaded-fade-in fg-caption-always fg-hover-fade fg-hover-zoom\" id=\"foogallery-gallery-3632\" data-foogallery=\"{&quot;item&quot;:{&quot;showCaptionTitle&quot;:true,&quot;showCaptionDescription&quot;:false},&quot;lazy&quot;:true}\" style=\"--fg-title-line-clamp: 0; --fg-description-line-clamp: 0;\" >\n\t<div class=\"fg-item fg-type-image fg-idle\"><figure class=\"fg-item-inner\"><a href=\"https:\/\/rumex.mendelu.cz\/atlasposkozenidrevin\/wp-content\/uploads\/2020\/03\/magnolia_kalcioza_luzanky-1.jpg\" data-caption-title=\"Kalci\u00f3za list\u016f magnolie, Brno Lu\u017e\u00e1nky 2009.\" data-attachment-id=\"3633\" data-type=\"image\" class=\"fg-thumb\"><span class=\"fg-image-wrap\"><img decoding=\"async\" title=\"Kalci\u00f3za list\u016f magnolie, Brno Lu\u017e\u00e1nky 2009.\" width=\"365\" height=\"320\" class=\"skip-lazy fg-image\" data-src-fg=\"https:\/\/rumex.mendelu.cz\/atlasposkozenidrevin\/wp-content\/uploads\/cache\/2020\/03\/magnolia_kalcioza_luzanky-1\/1714982852.jpg\" src=\"data:image\/svg+xml,%3Csvg%20xmlns%3D%22http%3A%2F%2Fwww.w3.org%2F2000%2Fsvg%22%20width%3D%22365%22%20height%3D%22320%22%20viewBox%3D%220%200%20365%20320%22%3E%3C%2Fsvg%3E\" loading=\"eager\"><\/span><span class=\"fg-image-overlay\"><\/span><\/a><figcaption class=\"fg-caption\"><div class=\"fg-caption-inner\"><div class=\"fg-caption-title\">Kalci\u00f3za list\u016f magnolie, Brno Lu\u017e\u00e1nky 2009.<\/div><\/div><\/figcaption><\/figure><div class=\"fg-loader\"><\/div><\/div><div class=\"fg-item fg-type-image fg-idle\"><figure class=\"fg-item-inner\"><a href=\"https:\/\/rumex.mendelu.cz\/atlasposkozenidrevin\/wp-content\/uploads\/2020\/03\/P9126955.jpg\" data-caption-title=\"Kalci\u00f3za list\u016f hortenzie, Brno 2012.\" data-attachment-id=\"3634\" data-type=\"image\" class=\"fg-thumb\"><span class=\"fg-image-wrap\"><img decoding=\"async\" title=\"Kalci\u00f3za list\u016f hortenzie, Brno 2012.\" width=\"365\" height=\"320\" class=\"skip-lazy fg-image\" data-src-fg=\"https:\/\/rumex.mendelu.cz\/atlasposkozenidrevin\/wp-content\/uploads\/cache\/2020\/03\/P9126955\/2215148258.jpg\" src=\"data:image\/svg+xml,%3Csvg%20xmlns%3D%22http%3A%2F%2Fwww.w3.org%2F2000%2Fsvg%22%20width%3D%22365%22%20height%3D%22320%22%20viewBox%3D%220%200%20365%20320%22%3E%3C%2Fsvg%3E\" loading=\"eager\"><\/span><span class=\"fg-image-overlay\"><\/span><\/a><figcaption class=\"fg-caption\"><div class=\"fg-caption-inner\"><div class=\"fg-caption-title\">Kalci\u00f3za list\u016f hortenzie, Brno 2012.<\/div><\/div><\/figcaption><\/figure><div class=\"fg-loader\"><\/div><\/div><div class=\"fg-item fg-type-image fg-idle\"><figure class=\"fg-item-inner\"><a href=\"https:\/\/rumex.mendelu.cz\/atlasposkozenidrevin\/wp-content\/uploads\/2020\/03\/ruze_kalcioza-1.jpg\" data-caption-title=\"Kalci\u00f3za list\u016f r\u016f\u017ee, Brno 2008.\" data-attachment-id=\"3635\" data-type=\"image\" class=\"fg-thumb\"><span class=\"fg-image-wrap\"><img decoding=\"async\" title=\"Kalci\u00f3za list\u016f r\u016f\u017ee, Brno 2008.\" width=\"365\" height=\"320\" class=\"skip-lazy fg-image\" data-src-fg=\"https:\/\/rumex.mendelu.cz\/atlasposkozenidrevin\/wp-content\/uploads\/cache\/2020\/03\/ruze_kalcioza-1\/358173482.jpg\" src=\"data:image\/svg+xml,%3Csvg%20xmlns%3D%22http%3A%2F%2Fwww.w3.org%2F2000%2Fsvg%22%20width%3D%22365%22%20height%3D%22320%22%20viewBox%3D%220%200%20365%20320%22%3E%3C%2Fsvg%3E\" loading=\"eager\"><\/span><span class=\"fg-image-overlay\"><\/span><\/a><figcaption class=\"fg-caption\"><div class=\"fg-caption-inner\"><div class=\"fg-caption-title\">Kalci\u00f3za list\u016f r\u016f\u017ee, Brno 2008.<\/div><\/div><\/figcaption><\/figure><div class=\"fg-loader\"><\/div><\/div><\/div>\n\n\n\n<p class=\"has-medium-font-size\"><\/p>\n\n\n\n<p class=\"has-medium-font-size\"><strong>Nedostatek drasl\u00edku<\/strong><\/p>\n\n\n\n<p>PO\u0160KOZOVAN\u00c9 D\u0158EVINY: v\u0161echny d\u0159eviny<br><\/p>\n\n\n\n<p>POPIS PO\u0160KOZEN\u00cd:&nbsp; bledo\u017elut\u00e9 zbarven\u00ed jehlic p\u0159ech\u00e1zej\u00edc\u00ed postupn\u011b p\u0159es \u010dervenohn\u011bd\u00e9 ve&nbsp;fialov\u011b hn\u011bd\u00e9 a\u017e \u010dernav\u00e9 zbarven\u00ed postupuj\u00edc\u00ed od \u0161pi\u010dek jehlic a star\u0161\u00edch ro\u010dn\u00edk\u016f jehlic, p\u0159ed\u010dasn\u00fd opad jehlic; u listn\u00e1\u010d\u016f \u017eloutnut\u00ed postupuj\u00edc\u00ed od okraj\u016f list\u016f, pozd\u011bji hn\u011bd\u00e9 zasychaj\u00edc\u00ed nekr\u00f3zy na okraj\u00edch a \u0161pi\u010dk\u00e1ch, zproh\u00fdb\u00e1n\u00ed listov\u00e9 \u010depele, svinov\u00e1n\u00ed \u0161pi\u010dek a okraj\u016f list\u016f.<\/p>\n\n\n\n<p class=\"has-medium-font-size\"><strong>Nedostatek fosforu<\/strong><\/p>\n\n\n\n<p>PO\u0160KOZOVAN\u00c9 D\u0158EVINY: v\u0161echny d\u0159eviny<br><\/p>\n\n\n\n<p>POPIS PO\u0160KOZEN\u00cd: tmav\u011b zelen\u00e9 a\u017e modrozelen\u00e9 listy, pozd\u011bji fialov\u011b \u010derven\u00e9 a\u017e m\u011b\u010fnat\u011b hn\u011bd\u00e9, n\u011bkdy znetvo\u0159en\u00ed list\u016f \u2013 zproh\u00fdb\u00e1n\u00ed, vyboulen\u00ed \u010depele, na kter\u00fdch jsou nekrotick\u00e9 skvrny; u jehli\u010dnan\u016f zas\u00fdch\u00e1n\u00ed \u0161pi\u010dek jehlic, nekrotick\u00e9 skvrny; zakrsl\u00fd vzr\u016fst.<\/p>\n\n\n\n<p>PO\u0160KOZOVAN\u00c9 D\u0158EVINY: v\u0161echny d\u0159eviny<br>Toto \u017eloutnut\u00ed nej\u010dast\u011bji vyvol\u00e1v\u00e1 velk\u00e9 mno\u017estv\u00ed v\u00e1pn\u00edku (Ca) v p\u016fd\u011b, kter\u00fd zablokuje p\u0159\u00edjem \u017eeleza (Fe). \u017deleza m\u016f\u017ee b\u00fdt v p\u016fd\u011b dostatek, ov\u0161em ko\u0159eny nejsou schopny ho p\u0159ijmout. <br><\/p>\n\n\n\n<p><\/p>\n\n\n\n<p><\/p>\n\n\n\n<p>Ve v\u0161ech p\u0159\u00edpadech jsou symptomy nedostatku \u017eivin nespecifick\u00e9 s&nbsp;mo\u017enost\u00ed z\u00e1m\u011bny s&nbsp;\u0159adou jin\u00fdch faktor\u016f a to abiotick\u00fdch i biotick\u00fdch. Jednozna\u010dn\u011b lze tedy diagn\u00f3zu potvrdit pouze chemickou anal\u00fdzou asimila\u010dn\u00edho apar\u00e1tu.<\/p>\n","protected":false},"excerpt":{"rendered":"<p>Nedostatek ho\u0159\u010d\u00edku PO\u0160KOZOVAN\u00c9 D\u0158EVINY: v\u0161echny d\u0159eviny POPIS PO\u0160KOZEN\u00cd: \u017eloutnut\u00ed list\u016f a jehlic, sv\u011btle \u017elut\u00e1 chlor\u00f3za [&hellip;]<\/p>\n","protected":false},"author":2,"featured_media":0,"parent":0,"menu_order":0,"comment_status":"closed","ping_status":"closed","template":"template-full-width.php","meta":{"footnotes":""},"class_list":["post-1384","page","type-page","status-publish","hentry"],"_links":{"self":[{"href":"https:\/\/rumex.mendelu.cz\/atlasposkozenidrevin\/index.php\/wp-json\/wp\/v2\/pages\/1384","targetHints":{"allow":["GET"]}}],"collection":[{"href":"https:\/\/rumex.mendelu.cz\/atlasposkozenidrevin\/index.php\/wp-json\/wp\/v2\/pages"}],"about":[{"href":"https:\/\/rumex.mendelu.cz\/atlasposkozenidrevin\/index.php\/wp-json\/wp\/v2\/types\/page"}],"author":[{"embeddable":true,"href":"https:\/\/rumex.mendelu.cz\/atlasposkozenidrevin\/index.php\/wp-json\/wp\/v2\/users\/2"}],"replies":[{"embeddable":true,"href":"https:\/\/rumex.mendelu.cz\/atlasposkozenidrevin\/index.php\/wp-json\/wp\/v2\/comments?post=1384"}],"version-history":[{"count":22,"href":"https:\/\/rumex.mendelu.cz\/atlasposkozenidrevin\/index.php\/wp-json\/wp\/v2\/pages\/1384\/revisions"}],"predecessor-version":[{"id":4439,"href":"https:\/\/rumex.mendelu.cz\/atlasposkozenidrevin\/index.php\/wp-json\/wp\/v2\/pages\/1384\/revisions\/4439"}],"wp:attachment":[{"href":"https:\/\/rumex.mendelu.cz\/atlasposkozenidrevin\/index.php\/wp-json\/wp\/v2\/media?parent=1384"}],"curies":[{"name":"wp","href":"https:\/\/api.w.org\/{rel}","templated":true}]}}