{"id":1370,"date":"2020-02-05T14:29:02","date_gmt":"2020-02-05T13:29:02","guid":{"rendered":"http:\/\/rumex.mendelu.cz\/atlasposkozenidrevin\/?page_id=1370"},"modified":"2024-11-06T13:35:44","modified_gmt":"2024-11-06T12:35:44","slug":"poskozeni-bleskem","status":"publish","type":"page","link":"https:\/\/rumex.mendelu.cz\/atlasposkozenidrevin\/index.php\/poskozeni-bleskem\/","title":{"rendered":"Po\u0161kozen\u00ed bleskem"},"content":{"rendered":"\n<p><strong>PO\u0160KOZOVAN\u00c9 D\u0158EVINY:<\/strong> v\u011bt\u0161ina druh\u016f d\u0159evin; nejv\u00edce stromy s&nbsp;dob\u0159e vodiv\u00fdmi pletivy \u010di s&nbsp;\u0161iroce rozv\u011btven\u00fdm a hlubok\u00fdm ko\u0159enov\u00fdm syst\u00e9mem, nap\u0159. star\u0161\u00ed duby, borovice a smrky; m\u00e9n\u011b jsou po\u0161kozov\u00e1ny stromy, u kter\u00fdch se rychle sm\u00e1\u010d\u00ed k\u016fra, jako jsou nap\u0159. buk, habr, javor atd.<\/p>\n\n\n\n<p><strong>POPIS PO\u0160KOZEN\u00cd:<\/strong> roz\u0161t\u00edpnut\u00ed stromu, potrh\u00e1n\u00ed pletiv, k\u016fry, eventueln\u011b i d\u0159eva stromu, zasmolen\u00ed; vznik bleskov\u00fdch kol, tj. po\u0161kozen\u00ed okoln\u00edch strom\u016f p\u0159enosem v\u00fdboje p\u0159es ko\u0159eny \u2013 fyziologick\u00e9 poruchy, naru\u0161en\u00ed vodn\u00edho re\u017eimu, po\u0161kozen\u00ed ko\u0159en\u016f, zapa\u0159en\u00ed l\u00fdka; sekund\u00e1rn\u011b tak\u00e9 riziko vzniku lesn\u00edho po\u017e\u00e1ru, v\u00a0\u010cR je ov\u0161em blesk p\u0159\u00ed\u010dinou pouze cca 1 % lesn\u00edch po\u017e\u00e1r\u016f, v\u00a0bore\u00e1ln\u00edch les\u00edch to m\u016f\u017ee b\u00fdt a\u017e kolem 60 %.<\/p>\n\n\n<style type=\"text\/css\">\n#foogallery-gallery-2556 .fg-image { width: 560px; }\n#foogallery-gallery-2556 { --fg-gutter: 10px; }<\/style>\n\t\t\t<div class=\"foogallery foogallery-container foogallery-default foogallery-lightbox-none fg-left fg-default fg-ready fg-light fg-border-thin fg-shadow-outline fg-loading-default fg-loaded-fade-in fg-caption-always fg-hover-fade fg-hover-zoom\" id=\"foogallery-gallery-2556\" data-foogallery=\"{&quot;item&quot;:{&quot;showCaptionTitle&quot;:true,&quot;showCaptionDescription&quot;:true},&quot;lazy&quot;:true}\" style=\"--fg-title-line-clamp: 0; --fg-description-line-clamp: 0;\" >\n\t<div class=\"fg-item fg-type-image fg-idle\"><figure class=\"fg-item-inner\"><a href=\"https:\/\/rumex.mendelu.cz\/atlasposkozenidrevin\/wp-content\/uploads\/2024\/11\/blesk-3.jpg\" data-caption-title=\"Po\u0161kozen\u00ed smrku, \u0160LP K\u0159tiny 2003.\" data-attachment-id=\"4427\" data-type=\"image\" class=\"fg-thumb\"><span class=\"fg-image-wrap\"><img fetchpriority=\"high\" decoding=\"async\" title=\"Po\u0161kozen\u00ed smrku, \u0160LP K\u0159tiny 2003.\" width=\"560\" height=\"430\" class=\"skip-lazy fg-image\" data-src-fg=\"https:\/\/rumex.mendelu.cz\/atlasposkozenidrevin\/wp-content\/uploads\/cache\/2024\/11\/blesk-3\/3999148529.jpg\" src=\"data:image\/svg+xml,%3Csvg%20xmlns%3D%22http%3A%2F%2Fwww.w3.org%2F2000%2Fsvg%22%20width%3D%22560%22%20height%3D%22430%22%20viewBox%3D%220%200%20560%20430%22%3E%3C%2Fsvg%3E\" loading=\"eager\"><\/span><span class=\"fg-image-overlay\"><\/span><\/a><figcaption class=\"fg-caption\"><div class=\"fg-caption-inner\"><div class=\"fg-caption-title\">Po\u0161kozen\u00ed smrku, \u0160LP K\u0159tiny 2003.<\/div><\/div><\/figcaption><\/figure><div class=\"fg-loader\"><\/div><\/div><div class=\"fg-item fg-type-image fg-idle\"><figure class=\"fg-item-inner\"><a href=\"https:\/\/rumex.mendelu.cz\/atlasposkozenidrevin\/wp-content\/uploads\/2024\/11\/blesk-4.jpg\" data-caption-title=\"Po\u0161kozen\u00ed dubu a buku, PR Coufav\u00e1 2010.\" data-attachment-id=\"4428\" data-type=\"image\" class=\"fg-thumb\"><span class=\"fg-image-wrap\"><img decoding=\"async\" title=\"Po\u0161kozen\u00ed dubu a buku, PR Coufav\u00e1 2010.\" width=\"560\" height=\"430\" class=\"skip-lazy fg-image\" data-src-fg=\"https:\/\/rumex.mendelu.cz\/atlasposkozenidrevin\/wp-content\/uploads\/cache\/2024\/11\/blesk-4\/1290651618.jpg\" src=\"data:image\/svg+xml,%3Csvg%20xmlns%3D%22http%3A%2F%2Fwww.w3.org%2F2000%2Fsvg%22%20width%3D%22560%22%20height%3D%22430%22%20viewBox%3D%220%200%20560%20430%22%3E%3C%2Fsvg%3E\" loading=\"eager\"><\/span><span class=\"fg-image-overlay\"><\/span><\/a><figcaption class=\"fg-caption\"><div class=\"fg-caption-inner\"><div class=\"fg-caption-title\">Po\u0161kozen\u00ed dubu a buku, PR Coufav\u00e1 2010.<\/div><\/div><\/figcaption><\/figure><div class=\"fg-loader\"><\/div><\/div><\/div>\n\n\n<style type=\"text\/css\">\n#foogallery-gallery-2560 .fg-image { width: 560px; }\n#foogallery-gallery-2560 { --fg-gutter: 10px; }<\/style>\n\t\t\t<div class=\"foogallery foogallery-container foogallery-default foogallery-lightbox-none fg-left fg-default fg-ready fg-light fg-border-thin fg-shadow-outline fg-loading-default fg-loaded-fade-in fg-caption-always fg-hover-fade fg-hover-zoom\" id=\"foogallery-gallery-2560\" data-foogallery=\"{&quot;item&quot;:{&quot;showCaptionTitle&quot;:true,&quot;showCaptionDescription&quot;:true},&quot;lazy&quot;:true}\" style=\"--fg-title-line-clamp: 0; --fg-description-line-clamp: 0;\" >\n\t<div class=\"fg-item fg-type-image fg-idle\"><figure class=\"fg-item-inner\"><a href=\"https:\/\/rumex.mendelu.cz\/atlasposkozenidrevin\/wp-content\/uploads\/2024\/11\/blesk-2.jpg\" data-caption-title=\"Po\u0161kozen\u00ed dubu, Pohansko 1998.\" data-attachment-id=\"4426\" data-type=\"image\" class=\"fg-thumb\"><span class=\"fg-image-wrap\"><img decoding=\"async\" title=\"Po\u0161kozen\u00ed dubu, Pohansko 1998.\" width=\"560\" height=\"650\" class=\"skip-lazy fg-image\" data-src-fg=\"https:\/\/rumex.mendelu.cz\/atlasposkozenidrevin\/wp-content\/uploads\/cache\/2024\/11\/blesk-2\/3459739598.jpg\" src=\"data:image\/svg+xml,%3Csvg%20xmlns%3D%22http%3A%2F%2Fwww.w3.org%2F2000%2Fsvg%22%20width%3D%22560%22%20height%3D%22650%22%20viewBox%3D%220%200%20560%20650%22%3E%3C%2Fsvg%3E\" loading=\"eager\"><\/span><span class=\"fg-image-overlay\"><\/span><\/a><figcaption class=\"fg-caption\"><div class=\"fg-caption-inner\"><div class=\"fg-caption-title\">Po\u0161kozen\u00ed dubu, Pohansko 1998.<\/div><\/div><\/figcaption><\/figure><div class=\"fg-loader\"><\/div><\/div><div class=\"fg-item fg-type-image fg-idle\"><figure class=\"fg-item-inner\"><a href=\"https:\/\/rumex.mendelu.cz\/atlasposkozenidrevin\/wp-content\/uploads\/2024\/11\/blesk-1.jpg\" data-caption-title=\"Po\u0161kozen\u00ed smrku, \u0160LP K\u0159tiny 2003.\" data-attachment-id=\"4425\" data-type=\"image\" class=\"fg-thumb\"><span class=\"fg-image-wrap\"><img decoding=\"async\" title=\"Po\u0161kozen\u00ed smrku, \u0160LP K\u0159tiny 2003.\" width=\"560\" height=\"650\" class=\"skip-lazy fg-image\" data-src-fg=\"https:\/\/rumex.mendelu.cz\/atlasposkozenidrevin\/wp-content\/uploads\/cache\/2024\/11\/blesk-1\/1644798767.jpg\" src=\"data:image\/svg+xml,%3Csvg%20xmlns%3D%22http%3A%2F%2Fwww.w3.org%2F2000%2Fsvg%22%20width%3D%22560%22%20height%3D%22650%22%20viewBox%3D%220%200%20560%20650%22%3E%3C%2Fsvg%3E\" loading=\"eager\"><\/span><span class=\"fg-image-overlay\"><\/span><\/a><figcaption class=\"fg-caption\"><div class=\"fg-caption-inner\"><div class=\"fg-caption-title\">Po\u0161kozen\u00ed smrku, \u0160LP K\u0159tiny 2003.<\/div><\/div><\/figcaption><\/figure><div class=\"fg-loader\"><\/div><\/div><\/div>\n","protected":false},"excerpt":{"rendered":"<p>PO\u0160KOZOVAN\u00c9 D\u0158EVINY: v\u011bt\u0161ina druh\u016f d\u0159evin; nejv\u00edce stromy s&nbsp;dob\u0159e vodiv\u00fdmi pletivy \u010di s&nbsp;\u0161iroce rozv\u011btven\u00fdm a hlubok\u00fdm [&hellip;]<\/p>\n","protected":false},"author":2,"featured_media":0,"parent":0,"menu_order":0,"comment_status":"closed","ping_status":"closed","template":"template-full-width.php","meta":{"footnotes":""},"class_list":["post-1370","page","type-page","status-publish","hentry"],"_links":{"self":[{"href":"https:\/\/rumex.mendelu.cz\/atlasposkozenidrevin\/index.php\/wp-json\/wp\/v2\/pages\/1370","targetHints":{"allow":["GET"]}}],"collection":[{"href":"https:\/\/rumex.mendelu.cz\/atlasposkozenidrevin\/index.php\/wp-json\/wp\/v2\/pages"}],"about":[{"href":"https:\/\/rumex.mendelu.cz\/atlasposkozenidrevin\/index.php\/wp-json\/wp\/v2\/types\/page"}],"author":[{"embeddable":true,"href":"https:\/\/rumex.mendelu.cz\/atlasposkozenidrevin\/index.php\/wp-json\/wp\/v2\/users\/2"}],"replies":[{"embeddable":true,"href":"https:\/\/rumex.mendelu.cz\/atlasposkozenidrevin\/index.php\/wp-json\/wp\/v2\/comments?post=1370"}],"version-history":[{"count":5,"href":"https:\/\/rumex.mendelu.cz\/atlasposkozenidrevin\/index.php\/wp-json\/wp\/v2\/pages\/1370\/revisions"}],"predecessor-version":[{"id":2561,"href":"https:\/\/rumex.mendelu.cz\/atlasposkozenidrevin\/index.php\/wp-json\/wp\/v2\/pages\/1370\/revisions\/2561"}],"wp:attachment":[{"href":"https:\/\/rumex.mendelu.cz\/atlasposkozenidrevin\/index.php\/wp-json\/wp\/v2\/media?parent=1370"}],"curies":[{"name":"wp","href":"https:\/\/api.w.org\/{rel}","templated":true}]}}