{"id":1311,"date":"2020-02-05T13:10:34","date_gmt":"2020-02-05T12:10:34","guid":{"rendered":"http:\/\/rumex.mendelu.cz\/atlasposkozenidrevin\/?page_id=1311"},"modified":"2024-11-07T12:12:58","modified_gmt":"2024-11-07T11:12:58","slug":"poskozeni-extremnimi-srazkami","status":"publish","type":"page","link":"https:\/\/rumex.mendelu.cz\/atlasposkozenidrevin\/index.php\/poskozeni-extremnimi-srazkami\/","title":{"rendered":"Po\u0161kozen\u00ed extr\u00e9mn\u00edmi sr\u00e1\u017ekami"},"content":{"rendered":"\n<p class=\"has-medium-font-size\"><strong>Prudk\u00fd, p\u0159\u00edvalov\u00fd d\u00e9\u0161\u0165, krupobit\u00ed<\/strong> <\/p>\n\n\n\n<p>PO\u0160KOZOVAN\u00c9 D\u0158EVINY: v\u0161echny druhy d\u0159evin <br><br>POPIS PO\u0160KOZEN\u00cd: potlu\u010den\u00ed kv\u011bt\u016f, list\u016f, n\u00e1letu semen\u00e1\u010dk\u016f, spl\u00e1chnut\u00ed pylu, vyplaven\u00ed semene, eroze; krupobit\u00ed \u2013 zur\u00e1\u017een\u00ed slab\u0161\u00edch v\u011btvi\u010dek, na siln\u011bj\u0161\u00edch otluky k\u016fry (u d\u0159evin s&nbsp;hladkou tenkou k\u016frou m\u016f\u017ee b\u00fdt po\u0161kozena i b\u011bl) <\/p>\n\n\n<style type=\"text\/css\">\n#foogallery-gallery-3623 .fg-image { width: 560px; }\n#foogallery-gallery-3623 { --fg-gutter: 10px; }<\/style>\n\t\t\t<div class=\"foogallery foogallery-container foogallery-default foogallery-lightbox-none fg-left fg-default fg-ready fg-light fg-border-thin fg-shadow-outline fg-loading-default fg-loaded-fade-in fg-caption-always fg-hover-fade fg-hover-zoom\" id=\"foogallery-gallery-3623\" data-foogallery=\"{&quot;item&quot;:{&quot;showCaptionTitle&quot;:false,&quot;showCaptionDescription&quot;:true},&quot;lazy&quot;:true}\" style=\"--fg-title-line-clamp: 0; --fg-description-line-clamp: 0;\" >\n\t<div class=\"fg-item fg-type-image fg-idle\"><figure class=\"fg-item-inner\"><a href=\"https:\/\/rumex.mendelu.cz\/atlasposkozenidrevin\/wp-content\/uploads\/2020\/03\/P9183702.jpg\" data-caption-title=\"Kroupami potrhan\u00e9 listy magnolie, Luha\u010dovice 2015.\" data-caption-desc=\"Kroupami potrhan\u00e9 listy magnolie, Luha\u010dovice 2015.\" data-attachment-id=\"3624\" data-type=\"image\" class=\"fg-thumb\"><span class=\"fg-image-wrap\"><img fetchpriority=\"high\" decoding=\"async\" title=\"Kroupami potrhan\u00e9 listy magnolie, Luha\u010dovice 2015.\" width=\"560\" height=\"430\" class=\"skip-lazy fg-image\" data-src-fg=\"https:\/\/rumex.mendelu.cz\/atlasposkozenidrevin\/wp-content\/uploads\/cache\/2020\/03\/P9183702\/4162011390.jpg\" src=\"data:image\/svg+xml,%3Csvg%20xmlns%3D%22http%3A%2F%2Fwww.w3.org%2F2000%2Fsvg%22%20width%3D%22560%22%20height%3D%22430%22%20viewBox%3D%220%200%20560%20430%22%3E%3C%2Fsvg%3E\" loading=\"eager\"><\/span><span class=\"fg-image-overlay\"><\/span><\/a><figcaption class=\"fg-caption\"><div class=\"fg-caption-inner\"><div class=\"fg-caption-desc\">Kroupami potrhan\u00e9 listy magnolie, Luha\u010dovice 2015.<\/div><\/div><\/figcaption><\/figure><div class=\"fg-loader\"><\/div><\/div><div class=\"fg-item fg-type-image fg-idle\"><figure class=\"fg-item-inner\"><a href=\"https:\/\/rumex.mendelu.cz\/atlasposkozenidrevin\/wp-content\/uploads\/2020\/03\/magnolia-.jpg\" data-caption-title=\"Kroupami potrhan\u00e9 listy magnolie, Luha\u010dovice 2015.\" data-caption-desc=\"Kroupami potrhan\u00e9 listy magnolie, Luha\u010dovice 2015.\" data-attachment-id=\"3625\" data-type=\"image\" class=\"fg-thumb\"><span class=\"fg-image-wrap\"><img decoding=\"async\" title=\"Kroupami potrhan\u00e9 listy magnolie, Luha\u010dovice 2015.\" width=\"560\" height=\"430\" class=\"skip-lazy fg-image\" data-src-fg=\"https:\/\/rumex.mendelu.cz\/atlasposkozenidrevin\/wp-content\/uploads\/cache\/2020\/03\/magnolia-\/713483548.jpg\" src=\"data:image\/svg+xml,%3Csvg%20xmlns%3D%22http%3A%2F%2Fwww.w3.org%2F2000%2Fsvg%22%20width%3D%22560%22%20height%3D%22430%22%20viewBox%3D%220%200%20560%20430%22%3E%3C%2Fsvg%3E\" loading=\"eager\"><\/span><span class=\"fg-image-overlay\"><\/span><\/a><figcaption class=\"fg-caption\"><div class=\"fg-caption-inner\"><div class=\"fg-caption-desc\">Kroupami potrhan\u00e9 listy magnolie, Luha\u010dovice 2015.<\/div><\/div><\/figcaption><\/figure><div class=\"fg-loader\"><\/div><\/div><\/div>\n\n\n<style type=\"text\/css\">\n#foogallery-gallery-2530 .fg-image { width: 560px; }\n#foogallery-gallery-2530 { --fg-gutter: 10px; }<\/style>\n\t\t\t<div class=\"foogallery foogallery-container foogallery-default foogallery-lightbox-none fg-left fg-default fg-ready fg-light fg-border-thin fg-shadow-outline fg-loading-default fg-loaded-fade-in fg-caption-always fg-hover-fade fg-hover-zoom\" id=\"foogallery-gallery-2530\" data-foogallery=\"{&quot;item&quot;:{&quot;showCaptionTitle&quot;:true,&quot;showCaptionDescription&quot;:true},&quot;lazy&quot;:true}\" style=\"--fg-title-line-clamp: 0; --fg-description-line-clamp: 0;\" >\n\t<div class=\"fg-item fg-type-image fg-idle\"><figure class=\"fg-item-inner\"><a href=\"https:\/\/rumex.mendelu.cz\/atlasposkozenidrevin\/wp-content\/uploads\/2024\/11\/sesuv_pudy_girova-1.jpg\" data-caption-title=\"Sesuv p\u016fdy po p\u0159\u00edvalov\u00e9m de\u0161ti, Girov\u00e1 2010.\" data-attachment-id=\"4360\" data-type=\"image\" class=\"fg-thumb\"><span class=\"fg-image-wrap\"><img decoding=\"async\" title=\"Sesuv p\u016fdy po p\u0159\u00edvalov\u00e9m de\u0161ti, Girov\u00e1 2010.\" width=\"560\" height=\"430\" class=\"skip-lazy fg-image\" data-src-fg=\"https:\/\/rumex.mendelu.cz\/atlasposkozenidrevin\/wp-content\/uploads\/cache\/2024\/11\/sesuv_pudy_girova-1\/3574971379.jpg\" src=\"data:image\/svg+xml,%3Csvg%20xmlns%3D%22http%3A%2F%2Fwww.w3.org%2F2000%2Fsvg%22%20width%3D%22560%22%20height%3D%22430%22%20viewBox%3D%220%200%20560%20430%22%3E%3C%2Fsvg%3E\" loading=\"eager\"><\/span><span class=\"fg-image-overlay\"><\/span><\/a><figcaption class=\"fg-caption\"><div class=\"fg-caption-inner\"><div class=\"fg-caption-title\">Sesuv p\u016fdy po p\u0159\u00edvalov\u00e9m de\u0161ti, Girov\u00e1 2010.<\/div><\/div><\/figcaption><\/figure><div class=\"fg-loader\"><\/div><\/div><div class=\"fg-item fg-type-image fg-idle\"><figure class=\"fg-item-inner\"><a href=\"https:\/\/rumex.mendelu.cz\/atlasposkozenidrevin\/wp-content\/uploads\/2024\/11\/zaplava_strzena_cesta.jpg\" data-caption-title=\"Str\u017een\u00e1 cesta po p\u0159\u00edvalov\u00e9m de\u0161ti, Velk\u00e9 Karlovice 1998.\" data-attachment-id=\"4363\" data-type=\"image\" class=\"fg-thumb\"><span class=\"fg-image-wrap\"><img decoding=\"async\" title=\"Str\u017een\u00e1 cesta po p\u0159\u00edvalov\u00e9m de\u0161ti, Velk\u00e9 Karlovice 1998.\" width=\"560\" height=\"430\" class=\"skip-lazy fg-image\" data-src-fg=\"https:\/\/rumex.mendelu.cz\/atlasposkozenidrevin\/wp-content\/uploads\/cache\/2024\/11\/zaplava_strzena_cesta\/3345481476.jpg\" src=\"data:image\/svg+xml,%3Csvg%20xmlns%3D%22http%3A%2F%2Fwww.w3.org%2F2000%2Fsvg%22%20width%3D%22560%22%20height%3D%22430%22%20viewBox%3D%220%200%20560%20430%22%3E%3C%2Fsvg%3E\" loading=\"eager\"><\/span><span class=\"fg-image-overlay\"><\/span><\/a><figcaption class=\"fg-caption\"><div class=\"fg-caption-inner\"><div class=\"fg-caption-title\">Str\u017een\u00e1 cesta po p\u0159\u00edvalov\u00e9m de\u0161ti, Velk\u00e9 Karlovice 1998.<\/div><\/div><\/figcaption><\/figure><div class=\"fg-loader\"><\/div><\/div><\/div>\n\n\n\n<p class=\"has-very-dark-gray-color has-text-color has-medium-font-size\"><\/p>\n\n\n\n<p><strong>D<\/strong><b>louhotrvaj\u00edc\u00ed d\u00e9\u0161\u0165<\/b> <\/p>\n\n\n\n<p>PO\u0160KOZOVAN\u00c9 D\u0158EVINY: v\u0161echny druhy d\u0159evin <br><br>POPIS PO\u0160KOZEN\u00cd: nasycen\u00ed p\u016fdn\u00edho profilu vodou \u2013 nedostatek kysl\u00edku, sn\u00ed\u017een\u00ed schopnosti p\u0159\u00edjmu miner\u00e1ln\u00edch \u017eivin; &nbsp;eroze, p\u016fdn\u00ed sesuvy; z\u00e1plavy \u2013 mechanick\u00e9 po\u0161kozen\u00ed un\u00e1\u0161en\u00fdmi p\u0159edm\u011bty, odum\u00edr\u00e1n\u00ed ko\u0159en\u016f.<\/p>\n","protected":false},"excerpt":{"rendered":"<p>Prudk\u00fd, p\u0159\u00edvalov\u00fd d\u00e9\u0161\u0165, krupobit\u00ed PO\u0160KOZOVAN\u00c9 D\u0158EVINY: v\u0161echny druhy d\u0159evin POPIS PO\u0160KOZEN\u00cd: potlu\u010den\u00ed kv\u011bt\u016f, list\u016f, n\u00e1letu [&hellip;]<\/p>\n","protected":false},"author":2,"featured_media":0,"parent":0,"menu_order":0,"comment_status":"closed","ping_status":"closed","template":"template-full-width.php","meta":{"footnotes":""},"class_list":["post-1311","page","type-page","status-publish","hentry"],"_links":{"self":[{"href":"https:\/\/rumex.mendelu.cz\/atlasposkozenidrevin\/index.php\/wp-json\/wp\/v2\/pages\/1311","targetHints":{"allow":["GET"]}}],"collection":[{"href":"https:\/\/rumex.mendelu.cz\/atlasposkozenidrevin\/index.php\/wp-json\/wp\/v2\/pages"}],"about":[{"href":"https:\/\/rumex.mendelu.cz\/atlasposkozenidrevin\/index.php\/wp-json\/wp\/v2\/types\/page"}],"author":[{"embeddable":true,"href":"https:\/\/rumex.mendelu.cz\/atlasposkozenidrevin\/index.php\/wp-json\/wp\/v2\/users\/2"}],"replies":[{"embeddable":true,"href":"https:\/\/rumex.mendelu.cz\/atlasposkozenidrevin\/index.php\/wp-json\/wp\/v2\/comments?post=1311"}],"version-history":[{"count":10,"href":"https:\/\/rumex.mendelu.cz\/atlasposkozenidrevin\/index.php\/wp-json\/wp\/v2\/pages\/1311\/revisions"}],"predecessor-version":[{"id":4366,"href":"https:\/\/rumex.mendelu.cz\/atlasposkozenidrevin\/index.php\/wp-json\/wp\/v2\/pages\/1311\/revisions\/4366"}],"wp:attachment":[{"href":"https:\/\/rumex.mendelu.cz\/atlasposkozenidrevin\/index.php\/wp-json\/wp\/v2\/media?parent=1311"}],"curies":[{"name":"wp","href":"https:\/\/api.w.org\/{rel}","templated":true}]}}